{"id":3291,"date":"2023-09-07T13:37:17","date_gmt":"2023-09-07T10:37:17","guid":{"rendered":"http:\/\/www.westech.com.tr\/?page_id=3291"},"modified":"2023-09-07T13:37:17","modified_gmt":"2023-09-07T10:37:17","slug":"extremelocation","status":"publish","type":"page","link":"http:\/\/www.westech.com.tr\/en\/extremelocation\/","title":{"rendered":"Extreme Location"},"content":{"rendered":"<section class=\"wpb-content-wrapper\"><div style=\"\" class=\"vc_row wpb_row vc_row-fluid\"><div class=\"row-inner\"><div class=\"wpb_column vc_column_container vc_col-sm-6\"><div class=\"vc_column-inner\"><div class=\"wpb_wrapper\"><div class=\"vc_empty_space\"   style=\"height: 32px\"><span class=\"vc_empty_space_inner\"><\/span><\/div>\n<!-- BEGIN .imagebox -->\n<div class=\"imagebox\">\n\t\t\t<div class=\"box-image\">\n\t\t\t\n\t\t\t<a class=\"box-img\" href=\"\" target=\"_self\">\n\t\t\t\t<img loading=\"lazy\" decoding=\"async\" width=\"1818\" height=\"1920\" src=\"https:\/\/www.westech.com.tr\/wp-content\/uploads\/2023\/09\/ExtremeLocation.png\" class=\"attachment-full\" alt=\"\" title=\"ExtremeLocation\" \/>\t\t\t<\/a>\n\t\t<\/div>\n\n\t\t\t\t\n\t<\/div>\n<!-- End .imagebox -->\n<\/div><\/div><\/div><div class=\"wpb_column vc_column_container vc_col-sm-6\"><div class=\"vc_column-inner\"><div class=\"wpb_wrapper\">\n\t<div class=\"wpb_text_column wpb_content_element\" >\n\t\t<div class=\"wpb_wrapper\">\n\t\t\t<h1>Extreme Location<\/h1>\n<h5>\u00d6l\u00e7eklenebilir, \u00e7ok katmanl\u0131 i\u00e7 mekan konum hizmetleriyle m\u00fc\u015fterilerinizle etkile\u015fime ge\u00e7in.<\/h5>\n<h5>Dayan\u0131kl\u0131, Bulut Tabanl\u0131 Konum ve Analitik \u00c7\u00f6z\u00fcm\u00fc<\/h5>\n<hr \/>\n<h5><i class=\"fa fa-check\" aria-hidden=\"true\"><\/i>\u00a0\u202f\u00d6l\u00e7eklenebilir \u2013 100.000&#8217;e kadar eri\u015fim noktas\u0131<\/h5>\n<h5><i class=\"fa fa-check\" aria-hidden=\"true\"><\/i>\u202fG\u00fc\u00e7l\u00fc konum do\u011frulu\u011fu<\/h5>\n<h5><i class=\"fa fa-check\" aria-hidden=\"true\"><\/i>3. taraf uygulama entegrasyonu i\u00e7in RESTful API&#8217;ler<\/h5>\n\n\t\t<\/div>\n\t<\/div>\n<div class=\"vc_empty_space\"   style=\"height: 32px\"><span class=\"vc_empty_space_inner\"><\/span><\/div><div class=\"vc_btn3-container vc_btn3-inline\" ><button class=\"vc_general vc_btn3 vc_btn3-size-md vc_btn3-shape-rounded vc_btn3-style-modern vc_btn3-color-danger\">Teklif Al<\/button><\/div><\/div><\/div><\/div><\/div><\/div><div style=\"\" class=\"vc_row wpb_row vc_row-fluid\"><div class=\"row-inner\"><div class=\"wpb_column vc_column_container vc_col-sm-3\"><div class=\"vc_column-inner\"><div class=\"wpb_wrapper\"><div class=\"vc_empty_space\"   style=\"height: 32px\"><span class=\"vc_empty_space_inner\"><\/span><\/div><\/div><\/div><\/div><div class=\"wpb_column vc_column_container vc_col-sm-3\"><div class=\"vc_column-inner\"><div class=\"wpb_wrapper\"><div class=\"vc_empty_space\"   style=\"height: 32px\"><span class=\"vc_empty_space_inner\"><\/span><\/div><\/div><\/div><\/div><div class=\"wpb_column vc_column_container vc_col-sm-3\"><div class=\"vc_column-inner\"><div class=\"wpb_wrapper\"><div class=\"vc_empty_space\"   style=\"height: 32px\"><span class=\"vc_empty_space_inner\"><\/span><\/div><\/div><\/div><\/div><div class=\"wpb_column vc_column_container vc_col-sm-3\"><div class=\"vc_column-inner\"><div class=\"wpb_wrapper\"><div class=\"vc_empty_space\"   style=\"height: 32px\"><span class=\"vc_empty_space_inner\"><\/span><\/div><\/div><\/div><\/div><\/div><\/div><div style=\"\" class=\"vc_row wpb_row vc_row-fluid\"><div class=\"row-inner\"><div class=\"wpb_column vc_column_container vc_col-sm-12\"><div class=\"vc_column-inner\"><div class=\"wpb_wrapper\"><div class=\"vc_tta-container\" data-vc-action=\"collapse\"><div class=\"vc_general vc_tta vc_tta-tabs vc_tta-color-grey vc_tta-style-classic vc_tta-shape-rounded vc_tta-spacing-1 vc_tta-tabs-position-top vc_tta-controls-align-left\"><div class=\"vc_tta-tabs-container\"><ul class=\"vc_tta-tabs-list\"><li class=\"vc_tta-tab vc_active\" data-vc-tab><a href=\"#1692870200808-29f2690b-4a23\" data-vc-tabs data-vc-container=\".vc_tta\"><span class=\"vc_tta-title-text\">\u00dcr\u00fcn A\u00e7\u0131klamas\u0131<\/span><\/a><\/li><li class=\"vc_tta-tab\" data-vc-tab><a href=\"#1692870288907-71ca261f-ad7d\" data-vc-tabs data-vc-container=\".vc_tta\"><span class=\"vc_tta-title-text\">Genel \u00d6zellikler<\/span><\/a><\/li><li class=\"vc_tta-tab\" data-vc-tab><a href=\"#1692870355708-af0c3d79-86cf\" data-vc-tabs data-vc-container=\".vc_tta\"><span class=\"vc_tta-title-text\">D\u00f6k\u00fcmanlar<\/span><\/a><\/li><\/ul><\/div><div class=\"vc_tta-panels-container\"><div class=\"vc_tta-panels\"><div class=\"vc_tta-panel vc_active\" id=\"1692870200808-29f2690b-4a23\" data-vc-content=\".vc_tta-panel-body\"><div class=\"vc_tta-panel-heading\"><h4 class=\"vc_tta-panel-title\"><a href=\"#1692870200808-29f2690b-4a23\" data-vc-accordion data-vc-container=\".vc_tta-container\"><span class=\"vc_tta-title-text\">\u00dcr\u00fcn A\u00e7\u0131klamas\u0131<\/span><\/a><\/h4><\/div><div class=\"vc_tta-panel-body\">\n\t<div class=\"wpb_text_column wpb_content_element\" >\n\t\t<div class=\"wpb_wrapper\">\n\t\t\t<div class=\"container-fluid\">\n<div class=\"col-sm-6\">\n<p>ExtremeLocation, Extreme Networks taraf\u0131ndan yeni i\u015f gereksinimlerinize uyum sa\u011flamak \u00fczere bir abonelik hizmeti olarak sunulan, dayan\u0131kl\u0131 ve \u00f6l\u00e7eklenebilir, bulut tabanl\u0131 bir konum ve analiz \u00e7\u00f6z\u00fcm\u00fcd\u00fcr.<\/p>\n<p>ExtremeLocation, kurulu\u015flara binlerce \u015fube sitesine \u00f6l\u00e7eklenebilen g\u00fc\u00e7l\u00fc, \u00e7ok katmanl\u0131 konum hizmetleri sa\u011flar.\u00a0ExtremeLocation, yeni ve tekrarlanan ziyaret\u00e7iler, etkile\u015fim s\u00fcreleri, \u00e7al\u0131\u015fanlar\u0131n veya varl\u0131klar\u0131n konumu ve site veya sitenin \u00f6zellikleri gibi kapsaml\u0131 ger\u00e7ek zamanl\u0131 ve ge\u00e7mi\u015f konum analizleriyle \u00e7e\u015fitli uygulama senaryolar\u0131n\u0131 ele almak i\u00e7in co\u011frafi s\u0131n\u0131rlamadan mikro konum belirlemeye kadar \u00e7e\u015fitli ayr\u0131nt\u0131l\u0131 konum do\u011frulu\u011fu \u00e7\u00f6z\u00fcm\u00fc sunar. b\u00f6lge performans\u0131.<\/p>\n<p>Extreme&#8217;nin kurumsal d\u00fczeyde kablosuz a\u011f\u0131yla birle\u015ftirilmi\u015f veya mevcut a\u011f\u0131n\u0131zla bir katman olarak ExtremeLocation, i\u015finizi d\u00f6n\u00fc\u015ft\u00fcrmenize yard\u0131mc\u0131 olan kullan\u0131m\u0131 kolay bulut tabanl\u0131 bir platformdur.\u00a0Extreme Network&#8217;\u00fcn sekt\u00f6r lideri k\u00fcresel deste\u011fi ve hizmetleriyle desteklenen ExtremeLocation, i\u015f d\u00f6n\u00fc\u015f\u00fcm hedeflerinizi destekleme zorlu g\u00f6revini basitle\u015ftirir<\/p>\n<hr \/>\n<div class=\"container-fluid\">\n<div class=\"col-sm-6\">\n<h3>Optimum Sonu\u00e7lar i\u00e7in Arama Konumu \u00c7\u00f6z\u00fcn\u00fcrl\u00fc\u011f\u00fc<\/h3>\n<p>ExtremeLocation, konum hizmetlerini gereken ayr\u0131nt\u0131 d\u00fczeyine ayarlaman\u0131za olanak tan\u0131yan bir dizi konum \u00e7\u00f6z\u00fcn\u00fcrl\u00fc\u011f\u00fc sa\u011flar.\u00a0D\u0131\u015f mekanda etkile\u015fim i\u00e7in bir tesisin \u00e7evresini s\u0131n\u0131rlamak i\u00e7in GPS ile co\u011frafi \u00e7it kullan\u0131n; i\u00e7 mekan ise bir cihaz\u0131 alg\u0131layan mevcudiyetten, bir alandaki cihaz\u0131 konumland\u0131ran bir b\u00f6lgeye, cihaz\u0131n ve mikronun tam konumunu sa\u011flayan konuma kadar ayarlanabilir. -BLE kullanarak konum belirleme \u00f6zelli\u011fi sayesinde ExtremeLocation, i\u015f ihtiya\u00e7lar\u0131n\u0131z\u0131 kar\u015f\u0131layan ayr\u0131nt\u0131 d\u00fczeyini ayarlaman\u0131za olanak tan\u0131r.<\/p>\n<\/div>\n<div class=\"col-sm-6\"><img decoding=\"async\" class=\"center-block img-responsive\" src=\"https:\/\/www.netsolutionstore.com\/images\/Applications\/ExtremeLocation\/figure1.png\" alt=\"ExtremeLocation \u015eekil 1\" \/><\/div>\n<\/div>\n<hr \/>\n<div class=\"container-fluid\">\n<p><img decoding=\"async\" class=\"center-block img-responsive\" src=\"https:\/\/www.netsolutionstore.com\/images\/Applications\/ExtremeLocation\/figure2.png\" alt=\"ExtremeLocation \u015eekil 2\" \/><\/p>\n<h3>Ba\u011flamsal Sonu\u00e7lar i\u00e7in G\u00fc\u00e7l\u00fc Analitikler<\/h3>\n<p>ExtremeLocation, CMO&#8217;lar, ma\u011faza veya mekan y\u00f6neticileri taraf\u0131ndan g\u00f6r\u00fcnt\u00fclenebilen veya RESTful API&#8217;ler arac\u0131l\u0131\u011f\u0131yla kampanya ve politika motorlar\u0131 taraf\u0131ndan \u00e7\u0131kar\u0131labilen g\u00fc\u00e7l\u00fc analizler ve trendler sunarak konum tabanl\u0131 hizmetlerin ger\u00e7ek de\u011ferini ortaya \u00e7\u0131kar\u0131r.\u00a0ExtremeLocation, saha, b\u00f6lge ve ortak analizler de dahil olmak \u00fczere belirli bir s\u00fcre i\u00e7in se\u00e7ilebilen kapsaml\u0131 ger\u00e7ek zamanl\u0131 ve ge\u00e7mi\u015f konum analizleri sa\u011flar.\u00a0Kullan\u0131c\u0131lar, ger\u00e7ek zamanl\u0131 kontrol panellerini g\u00f6r\u00fcnt\u00fcleyebilir ve sitelerin, b\u00f6lgelerin ve ortaklar\u0131n e\u011filimlerini izleyebilir veya ziyaret\u00e7i e\u011filimlerini e-posta gelen kutular\u0131na iletmek i\u00e7in planlanm\u0131\u015f raporlar\u0131 izleyebilir.<\/p>\n<p>Site analizleri, genel ziyaret\u00e7i say\u0131s\u0131 (ziyaretler), geri d\u00f6nenler ve etkile\u015fime girenler, al\u0131\u015fveri\u015f yapanlar\u0131n kat\u0131l\u0131m\u0131, sadakat m\u00fc\u015fterileri ve tekrarlanan ve yeni ziyaretler i\u00e7in trendler sa\u011flar.<\/p>\n<p>B\u00f6lge analiti\u011fi, bir departmana yap\u0131lan ziyaretlerin say\u0131s\u0131n\u0131, etkile\u015fimlerin ve benzersiz ziyaret\u00e7ilerin say\u0131s\u0131n\u0131, m\u00fc\u015fteriyle birlikte en \u00fcst ve en alttaki 5 departman\u0131n tan\u0131mlanmas\u0131n\u0131 anlaman\u0131za yard\u0131mc\u0131 olmak i\u00e7in bir site i\u00e7inde departman d\u00fczeyinde ek bilgiler toplaman\u0131za olanak tan\u0131r bu departmanlardaki etkile\u015fim s\u00fcreleri.\u00a0Hareket yolu analizi, mekan sahiplerinin mekan d\u00fczenini optimize edebilmeleri i\u00e7in mekan sahiplerinin mekandaki ziyaret\u00e7ilerin hareketlerinin yan\u0131 s\u0131ra giri\u015f ve \u00e7\u0131k\u0131\u015f ba\u011flant\u0131 noktalar\u0131n\u0131 da belirlemelerine yard\u0131mc\u0131 olur.<\/p>\n<\/div>\n<\/div>\n<\/div>\n\n\t\t<\/div>\n\t<\/div>\n<\/div><\/div><div class=\"vc_tta-panel\" id=\"1692870288907-71ca261f-ad7d\" data-vc-content=\".vc_tta-panel-body\"><div class=\"vc_tta-panel-heading\"><h4 class=\"vc_tta-panel-title\"><a href=\"#1692870288907-71ca261f-ad7d\" data-vc-accordion data-vc-container=\".vc_tta-container\"><span class=\"vc_tta-title-text\">Genel \u00d6zellikler<\/span><\/a><\/h4><\/div><div class=\"vc_tta-panel-body\">\n\t<div class=\"wpb_text_column wpb_content_element\" >\n\t\t<div class=\"wpb_wrapper\">\n\t\t\t<div class=\"col-sm-4\">\n<div class=\"well\">\n<div class=\"container-fluid\">\n<div class=\"text-center\">\n<div class=\"container-fluid\">\n<div class=\"text-center\">\n<h3>A\u011f\u0131n\u0131zda nelerin \u00e7al\u0131\u015ft\u0131\u011f\u0131n\u0131, bunlar\u0131 kimin kulland\u0131\u011f\u0131n\u0131 ve her uygulama i\u00e7in yan\u0131t s\u00fcresini anlay\u0131n.<\/h3>\n<\/div>\n<div class=\"container-fluid\">\n<div class=\"col-sm-3\"><\/div>\n<div class=\"col-sm-7\">\n<ul>\n<li>M\u00fc\u015fterilerinizin en \u00e7ok nerede topland\u0131\u011f\u0131n\u0131 ve al\u0131\u015fveri\u015f yapt\u0131\u011f\u0131n\u0131 \u00f6\u011frenin<\/li>\n<li>Son derece ki\u015fiselle\u015ftirilmi\u015f m\u00fc\u015fteri deneyimleri yarat\u0131n<\/li>\n<li>Personelinizi daha verimli kullan\u0131n<\/li>\n<li>Her tesisin veya departman\u0131n performans\u0131n\u0131 g\u00f6r\u00fcn<\/li>\n<li>Ger\u00e7ek zamanl\u0131 ve ge\u00e7mi\u015f konum verileriyle konum modellerini analiz edin<\/li>\n<\/ul>\n<\/div>\n<\/div>\n<hr \/>\n<\/div>\n<div class=\"container-fluid text-center\">\n<div class=\"col-sm-4\">\n<div class=\"well\">\n<p><img decoding=\"async\" class=\"center-block img-responsive\" src=\"https:\/\/www.netsolutionstore.com\/images\/details\/icon-gears-PP.svg\" alt=\"G\u00f6revlerde idari azalma\" \/><\/p>\n<h3>Son Derece Ki\u015fiselle\u015ftirilmi\u015f M\u00fc\u015fteri Deneyimleri Yarat\u0131n<\/h3>\n<p>M\u00fc\u015fteri tercihleri \u200b\u200bve trafik d\u00fczenleri hakk\u0131nda bilgi verir.<\/p>\n<\/div>\n<\/div>\n<div class=\"col-sm-4\">\n<div class=\"well\">\n<p><img decoding=\"async\" class=\"center-block img-responsive\" src=\"https:\/\/www.netsolutionstore.com\/images\/details\/icon-arrowsrepeat-PP.svg\" alt=\"Sorunlar hakk\u0131nda bilgi edinin\" \/><\/p>\n<h3>Personelinizi Daha Verimli Kullan\u0131n<\/h3>\n<p>M\u00fc\u015fterilerinize daha iyi yard\u0131mc\u0131 olabilmeleri i\u00e7in personelinizin konumunu g\u00f6sterir.<\/p>\n<\/div>\n<\/div>\n<div class=\"col-sm-4\">\n<div class=\"well\">\n<p><img decoding=\"async\" class=\"center-block img-responsive\" src=\"https:\/\/www.netsolutionstore.com\/images\/details\/icon-link-PP.svg\" alt=\"A\u011f\u0131n\u0131z\u0131 entegre edin\" \/><\/p>\n<h3>\u0130\u015fletme Konumlar\u0131n\u0131za ili\u015fkin Derinlemesine Kullan\u0131m Analizleri Elde Edin<\/h3>\n<p>Ger\u00e7ek zamanl\u0131 ve ge\u00e7mi\u015f konum analiti\u011fi ile her bir sahan\u0131n veya departman\u0131n performans\u0131n\u0131 g\u00f6sterir.<\/p>\n<\/div>\n<\/div>\n<\/div>\n<\/div>\n<\/div>\n<\/div>\n<\/div>\n\n\t\t<\/div>\n\t<\/div>\n<\/div><\/div><div class=\"vc_tta-panel\" id=\"1692870355708-af0c3d79-86cf\" data-vc-content=\".vc_tta-panel-body\"><div class=\"vc_tta-panel-heading\"><h4 class=\"vc_tta-panel-title\"><a href=\"#1692870355708-af0c3d79-86cf\" data-vc-accordion data-vc-container=\".vc_tta-container\"><span class=\"vc_tta-title-text\">D\u00f6k\u00fcmanlar<\/span><\/a><\/h4><\/div><div class=\"vc_tta-panel-body\">\n\t<div class=\"wpb_text_column wpb_content_element\" >\n\t\t<div class=\"wpb_wrapper\">\n\t\t\t<h5><a href=\"http:\/\/www.westech.com.tr\/wp-content\/uploads\/2023\/09\/ExtremeLocation-data-sheet.pdf\">ExtremeLocation-data-sheet<\/a><\/h5>\n\n\t\t<\/div>\n\t<\/div>\n<\/div><\/div><\/div><\/div><\/div><\/div><\/div><\/div><\/div><\/div><\/div>\n<\/section>","protected":false},"excerpt":{"rendered":"Extreme Location \u00d6l\u00e7eklenebilir, \u00e7ok katmanl\u0131 i\u00e7 mekan konum hizmetleriyle m\u00fc\u015fterilerinizle etkile\u015fime ge\u00e7in. Dayan\u0131kl\u0131, Bulut Tabanl\u0131 Konum ve Analitik \u00c7\u00f6z\u00fcm\u00fc \u00a0\u202f\u00d6l\u00e7eklenebilir \u2013 100.000'e kadar eri\u015fim noktas\u0131 \u202fG\u00fc\u00e7l\u00fc konum do\u011frulu\u011fu 3. taraf uygulama entegrasyonu i\u00e7in RESTful API'ler Teklif Al\u00dcr\u00fcn A\u00e7\u0131klamas\u0131Genel \u00d6zelliklerD\u00f6k\u00fcmanlar\u00dcr\u00fcn A\u00e7\u0131klamas\u0131 ExtremeLocation, Extreme Networks taraf\u0131ndan yeni i\u015f gereksinimlerinize uyum sa\u011flamak \u00fczere bir abonelik hizmeti olarak sunulan, [...]","protected":false},"author":1,"featured_media":0,"parent":0,"menu_order":0,"comment_status":"closed","ping_status":"closed","template":"tmpl\/template-fullwidth.php","meta":{"om_disable_all_campaigns":false,"_monsterinsights_skip_tracking":false,"_monsterinsights_sitenote_active":false,"_monsterinsights_sitenote_note":"","_monsterinsights_sitenote_category":0,"footnotes":""},"class_list":["post-3291","page","type-page","status-publish","hentry"],"acf":[],"aioseo_notices":[],"_links":{"self":[{"href":"http:\/\/www.westech.com.tr\/en\/wp-json\/wp\/v2\/pages\/3291"}],"collection":[{"href":"http:\/\/www.westech.com.tr\/en\/wp-json\/wp\/v2\/pages"}],"about":[{"href":"http:\/\/www.westech.com.tr\/en\/wp-json\/wp\/v2\/types\/page"}],"author":[{"embeddable":true,"href":"http:\/\/www.westech.com.tr\/en\/wp-json\/wp\/v2\/users\/1"}],"replies":[{"embeddable":true,"href":"http:\/\/www.westech.com.tr\/en\/wp-json\/wp\/v2\/comments?post=3291"}],"version-history":[{"count":2,"href":"http:\/\/www.westech.com.tr\/en\/wp-json\/wp\/v2\/pages\/3291\/revisions"}],"predecessor-version":[{"id":3295,"href":"http:\/\/www.westech.com.tr\/en\/wp-json\/wp\/v2\/pages\/3291\/revisions\/3295"}],"wp:attachment":[{"href":"http:\/\/www.westech.com.tr\/en\/wp-json\/wp\/v2\/media?parent=3291"}],"curies":[{"name":"wp","href":"https:\/\/api.w.org\/{rel}","templated":true}]}}