{"id":3312,"date":"2023-09-07T14:44:07","date_gmt":"2023-09-07T11:44:07","guid":{"rendered":"http:\/\/www.westech.com.tr\/?page_id=3312"},"modified":"2023-09-07T14:44:07","modified_gmt":"2023-09-07T11:44:07","slug":"extreme-networks-session-director","status":"publish","type":"page","link":"http:\/\/www.westech.com.tr\/en\/extreme-networks-session-director\/","title":{"rendered":"Extreme Networks Session Director"},"content":{"rendered":"<section class=\"wpb-content-wrapper\"><div style=\"\" class=\"vc_row wpb_row vc_row-fluid\"><div class=\"row-inner\"><div class=\"wpb_column vc_column_container vc_col-sm-6\"><div class=\"vc_column-inner\"><div class=\"wpb_wrapper\"><div class=\"vc_empty_space\"   style=\"height: 32px\"><span class=\"vc_empty_space_inner\"><\/span><\/div><div class=\"vc_empty_space\"   style=\"height: 32px\"><span class=\"vc_empty_space_inner\"><\/span><\/div><div class=\"vc_empty_space\"   style=\"height: 32px\"><span class=\"vc_empty_space_inner\"><\/span><\/div><div class=\"vc_empty_space\"   style=\"height: 32px\"><span class=\"vc_empty_space_inner\"><\/span><\/div>\n<!-- BEGIN .imagebox -->\n<div class=\"imagebox\">\n\t\t\t<div class=\"box-image\">\n\t\t\t\n\t\t\t<a class=\"box-img\" href=\"\" target=\"_self\">\n\t\t\t\t<img loading=\"lazy\" decoding=\"async\" width=\"1140\" height=\"640\" src=\"https:\/\/www.westech.com.tr\/wp-content\/uploads\/2023\/09\/Extreme-Networks-Session-Director.jpg\" class=\"attachment-full\" alt=\"\" title=\"Extreme Networks Session Director\" \/>\t\t\t<\/a>\n\t\t<\/div>\n\n\t\t\t\t\n\t<\/div>\n<!-- End .imagebox -->\n<\/div><\/div><\/div><div class=\"wpb_column vc_column_container vc_col-sm-6\"><div class=\"vc_column-inner\"><div class=\"wpb_wrapper\">\n\t<div class=\"wpb_text_column wpb_content_element\" >\n\t\t<div class=\"wpb_wrapper\">\n\t\t\t<h1>Extreme Networks Session Director<\/h1>\n<h5>A\u011f genelinde ara\u00e7lar\u0131n optimizasyonunu merkezile\u015ftirin.<\/h5>\n<h5><span class=\"smallHeaderText\">\u00d6l\u00e7eklenebilir, \u00c7evik A\u011f G\u00f6r\u00fcn\u00fcrl\u00fc\u011f\u00fc i\u00e7in Yaz\u0131l\u0131m Odakl\u0131 Oturum Zekas\u0131<\/span><\/h5>\n<hr \/>\n<h5><i class=\"fa fa-check\" aria-hidden=\"true\"><\/i>4G\/LTG, 5G ve IoT \u00f6l\u00e7e\u011fi<\/h5>\n<h5><i class=\"fa fa-check\" aria-hidden=\"true\"><\/i>\u00d6znitelik tabanl\u0131 filtreleme ve y\u00fck dengeleme<\/h5>\n<h5><i class=\"fa fa-check\" aria-hidden=\"true\"><\/i>\u00d6l\u00e7ek ve \u00f6zellik geni\u015fletilebilirli\u011fi<\/h5>\n\n\t\t<\/div>\n\t<\/div>\n<div class=\"vc_empty_space\"   style=\"height: 32px\"><span class=\"vc_empty_space_inner\"><\/span><\/div><div class=\"vc_btn3-container vc_btn3-inline\" ><button class=\"vc_general vc_btn3 vc_btn3-size-md vc_btn3-shape-rounded vc_btn3-style-modern vc_btn3-color-danger\">Teklif Al<\/button><\/div><\/div><\/div><\/div><\/div><\/div><div style=\"\" class=\"vc_row wpb_row vc_row-fluid\"><div class=\"row-inner\"><div class=\"wpb_column vc_column_container vc_col-sm-3\"><div class=\"vc_column-inner\"><div class=\"wpb_wrapper\"><div class=\"vc_empty_space\"   style=\"height: 32px\"><span class=\"vc_empty_space_inner\"><\/span><\/div><\/div><\/div><\/div><div class=\"wpb_column vc_column_container vc_col-sm-3\"><div class=\"vc_column-inner\"><div class=\"wpb_wrapper\"><div class=\"vc_empty_space\"   style=\"height: 32px\"><span class=\"vc_empty_space_inner\"><\/span><\/div><\/div><\/div><\/div><div class=\"wpb_column vc_column_container vc_col-sm-3\"><div class=\"vc_column-inner\"><div class=\"wpb_wrapper\"><div class=\"vc_empty_space\"   style=\"height: 32px\"><span class=\"vc_empty_space_inner\"><\/span><\/div><\/div><\/div><\/div><div class=\"wpb_column vc_column_container vc_col-sm-3\"><div class=\"vc_column-inner\"><div class=\"wpb_wrapper\"><div class=\"vc_empty_space\"   style=\"height: 32px\"><span class=\"vc_empty_space_inner\"><\/span><\/div><\/div><\/div><\/div><\/div><\/div><div style=\"\" class=\"vc_row wpb_row vc_row-fluid\"><div class=\"row-inner\"><div class=\"wpb_column vc_column_container vc_col-sm-12\"><div class=\"vc_column-inner\"><div class=\"wpb_wrapper\"><div class=\"vc_tta-container\" data-vc-action=\"collapse\"><div class=\"vc_general vc_tta vc_tta-tabs vc_tta-color-grey vc_tta-style-classic vc_tta-shape-rounded vc_tta-spacing-1 vc_tta-tabs-position-top vc_tta-controls-align-left\"><div class=\"vc_tta-tabs-container\"><ul class=\"vc_tta-tabs-list\"><li class=\"vc_tta-tab vc_active\" data-vc-tab><a href=\"#1692870200808-29f2690b-4a23\" data-vc-tabs data-vc-container=\".vc_tta\"><span class=\"vc_tta-title-text\">\u00dcr\u00fcn A\u00e7\u0131klamas\u0131<\/span><\/a><\/li><li class=\"vc_tta-tab\" data-vc-tab><a href=\"#1692870288907-71ca261f-ad7d\" data-vc-tabs data-vc-container=\".vc_tta\"><span class=\"vc_tta-title-text\">Genel \u00d6zellikler<\/span><\/a><\/li><li class=\"vc_tta-tab\" data-vc-tab><a href=\"#1692870355708-af0c3d79-86cf\" data-vc-tabs data-vc-container=\".vc_tta\"><span class=\"vc_tta-title-text\">D\u00f6k\u00fcmanlar<\/span><\/a><\/li><\/ul><\/div><div class=\"vc_tta-panels-container\"><div class=\"vc_tta-panels\"><div class=\"vc_tta-panel vc_active\" id=\"1692870200808-29f2690b-4a23\" data-vc-content=\".vc_tta-panel-body\"><div class=\"vc_tta-panel-heading\"><h4 class=\"vc_tta-panel-title\"><a href=\"#1692870200808-29f2690b-4a23\" data-vc-accordion data-vc-container=\".vc_tta-container\"><span class=\"vc_tta-title-text\">\u00dcr\u00fcn A\u00e7\u0131klamas\u0131<\/span><\/a><\/h4><\/div><div class=\"vc_tta-panel-body\">\n\t<div class=\"wpb_text_column wpb_content_element\" >\n\t\t<div class=\"wpb_wrapper\">\n\t\t\t<div class=\"container-fluid\">\n<div class=\"col-sm-6\">\n<div class=\"tab-content\">\n<div id=\"overview\" class=\"tab-pane active\" role=\"tabpanel\">\n<h3>Geli\u015ftirilmi\u015f Operasyonel Verimlilik ve \u00d6l\u00e7ek<\/h3>\n<p>D\u00fcnyan\u0131n \u00f6nde gelen hizmet sa\u011flay\u0131c\u0131lar\u0131, a\u011flar\u0131n\u0131 izlemek, d\u00fczenlemek, g\u00fcvenli\u011fini sa\u011flamak ve gelir elde etmek i\u00e7in giderek artan bir \u015fekilde bant d\u0131\u015f\u0131 analiz ara\u00e7lar\u0131n\u0131 kullan\u0131yor.\u00a0Bu analiz ara\u00e7lar\u0131, daha verimli bir \u015fekilde \u00e7al\u0131\u015fabilmek i\u00e7in, ilgili a\u011f trafi\u011fi ak\u0131\u015flar\u0131n\u0131 analiz i\u00e7in toplamak, \u00e7o\u011faltmak ve onlara iletmek \u00fczere, genellikle A\u011f Paket Arac\u0131lar\u0131 (NPB&#8217;ler) olarak bilinen, \u00f6zel &#8220;a\u011f g\u00f6r\u00fcn\u00fcrl\u00fc\u011f\u00fc&#8221; altyap\u0131s\u0131na dayan\u0131r.<\/p>\n<div class=\"container-fluid\">\n<p><img decoding=\"async\" class=\"center-block img-responsive\" src=\"https:\/\/www.netsolutionstore.com\/images\/Applications\/Extreme-Session-Director\/overview-1.PNG\" alt=\"Genel Bak\u0131\u015f\" \/>IP trafi\u011findeki h\u0131zl\u0131 b\u00fcy\u00fcme, mobil a\u011f operat\u00f6rlerini izleme ve analiz altyap\u0131lar\u0131n\u0131 \u00f6l\u00e7eklendirmeye y\u00f6neltiyor.\u00a0Ancak \u00f6l\u00e7e\u011fe ula\u015fmak i\u00e7in artan maliyetler s\u00fcrd\u00fcr\u00fclebilir de\u011fildir.\u00a0Bu nedenle hizmet sa\u011flay\u0131c\u0131lar\u0131n mevcut izleme ara\u00e7lar\u0131ndan daha fazla \u00fcretkenlik elde etmek ve yat\u0131r\u0131mlar\u0131n\u0131n getirisini en \u00fcst d\u00fczeye \u00e7\u0131karmak i\u00e7in yeni se\u00e7eneklere ihtiyac\u0131 var.\u00a0Ayr\u0131ca pazarda rekabet\u00e7i kalabilmek i\u00e7in a\u011flar\u0131n\u0131 modernle\u015ftirmeleri ve hizmet \u00e7evikli\u011fini geli\u015ftirmeleri gerekiyor.\u00a0Bu ama\u00e7la hizmet sa\u011flay\u0131c\u0131lar Yaz\u0131l\u0131m Tan\u0131ml\u0131 A\u011f \u0130leti\u015fimi (SDN), A\u011f \u0130\u015flevleri Sanalla\u015ft\u0131rmas\u0131 (NFV) ve API odakl\u0131 otomasyonu benimsiyor ve a\u011f g\u00f6r\u00fcn\u00fcrl\u00fck altyap\u0131lar\u0131n\u0131n bu teknolojileri desteklemesini bekliyorlar.\u00a0Extreme Session Director ile hizmet sa\u011flay\u0131c\u0131lar bu zorluklar\u0131n \u00fcstesinden gelebilir ve izleme ve analiz altyap\u0131lar\u0131n\u0131 uygun maliyetli bir \u015fekilde \u00f6l\u00e7eklendirebilir.<\/p>\n<\/div>\n<hr \/>\n<div class=\"container-fluid\">\n<h3>Geni\u015f \u00d6l\u00e7ekte A\u011f G\u00f6r\u00fcn\u00fcrl\u00fc\u011f\u00fc ve Uzman Trafik Optimizasyonu<\/h3>\n<p><img decoding=\"async\" class=\"center-block img-responsive\" src=\"https:\/\/www.netsolutionstore.com\/images\/Applications\/Extreme-Session-Director\/overview-2.PNG\" alt=\"Genel Bak\u0131\u015f 2\" \/><br \/>\nExtreme Session Director, ticari sunucu donan\u0131m\u0131na yerle\u015ftirilen \u00f6l\u00e7eklenebilir bir yaz\u0131l\u0131m uygulamas\u0131d\u0131r.\u00a0Mobiliteye duyarl\u0131 a\u011f trafi\u011fi korelasyonu, filtreleme ve y\u00fck dengeleme yetenekleri sunmak i\u00e7in Extreme Networks MLXe veya Extreme Networks SLX\u00ae Packet Brokers ile birlikte \u00e7al\u0131\u015f\u0131r.\u00a0Bkz. \u015eekil 1. Extreme Session Director, mobil trafik ak\u0131\u015flar\u0131n\u0131 inceleyerek dinamik, oturuma duyarl\u0131 y\u00f6nlendirme kararlar\u0131 alabilir ve bunlar daha sonra paket komisyoncusu d\u00fc\u011f\u00fcmleri taraf\u0131ndan uygulan\u0131r.\u00a0Bu yeni nesil a\u011f g\u00f6r\u00fcn\u00fcrl\u00fck \u00e7\u00f6z\u00fcm\u00fc, mobil a\u011f operat\u00f6rlerinin izleme verimlili\u011fini art\u0131rmas\u0131na ve izleme uygulamalar\u0131n\u0131 uygun maliyetli bir \u015fekilde \u00f6l\u00e7eklendirmesine olanak tan\u0131r.\u00a0Ayr\u0131ca Session Director, operat\u00f6rlerin her t\u00fcr a\u011f trafi\u011fi i\u00e7in t\u00fcr\u00fcn\u00fcn en iyisi analitik ara\u00e7lar\u0131n\u0131 devreye almas\u0131na ve h\u0131zla de\u011fi\u015fen izleme ihtiya\u00e7lar\u0131na uyum sa\u011flamas\u0131na olanak tan\u0131r.<\/p>\n<\/div>\n<\/div>\n<\/div>\n<\/div>\n<\/div>\n\n\t\t<\/div>\n\t<\/div>\n<\/div><\/div><div class=\"vc_tta-panel\" id=\"1692870288907-71ca261f-ad7d\" data-vc-content=\".vc_tta-panel-body\"><div class=\"vc_tta-panel-heading\"><h4 class=\"vc_tta-panel-title\"><a href=\"#1692870288907-71ca261f-ad7d\" data-vc-accordion data-vc-container=\".vc_tta-container\"><span class=\"vc_tta-title-text\">Genel \u00d6zellikler<\/span><\/a><\/h4><\/div><div class=\"vc_tta-panel-body\">\n\t<div class=\"wpb_text_column wpb_content_element\" >\n\t\t<div class=\"wpb_wrapper\">\n\t\t\t<div class=\"col-sm-4\">\n<div class=\"well\">\n<div class=\"container-fluid\">\n<div class=\"text-center\">\n<div class=\"container-fluid\">\n<div class=\"text-center\">\n<div class=\"tab-content\">\n<div id=\"features\" class=\"tab-pane active\" role=\"tabpanel\">\n<div class=\"text-center\">\n<h2>\u0130ste\u011fe Ba\u011fl\u0131 A\u011f G\u00f6r\u00fcn\u00fcrl\u00fc\u011f\u00fc<\/h2>\n<\/div>\n<h2><\/h2>\n<div class=\"container-fluid\">\n<div class=\"col-sm-4\">\n<p><img decoding=\"async\" class=\"center-block img-responsive\" src=\"https:\/\/www.netsolutionstore.com\/images\/Applications\/Extreme-Session-Director\/low-cost.svg\" alt=\"D\u00fc\u015f\u00fck maliyetli\" \/><\/p>\n<h4>Maliyeti d\u00fc\u015f\u00fck tutarak \u00f6l\u00e7eklendirin.<\/h4>\n<p>Yo\u011fun kaynak kullanan i\u015flevlerin y\u00fck\u00fcn\u00fc bo\u015falt\u0131rken her bir araca ilgili trafi\u011fi sunarak maliyetleri en aza indirir.<\/p>\n<\/div>\n<div class=\"col-sm-4\">\n<p><img decoding=\"async\" class=\"center-block img-responsive\" src=\"https:\/\/www.netsolutionstore.com\/images\/Applications\/Extreme-Session-Director\/closed-loop.svg\" alt=\"kapal\u0131 d\u00f6ng\u00fc\" \/><\/p>\n<h4>Kapal\u0131 d\u00f6ng\u00fc mimarisinden yararlan\u0131n.<\/h4>\n<p>Filtreleme ve y\u00fck dengeleme sa\u011flar.\u00a0Daha sonra trafi\u011fi analiz ara\u00e7lar\u0131na aktar\u0131lmak \u00fczere Extreme MLXe Paket Arac\u0131s\u0131na y\u00f6nlendirir.<\/p>\n<\/div>\n<div class=\"col-sm-4\">\n<p><img decoding=\"async\" class=\"center-block img-responsive\" src=\"https:\/\/www.netsolutionstore.com\/images\/Applications\/Extreme-Session-Director\/inspect.svg\" alt=\"insdpec trafik ak\u0131\u015flar\u0131\" \/><\/p>\n<h4>Mobil trafik ak\u0131\u015flar\u0131n\u0131 otomatik olarak inceleyin.<\/h4>\n<p>Paket arac\u0131s\u0131 d\u00fc\u011f\u00fcmlerinde uygulanan dinamik, oturuma duyarl\u0131 y\u00f6nlendirme kararlar\u0131n\u0131 al\u0131r.<\/p>\n<\/div>\n<\/div>\n<hr \/>\n<div class=\"container-fluid\">\n<div class=\"col-sm-4\">\n<h3>\u00d6l\u00e7eklendirme<\/h3>\n<p>Mobil a\u011fda veri hacimleri b\u00fcy\u00fcd\u00fck\u00e7e, izleme kapasitesinin art\u0131r\u0131lmas\u0131 i\u00e7in izleme altyap\u0131s\u0131n\u0131n \u00f6l\u00e7e\u011finin de geni\u015fletilmesi gerekmektedir.\u00a0Ancak bu altyap\u0131n\u0131n \u00f6l\u00e7eklenme yetene\u011fi s\u0131n\u0131rl\u0131d\u0131r ve bu s\u0131n\u0131r\u0131n \u00f6tesine ge\u00e7mek genellikle maliyetli y\u00fckseltmeler gerektirir.\u00a0Session Director, kaynak yo\u011fun oturum korelasyonu ve y\u00fck dengeleme i\u015flevlerinin y\u00fck\u00fcn\u00fc hafifleterek izleme altyap\u0131s\u0131n\u0131n yerel \u00f6l\u00e7ek s\u0131n\u0131r\u0131n\u0131n \u00f6tesine \u00f6l\u00e7eklenmesini sa\u011flar.\u00a0Session Director ile mobil operat\u00f6rler izleme altyap\u0131lar\u0131n\u0131n \u00f6l\u00e7e\u011fini uygun maliyetli bir \u015fekilde geni\u015fletebilirler.<\/p>\n<\/div>\n<div class=\"col-sm-4\">\n<h3>T\u00fcr\u00fcn\u00fcn En \u0130yisi \u0130zlemeyi Da\u011f\u0131t\u0131n<\/h3>\n<p>Session Director, ses (VoLTE) a\u011f trafi\u011fini mobil a\u011fdaki geri kalan veri trafi\u011finden izole edebilir.\u00a0Bu izolasyon, operat\u00f6rlerin ses a\u011f\u0131 trafi\u011fini \u00f6zel VoLTE analiz ara\u00e7lar\u0131na verimli bir \u015fekilde iletmelerine ve ayn\u0131 zamanda yaln\u0131zca veri trafi\u011fini veri analiz ara\u00e7lar\u0131na iletmelerine olanak tan\u0131r.\u00a0Bu nedenle operat\u00f6rler, her bir arac\u0131n verimlili\u011fini en \u00fcst d\u00fczeye \u00e7\u0131kar\u0131rken her a\u011f uygulamas\u0131 i\u00e7in en iyi analiz arac\u0131n\u0131 da\u011f\u0131tabilir.<\/p>\n<\/div>\n<div class=\"col-sm-4\">\n<h3>Yaz\u0131l\u0131m Odakl\u0131 \u00c7eviklik<\/h3>\n<p>\u00c7evik, yaz\u0131l\u0131m tan\u0131ml\u0131 mimarisiyle Session Director, sat\u0131n alma ve da\u011f\u0131t\u0131m d\u00f6ng\u00fclerini azalt\u0131rken \u00f6l\u00e7eklendirmeyi ve \u00f6zellik eklemelerini h\u0131zland\u0131r\u0131r.\u00a0Bu, mobil operat\u00f6rlerin g\u00f6r\u00fcn\u00fcrl\u00fck altyap\u0131lar\u0131n\u0131 de\u011fi\u015fen izleme ihtiya\u00e7lar\u0131na verimli bir \u015fekilde uyarlamalar\u0131na olanak tan\u0131r.\u00a0Ayr\u0131ca, Session Director&#8217;\u0131n RESTful API&#8217;si i\u015f ak\u0131\u015f\u0131 otomasyonuna ve \u00fc\u00e7\u00fcnc\u00fc taraf entegrasyonuna olanak sa\u011flar.<\/p>\n<\/div>\n<\/div>\n<\/div>\n<\/div>\n<\/div>\n<\/div>\n<\/div>\n<\/div>\n<\/div>\n<\/div>\n\n\t\t<\/div>\n\t<\/div>\n<\/div><\/div><div class=\"vc_tta-panel\" id=\"1692870355708-af0c3d79-86cf\" data-vc-content=\".vc_tta-panel-body\"><div class=\"vc_tta-panel-heading\"><h4 class=\"vc_tta-panel-title\"><a href=\"#1692870355708-af0c3d79-86cf\" data-vc-accordion data-vc-container=\".vc_tta-container\"><span class=\"vc_tta-title-text\">D\u00f6k\u00fcmanlar<\/span><\/a><\/h4><\/div><div class=\"vc_tta-panel-body\">\n\t<div class=\"wpb_text_column wpb_content_element\" >\n\t\t<div class=\"wpb_wrapper\">\n\t\t\t<h5><a href=\"http:\/\/www.westech.com.tr\/wp-content\/uploads\/2023\/09\/session-director-data-sheet.pdf\">session-director-data-sheet<\/a><\/h5>\n\n\t\t<\/div>\n\t<\/div>\n<\/div><\/div><\/div><\/div><\/div><\/div><\/div><\/div><\/div><\/div><\/div>\n<\/section>","protected":false},"excerpt":{"rendered":"Extreme Networks Session Director A\u011f genelinde ara\u00e7lar\u0131n optimizasyonunu merkezile\u015ftirin. \u00d6l\u00e7eklenebilir, \u00c7evik A\u011f G\u00f6r\u00fcn\u00fcrl\u00fc\u011f\u00fc i\u00e7in Yaz\u0131l\u0131m Odakl\u0131 Oturum Zekas\u0131 4G\/LTG, 5G ve IoT \u00f6l\u00e7e\u011fi \u00d6znitelik tabanl\u0131 filtreleme ve y\u00fck dengeleme \u00d6l\u00e7ek ve \u00f6zellik geni\u015fletilebilirli\u011fi Teklif Al\u00dcr\u00fcn A\u00e7\u0131klamas\u0131Genel \u00d6zelliklerD\u00f6k\u00fcmanlar\u00dcr\u00fcn A\u00e7\u0131klamas\u0131 Geli\u015ftirilmi\u015f Operasyonel Verimlilik ve \u00d6l\u00e7ek D\u00fcnyan\u0131n \u00f6nde gelen hizmet sa\u011flay\u0131c\u0131lar\u0131, a\u011flar\u0131n\u0131 izlemek, d\u00fczenlemek, g\u00fcvenli\u011fini sa\u011flamak ve gelir [...]","protected":false},"author":1,"featured_media":0,"parent":0,"menu_order":0,"comment_status":"closed","ping_status":"closed","template":"tmpl\/template-fullwidth.php","meta":{"om_disable_all_campaigns":false,"_monsterinsights_skip_tracking":false,"_monsterinsights_sitenote_active":false,"_monsterinsights_sitenote_note":"","_monsterinsights_sitenote_category":0,"footnotes":""},"class_list":["post-3312","page","type-page","status-publish","hentry"],"acf":[],"aioseo_notices":[],"_links":{"self":[{"href":"http:\/\/www.westech.com.tr\/en\/wp-json\/wp\/v2\/pages\/3312"}],"collection":[{"href":"http:\/\/www.westech.com.tr\/en\/wp-json\/wp\/v2\/pages"}],"about":[{"href":"http:\/\/www.westech.com.tr\/en\/wp-json\/wp\/v2\/types\/page"}],"author":[{"embeddable":true,"href":"http:\/\/www.westech.com.tr\/en\/wp-json\/wp\/v2\/users\/1"}],"replies":[{"embeddable":true,"href":"http:\/\/www.westech.com.tr\/en\/wp-json\/wp\/v2\/comments?post=3312"}],"version-history":[{"count":2,"href":"http:\/\/www.westech.com.tr\/en\/wp-json\/wp\/v2\/pages\/3312\/revisions"}],"predecessor-version":[{"id":3315,"href":"http:\/\/www.westech.com.tr\/en\/wp-json\/wp\/v2\/pages\/3312\/revisions\/3315"}],"wp:attachment":[{"href":"http:\/\/www.westech.com.tr\/en\/wp-json\/wp\/v2\/media?parent=3312"}],"curies":[{"name":"wp","href":"https:\/\/api.w.org\/{rel}","templated":true}]}}