{"id":3337,"date":"2023-09-07T15:27:56","date_gmt":"2023-09-07T12:27:56","guid":{"rendered":"http:\/\/www.westech.com.tr\/?page_id=3337"},"modified":"2023-09-07T15:27:56","modified_gmt":"2023-09-07T12:27:56","slug":"security-access-control","status":"publish","type":"page","link":"http:\/\/www.westech.com.tr\/en\/security-access-control\/","title":{"rendered":"Security &#038; Access Control"},"content":{"rendered":"<section class=\"wpb-content-wrapper\"><div style=\"\" class=\"vc_row wpb_row vc_row-fluid\"><div class=\"row-inner\"><div class=\"wpb_column vc_column_container vc_col-sm-6\"><div class=\"vc_column-inner\"><div class=\"wpb_wrapper\"><div class=\"vc_empty_space\"   style=\"height: 32px\"><span class=\"vc_empty_space_inner\"><\/span><\/div>\n<!-- BEGIN .imagebox -->\n<div class=\"imagebox\">\n\t\t\t<div class=\"box-image\">\n\t\t\t\n\t\t\t<a class=\"box-img\" href=\"\" target=\"_self\">\n\t\t\t\t<img loading=\"lazy\" decoding=\"async\" width=\"1818\" height=\"1920\" src=\"https:\/\/www.westech.com.tr\/wp-content\/uploads\/2023\/09\/ExtremeLocation.png\" class=\"attachment-full\" alt=\"\" title=\"ExtremeLocation\" \/>\t\t\t<\/a>\n\t\t<\/div>\n\n\t\t\t\t\n\t<\/div>\n<!-- End .imagebox -->\n<\/div><\/div><\/div><div class=\"wpb_column vc_column_container vc_col-sm-6\"><div class=\"vc_column-inner\"><div class=\"wpb_wrapper\">\n\t<div class=\"wpb_text_column wpb_content_element\" >\n\t\t<div class=\"wpb_wrapper\">\n\t\t\t<h1>Security &amp; Access Control<\/h1>\n<h5>A\u011f genelinde ara\u00e7lar\u0131n optimizasyonunu merkezile\u015ftirin.<\/h5>\n<h5><span class=\"smallHeaderText\">\u00d6l\u00e7eklenebilir, \u00c7evik A\u011f G\u00f6r\u00fcn\u00fcrl\u00fc\u011f\u00fc i\u00e7in Yaz\u0131l\u0131m Odakl\u0131 Oturum Zekas\u0131n\u0131 Kontrol Ediyor<\/span><\/h5>\n<hr \/>\n<h5><i class=\"fa fa-check\" aria-hidden=\"true\"><\/i>Tek par\u00e7a cam<\/h5>\n<h5><i class=\"fa fa-check\" aria-hidden=\"true\"><\/i>Ba\u011flam tabanl\u0131 kontrol<\/h5>\n<h5><i class=\"fa fa-check\" aria-hidden=\"true\"><\/i>Basit, g\u00fcvenli kat\u0131l\u0131m<\/h5>\n\n\t\t<\/div>\n\t<\/div>\n<div class=\"vc_empty_space\"   style=\"height: 32px\"><span class=\"vc_empty_space_inner\"><\/span><\/div><div class=\"vc_btn3-container vc_btn3-inline\" ><button class=\"vc_general vc_btn3 vc_btn3-size-md vc_btn3-shape-rounded vc_btn3-style-modern vc_btn3-color-danger\">Teklif Al<\/button><\/div><\/div><\/div><\/div><\/div><\/div><div style=\"\" class=\"vc_row wpb_row vc_row-fluid\"><div class=\"row-inner\"><div class=\"wpb_column vc_column_container vc_col-sm-3\"><div class=\"vc_column-inner\"><div class=\"wpb_wrapper\"><div class=\"vc_empty_space\"   style=\"height: 32px\"><span class=\"vc_empty_space_inner\"><\/span><\/div><\/div><\/div><\/div><div class=\"wpb_column vc_column_container vc_col-sm-3\"><div class=\"vc_column-inner\"><div class=\"wpb_wrapper\"><div class=\"vc_empty_space\"   style=\"height: 32px\"><span class=\"vc_empty_space_inner\"><\/span><\/div><\/div><\/div><\/div><div class=\"wpb_column vc_column_container vc_col-sm-3\"><div class=\"vc_column-inner\"><div class=\"wpb_wrapper\"><div class=\"vc_empty_space\"   style=\"height: 32px\"><span class=\"vc_empty_space_inner\"><\/span><\/div><\/div><\/div><\/div><div class=\"wpb_column vc_column_container vc_col-sm-3\"><div class=\"vc_column-inner\"><div class=\"wpb_wrapper\"><div class=\"vc_empty_space\"   style=\"height: 32px\"><span class=\"vc_empty_space_inner\"><\/span><\/div><\/div><\/div><\/div><\/div><\/div><div style=\"\" class=\"vc_row wpb_row vc_row-fluid\"><div class=\"row-inner\"><div class=\"wpb_column vc_column_container vc_col-sm-12\"><div class=\"vc_column-inner\"><div class=\"wpb_wrapper\"><div class=\"vc_tta-container\" data-vc-action=\"collapse\"><div class=\"vc_general vc_tta vc_tta-tabs vc_tta-color-grey vc_tta-style-classic vc_tta-shape-rounded vc_tta-spacing-1 vc_tta-tabs-position-top vc_tta-controls-align-left\"><div class=\"vc_tta-tabs-container\"><ul class=\"vc_tta-tabs-list\"><li class=\"vc_tta-tab vc_active\" data-vc-tab><a href=\"#1692870200808-29f2690b-4a23\" data-vc-tabs data-vc-container=\".vc_tta\"><span class=\"vc_tta-title-text\">\u00dcr\u00fcn A\u00e7\u0131klamas\u0131<\/span><\/a><\/li><li class=\"vc_tta-tab\" data-vc-tab><a href=\"#1692870288907-71ca261f-ad7d\" data-vc-tabs data-vc-container=\".vc_tta\"><span class=\"vc_tta-title-text\">Genel \u00d6zellikler<\/span><\/a><\/li><li class=\"vc_tta-tab\" data-vc-tab><a href=\"#1694084725537-b6cbf560-4d59\" data-vc-tabs data-vc-container=\".vc_tta\"><span class=\"vc_tta-title-text\">Teknik \u00d6zellikler<\/span><\/a><\/li><li class=\"vc_tta-tab\" data-vc-tab><a href=\"#1692870355708-af0c3d79-86cf\" data-vc-tabs data-vc-container=\".vc_tta\"><span class=\"vc_tta-title-text\">D\u00f6k\u00fcmanlar<\/span><\/a><\/li><\/ul><\/div><div class=\"vc_tta-panels-container\"><div class=\"vc_tta-panels\"><div class=\"vc_tta-panel vc_active\" id=\"1692870200808-29f2690b-4a23\" data-vc-content=\".vc_tta-panel-body\"><div class=\"vc_tta-panel-heading\"><h4 class=\"vc_tta-panel-title\"><a href=\"#1692870200808-29f2690b-4a23\" data-vc-accordion data-vc-container=\".vc_tta-container\"><span class=\"vc_tta-title-text\">\u00dcr\u00fcn A\u00e7\u0131klamas\u0131<\/span><\/a><\/h4><\/div><div class=\"vc_tta-panel-body\">\n\t<div class=\"wpb_text_column wpb_content_element\" >\n\t\t<div class=\"wpb_wrapper\">\n\t\t\t<div class=\"container-fluid\">\n<div class=\"col-sm-6\">\n<div class=\"tab-content\">\n<div id=\"overview\" class=\"tab-pane active\" role=\"tabpanel\">\n<div class=\"tab-content\">\n<div id=\"overview\" class=\"tab-pane active\" role=\"tabpanel\">\n<h3>U\u00e7 nokta g\u00fcvenli\u011fiyle a\u011f\u0131n\u0131z\u0131n ucunu g\u00fcvende tutun<\/h3>\n<p>\u00c7o\u011fu veri ihlalinin u\u00e7 noktalarda ba\u015flamas\u0131 nedeniyle, kullan\u0131c\u0131lar ve IoT cihazlar\u0131 \u00fczerinde ayr\u0131nt\u0131l\u0131 kontrole ve \u00e7oklu buluta kadar t\u00fcm a\u011f genelinde tutarl\u0131 politikalara ihtiyac\u0131n\u0131z var.\u00a0Eri\u015fim kontrol\u00fc \u00e7\u00f6z\u00fcm\u00fcm\u00fcz, basit, esnek ve kullan\u0131m\u0131 kolay bir kontrol paneli arac\u0131l\u0131\u011f\u0131yla kablolu ve kablosuz a\u011flar\u0131n\u0131zdaki t\u00fcm u\u00e7 noktalar \u00fczerinde merkezi, derinlemesine g\u00f6r\u00fcn\u00fcrl\u00fck ve kontrol sa\u011flar.<\/p>\n<p>ExtremeControl, BYOD ve IoT&#8217;nin a\u011f\u0131n\u0131z\u0131 d\u0131\u015f tehditlere kar\u015f\u0131 g\u00fcvenli bir \u015fekilde korumas\u0131n\u0131 sa\u011flar.\u00a0Uyumluluk y\u00fck\u00fcml\u00fcl\u00fcklerini yerine getirebilmeniz, hedeflenen politikalar\u0131 tespit edebilmeniz, do\u011frulayabilmeniz ve kullan\u0131c\u0131lara ve cihazlara uygulayabilmeniz i\u00e7in ayr\u0131nt\u0131l\u0131 politikalar\u0131 merkezi olarak y\u00f6netmenize ve tan\u0131mlaman\u0131za olanak tan\u0131r.<\/p>\n<div class=\"container-fluid\">\n<p><img decoding=\"async\" class=\"center-block img-responsive\" src=\"https:\/\/www.netsolutionstore.com\/images\/Applications\/ExtremeControl\/overview-1.PNG\" alt=\"Genel Bak\u0131\u015f\" \/>Kimli\u011fe duyarl\u0131 \u00e7\u00f6z\u00fcm\u00fcm\u00fcz, herhangi bir BT m\u00fcdahalesine gerek kalmadan misafir hesaplar\u0131n\u0131n son kullanma tarihini, hesap ge\u00e7erlili\u011fini ve zaman kontrol\u00fcn\u00fc otomatik olarak y\u00f6netir.\u00a0Kapsaml\u0131 \u00f6zelle\u015ftirme, markalama ve sponsor bazl\u0131 onaylarla misafirleri ve BYOD cihazlar\u0131n\u0131 g\u00fcvenli ve kolay bir \u015fekilde u\u00e7a\u011fa al\u0131n.\u00a0\u00c7e\u015fitli dahili ve harici profil olu\u015fturma tekniklerini kullanan yerle\u015fik cihaz profili olu\u015fturma, yaln\u0131zca ilkelerinize uygun cihazlar\u0131n a\u011f\u0131n\u0131za eri\u015febilmesini sa\u011flar.\u00a0Kullan\u0131c\u0131lar misafir kayd\u0131n\u0131 tamamlamak i\u00e7in Yahoo veya Salesforce hesaplar\u0131na giri\u015f yapabilirler.<\/p>\n<\/div>\n<hr \/>\n<div class=\"container-fluid\">\n<h3>A\u011f\u0131n\u0131z\u0131 Ayr\u0131nt\u0131l\u0131 Politika Kontrol\u00fc ve Derinlemesine G\u00f6r\u00fcn\u00fcrl\u00fckle G\u00fcvenceye Al\u0131n<\/h3>\n<p><img decoding=\"async\" class=\"center-block img-responsive\" src=\"https:\/\/www.netsolutionstore.com\/images\/Applications\/ExtremeControl\/overview-2.PNG\" alt=\"Genel Bak\u0131\u015f 2\" \/><br \/>\nExremeControl, a\u011fda u\u00e7 noktalara kim, ne, ne zaman, nerede ve nas\u0131l izin verildi\u011fine ili\u015fkin ayr\u0131nt\u0131l\u0131 kontroller uygulaman\u0131za olanak tan\u0131r.\u00a0Cihazlar\u0131n g\u00fcvenlik durumuna dayal\u0131 ger\u00e7ek zamanl\u0131 politikalar sunarak g\u00fcvenli BYOD&#8217;yi, konuk eri\u015fimini ve IoT&#8217;yi etkinle\u015ftirebilirsiniz.\u00a0ExtremeControl, her \u015feyi kapsayan bir ba\u011flamsal kimlik olu\u015fturmak i\u00e7in u\u00e7 noktalar\u0131 kullan\u0131c\u0131, zaman, konum, g\u00fcvenlik a\u00e7\u0131\u011f\u0131 veya eri\u015fim t\u00fcr\u00fc gibi niteliklerle e\u015fle\u015ftirir.\u00a0Rol tabanl\u0131 kimlikler, a\u011fa nereden ve nas\u0131l ba\u011flan\u0131rsa ba\u011flans\u0131n kullan\u0131c\u0131y\u0131 takip eder.\u00a0Y\u00fcksek d\u00fczeyde g\u00fcvenli eri\u015fim politikalar\u0131n\u0131 uygulamak i\u00e7in kullan\u0131labilirler.<\/p>\n<p>Ayr\u0131nt\u0131l\u0131 politikalar belirlemek ve bunlar\u0131 a\u011f\u0131n\u0131z genelinde otomatik olarak \u00f6l\u00e7eklendirmek, i\u00e7 politikalara ve d\u0131\u015f d\u00fczenlemelere uymay\u0131 m\u00fcmk\u00fcn k\u0131lar.\u00a0Tek t\u0131klamayla QoS, bant geni\u015fli\u011fi ve di\u011fer parametreler i\u00e7in ba\u011flam odakl\u0131 politikalar\u0131 cihazlar aras\u0131nda uygulayabilir ve bunlar\u0131 i\u015f gereksinimlerinize g\u00f6re hizalayabilirsiniz.\u00a0T\u00fcm ba\u011fl\u0131 kullan\u0131c\u0131lar\u0131n ve cihazlar\u0131n ger\u00e7ek zamanl\u0131 durum tablosuyla t\u00fcm kullan\u0131c\u0131 taraf\u0131ndan ge\u00e7erli kimlik do\u011frulamalar\u0131n\u0131n ve hatalar\u0131n\u0131n geli\u015fmi\u015f raporlamas\u0131, sizi olas\u0131 sorunlara kar\u015f\u0131 uyar\u0131r.<\/p>\n<\/div>\n<hr \/>\n<\/div>\n<\/div>\n<\/div>\n<\/div>\n<\/div>\n<\/div>\n\n\t\t<\/div>\n\t<\/div>\n<\/div><\/div><div class=\"vc_tta-panel\" id=\"1692870288907-71ca261f-ad7d\" data-vc-content=\".vc_tta-panel-body\"><div class=\"vc_tta-panel-heading\"><h4 class=\"vc_tta-panel-title\"><a href=\"#1692870288907-71ca261f-ad7d\" data-vc-accordion data-vc-container=\".vc_tta-container\"><span class=\"vc_tta-title-text\">Genel \u00d6zellikler<\/span><\/a><\/h4><\/div><div class=\"vc_tta-panel-body\">\n\t<div class=\"wpb_text_column wpb_content_element\" >\n\t\t<div class=\"wpb_wrapper\">\n\t\t\t<div class=\"col-sm-4\">\n<div class=\"well\">\n<div class=\"container-fluid\">\n<div class=\"text-center\">\n<div class=\"container-fluid\">\n<div class=\"text-center\">\n<div class=\"tab-content\">\n<div id=\"features\" class=\"tab-pane active\" role=\"tabpanel\">\n<div class=\"tab-content\">\n<div id=\"features\" class=\"tab-pane active\" role=\"tabpanel\">\n<h2>\u00d6zellikler:<\/h2>\n<div class=\"text-center\">\n<h2>\u0130ste\u011fe Ba\u011fl\u0131 A\u011f G\u00f6r\u00fcn\u00fcrl\u00fc\u011f\u00fc<\/h2>\n<\/div>\n<div class=\"container-fluid\">\n<div class=\"col-sm-4\">\n<p><img loading=\"lazy\" decoding=\"async\" class=\"center-block img-responsive\" src=\"https:\/\/www.netsolutionstore.com\/images\/details\/iot-tech.svg\" alt=\"Nesnelerin \u0130nterneti\" width=\"207\" height=\"182\" \/><\/p>\n<h4>G\u00fcvenli Misafirleri ve IoT Eri\u015fimini Etkinle\u015ftirin<\/h4>\n<p>BT personeli olmayanlar i\u00e7in \u00f6nceden tan\u0131mlanm\u0131\u015f \u015fablonlar sayesinde konuklar\u0131n ve IoT cihazlar\u0131n\u0131n kat\u0131l\u0131m\u0131n\u0131 \u00f6zelle\u015ftirmek kolay ve g\u00fcvenlidir<\/p>\n<\/div>\n<div class=\"col-sm-4\">\n<p><img loading=\"lazy\" decoding=\"async\" class=\"center-block img-responsive\" src=\"https:\/\/www.netsolutionstore.com\/images\/details\/network-assurance.svg\" alt=\"Tutarl\u0131 Politikalar\" width=\"169\" height=\"178\" \/><\/p>\n<h4>A\u011f Genelinde Tutarl\u0131 Politikalar Sa\u011flay\u0131n<\/h4>\n<p>A\u011f\u0131n tamam\u0131nda tutarl\u0131 politika yay\u0131l\u0131m\u0131n\u0131 m\u00fcmk\u00fcn k\u0131lar<\/p>\n<\/div>\n<div class=\"col-sm-4\">\n<p><img loading=\"lazy\" decoding=\"async\" class=\"center-block img-responsive\" src=\"https:\/\/www.netsolutionstore.com\/images\/details\/security-locked-icon-PP.svg\" alt=\"G\u00fcvenlik\" width=\"183\" height=\"235\" \/><\/p>\n<h4>G\u00fcvenlik A\u00e7\u0131klar\u0131n\u0131 Azalt\u0131n<\/h4>\n<p>Arac\u0131 tabanl\u0131 ve arac\u0131s\u0131z de\u011ferlendirme se\u00e7ene\u011fiyle g\u00fcvenli\u011fi art\u0131r\u0131r<\/p>\n<\/div>\n<\/div>\n<hr \/>\n<div class=\"container-fluid\">\n<div class=\"col-sm-4\">\n<h3>Geli\u015fmi\u015f Raporlama ve Uyar\u0131 ile A\u011f\u0131n\u0131zda G\u00f6r\u00fcn\u00fcrl\u00fck Elde Edin<\/h3>\n<p>ExtremeControl a\u011f\u0131n\u0131zdaki sorunlar\u0131 izlemeyi kolayla\u015ft\u0131r\u0131yor mu?\u00a0hepsi okunmas\u0131 kolay tek bir kontrol panelinde.\u00a0Size kimlik do\u011frulama, konuk eri\u015fimi, kat\u0131l\u0131m, cihaz profilleri ve kimlik do\u011frulaman\u0131n yan\u0131 s\u0131ra son sistem sa\u011fl\u0131\u011f\u0131 hakk\u0131nda geli\u015fmi\u015f, \u00f6zelle\u015ftirilebilir raporlar ve uyar\u0131lar g\u00f6nderir.<\/p>\n<\/div>\n<div class=\"col-sm-4\">\n<h3>Son Sistem Duru\u015f De\u011ferlendirmesi ile G\u00fcvenlik A\u00e7\u0131klar\u0131n\u0131 Azalt\u0131n<\/h3>\n<p>ExtremeControl hem arac\u0131 tabanl\u0131 hem de arac\u0131s\u0131z de\u011ferlendirme se\u00e7ene\u011fi sunar.\u00a0\u0130stemci u\u00e7 sistemine kal\u0131c\u0131 veya \u00e7\u00f6z\u00fclebilir bir arac\u0131 y\u00fckleyebiliriz veya arac\u0131, sabit bir portal web sitesi arac\u0131l\u0131\u011f\u0131yla indirilebilir.\u00a0Ayr\u0131ca Grup \u0130lkesi veya System Center Configuration Manager gibi bir yaz\u0131l\u0131m da\u011f\u0131t\u0131m sistemi arac\u0131l\u0131\u011f\u0131yla da kurulabilir.\u00a0Arac\u0131s\u0131z de\u011ferlendirme, son sistemde herhangi bir yaz\u0131l\u0131m\u0131n kurulmas\u0131n\u0131 veya \u00e7al\u0131\u015ft\u0131r\u0131lmas\u0131n\u0131 gerektirmez.<\/p>\n<\/div>\n<div class=\"col-sm-4\">\n<h3>Yeni Nesil G\u00fcvenlik Duvarlar\u0131yla G\u00fcvenlik Entegrasyonlar\u0131n\u0131 Geni\u015fletin<\/h3>\n<p>ExtremeControl&#8217;\u00fcm\u00fcz, a\u011f g\u00fcvenli\u011fini ve tehdit yan\u0131t\u0131n\u0131 geni\u015fletmek i\u00e7in ortak ekosistemimizle entegredir.\u00a0Yeni nesil g\u00fcvenlik duvar\u0131 \u00e7\u00f6z\u00fcmlerinden gelen uyar\u0131lara dayanarak u\u00e7 nokta izolasyonunu ve iyile\u015ftirmeyi d\u00fczenliyoruz.\u00a0\u00c7evre g\u00fcvenlik duvarlar\u0131nda g\u00fc\u00e7l\u00fc politika uygulamas\u0131 i\u00e7in kullan\u0131c\u0131lar, IP adresi ve konum gibi ba\u011flamsal bilgileri payla\u015f\u0131yoruz.\u00a0ID-IP haritalamas\u0131na dayal\u0131 politikalar kullan\u0131c\u0131lar\u0131 takip eder.<\/p>\n<\/div>\n<\/div>\n<\/div>\n<\/div>\n<\/div>\n<\/div>\n<\/div>\n<\/div>\n<\/div>\n<\/div>\n<\/div>\n<\/div>\n\n\t\t<\/div>\n\t<\/div>\n<\/div><\/div><div class=\"vc_tta-panel\" id=\"1694084725537-b6cbf560-4d59\" data-vc-content=\".vc_tta-panel-body\"><div class=\"vc_tta-panel-heading\"><h4 class=\"vc_tta-panel-title\"><a href=\"#1694084725537-b6cbf560-4d59\" data-vc-accordion data-vc-container=\".vc_tta-container\"><span class=\"vc_tta-title-text\">Teknik \u00d6zellikler<\/span><\/a><\/h4><\/div><div class=\"vc_tta-panel-body\">\n\t<div class=\"wpb_text_column wpb_content_element\" >\n\t\t<div class=\"wpb_wrapper\">\n\t\t\t<div class=\"tab-content\">\n<div class=\"tab-content\">\n<div id=\"specs\" class=\"tab-pane active\" role=\"tabpanel\">\n<table class=\"table table-responsive table-bordered\">\n<tbody>\n<tr>\n<th>\u00dcr\u00fcn Par\u00e7a Numaras\u0131<\/th>\n<th>IA-A-25 (87100 )<\/th>\n<th>IA-A-305 (87101)<\/th>\n<\/tr>\n<tr>\n<td><strong>Cihaz \u00d6zellikleri<\/strong><\/td>\n<\/tr>\n<tr>\n<td>Depolamak<\/td>\n<td>150 GB Kurumsal SSD<\/td>\n<td>GB Kurumsal SSD<\/td>\n<\/tr>\n<tr>\n<td>A\u011f olu\u015fturma<\/td>\n<td>2 x 1GbE<\/td>\n<td>2 x 1GbE<\/td>\n<\/tr>\n<tr>\n<td><strong>Cihaz Tart\u0131 Numaras\u0131<\/strong><\/td>\n<\/tr>\n<tr>\n<td>Eri\u015fim Kontrol\u00fc Son Sistemleri<\/td>\n<td>12.000&#8217;e kadar<\/td>\n<td>24.000&#8217;e kadar<\/td>\n<\/tr>\n<tr>\n<td><strong>G\u00fc\u00e7 \u00d6zellikleri<\/strong><\/td>\n<\/tr>\n<tr>\n<td>Yedekli g\u00fc\u00e7 kayna\u011f\u0131<\/td>\n<td>750 W 80 + Platinum \u00c7al\u0131\u015f\u0131rken Tak\u0131labilir<\/td>\n<td>750 W 80 + Platinum \u00c7al\u0131\u015f\u0131rken Tak\u0131labilir<\/td>\n<\/tr>\n<tr>\n<td>AC Giri\u015f Gerilimi<\/td>\n<td>90 Hz &#8211; 132V ve 180V &#8211; 264V<\/td>\n<td>90 Hz &#8211; 132V ve 180V &#8211; 264V<\/td>\n<\/tr>\n<tr>\n<td>AC Giri\u015f Frekans\u0131<\/td>\n<td>47Hz &#8211; 63Hz<\/td>\n<td>47Hz &#8211; 63Hz<\/td>\n<\/tr>\n<tr>\n<td><strong>Fiziksel<\/strong><\/td>\n<\/tr>\n<tr>\n<td>Rafa Montaj\/ Boyutlar<\/td>\n<td>1U Raf\/ 16,93&#8243; x 27,95&#8243; x 1,72&#8243;<\/td>\n<td>1U Raf\/ 16,93&#8243; x 27,95&#8243; x 1,72&#8243;<\/td>\n<\/tr>\n<tr>\n<td>A\u011f\u0131rl\u0131k<\/td>\n<td>29 lb. (13,15 kg) Maks.<\/td>\n<td>29 lb. (13,15 kg) Maks.<\/td>\n<\/tr>\n<tr>\n<td><strong>\u00e7evresel \u00f6zellikler<\/strong><\/td>\n<\/tr>\n<tr>\n<td>\u0130\u015fletme<\/td>\n<td>ASHRAE S\u0131n\u0131f A2 &#8211; S\u00fcrekli \u00c7al\u0131\u015fma.\u00a0Maksimum de\u011fi\u015fim oran\u0131 saatte 10 \u00b0C&#8217;yi ge\u00e7meyecek \u015fekilde 10 \u00ba C ila 35 \u00ba C (50 \u00ba F ila 95 \u00ba F)<\/p>\n<p>ASHRAE S\u0131n\u0131f A3 &#8211; Y\u0131lda 90 0 saate kadar 40 C&#8217;ye kadar \u00e7al\u0131\u015fmay\u0131 i\u00e7erir.<\/p>\n<p>ASHRAE S\u0131n\u0131f A4 &#8211; Y\u0131lda 90 saate kadar 45\u00b0C&#8217;ye kadar \u00e7al\u0131\u015fmay\u0131 i\u00e7erir.<\/td>\n<td>ASHRAE S\u0131n\u0131f A2 &#8211; S\u00fcrekli \u00c7al\u0131\u015fma.\u00a0Maksimum de\u011fi\u015fim oran\u0131 saatte 10 \u00b0C&#8217;yi ge\u00e7meyecek \u015fekilde 10 \u00ba C ila 35 \u00ba C (50 \u00ba F ila 95 \u00ba F)<\/p>\n<p>ASHRAE S\u0131n\u0131f A3 &#8211; Y\u0131lda 90 0 saate kadar 40 C&#8217;ye kadar \u00e7al\u0131\u015fmay\u0131 i\u00e7erir.<\/p>\n<p>ASHRAE S\u0131n\u0131f A4 &#8211; Y\u0131lda 90 saate kadar 45\u00b0C&#8217;ye kadar \u00e7al\u0131\u015fmay\u0131 i\u00e7erir<\/td>\n<\/tr>\n<tr>\n<td>Nakliye<\/td>\n<td>-40\u00b0C ila 70\u00b0C (-40\u00b0F ila 158\u00b0F)<\/td>\n<td>-40\u00b0C ila 70\u00b0C (-40\u00b0F ila 158\u00b0F)<\/td>\n<\/tr>\n<tr>\n<td>Nem (Nakliye)<\/td>\n<td>%50 ila %90, yo\u011fu\u015fmas\u0131z, maksimum 28\u00b0C \u0131slak termometre ile (25\u00b0C ila 35\u00b0C aras\u0131ndaki s\u0131cakl\u0131klarda)<\/td>\n<td>%50 ila %90, yo\u011fu\u015fmas\u0131z, maksimum 28\u00b0C \u0131slak termometre ile (25\u00b0C ila 35\u00b0C aras\u0131ndaki s\u0131cakl\u0131klarda)<\/td>\n<\/tr>\n<tr>\n<td>Titre\u015fim (Ambalajs\u0131z)<\/td>\n<td>5 Hz ila 50 0 Hz 2,20 g RMS rastgele<\/td>\n<td>5 Hz ila 50 0 Hz 2,20 g RMS rastgele<\/td>\n<\/tr>\n<\/tbody>\n<\/table>\n<\/div>\n<\/div>\n<\/div>\n\n\t\t<\/div>\n\t<\/div>\n<\/div><\/div><div class=\"vc_tta-panel\" id=\"1692870355708-af0c3d79-86cf\" data-vc-content=\".vc_tta-panel-body\"><div class=\"vc_tta-panel-heading\"><h4 class=\"vc_tta-panel-title\"><a href=\"#1692870355708-af0c3d79-86cf\" data-vc-accordion data-vc-container=\".vc_tta-container\"><span class=\"vc_tta-title-text\">D\u00f6k\u00fcmanlar<\/span><\/a><\/h4><\/div><div class=\"vc_tta-panel-body\">\n\t<div class=\"wpb_text_column wpb_content_element\" >\n\t\t<div class=\"wpb_wrapper\">\n\t\t\t<h5><a href=\"http:\/\/www.westech.com.tr\/wp-content\/uploads\/2023\/09\/extremecontrol-data-sheet.pdf\">extremecontrol-data-sheet<\/a><\/h5>\n\n\t\t<\/div>\n\t<\/div>\n<\/div><\/div><\/div><\/div><\/div><\/div><\/div><\/div><\/div><\/div><\/div>\n<\/section>","protected":false},"excerpt":{"rendered":"Security &amp; Access Control A\u011f genelinde ara\u00e7lar\u0131n optimizasyonunu merkezile\u015ftirin. \u00d6l\u00e7eklenebilir, \u00c7evik A\u011f G\u00f6r\u00fcn\u00fcrl\u00fc\u011f\u00fc i\u00e7in Yaz\u0131l\u0131m Odakl\u0131 Oturum Zekas\u0131n\u0131 Kontrol Ediyor Tek par\u00e7a cam Ba\u011flam tabanl\u0131 kontrol Basit, g\u00fcvenli kat\u0131l\u0131m Teklif Al\u00dcr\u00fcn A\u00e7\u0131klamas\u0131Genel \u00d6zelliklerTeknik \u00d6zelliklerD\u00f6k\u00fcmanlar\u00dcr\u00fcn A\u00e7\u0131klamas\u0131 U\u00e7 nokta g\u00fcvenli\u011fiyle a\u011f\u0131n\u0131z\u0131n ucunu g\u00fcvende tutun \u00c7o\u011fu veri ihlalinin u\u00e7 noktalarda ba\u015flamas\u0131 nedeniyle, kullan\u0131c\u0131lar ve IoT cihazlar\u0131 \u00fczerinde ayr\u0131nt\u0131l\u0131 [...]","protected":false},"author":1,"featured_media":0,"parent":0,"menu_order":0,"comment_status":"closed","ping_status":"closed","template":"tmpl\/template-fullwidth.php","meta":{"om_disable_all_campaigns":false,"_monsterinsights_skip_tracking":false,"_monsterinsights_sitenote_active":false,"_monsterinsights_sitenote_note":"","_monsterinsights_sitenote_category":0,"footnotes":""},"class_list":["post-3337","page","type-page","status-publish","hentry"],"acf":[],"aioseo_notices":[],"_links":{"self":[{"href":"http:\/\/www.westech.com.tr\/en\/wp-json\/wp\/v2\/pages\/3337"}],"collection":[{"href":"http:\/\/www.westech.com.tr\/en\/wp-json\/wp\/v2\/pages"}],"about":[{"href":"http:\/\/www.westech.com.tr\/en\/wp-json\/wp\/v2\/types\/page"}],"author":[{"embeddable":true,"href":"http:\/\/www.westech.com.tr\/en\/wp-json\/wp\/v2\/users\/1"}],"replies":[{"embeddable":true,"href":"http:\/\/www.westech.com.tr\/en\/wp-json\/wp\/v2\/comments?post=3337"}],"version-history":[{"count":3,"href":"http:\/\/www.westech.com.tr\/en\/wp-json\/wp\/v2\/pages\/3337\/revisions"}],"predecessor-version":[{"id":3342,"href":"http:\/\/www.westech.com.tr\/en\/wp-json\/wp\/v2\/pages\/3337\/revisions\/3342"}],"wp:attachment":[{"href":"http:\/\/www.westech.com.tr\/en\/wp-json\/wp\/v2\/media?parent=3337"}],"curies":[{"name":"wp","href":"https:\/\/api.w.org\/{rel}","templated":true}]}}