{"id":3491,"date":"2023-09-13T14:47:34","date_gmt":"2023-09-13T11:47:34","guid":{"rendered":"http:\/\/www.westech.com.tr\/?page_id=3491"},"modified":"2023-10-16T12:54:36","modified_gmt":"2023-10-16T09:54:36","slug":"sts-eaton-3p-630a-eaton-93-statik-transfer-switch-630a-3-kutuplu","status":"publish","type":"page","link":"http:\/\/www.westech.com.tr\/en\/sts-eaton-3p-630a-eaton-93-statik-transfer-switch-630a-3-kutuplu\/","title":{"rendered":"STS-EATON-3P-630A EATON 93 Statik Transfer Switch 630A, 3 KUTUPLU"},"content":{"rendered":"<section class=\"wpb-content-wrapper\"><div style=\"\" class=\"vc_row wpb_row vc_row-fluid\"><div class=\"row-inner\"><div class=\"wpb_column vc_column_container vc_col-sm-6\"><div class=\"vc_column-inner\"><div class=\"wpb_wrapper\"><div class=\"vc_empty_space\"   style=\"height: 32px\"><span class=\"vc_empty_space_inner\"><\/span><\/div><div class=\"wpb_gallery wpb_content_element vc_clearfix\" ><div class=\"wpb_wrapper\"><div class=\"wpb_gallery_slides wpb_flexslider flexslider_fade flexslider\" data-interval=\"3\" data-flex_fx=\"fade\"><ul class=\"slides\"><li><a href=\"https:\/\/www.westech.com.tr\/wp-content\/uploads\/2023\/09\/STS-EATON-3P-1000A-EATON-93-2.jpg\" target=\"_self\"><img loading=\"lazy\" decoding=\"async\" width=\"300\" height=\"300\" src=\"https:\/\/www.westech.com.tr\/wp-content\/uploads\/2023\/09\/STS-EATON-3P-1000A-EATON-93-2-300x300.jpg\" class=\"attachment-medium\" alt=\"\" title=\"STS-EATON-3P-1000A EATON 93 2\" srcset=\"https:\/\/www.westech.com.tr\/wp-content\/uploads\/2023\/09\/STS-EATON-3P-1000A-EATON-93-2-300x300.jpg 300w, https:\/\/www.westech.com.tr\/wp-content\/uploads\/2023\/09\/STS-EATON-3P-1000A-EATON-93-2-150x150.jpg 150w, https:\/\/www.westech.com.tr\/wp-content\/uploads\/2023\/09\/STS-EATON-3P-1000A-EATON-93-2-768x768.jpg 768w, https:\/\/www.westech.com.tr\/wp-content\/uploads\/2023\/09\/STS-EATON-3P-1000A-EATON-93-2.jpg 1000w\" sizes=\"(max-width: 300px) 100vw, 300px\" \/><\/a><\/li><li><a href=\"https:\/\/www.westech.com.tr\/wp-content\/uploads\/2023\/09\/STS-EATON-3P-1000A-EATON-93-1.jpg\" target=\"_self\"><img loading=\"lazy\" decoding=\"async\" width=\"300\" height=\"300\" src=\"https:\/\/www.westech.com.tr\/wp-content\/uploads\/2023\/09\/STS-EATON-3P-1000A-EATON-93-1-300x300.jpg\" class=\"attachment-medium\" alt=\"\" title=\"STS-EATON-3P-1000A EATON 93 1\" srcset=\"https:\/\/www.westech.com.tr\/wp-content\/uploads\/2023\/09\/STS-EATON-3P-1000A-EATON-93-1-300x300.jpg 300w, https:\/\/www.westech.com.tr\/wp-content\/uploads\/2023\/09\/STS-EATON-3P-1000A-EATON-93-1-150x150.jpg 150w, https:\/\/www.westech.com.tr\/wp-content\/uploads\/2023\/09\/STS-EATON-3P-1000A-EATON-93-1-768x768.jpg 768w, https:\/\/www.westech.com.tr\/wp-content\/uploads\/2023\/09\/STS-EATON-3P-1000A-EATON-93-1.jpg 1000w\" sizes=\"(max-width: 300px) 100vw, 300px\" \/><\/a><\/li><\/ul><\/div><\/div><\/div><\/div><\/div><\/div><div class=\"wpb_column vc_column_container vc_col-sm-6\"><div class=\"vc_column-inner\"><div class=\"wpb_wrapper\">\n\t<div class=\"wpb_text_column wpb_content_element\" >\n\t\t<div class=\"wpb_wrapper\">\n\t\t\t<h1>STS-EATON-3P-630A EATON 93 Statik Transfer Switch 630A, 3 KUTUPLU<\/h1>\n\n\t\t<\/div>\n\t<\/div>\n\n\t<div class=\"wpb_text_column wpb_content_element\" >\n\t\t<div class=\"wpb_wrapper\">\n\t\t\t<h4>\u00dcr\u00fcn kodu:P-105000030-007<\/h4>\n\n\t\t<\/div>\n\t<\/div>\n<div class=\"vc_empty_space\"   style=\"height: 32px\"><span class=\"vc_empty_space_inner\"><\/span><\/div><div class=\"vc_btn3-container vc_btn3-inline\" ><button class=\"vc_general vc_btn3 vc_btn3-size-md vc_btn3-shape-rounded vc_btn3-style-modern vc_btn3-color-danger\">Teklif Al<\/button><\/div><\/div><\/div><\/div><\/div><\/div><div style=\"\" class=\"vc_row wpb_row vc_row-fluid\"><div class=\"row-inner\"><div class=\"wpb_column vc_column_container vc_col-sm-3\"><div class=\"vc_column-inner\"><div class=\"wpb_wrapper\"><div class=\"vc_empty_space\"   style=\"height: 32px\"><span class=\"vc_empty_space_inner\"><\/span><\/div><\/div><\/div><\/div><div class=\"wpb_column vc_column_container vc_col-sm-3\"><div class=\"vc_column-inner\"><div class=\"wpb_wrapper\"><div class=\"vc_empty_space\"   style=\"height: 32px\"><span class=\"vc_empty_space_inner\"><\/span><\/div><\/div><\/div><\/div><div class=\"wpb_column vc_column_container vc_col-sm-3\"><div class=\"vc_column-inner\"><div class=\"wpb_wrapper\"><div class=\"vc_empty_space\"   style=\"height: 32px\"><span class=\"vc_empty_space_inner\"><\/span><\/div><\/div><\/div><\/div><div class=\"wpb_column vc_column_container vc_col-sm-3\"><div class=\"vc_column-inner\"><div class=\"wpb_wrapper\"><div class=\"vc_empty_space\"   style=\"height: 32px\"><span class=\"vc_empty_space_inner\"><\/span><\/div><\/div><\/div><\/div><\/div><\/div><div style=\"\" class=\"vc_row wpb_row vc_row-fluid\"><div class=\"row-inner\"><div class=\"wpb_column vc_column_container vc_col-sm-12\"><div class=\"vc_column-inner\"><div class=\"wpb_wrapper\"><div class=\"vc_tta-container\" data-vc-action=\"collapse\"><div class=\"vc_general vc_tta vc_tta-tabs vc_tta-color-grey vc_tta-style-classic vc_tta-shape-rounded vc_tta-spacing-1 vc_tta-tabs-position-top vc_tta-controls-align-left\"><div class=\"vc_tta-tabs-container\"><ul class=\"vc_tta-tabs-list\"><li class=\"vc_tta-tab vc_active\" data-vc-tab><a href=\"#1692870200808-29f2690b-4a23\" data-vc-tabs data-vc-container=\".vc_tta\"><span class=\"vc_tta-title-text\">\u00dcr\u00fcn A\u00e7\u0131klamas\u0131<\/span><\/a><\/li><li class=\"vc_tta-tab\" data-vc-tab><a href=\"#1692870200815-03c1f86e-ffba\" data-vc-tabs data-vc-container=\".vc_tta\"><span class=\"vc_tta-title-text\">Teknik \u00d6zellikler<\/span><\/a><\/li><li class=\"vc_tta-tab\" data-vc-tab><a href=\"#1692870355708-af0c3d79-86cf\" data-vc-tabs data-vc-container=\".vc_tta\"><span class=\"vc_tta-title-text\">D\u00f6k\u00fcmanlar<\/span><\/a><\/li><\/ul><\/div><div class=\"vc_tta-panels-container\"><div class=\"vc_tta-panels\"><div class=\"vc_tta-panel vc_active\" id=\"1692870200808-29f2690b-4a23\" data-vc-content=\".vc_tta-panel-body\"><div class=\"vc_tta-panel-heading\"><h4 class=\"vc_tta-panel-title\"><a href=\"#1692870200808-29f2690b-4a23\" data-vc-accordion data-vc-container=\".vc_tta-container\"><span class=\"vc_tta-title-text\">\u00dcr\u00fcn A\u00e7\u0131klamas\u0131<\/span><\/a><\/h4><\/div><div class=\"vc_tta-panel-body\">\n\t<div class=\"wpb_text_column wpb_content_element\" >\n\t\t<div class=\"wpb_wrapper\">\n\t\t\t<div class=\"property_single\">\n<div class=\"property_single\">\n<div class=\"property_single\">\n<div class=\"property_single\">\n<div class=\"property_single\">\n<div class=\"property_title\">\n<h1>Eaton 93 STS 630A<\/h1>\n<h2>\u00dcretici Kodu : P-105000030-007<\/h2>\n<h4>Kusursuz Enerji Ge\u00e7i\u015fi<\/h4>\n<p>* Kritik AC (\u015eebeke) y\u00fcklerinin bir ba\u015fka g\u00fc\u00e7 kayna\u011f\u0131 ile iki y\u00f6nl\u00fc ge\u00e7i\u015fini otomatik olarak ve kesintiye neden olmaks\u0131z\u0131n yapabilen 3 Faz Statik Transfer cihaz\u0131<\/p>\n<p>* 3 ve 4 kutuplu versiyonlar\u0131 mevcuttur.<\/p>\n<h4>G\u00fcvenilir Performans<\/h4>\n<p>* Her iki enerji kayna\u011f\u0131n\u0131 s\u00fcrekli g\u00f6zetleme yetene\u011fi ile kaynaklar\u0131 birbirine kar\u0131\u015ft\u0131rmadan otomatik ve an\u0131nda enerji ge\u00e7i\u015fi sa\u011flar.<\/p>\n<p>* Tekrar eski duruma d\u00f6n\u00fc\u015f ayn\u0131 \u015fekilde ger\u00e7ekle\u015ftirilir; manuel transfer \u00f6zelli\u011fi gerekli oldu\u011fu durumlarda eklenebilir.<\/p>\n<p>* T\u00fcm sistem kontrol kartlar\u0131 dahili enerji da\u011f\u0131t\u0131m\u0131 ile yedeklidir.<\/p>\n<p>* Ar\u0131za durumlar\u0131nda enerji kesintisine yol a\u00e7madan g\u00fcvenli m\u00fcdahale i\u00e7in ikili manuel bypass eklenmi\u015ftir.<\/p>\n<p>* D\u00fcnya \u00fczerinde kurulu sistemlerimiz Eaton 93 STS\u2019nin pop\u00fcler ve kabul g\u00f6rm\u00fc\u015f cihazlar oldu\u011funun kan\u0131t\u0131d\u0131r.<\/p>\n<h4>\u0130leti\u015fim ve Kolay Y\u00f6netim<\/h4>\n<p>* 93 STS\u2019nin MODBUS protokol\u00fc ile RS232 ve RS485 aray\u00fczleri vard\u0131r. Ayn\u0131 zamanda \u00e7\u0131k\u0131\u015f kuru kontaklar\u0131 mevcuttur.<\/p>\n<p>* Yerle\u015fik HMI ve sistem mimik paneli vard\u0131r. STS\u2019nin yerle\u015fik LED\u2019ler ile desteklenen LCD ekran ve blok diyagram\u0131, cihaz\u0131n \u00e7al\u0131\u015fma durumunu kolayca g\u00f6rebilmenizi sa\u011flar.<\/p>\n<p>* \u00d6l\u00e7\u00fcmleme, alarmlar ve olay ge\u00e7mi\u015fi kay\u0131t \u00f6zellikleri LCD Ekrandan izlenebilir.<\/p>\n<p>* 93STS ba\u011f\u0131ms\u0131z kabinet ile birlikte sunulur.<\/p>\n<p>A\u015fa\u011f\u0131daki kullan\u0131c\u0131lar\u0131n zorlu \u00e7al\u0131\u015fma gerekliliklerine uyumludur:<\/p>\n<p>* Veri Merkezleri<\/p>\n<p>* Internet servis sa\u011flay\u0131c\u0131lar<\/p>\n<p>* End\u00fcstriyel Tesisler<\/p>\n<p>* Hizmet Tesisleri<\/p>\n<p>* Telekom<\/p>\n<p>* Devlet Kurumlar\u0131<\/p>\n<p>* Finansal Servisler<\/p>\n<\/div>\n<\/div>\n<\/div>\n<\/div>\n<\/div>\n<\/div>\n\n\t\t<\/div>\n\t<\/div>\n<\/div><\/div><div class=\"vc_tta-panel\" id=\"1692870200815-03c1f86e-ffba\" data-vc-content=\".vc_tta-panel-body\"><div class=\"vc_tta-panel-heading\"><h4 class=\"vc_tta-panel-title\"><a href=\"#1692870200815-03c1f86e-ffba\" data-vc-accordion data-vc-container=\".vc_tta-container\"><span class=\"vc_tta-title-text\">Teknik \u00d6zellikler<\/span><\/a><\/h4><\/div><div class=\"vc_tta-panel-body\">\n\t<div class=\"wpb_text_column wpb_content_element\" >\n\t\t<div class=\"wpb_wrapper\">\n\t\t\t<table width=\"530\">\n<tbody>\n<tr>\n<td colspan=\"2\" width=\"195\">Net A\u011f\u0131rl\u0131k<\/td>\n<td colspan=\"2\" width=\"335\">\u00a0615 KG.<\/td>\n<\/tr>\n<tr>\n<td colspan=\"2\">Boyutlar (Y x G x D)<\/td>\n<td colspan=\"2\">\u00a01900X1220X860 MM.<\/td>\n<\/tr>\n<tr>\n<td colspan=\"2\">\u00c7al\u0131\u015fma S\u0131cakl\u0131\u011f\u0131<\/td>\n<td colspan=\"2\">\u00a00 \u00b0C &amp; +40 \u00b0C<\/td>\n<\/tr>\n<tr>\n<td colspan=\"2\">\u00c7\u0131k\u0131\u015f Ak\u0131m\u0131<\/td>\n<td colspan=\"2\">\u00a0630A<\/td>\n<\/tr>\n<tr>\n<td colspan=\"2\">G\u00f6sterge (\u00d6n Panel)<\/td>\n<td colspan=\"2\" width=\"335\">\u00a0Grafik LCD G\u00f6sterge (Durum, \u00d6l\u00e7\u00fcm, Alarm, Log) LED<\/td>\n<\/tr>\n<tr>\n<td colspan=\"2\">Garanti<\/td>\n<td colspan=\"2\">\u00a02 YIL<\/td>\n<\/tr>\n<tr>\n<td colspan=\"2\">Giri\u015f Frekans\u0131<\/td>\n<td colspan=\"2\">\u00a050\/60 HZ.<\/td>\n<\/tr>\n<tr>\n<td colspan=\"2\">Giri\u015f Voltaj\u0131<\/td>\n<td colspan=\"2\">\u00a0208\/380\/400\/415\/441\/480 VAC 3 FAZ<\/td>\n<\/tr>\n<tr>\n<td colspan=\"2\">Renk<\/td>\n<td colspan=\"2\">\u00a0SIYAH<\/td>\n<\/tr>\n<tr>\n<td colspan=\"2\">G\u00fcvenlik Sertifikalar\u0131<\/td>\n<td colspan=\"2\">\u00a0CE, EN50178, EN61000-6-4, EN61000-6-2,<\/td>\n<\/tr>\n<tr>\n<td colspan=\"2\">IEC Sertifikalar\u0131<\/td>\n<td colspan=\"2\">\u00a060436-1, 60439-2, 60439-3, 60146-1, 60146-2 ve 3<\/td>\n<\/tr>\n<tr>\n<td colspan=\"2\">G\u00fcr\u00fclt\u00fc Seviyesi (1 Metre)<\/td>\n<td colspan=\"2\">\u00a0&lt;65 DBA<\/td>\n<\/tr>\n<tr>\n<td colspan=\"2\">Transfer S\u00fcresi<\/td>\n<td colspan=\"2\">\u00a0&lt;=4 MS.<\/td>\n<\/tr>\n<tr>\n<td colspan=\"2\">Tam Y\u00fckte Verimlilik<\/td>\n<td colspan=\"2\">\u00a0&gt;=99%<\/td>\n<\/tr>\n<\/tbody>\n<\/table>\n\n\t\t<\/div>\n\t<\/div>\n<\/div><\/div><div class=\"vc_tta-panel\" id=\"1692870355708-af0c3d79-86cf\" data-vc-content=\".vc_tta-panel-body\"><div class=\"vc_tta-panel-heading\"><h4 class=\"vc_tta-panel-title\"><a href=\"#1692870355708-af0c3d79-86cf\" data-vc-accordion data-vc-container=\".vc_tta-container\"><span class=\"vc_tta-title-text\">D\u00f6k\u00fcmanlar<\/span><\/a><\/h4><\/div><div class=\"vc_tta-panel-body\">\n\t<div class=\"wpb_text_column wpb_content_element\" >\n\t\t<div class=\"wpb_wrapper\">\n\t\t\t<p><a href=\"http:\/\/www.westech.com.tr\/wp-content\/uploads\/2023\/09\/93STS_Data-Sheet_EN-1.pdf\">93STS_Data-Sheet_EN<\/a><\/p>\n\n\t\t<\/div>\n\t<\/div>\n<\/div><\/div><\/div><\/div><\/div><\/div><\/div><\/div><\/div><\/div><\/div>\n<\/section>","protected":false},"excerpt":{"rendered":"STS-EATON-3P-630A EATON 93 Statik Transfer Switch 630A, 3 KUTUPLU \u00dcr\u00fcn kodu:P-105000030-007 Teklif Al\u00dcr\u00fcn A\u00e7\u0131klamas\u0131Teknik \u00d6zelliklerD\u00f6k\u00fcmanlar\u00dcr\u00fcn A\u00e7\u0131klamas\u0131 Eaton 93 STS 630A \u00dcretici Kodu : P-105000030-007 Kusursuz Enerji Ge\u00e7i\u015fi * Kritik AC (\u015eebeke) y\u00fcklerinin bir ba\u015fka g\u00fc\u00e7 kayna\u011f\u0131 ile iki y\u00f6nl\u00fc ge\u00e7i\u015fini otomatik olarak ve kesintiye neden olmaks\u0131z\u0131n yapabilen 3 Faz Statik Transfer cihaz\u0131 * 3 ve [...]","protected":false},"author":1,"featured_media":0,"parent":0,"menu_order":0,"comment_status":"closed","ping_status":"closed","template":"tmpl\/template-fullwidth.php","meta":{"om_disable_all_campaigns":false,"_monsterinsights_skip_tracking":false,"_monsterinsights_sitenote_active":false,"_monsterinsights_sitenote_note":"","_monsterinsights_sitenote_category":0,"footnotes":""},"class_list":["post-3491","page","type-page","status-publish","hentry"],"acf":[],"aioseo_notices":[],"_links":{"self":[{"href":"http:\/\/www.westech.com.tr\/en\/wp-json\/wp\/v2\/pages\/3491"}],"collection":[{"href":"http:\/\/www.westech.com.tr\/en\/wp-json\/wp\/v2\/pages"}],"about":[{"href":"http:\/\/www.westech.com.tr\/en\/wp-json\/wp\/v2\/types\/page"}],"author":[{"embeddable":true,"href":"http:\/\/www.westech.com.tr\/en\/wp-json\/wp\/v2\/users\/1"}],"replies":[{"embeddable":true,"href":"http:\/\/www.westech.com.tr\/en\/wp-json\/wp\/v2\/comments?post=3491"}],"version-history":[{"count":3,"href":"http:\/\/www.westech.com.tr\/en\/wp-json\/wp\/v2\/pages\/3491\/revisions"}],"predecessor-version":[{"id":5161,"href":"http:\/\/www.westech.com.tr\/en\/wp-json\/wp\/v2\/pages\/3491\/revisions\/5161"}],"wp:attachment":[{"href":"http:\/\/www.westech.com.tr\/en\/wp-json\/wp\/v2\/media?parent=3491"}],"curies":[{"name":"wp","href":"https:\/\/api.w.org\/{rel}","templated":true}]}}