{"id":3753,"date":"2023-09-15T13:36:41","date_gmt":"2023-09-15T10:36:41","guid":{"rendered":"http:\/\/www.westech.com.tr\/?page_id=3753"},"modified":"2023-09-15T13:36:41","modified_gmt":"2023-09-15T10:36:41","slug":"5sc750-120v-eaton-5sc-750va-120volt-line-interactive-tower","status":"publish","type":"page","link":"http:\/\/www.westech.com.tr\/en\/5sc750-120v-eaton-5sc-750va-120volt-line-interactive-tower\/","title":{"rendered":"5SC750-120V Eaton 5SC 750VA 120Volt Line-Interactive, Tower"},"content":{"rendered":"<section class=\"wpb-content-wrapper\"><div style=\"\" class=\"vc_row wpb_row vc_row-fluid\"><div class=\"row-inner\"><div class=\"wpb_column vc_column_container vc_col-sm-6\"><div class=\"vc_column-inner\"><div class=\"wpb_wrapper\"><div class=\"vc_empty_space\"   style=\"height: 32px\"><span class=\"vc_empty_space_inner\"><\/span><\/div><div class=\"wpb_gallery wpb_content_element vc_clearfix\" ><div class=\"wpb_wrapper\"><div class=\"wpb_gallery_slides wpb_flexslider flexslider_fade flexslider\" data-interval=\"3\" data-flex_fx=\"fade\"><ul class=\"slides\"><li><a href=\"https:\/\/www.westech.com.tr\/wp-content\/uploads\/2023\/09\/5SC750-120V-Eaton-5SC-1-1.jpg\" target=\"_self\"><img loading=\"lazy\" decoding=\"async\" width=\"300\" height=\"300\" src=\"https:\/\/www.westech.com.tr\/wp-content\/uploads\/2023\/09\/5SC750-120V-Eaton-5SC-1-1-300x300.jpg\" class=\"attachment-medium\" alt=\"\" title=\"5SC750-120V Eaton 5SC 1\" srcset=\"https:\/\/www.westech.com.tr\/wp-content\/uploads\/2023\/09\/5SC750-120V-Eaton-5SC-1-1-300x300.jpg 300w, https:\/\/www.westech.com.tr\/wp-content\/uploads\/2023\/09\/5SC750-120V-Eaton-5SC-1-1-150x150.jpg 150w, https:\/\/www.westech.com.tr\/wp-content\/uploads\/2023\/09\/5SC750-120V-Eaton-5SC-1-1-768x768.jpg 768w, https:\/\/www.westech.com.tr\/wp-content\/uploads\/2023\/09\/5SC750-120V-Eaton-5SC-1-1.jpg 1000w\" sizes=\"(max-width: 300px) 100vw, 300px\" \/><\/a><\/li><li><a href=\"https:\/\/www.westech.com.tr\/wp-content\/uploads\/2023\/09\/5SC750-120V-Eaton-5SC-2.jpg\" target=\"_self\"><img loading=\"lazy\" decoding=\"async\" width=\"300\" height=\"300\" src=\"https:\/\/www.westech.com.tr\/wp-content\/uploads\/2023\/09\/5SC750-120V-Eaton-5SC-2-300x300.jpg\" class=\"attachment-medium\" alt=\"\" title=\"5SC750-120V Eaton 5SC 2\" srcset=\"https:\/\/www.westech.com.tr\/wp-content\/uploads\/2023\/09\/5SC750-120V-Eaton-5SC-2-300x300.jpg 300w, https:\/\/www.westech.com.tr\/wp-content\/uploads\/2023\/09\/5SC750-120V-Eaton-5SC-2-150x150.jpg 150w, https:\/\/www.westech.com.tr\/wp-content\/uploads\/2023\/09\/5SC750-120V-Eaton-5SC-2-768x768.jpg 768w, https:\/\/www.westech.com.tr\/wp-content\/uploads\/2023\/09\/5SC750-120V-Eaton-5SC-2.jpg 1000w\" sizes=\"(max-width: 300px) 100vw, 300px\" \/><\/a><\/li><li><a href=\"https:\/\/www.westech.com.tr\/wp-content\/uploads\/2023\/09\/5SC750-120V-Eaton-5SC-3.jpg\" target=\"_self\"><img loading=\"lazy\" decoding=\"async\" width=\"300\" height=\"300\" src=\"https:\/\/www.westech.com.tr\/wp-content\/uploads\/2023\/09\/5SC750-120V-Eaton-5SC-3-300x300.jpg\" class=\"attachment-medium\" alt=\"\" title=\"5SC750-120V Eaton 5SC 3\" srcset=\"https:\/\/www.westech.com.tr\/wp-content\/uploads\/2023\/09\/5SC750-120V-Eaton-5SC-3-300x300.jpg 300w, https:\/\/www.westech.com.tr\/wp-content\/uploads\/2023\/09\/5SC750-120V-Eaton-5SC-3-150x150.jpg 150w, https:\/\/www.westech.com.tr\/wp-content\/uploads\/2023\/09\/5SC750-120V-Eaton-5SC-3-768x768.jpg 768w, https:\/\/www.westech.com.tr\/wp-content\/uploads\/2023\/09\/5SC750-120V-Eaton-5SC-3.jpg 1000w\" sizes=\"(max-width: 300px) 100vw, 300px\" \/><\/a><\/li><li><a href=\"https:\/\/www.westech.com.tr\/wp-content\/uploads\/2023\/09\/5SC750-120V-Eaton-5SC-4.jpg\" target=\"_self\"><img loading=\"lazy\" decoding=\"async\" width=\"300\" height=\"300\" src=\"https:\/\/www.westech.com.tr\/wp-content\/uploads\/2023\/09\/5SC750-120V-Eaton-5SC-4-300x300.jpg\" class=\"attachment-medium\" alt=\"\" title=\"5SC750-120V Eaton 5SC 4\" srcset=\"https:\/\/www.westech.com.tr\/wp-content\/uploads\/2023\/09\/5SC750-120V-Eaton-5SC-4-300x300.jpg 300w, https:\/\/www.westech.com.tr\/wp-content\/uploads\/2023\/09\/5SC750-120V-Eaton-5SC-4-150x150.jpg 150w, https:\/\/www.westech.com.tr\/wp-content\/uploads\/2023\/09\/5SC750-120V-Eaton-5SC-4-768x768.jpg 768w, https:\/\/www.westech.com.tr\/wp-content\/uploads\/2023\/09\/5SC750-120V-Eaton-5SC-4.jpg 1000w\" sizes=\"(max-width: 300px) 100vw, 300px\" \/><\/a><\/li><\/ul><\/div><\/div><\/div><\/div><\/div><\/div><div class=\"wpb_column vc_column_container vc_col-sm-6\"><div class=\"vc_column-inner\"><div class=\"wpb_wrapper\">\n\t<div class=\"wpb_text_column wpb_content_element\" >\n\t\t<div class=\"wpb_wrapper\">\n\t\t\t<h1>5SC750-120V Eaton 5SC 750VA 120Volt Line-Interactive, Tower<\/h1>\n\n\t\t<\/div>\n\t<\/div>\n\n\t<div class=\"wpb_text_column wpb_content_element\" >\n\t\t<div class=\"wpb_wrapper\">\n\t\t\t<h4>\u00dcr\u00fcn kodu:<b>5SC750-120V<\/b><\/h4>\n\n\t\t<\/div>\n\t<\/div>\n<div class=\"vc_empty_space\"   style=\"height: 32px\"><span class=\"vc_empty_space_inner\"><\/span><\/div><div class=\"vc_btn3-container vc_btn3-inline\" ><button class=\"vc_general vc_btn3 vc_btn3-size-md vc_btn3-shape-rounded vc_btn3-style-modern vc_btn3-color-danger\">Teklif Al<\/button><\/div><\/div><\/div><\/div><\/div><\/div><div style=\"\" class=\"vc_row wpb_row vc_row-fluid\"><div class=\"row-inner\"><div class=\"wpb_column vc_column_container vc_col-sm-3\"><div class=\"vc_column-inner\"><div class=\"wpb_wrapper\"><div class=\"vc_empty_space\"   style=\"height: 32px\"><span class=\"vc_empty_space_inner\"><\/span><\/div><\/div><\/div><\/div><div class=\"wpb_column vc_column_container vc_col-sm-3\"><div class=\"vc_column-inner\"><div class=\"wpb_wrapper\"><div class=\"vc_empty_space\"   style=\"height: 32px\"><span class=\"vc_empty_space_inner\"><\/span><\/div><\/div><\/div><\/div><div class=\"wpb_column vc_column_container vc_col-sm-3\"><div class=\"vc_column-inner\"><div class=\"wpb_wrapper\"><div class=\"vc_empty_space\"   style=\"height: 32px\"><span class=\"vc_empty_space_inner\"><\/span><\/div><\/div><\/div><\/div><div class=\"wpb_column vc_column_container vc_col-sm-3\"><div class=\"vc_column-inner\"><div class=\"wpb_wrapper\"><div class=\"vc_empty_space\"   style=\"height: 32px\"><span class=\"vc_empty_space_inner\"><\/span><\/div><\/div><\/div><\/div><\/div><\/div><div style=\"\" class=\"vc_row wpb_row vc_row-fluid\"><div class=\"row-inner\"><div class=\"wpb_column vc_column_container vc_col-sm-12\"><div class=\"vc_column-inner\"><div class=\"wpb_wrapper\"><div class=\"vc_tta-container\" data-vc-action=\"collapse\"><div class=\"vc_general vc_tta vc_tta-tabs vc_tta-color-grey vc_tta-style-classic vc_tta-shape-rounded vc_tta-spacing-1 vc_tta-tabs-position-top vc_tta-controls-align-left\"><div class=\"vc_tta-tabs-container\"><ul class=\"vc_tta-tabs-list\"><li class=\"vc_tta-tab vc_active\" data-vc-tab><a href=\"#1692870200808-29f2690b-4a23\" data-vc-tabs data-vc-container=\".vc_tta\"><span class=\"vc_tta-title-text\">\u00dcr\u00fcn A\u00e7\u0131klamas\u0131<\/span><\/a><\/li><li class=\"vc_tta-tab\" data-vc-tab><a href=\"#1692870200815-03c1f86e-ffba\" data-vc-tabs data-vc-container=\".vc_tta\"><span class=\"vc_tta-title-text\">Teknik \u00d6zellikler<\/span><\/a><\/li><li class=\"vc_tta-tab\" data-vc-tab><a href=\"#1692870355708-af0c3d79-86cf\" data-vc-tabs data-vc-container=\".vc_tta\"><span class=\"vc_tta-title-text\">D\u00f6k\u00fcmanlar<\/span><\/a><\/li><\/ul><\/div><div class=\"vc_tta-panels-container\"><div class=\"vc_tta-panels\"><div class=\"vc_tta-panel vc_active\" id=\"1692870200808-29f2690b-4a23\" data-vc-content=\".vc_tta-panel-body\"><div class=\"vc_tta-panel-heading\"><h4 class=\"vc_tta-panel-title\"><a href=\"#1692870200808-29f2690b-4a23\" data-vc-accordion data-vc-container=\".vc_tta-container\"><span class=\"vc_tta-title-text\">\u00dcr\u00fcn A\u00e7\u0131klamas\u0131<\/span><\/a><\/h4><\/div><div class=\"vc_tta-panel-body\">\n\t<div class=\"wpb_text_column wpb_content_element\" >\n\t\t<div class=\"wpb_wrapper\">\n\t\t\t<div class=\"property_single\">\n<div class=\"property_single\">\n<div class=\"property_single\">\n<div class=\"property_single\">\n<div class=\"property_single\">\n<div class=\"property_title\">\n<div class=\"property_single\">\n<div class=\"main\">\n<div class=\"detail\">\n<div class=\"detail_content\">\n<div class=\"detail_tab_content\">\n<div id=\"tab_conn1\" class=\"tab_conn tab_conn_active\">\n<div class=\"property_single\">\n<div class=\"property_single\">\n<div class=\"property_single\">\n<h1>Eaton 5SC UPS<\/h1>\n<p>Eaton 5SC UPS, k\u00fc\u00e7\u00fck i\u015fletme sunucular\u0131 i\u00e7in line-interaktif, hesapl\u0131 ve g\u00fcvenilir koruma sa\u011fl\u0131yor. End\u00fcstri lideri UPS \u00fcr\u00fcn grubumuzu tamamlayan 5SC, ger\u00e7ek zamanl\u0131 durum g\u00f6sterimi ve \u00f6l\u00e7\u00fcmler i\u00e7in bir LCD aray\u00fcze sahiptir ve g\u00fcn\u00fcm\u00fcz\u00fcn en hassas BT ekipmanlar\u0131 ile uyumlu olarak sin\u00fcs dalgas\u0131 \u00e7\u0131k\u0131\u015f\u0131 vard\u0131r.<\/p>\n<h2><em>\u00d6zellikler<\/em><\/h2>\n<p>* \u00d6nemli bilgilerin rahat\u00e7a g\u00f6r\u00fcnt\u00fclendi\u011fi LCD aray\u00fcz<\/p>\n<p>&nbsp;<\/p>\n<p>* G\u00fcn\u00fcm\u00fcz\u00fcn k\u00fc\u00e7\u00fck i\u015fletme sunucular\u0131na uygun sin\u00fcs dalga \u00e7\u0131k\u0131\u015f\u0131<\/p>\n<p>&nbsp;<\/p>\n<p>* Dar mekanlarda (bilet makinalar\u0131, ATMler, kiosklar) kolay entegrasyona olanak sa\u011flayan kompakt tasar\u0131m ve y\u00fcksek esneklik i\u00e7in sekiz adete kadar \u00e7\u0131k\u0131\u015f<\/p>\n<p>&nbsp;<\/p>\n<p>* Patentli ABM teknolojisi ile g\u00fcvenilir ve uzun \u00f6m\u00fcrl\u00fc UPS\u2019lerle %50\u2019ye kadar artan ak\u00fc hizmet \u00f6mr\u00fc<\/p>\n<p>&nbsp;<\/p>\n<p>* B\u00fcy\u00fck i\u015fletim sistemleriyle (Windows\/MacOS\/Linux) otomatik entegrasyon i\u00e7in HID uyumlu Seri ve USB portlar<\/p>\n<p>&nbsp;<\/p>\n<p>* Standart olarak sa\u011flanan Eaton Intelligent Power software\u00ae ile t\u00fcm b\u00fcy\u00fck i\u015fletim sistemleriyle uyumluluk<\/p>\n<\/div>\n<\/div>\n<\/div>\n<\/div>\n<\/div>\n<\/div>\n<\/div>\n<\/div>\n<\/div>\n<\/div>\n<\/div>\n<\/div>\n<\/div>\n<\/div>\n<\/div>\n\n\t\t<\/div>\n\t<\/div>\n<\/div><\/div><div class=\"vc_tta-panel\" id=\"1692870200815-03c1f86e-ffba\" data-vc-content=\".vc_tta-panel-body\"><div class=\"vc_tta-panel-heading\"><h4 class=\"vc_tta-panel-title\"><a href=\"#1692870200815-03c1f86e-ffba\" data-vc-accordion data-vc-container=\".vc_tta-container\"><span class=\"vc_tta-title-text\">Teknik \u00d6zellikler<\/span><\/a><\/h4><\/div><div class=\"vc_tta-panel-body\">\n\t<div class=\"wpb_text_column wpb_content_element\" >\n\t\t<div class=\"wpb_wrapper\">\n\t\t\t<h1>5SC750-120V Teknik \u00d6zellikler<\/h1>\n<table border=\"1\" cellspacing=\"0\" cellpadding=\"5\">\n<tbody>\n<tr>\n<td colspan=\"2\">\n<h2>Genel<\/h2>\n<p>&nbsp;<\/td>\n<\/tr>\n<tr>\n<td>Topoloji<\/p>\n<p>&nbsp;<\/td>\n<td>Line Interactive<\/p>\n<p>&nbsp;<\/td>\n<\/tr>\n<tr>\n<td>Yap\u0131land\u0131rma<\/p>\n<p>&nbsp;<\/td>\n<td>Tower<\/p>\n<p>&nbsp;<\/td>\n<\/tr>\n<tr>\n<td>Par\u00e7a Numaras\u0131<\/p>\n<p>&nbsp;<\/td>\n<td>5SC750-120V<\/p>\n<p>&nbsp;<\/td>\n<\/tr>\n<tr>\n<td>Renk<\/p>\n<p>&nbsp;<\/td>\n<td>Siyah<\/p>\n<p>&nbsp;<\/td>\n<\/tr>\n<tr>\n<td>S\u0131n\u0131fland\u0131rma (VA\/Watts)<\/p>\n<p>&nbsp;<\/td>\n<td>750\/525<\/p>\n<p>&nbsp;<\/td>\n<\/tr>\n<tr>\n<td>Ebatlar (Y x G x D, mm)<\/p>\n<p>&nbsp;<\/td>\n<td>209 x 150 x 340<\/p>\n<p>&nbsp;<\/td>\n<\/tr>\n<tr>\n<td>Ebatlar (Y x G x D, inch)<\/p>\n<p>&nbsp;<\/td>\n<td>8.2 x 5.9 x 13.4<\/p>\n<p>&nbsp;<\/td>\n<\/tr>\n<tr>\n<td>A\u011f\u0131rl\u0131k (kg)<\/p>\n<p>&nbsp;<\/td>\n<td>10.5<\/p>\n<p>&nbsp;<\/td>\n<\/tr>\n<tr>\n<td>A\u011f\u0131rl\u0131k (lbs)<\/p>\n<p>&nbsp;<\/td>\n<td>23.1<\/p>\n<p>&nbsp;<\/td>\n<\/tr>\n<tr>\n<td>Garanti<\/p>\n<p>&nbsp;<\/td>\n<td>3 y\u0131l<\/p>\n<p>&nbsp;<\/td>\n<\/tr>\n<tr>\n<td>\u0130\u00e7indekiler<\/p>\n<p>&nbsp;<\/td>\n<td>5SC UPS<\/p>\n<p>&nbsp;<\/p>\n<p>Kullan\u0131m k\u0131lavuzu CD<\/p>\n<p>&nbsp;<\/p>\n<p>Eaton Ak\u0131ll\u0131 G\u00fc\u00e7 Y\u00f6neticisi Yaz\u0131l\u0131m\u0131 CD&#8217;si<\/p>\n<p>&nbsp;<\/p>\n<p>USB kablosu<\/p>\n<p>&nbsp;<\/p>\n<p>Seri Kablo (RJ45 &#8211; DB9)<\/p>\n<p>&nbsp;<\/p>\n<p>\u00d6nemli G\u00fcvenlik Talimatlar\u0131<\/p>\n<p>&nbsp;<\/p>\n<p>S\u0131n\u0131rl\u0131 Garanti Ayr\u0131nt\u0131lar\u0131<\/p>\n<p>&nbsp;<\/td>\n<\/tr>\n<tr>\n<td>Verimlilik<\/p>\n<p>&nbsp;<\/td>\n<td>% 94&#8217;e kadar<\/p>\n<p>&nbsp;<\/td>\n<\/tr>\n<tr>\n<td colspan=\"2\">\n<h2>Giri\u015f<\/h2>\n<p>&nbsp;<\/td>\n<\/tr>\n<tr>\n<td>Ba\u011flant\u0131<\/td>\n<td>(1) NEMA 5-15P<\/p>\n<p>&nbsp;<\/p>\n<p><img decoding=\"async\" src=\"http:\/\/www.betsis.com.tr\/UrunResim\/OzellikResim\/NEMA%205-15P_Giri%C5%9F.gif\" alt=\"\" \/><\/p>\n<p>&nbsp;<\/td>\n<\/tr>\n<tr>\n<td>Giri\u015f Kablosu<\/p>\n<p>&nbsp;<\/td>\n<td>1.8 metre (6 feet)<\/p>\n<p>&nbsp;<\/td>\n<\/tr>\n<tr>\n<td>Giri\u015f Gerilim Aral\u0131\u011f\u0131<\/p>\n<p>&nbsp;<\/td>\n<td>96-144 V<\/p>\n<p>&nbsp;<\/td>\n<\/tr>\n<tr>\n<td>Nominal Gerilim<\/p>\n<p>&nbsp;<\/td>\n<td>120Vac<\/p>\n<p>&nbsp;<\/td>\n<\/tr>\n<tr>\n<td>Frekans<\/p>\n<p>&nbsp;<\/td>\n<td>50\/60 Hz<\/p>\n<p>&nbsp;<\/td>\n<\/tr>\n<tr>\n<td>Frekans aral\u0131\u011f\u0131<\/p>\n<p>&nbsp;<\/td>\n<td>60 Hz: 55\u201365 Hz<\/p>\n<p>&nbsp;<\/p>\n<p>50 Hz: 45\u201355 Hz<\/p>\n<p>&nbsp;<\/td>\n<\/tr>\n<tr>\n<td colspan=\"2\">\n<h2>\u00c7\u0131k\u0131\u015f<\/h2>\n<p>&nbsp;<\/td>\n<\/tr>\n<tr>\n<td>Nominal Gerilim<\/p>\n<p>&nbsp;<\/td>\n<td>120V Varsay\u0131lan (100\/110)<\/p>\n<p>&nbsp;<\/td>\n<\/tr>\n<tr>\n<td>\u00c7\u0131k\u0131\u015f Yuvas\u0131<\/td>\n<td>(6) NEMA 5-15R<\/p>\n<p>&nbsp;<\/p>\n<p><img decoding=\"async\" src=\"http:\/\/www.betsis.com.tr\/UrunResim\/OzellikResim\/NEMA%205-15R_%C3%87%C4%B1k%C4%B1%C5%9F.gif\" alt=\"\" \/><\/p>\n<p>&nbsp;<\/td>\n<\/tr>\n<tr>\n<td>Verimlilik (Normal Mod)<\/p>\n<p>&nbsp;<\/td>\n<td>% 94&#8217;e kadar<\/p>\n<p>&nbsp;<\/td>\n<\/tr>\n<tr>\n<td colspan=\"2\">\n<h2>Ak\u00fc ve \u00c7al\u0131\u015fma S\u00fcresi Grafi\u011fi<\/h2>\n<p>&nbsp;<\/p>\n<p>&nbsp;<\/p>\n<p><img decoding=\"async\" src=\"http:\/\/www.betsis.com.tr\/UrunResim\/OzellikResim\/5SC750-120V_Runtime_Graph.jpg\" alt=\"\" \/><\/p>\n<p>&nbsp;<\/td>\n<\/tr>\n<tr>\n<td>Ak\u00fc Tipi<\/p>\n<p>&nbsp;<\/td>\n<td>M\u00fch\u00fcrl\u00fc, kur\u015fun-asit; bak\u0131m gerektirmeyen<\/p>\n<p>&nbsp;<\/td>\n<\/tr>\n<tr>\n<td>Ak\u00fc Y\u00f6netimi<\/p>\n<p>&nbsp;<\/td>\n<td>ABM teknolojisi; 3 kademeli \u015farj pil \u00f6mr\u00fcn\u00fc% 50&#8217;ye kadar uzat\u0131r ve pilin de\u011fi\u015ftirilmesi i\u00e7in \u00f6nceden uyar\u0131 sa\u011flar<\/p>\n<p>&nbsp;<\/td>\n<\/tr>\n<tr>\n<td>Pil De\u011fi\u015ftirme<\/p>\n<p>&nbsp;<\/td>\n<td>Kullan\u0131c\u0131 Taraf\u0131ndan De\u011fi\u015ftirilebilir<\/p>\n<p>&nbsp;<\/td>\n<\/tr>\n<tr>\n<td colspan=\"2\">\n<h2>Haberle\u015fmeler<\/h2>\n<p>&nbsp;<\/td>\n<\/tr>\n<tr>\n<td>Kullan\u0131c\u0131 aray\u00fcz\u00fc<\/p>\n<p>&nbsp;<\/td>\n<td>Grafik g\u00f6sterim. UPS durumu tek bir g\u00f6r\u00fcn\u00fcmde.<\/p>\n<p>&nbsp;<\/td>\n<\/tr>\n<tr>\n<td>LED&#8217;ler<\/p>\n<p>&nbsp;<\/td>\n<td>UPS \u00fczerinde<\/p>\n<p>&nbsp;<\/td>\n<\/tr>\n<tr>\n<td>Haberle\u015fme Portlar\u0131<\/p>\n<p>&nbsp;<\/td>\n<td>RS-232 (RJ45) ba\u011flant\u0131 noktas\u0131; Standart olarak USB ba\u011flant\u0131 noktas\u0131 (HID). 6 ayak RS-232 ve USB kablolar\u0131 dahildir<\/p>\n<p>&nbsp;<\/td>\n<\/tr>\n<tr>\n<td>Power Management Software<\/p>\n<p>&nbsp;<\/td>\n<td>Eaton Ak\u0131ll\u0131 G\u00fc\u00e7 Yaz\u0131l\u0131m\u0131 CD&#8217;si (dahil)<\/p>\n<p>&nbsp;<\/td>\n<\/tr>\n<tr>\n<td colspan=\"2\">\n<h2>\u00c7evresel ve Standartlar<\/h2>\n<p>&nbsp;<\/td>\n<\/tr>\n<tr>\n<td>RoHS Uyumlulu\u011fu<\/p>\n<p>&nbsp;<\/td>\n<td>Evet<\/p>\n<p>&nbsp;<\/td>\n<\/tr>\n<tr>\n<td>Sesli G\u00fcr\u00fclt\u00fc<\/p>\n<p>&nbsp;<\/td>\n<td>1 metreden &lt;55 dB<\/p>\n<p>&nbsp;<\/td>\n<\/tr>\n<tr>\n<td>\u00c7al\u0131\u015fma s\u0131cakl\u0131\u011f\u0131<\/p>\n<p>&nbsp;<\/td>\n<td>0 &#8211; 35 \u00b0 C (32 \u00b0 F &#8211; 90 \u00b0 F)<\/p>\n<p>&nbsp;<\/td>\n<\/tr>\n<tr>\n<td>G\u00fcvenlik i\u015faretleri<\/p>\n<p>&nbsp;<\/td>\n<td>CE\/cULus\/NOM<\/p>\n<p>&nbsp;<\/td>\n<\/tr>\n<tr>\n<td>EMC \u0130\u015faretleri<\/p>\n<p>&nbsp;<\/td>\n<td>IEC 62040-2: 2006 Cat C2 \/ CISPR22 S\u0131n\u0131f A \/ FCC B\u00f6l\u00fcm 15 S\u0131n\u0131f A<\/p>\n<p>&nbsp;<\/td>\n<\/tr>\n<tr>\n<td>Depolama s\u0131cakl\u0131\u011f\u0131<\/p>\n<p>&nbsp;<\/td>\n<td>0 &#8211; 40 \u00b0 C (32 \u00b0 F &#8211; 104 \u00b0 F)<\/p>\n<p>&nbsp;<\/td>\n<\/tr>\n<tr>\n<td>Ba\u011f\u0131l nem<\/p>\n<p>&nbsp;<\/td>\n<td>% 0-90 yo\u011funla\u015fmayan<\/p>\n<p>&nbsp;<\/td>\n<\/tr>\n<\/tbody>\n<\/table>\n<h1><\/h1>\n\n\t\t<\/div>\n\t<\/div>\n<\/div><\/div><div class=\"vc_tta-panel\" id=\"1692870355708-af0c3d79-86cf\" data-vc-content=\".vc_tta-panel-body\"><div class=\"vc_tta-panel-heading\"><h4 class=\"vc_tta-panel-title\"><a href=\"#1692870355708-af0c3d79-86cf\" data-vc-accordion data-vc-container=\".vc_tta-container\"><span class=\"vc_tta-title-text\">D\u00f6k\u00fcmanlar<\/span><\/a><\/h4><\/div><div class=\"vc_tta-panel-body\">\n\t<div class=\"wpb_text_column wpb_content_element\" >\n\t\t<div class=\"wpb_wrapper\">\n\t\t\t<p><a href=\"http:\/\/www.westech.com.tr\/wp-content\/uploads\/2023\/09\/Eaton_5SC_User_Manual_EN.pdf\">Eaton_5SC_User_Manual_EN<\/a><\/p>\n<p><a href=\"http:\/\/www.westech.com.tr\/wp-content\/uploads\/2023\/09\/Eaton_5SC_Brochure_EN.pdf\">Eaton_5SC_Brochure_EN<\/a><\/p>\n\n\t\t<\/div>\n\t<\/div>\n<\/div><\/div><\/div><\/div><\/div><\/div><\/div><\/div><\/div><\/div><\/div>\n<\/section>","protected":false},"excerpt":{"rendered":"5SC750-120V Eaton 5SC 750VA 120Volt Line-Interactive, Tower \u00dcr\u00fcn kodu:5SC750-120V Teklif Al\u00dcr\u00fcn A\u00e7\u0131klamas\u0131Teknik \u00d6zelliklerD\u00f6k\u00fcmanlar\u00dcr\u00fcn A\u00e7\u0131klamas\u0131 Eaton 5SC UPS Eaton 5SC UPS, k\u00fc\u00e7\u00fck i\u015fletme sunucular\u0131 i\u00e7in line-interaktif, hesapl\u0131 ve g\u00fcvenilir koruma sa\u011fl\u0131yor. End\u00fcstri lideri UPS \u00fcr\u00fcn grubumuzu tamamlayan 5SC, ger\u00e7ek zamanl\u0131 durum g\u00f6sterimi ve \u00f6l\u00e7\u00fcmler i\u00e7in bir LCD aray\u00fcze sahiptir ve g\u00fcn\u00fcm\u00fcz\u00fcn en hassas BT ekipmanlar\u0131 ile [...]","protected":false},"author":1,"featured_media":0,"parent":0,"menu_order":0,"comment_status":"closed","ping_status":"closed","template":"tmpl\/template-fullwidth.php","meta":{"om_disable_all_campaigns":false,"_monsterinsights_skip_tracking":false,"_monsterinsights_sitenote_active":false,"_monsterinsights_sitenote_note":"","_monsterinsights_sitenote_category":0,"footnotes":""},"class_list":["post-3753","page","type-page","status-publish","hentry"],"acf":[],"aioseo_notices":[],"_links":{"self":[{"href":"http:\/\/www.westech.com.tr\/en\/wp-json\/wp\/v2\/pages\/3753"}],"collection":[{"href":"http:\/\/www.westech.com.tr\/en\/wp-json\/wp\/v2\/pages"}],"about":[{"href":"http:\/\/www.westech.com.tr\/en\/wp-json\/wp\/v2\/types\/page"}],"author":[{"embeddable":true,"href":"http:\/\/www.westech.com.tr\/en\/wp-json\/wp\/v2\/users\/1"}],"replies":[{"embeddable":true,"href":"http:\/\/www.westech.com.tr\/en\/wp-json\/wp\/v2\/comments?post=3753"}],"version-history":[{"count":1,"href":"http:\/\/www.westech.com.tr\/en\/wp-json\/wp\/v2\/pages\/3753\/revisions"}],"predecessor-version":[{"id":3760,"href":"http:\/\/www.westech.com.tr\/en\/wp-json\/wp\/v2\/pages\/3753\/revisions\/3760"}],"wp:attachment":[{"href":"http:\/\/www.westech.com.tr\/en\/wp-json\/wp\/v2\/media?parent=3753"}],"curies":[{"name":"wp","href":"https:\/\/api.w.org\/{rel}","templated":true}]}}