{"id":3878,"date":"2023-09-15T17:55:45","date_gmt":"2023-09-15T14:55:45","guid":{"rendered":"http:\/\/www.westech.com.tr\/?page_id=3878"},"modified":"2023-09-15T17:55:45","modified_gmt":"2023-09-15T14:55:45","slug":"93e80kmbsn-36x60-eaton-93e-80kva-bypassharici-36x60ah-aku-grubu","status":"publish","type":"page","link":"http:\/\/www.westech.com.tr\/en\/93e80kmbsn-36x60-eaton-93e-80kva-bypassharici-36x60ah-aku-grubu\/","title":{"rendered":"93E80KMBSN-36X60 Eaton 93E 80kVA, Bypass,Harici 36x60Ah Ak\u00fc Grubu"},"content":{"rendered":"<section class=\"wpb-content-wrapper\"><div style=\"\" class=\"vc_row wpb_row vc_row-fluid\"><div class=\"row-inner\"><div class=\"wpb_column vc_column_container vc_col-sm-6\"><div class=\"vc_column-inner\"><div class=\"wpb_wrapper\"><div class=\"vc_empty_space\"   style=\"height: 32px\"><span class=\"vc_empty_space_inner\"><\/span><\/div><div class=\"wpb_gallery wpb_content_element vc_clearfix\" ><div class=\"wpb_wrapper\"><div class=\"wpb_gallery_slides wpb_flexslider flexslider_fade flexslider\" data-interval=\"3\" data-flex_fx=\"fade\"><ul class=\"slides\"><li><a href=\"https:\/\/www.westech.com.tr\/wp-content\/uploads\/2023\/09\/93E200K-10-1.jpg\" target=\"_self\"><img loading=\"lazy\" decoding=\"async\" width=\"300\" height=\"300\" src=\"https:\/\/www.westech.com.tr\/wp-content\/uploads\/2023\/09\/93E200K-10-1-300x300.jpg\" class=\"attachment-medium\" alt=\"\" title=\"93E200K-10 1\" srcset=\"https:\/\/www.westech.com.tr\/wp-content\/uploads\/2023\/09\/93E200K-10-1-300x300.jpg 300w, https:\/\/www.westech.com.tr\/wp-content\/uploads\/2023\/09\/93E200K-10-1-150x150.jpg 150w, https:\/\/www.westech.com.tr\/wp-content\/uploads\/2023\/09\/93E200K-10-1-768x768.jpg 768w, https:\/\/www.westech.com.tr\/wp-content\/uploads\/2023\/09\/93E200K-10-1.jpg 1000w\" sizes=\"(max-width: 300px) 100vw, 300px\" \/><\/a><\/li><li><a href=\"https:\/\/www.westech.com.tr\/wp-content\/uploads\/2023\/09\/93E80KMBSN-36X60-Eaton-93E-80kVA-1.jpg\" target=\"_self\"><img loading=\"lazy\" decoding=\"async\" width=\"300\" height=\"300\" src=\"https:\/\/www.westech.com.tr\/wp-content\/uploads\/2023\/09\/93E80KMBSN-36X60-Eaton-93E-80kVA-1-300x300.jpg\" class=\"attachment-medium\" alt=\"\" title=\"93E80KMBSN-36X60 Eaton 93E 80kVA 1\" srcset=\"https:\/\/www.westech.com.tr\/wp-content\/uploads\/2023\/09\/93E80KMBSN-36X60-Eaton-93E-80kVA-1-300x300.jpg 300w, https:\/\/www.westech.com.tr\/wp-content\/uploads\/2023\/09\/93E80KMBSN-36X60-Eaton-93E-80kVA-1-150x150.jpg 150w, https:\/\/www.westech.com.tr\/wp-content\/uploads\/2023\/09\/93E80KMBSN-36X60-Eaton-93E-80kVA-1-768x768.jpg 768w, https:\/\/www.westech.com.tr\/wp-content\/uploads\/2023\/09\/93E80KMBSN-36X60-Eaton-93E-80kVA-1.jpg 1000w\" sizes=\"(max-width: 300px) 100vw, 300px\" \/><\/a><\/li><\/ul><\/div><\/div><\/div><\/div><\/div><\/div><div class=\"wpb_column vc_column_container vc_col-sm-6\"><div class=\"vc_column-inner\"><div class=\"wpb_wrapper\">\n\t<div class=\"wpb_text_column wpb_content_element\" >\n\t\t<div class=\"wpb_wrapper\">\n\t\t\t<h1>93E80KMBSN-36X60 Eaton 93E 80kVA, Bypass,Harici 36x60Ah Ak\u00fc Grubu<\/h1>\n\n\t\t<\/div>\n\t<\/div>\n\n\t<div class=\"wpb_text_column wpb_content_element\" >\n\t\t<div class=\"wpb_wrapper\">\n\t\t\t<h4>\u00dcr\u00fcn kodu:<b>93E80KMBSN-36X60<\/b><\/h4>\n\n\t\t<\/div>\n\t<\/div>\n<div class=\"vc_empty_space\"   style=\"height: 32px\"><span class=\"vc_empty_space_inner\"><\/span><\/div><div class=\"vc_btn3-container vc_btn3-inline\" ><button class=\"vc_general vc_btn3 vc_btn3-size-md vc_btn3-shape-rounded vc_btn3-style-modern vc_btn3-color-danger\">Teklif Al<\/button><\/div><\/div><\/div><\/div><\/div><\/div><div style=\"\" class=\"vc_row wpb_row vc_row-fluid\"><div class=\"row-inner\"><div class=\"wpb_column vc_column_container vc_col-sm-3\"><div class=\"vc_column-inner\"><div class=\"wpb_wrapper\"><div class=\"vc_empty_space\"   style=\"height: 32px\"><span class=\"vc_empty_space_inner\"><\/span><\/div><\/div><\/div><\/div><div class=\"wpb_column vc_column_container vc_col-sm-3\"><div class=\"vc_column-inner\"><div class=\"wpb_wrapper\"><div class=\"vc_empty_space\"   style=\"height: 32px\"><span class=\"vc_empty_space_inner\"><\/span><\/div><\/div><\/div><\/div><div class=\"wpb_column vc_column_container vc_col-sm-3\"><div class=\"vc_column-inner\"><div class=\"wpb_wrapper\"><div class=\"vc_empty_space\"   style=\"height: 32px\"><span class=\"vc_empty_space_inner\"><\/span><\/div><\/div><\/div><\/div><div class=\"wpb_column vc_column_container vc_col-sm-3\"><div class=\"vc_column-inner\"><div class=\"wpb_wrapper\"><div class=\"vc_empty_space\"   style=\"height: 32px\"><span class=\"vc_empty_space_inner\"><\/span><\/div><\/div><\/div><\/div><\/div><\/div><div style=\"\" class=\"vc_row wpb_row vc_row-fluid\"><div class=\"row-inner\"><div class=\"wpb_column vc_column_container vc_col-sm-12\"><div class=\"vc_column-inner\"><div class=\"wpb_wrapper\"><div class=\"vc_tta-container\" data-vc-action=\"collapse\"><div class=\"vc_general vc_tta vc_tta-tabs vc_tta-color-grey vc_tta-style-classic vc_tta-shape-rounded vc_tta-spacing-1 vc_tta-tabs-position-top vc_tta-controls-align-left\"><div class=\"vc_tta-tabs-container\"><ul class=\"vc_tta-tabs-list\"><li class=\"vc_tta-tab vc_active\" data-vc-tab><a href=\"#1692870200808-29f2690b-4a23\" data-vc-tabs data-vc-container=\".vc_tta\"><span class=\"vc_tta-title-text\">\u00dcr\u00fcn A\u00e7\u0131klamas\u0131<\/span><\/a><\/li><li class=\"vc_tta-tab\" data-vc-tab><a href=\"#1694777871643-ad942ca4-002b\" data-vc-tabs data-vc-container=\".vc_tta\"><span class=\"vc_tta-title-text\">Teknik \u00d6zellikler<\/span><\/a><\/li><li class=\"vc_tta-tab\" data-vc-tab><a href=\"#1692870355708-af0c3d79-86cf\" data-vc-tabs data-vc-container=\".vc_tta\"><span class=\"vc_tta-title-text\">D\u00f6k\u00fcmanlar<\/span><\/a><\/li><\/ul><\/div><div class=\"vc_tta-panels-container\"><div class=\"vc_tta-panels\"><div class=\"vc_tta-panel vc_active\" id=\"1692870200808-29f2690b-4a23\" data-vc-content=\".vc_tta-panel-body\"><div class=\"vc_tta-panel-heading\"><h4 class=\"vc_tta-panel-title\"><a href=\"#1692870200808-29f2690b-4a23\" data-vc-accordion data-vc-container=\".vc_tta-container\"><span class=\"vc_tta-title-text\">\u00dcr\u00fcn A\u00e7\u0131klamas\u0131<\/span><\/a><\/h4><\/div><div class=\"vc_tta-panel-body\">\n\t<div class=\"wpb_text_column wpb_content_element\" >\n\t\t<div class=\"wpb_wrapper\">\n\t\t\t<div class=\"property_single\">\n<div class=\"property_single\">\n<div class=\"property_single\">\n<div class=\"property_single\">\n<div class=\"property_single\">\n<div class=\"property_title\">\n<div class=\"property_single\">\n<div class=\"main\">\n<div class=\"detail\">\n<div class=\"detail_content\">\n<div class=\"detail_tab_content\">\n<div id=\"tab_conn1\" class=\"tab_conn tab_conn_active\">\n<div class=\"property_single\">\n<div class=\"property_single\">\n<div class=\"property_single\">\n<div class=\"property_title\">\n<div class=\"property_title\">\n<div class=\"property_single\">\n<div class=\"property_single\">\n<h1>Eaton 93E UPS<\/h1>\n<p>Her t\u00fcr ortam i\u00e7in etkin elektrik y\u00f6netimi<\/p>\n<h2>Eaton 93E: Tamamen Etkin<\/h2>\n<p>Eaton 93E UPS, elektrik ve IT ortamlar\u0131nda s\u00fcrekli artan elektrik y\u00fckleri i\u00e7in tamamen etkin elektrik korumas\u0131 sa\u011flar. Enerji verimlili\u011fi, y\u00fcksek g\u00fcvenilirlikle ve kompakt yap\u0131s\u0131 gibi \u00f6zellikleri ile toplam sahip olma maliyetini (TCO) d\u00fc\u015f\u00fcr\u00fcr. Ticari binalar veya teknik tesisler i\u00e7in ideal bir \u00e7\u00f6z\u00fcm olmas\u0131 yan\u0131nda, k\u00fc\u00e7\u00fck ve orta \u00f6l\u00e7ekli veri merkezlerinin y\u00fcksek g\u00fcvenilirlikte enerji korumas\u0131n\u0131 sa\u011flayabilir.<\/p>\n<h3><strong>Verimli Tasar\u0131m<\/strong><\/h3>\n<p>Trafosuz tasar\u0131m\u0131, geli\u015fkin alg\u0131lama ve kontrol devreleri 93E\u2019ye %98.5 verimlili\u011fe ula\u015fma olana\u011f\u0131 verir. Kendi s\u0131n\u0131f\u0131ndaki enerji verimlili\u011fi en y\u00fcksek UPS olmas\u0131 yan\u0131nda en y\u00fcksek y\u00fck korumas\u0131n\u0131 da ger\u00e7ekle\u015ftirir. 93E;<\/p>\n<p>&nbsp;<\/p>\n<p>* Y\u00fckteki a\u015f\u0131r\u0131 ak\u0131m\u0131 bask\u0131lar<\/p>\n<p>&nbsp;<\/p>\n<p>* \u015eebeke veya y\u00fckteki kesintileri alg\u0131lar ve do\u011fru tepkileri verir<\/p>\n<p>&nbsp;<\/p>\n<p>* 4ms alt\u0131nda \u00e7ift-\u00e7evrim i\u015fletime ge\u00e7i\u015f yapar<\/p>\n<p>&nbsp;<\/p>\n<p>Y\u00fcksek sistem verimlili\u011fi \u015febeke masraflar\u0131n\u0131 azalt\u0131r, ak\u00fcden besleme s\u00fcresini uzat\u0131r ve daha az \u0131s\u0131 \u00fcreterek \u00e7al\u0131\u015fmas\u0131n\u0131 sa\u011flar.<\/p>\n<h3><strong>Ger\u00e7ek Uyumluluk<\/strong><\/h3>\n<p>Aktif g\u00fc\u00e7 fakt\u00f6r\u00fc d\u00fczeltme (PFC) yetene\u011fi, 0.99 giri\u015f g\u00fc\u00e7 fakt\u00f6r\u00fc ve &lt;%5 ITDH sa\u011flayarak ayn\u0131 a\u011f \u00fczerindeki kritik cihazlar ile \u00e7ak\u0131\u015fmalar\u0131 \u00f6nler ve jenerat\u00f6rler ile uyumlulu\u011fu sa\u011flar. 93E modern 0.* g\u00fc\u00e7 fakt\u00f6r\u00fc \u00f6l\u00e7ekli IT cihazlar\u0131n\u0131 g\u00fc\u00e7 y\u00fckseltme ihtiyac\u0131 do\u011furmadan korur.<\/p>\n<h3><strong>Ger\u00e7ek G\u00fcvenilirlik<\/strong><\/h3>\n<p>Eaton\u2019\u0131n patentli HotSync teknolojisi 4 adet UPS\u2019e kadar paralelleme olana\u011f\u0131 sa\u011flayarak ileride ortaya \u00e7\u0131kabilecek kapasite ihtiya\u00e7lar\u0131n\u0131 \u00e7\u00f6zer ve yedekli kullan\u0131m olana\u011f\u0131 sunar.<\/p>\n<h3><strong>Kompakt ve kolay M\u00fcdahele Edilebilir Tas<\/strong><strong>ar\u0131m<\/strong><\/h3>\n<p>K\u00fc\u00e7\u00fck tasar\u0131m ile en az alan kaplar:<\/p>\n<p>&nbsp;<\/p>\n<p>* Benzeri \u00e7\u00f6z\u00fcmlerden %20 ve daha fazlas\u0131 oranda k\u00fc\u00e7\u00fckt\u00fcr<\/p>\n<p>&nbsp;<\/p>\n<p>* 500-600 mm geni\u015flikte US kabineti IT rack (raf)lar\u0131 i\u00e7inde kusursuz in-row entegrasyon sa\u011flar.<\/p>\n<p>&nbsp;<\/p>\n<p>93E kolayca ve h\u0131zl\u0131ca servis edilebilir tasar\u0131m\u0131 ile kesintisiz \u00e7al\u0131\u015fmay\u0131 30 dakikadan az MTTR (ortalama tamir s\u00fcresi) sa\u011flayarak garanti eder.<\/p>\n<h3><strong>Ak\u00fc \u00c7\u00f6z\u00fcm\u00fc<\/strong><\/h3>\n<p>93E serisi UPSler 15-40 kVa modellere kadar dahili ak\u00fc alan\u0131 sa\u011flar ve t\u00fcm modellere harici ak\u00fc kabinetleri eklenebilir.<\/p>\n<h3><strong>Geri Besleme Koruma Cihaz\u0131<\/strong><\/h3>\n<p>Uluslararas\u0131 standart ve Avrupa Y\u00f6netmeli\u011fi IEC 62040-1, giri\u015f g\u00fcc\u00fc kesildi\u011finde UPS\u2019in giri\u015f terminallerine gelebilecek her t\u00fcr zararl\u0131 voltaj ve enerjiyi engelleyebilmesini \u015fart ko\u015far. Bu ko\u015ful, ancak UPS\u2019in statik by-pass devresi ile dahili veya harici geri besleme korumas\u0131 sa\u011flamas\u0131 ile kar\u015f\u0131lanabilir.<\/p>\n<p>&nbsp;<\/p>\n<p>93E t\u00fcm modellerinde dahili bir geri besleme korumas\u0131 sunarak standartlara uyumluluk sa\u011flar ve mevcut elektrik altyap\u0131s\u0131 i\u00e7ine koruyucu ek cihazlar kurulmas\u0131 gere\u011fini ortadan kald\u0131rarak tasarruf sa\u011flar.<\/p>\n<p>&nbsp;<\/p>\n<p>Tipik Uygulamalar:<\/p>\n<p>&nbsp;<\/p>\n<p>* Finansal Hizmetler<\/p>\n<p>&nbsp;<\/p>\n<p>* Bina Y\u00f6netimi<\/p>\n<p>&nbsp;<\/p>\n<p>* Telekom Uygulamalar\u0131<\/p>\n<p>&nbsp;<\/p>\n<p>* End\u00fcstriyel Otomasyon Cihazlar\u0131<\/p>\n<p>&nbsp;<\/p>\n<p>* Sa\u011fl\u0131k Uygulamalar\u0131<\/p>\n<p>&nbsp;<\/p>\n<p>* Devlet<\/p>\n<p>&nbsp;<\/p>\n<p>* Veri Merkezleri<\/p>\n<h3><strong>Kullan\u0131c\u0131 Aray\u00fcz\u00fc<\/strong><\/h3>\n<p>&nbsp;<\/p>\n<p>Geni\u015f LC ekran UPS durumunu anl\u0131k g\u00f6sterir ve \u00f6l\u00e7\u00fcm, kontrol ve ayar i\u015flemlerini kolayla\u015ft\u0131r\u0131r.<\/p>\n<h3><strong>\u0130leti\u015fim<\/strong><\/h3>\n<p>Eaton Mini Slot (yuva) ba\u011flant\u0131 kartlar\u0131 ile g\u00f6zlem, y\u00f6netim ve a\u011f \u00fczerinden uzaktan kapama \u00f6zellikleri sunar.<\/p>\n<p>&nbsp;<\/p>\n<p>* Network Card\u2013MS Web\/SNMP kart\u0131 93E UPS\u2019inizi do\u011frudan Ethernet a\u011f\u0131 ve internete ba\u011flaman\u0131z\u0131 sa\u011flar<\/p>\n<p>&nbsp;<\/p>\n<p>* Network and MODBUS Card-MS kart\u0131 Bina Y\u00f6netim sistemi (BMS) veya End\u00fcstriyel Otomasyon Sistemi (IAS) \u00fczerinden uzaktan y\u00f6netim olana\u011f\u0131 sa\u011flar<\/p>\n<p>&nbsp;<\/p>\n<p>* Industrial Relay Card-MS kart\u0131 vazge\u00e7ilmez kuru kontak aray\u00fcz\u00fc ekleyerek Eaton UPS\u2019iniz ile kuru-kontak bilgisayar\u0131 veya \u00e7ok \u00e7e\u015fitli end\u00fcstriyel uygulamalar aras\u0131nda ba\u011flant\u0131 sa\u011flar<\/p>\n<h3><strong>Yaz\u0131l\u0131m<\/strong><\/h3>\n<p>Eaton\u2019\u0131n Intelligent Power\u00ae Software Suite yaz\u0131l\u0131m\u0131 kaliteli enerji ve s\u00fcrekli \u00e7al\u0131\u015fmay\u0131 garanti eden iki \u00f6nemli i\u015flevi yerine getirir: G\u00f6zlem ve Y\u00f6netim. Bu \u00f6zellikler ile a\u011f \u00fczerindeki cihazlar\u0131n\u0131zda uzun kesintilerde otomatik veya uzaktan komut ile d\u00fczg\u00fcn kapama yapabilirsiniz.<\/p>\n<p>&nbsp;<\/p>\n<p>* A\u011f\u0131n\u0131z \u00fczerindeki pek \u00e7ok cihazda g\u00f6zlem ve y\u00f6netim<\/p>\n<p>&nbsp;<\/p>\n<p>* Yedekleme \u00f6zellikli \u00e7ift g\u00fc\u00e7 kaynakl\u0131 sunucularda \u00e7al\u0131\u015fma s\u00fcresini uzat\u0131r<\/p>\n<p>&nbsp;<\/p>\n<p>* Sunucu kapama ve e\u015fzamanl\u0131 event migration \u00f6zelli\u011fi<\/p>\n<h2>Eaton\u2019\u0131n end\u00fcstri lideri UPS tasar\u0131m ve \u00fcretim gelene\u011fi<\/h2>\n<p>50 y\u0131ldan daha uzun s\u00fcredir Eaton d\u00fcnya \u00e7ap\u0131nda kritik i\u015f s\u00fcre\u00e7lerini koruyan \u00e7\u00f6z\u00fcmler \u00fcretir. Tek bir masa\u00fcst\u00fc bilgisayar\u0131 korumadan, entegre veri merkezlerini korumaya kadar giden aral\u0131kta Eaton \u00e7\u00f6z\u00fcmleri temiz, kesintisiz enerji sa\u011flayarak kritik s\u00fcre\u00e7lerinizi \u00e7al\u0131\u015f\u0131r durumda tutar.<\/p>\n<p>Sundu\u011fumuz geni\u015f \u00fcr\u00fcn yelpazesi i\u00e7inde \u00e7evre duyarl\u0131, etkin, verimli, g\u00fcvenilir UPS\u2019ler, Ak\u0131m koruma cihazlar\u0131, G\u00fc\u00e7 Da\u011f\u0131t\u0131m Cihazlar\u0131 (PDUlar), Uzaktan Y\u00f6netim, \u00d6l\u00e7\u00fcmleme, \u0130leti\u015fim, Yaz\u0131l\u0131m, \u0130klimlendirme-Hava ak\u0131\u015f\u0131 y\u00f6netimi ve profesyonel hizmetler yer al\u0131r.<\/p>\n<p>Her t\u00fcr i\u015f segmentinde (Veri Merkezleri, parekende \u015fubeler, sa\u011fl\u0131k kurumlar\u0131, devlet kurumlar\u0131, \u00fcretim firmalar\u0131, yay\u0131nc\u0131 kurumlar, finansal kurumlar ve daha pek \u00e7o\u011fu) enerjinin etkin bir \u015fekilde korunabilmesi i\u00e7in IT veya tesis y\u00f6neticileri ile \u00e7ok yak\u0131ndan \u00e7al\u0131\u015f\u0131yoruz.<\/p>\n<p>\u00c7\u00f6z\u00fcmlerimiz ile enerji sunumunda bir fark yarat\u0131yoruz. \u0130\u015f hedeflerinize eri\u015fmenize yard\u0131mc\u0131 olurken, \u00e7evreye duyarl\u0131 \u00e7\u00f6z\u00fcmler sunuyoruz.<\/p>\n<\/div>\n<div class=\"property_multi2\">\n<div class=\"property_multi_text\">\n<div class=\"property_multi2\">\n<div class=\"property_multi_text\"><\/div>\n<\/div>\n<\/div>\n<\/div>\n<\/div>\n<\/div>\n<\/div>\n<\/div>\n<\/div>\n<\/div>\n<\/div>\n<\/div>\n<\/div>\n<\/div>\n<\/div>\n<\/div>\n<\/div>\n<\/div>\n<\/div>\n<\/div>\n<\/div>\n<\/div>\n\n\t\t<\/div>\n\t<\/div>\n<\/div><\/div><div class=\"vc_tta-panel\" id=\"1694777871643-ad942ca4-002b\" data-vc-content=\".vc_tta-panel-body\"><div class=\"vc_tta-panel-heading\"><h4 class=\"vc_tta-panel-title\"><a href=\"#1694777871643-ad942ca4-002b\" data-vc-accordion data-vc-container=\".vc_tta-container\"><span class=\"vc_tta-title-text\">Teknik \u00d6zellikler<\/span><\/a><\/h4><\/div><div class=\"vc_tta-panel-body\">\n\t<div class=\"wpb_text_column wpb_content_element\" >\n\t\t<div class=\"wpb_wrapper\">\n\t\t\t<h1>93E80K-10-40X65AH Teknik \u00d6zellikler<\/h1>\n<table border=\"1\" cellspacing=\"0\" cellpadding=\"5\">\n<tbody>\n<tr>\n<td colspan=\"2\">\n<h2>G\u00fc\u00e7<\/h2>\n<p>&nbsp;<\/td>\n<\/tr>\n<tr>\n<td>UPS \u00e7\u0131k\u0131\u015f g\u00fcc\u00fc de\u011feri (0.9 p.f)<\/p>\n<p>&nbsp;<\/td>\n<td>72 kW<\/p>\n<p>&nbsp;<\/td>\n<\/tr>\n<tr>\n<td>Topoloji<\/p>\n<p>&nbsp;<\/td>\n<td>\u00c7ift-\u00c7evrim Online UPS<\/p>\n<p>&nbsp;<\/td>\n<\/tr>\n<tr>\n<td>\u0130letim Frekans\u0131<\/p>\n<p>&nbsp;<\/td>\n<td>50\/60 Hz (40 to 72 Hz)<\/p>\n<p>&nbsp;<\/td>\n<\/tr>\n<tr>\n<td>Giri\u015f G\u00fc\u00e7 Fakt\u00f6r\u00fc<\/p>\n<p>&nbsp;<\/td>\n<td>&gt;0.99 tipik<\/p>\n<p>&nbsp;<\/td>\n<\/tr>\n<tr>\n<td>Giri\u015f Ak\u0131m<\/p>\n<p>&nbsp;<\/td>\n<td>&lt;5% THD<\/p>\n<p>&nbsp;<\/td>\n<\/tr>\n<tr>\n<td colspan=\"2\">\n<h2>Elektriksel Giri\u015f<\/h2>\n<p>&nbsp;<\/td>\n<\/tr>\n<tr>\n<td>Giri\u015f Ba\u011flant\u0131<\/p>\n<p>&nbsp;<\/td>\n<td>3 ph + n\u00f6tr<\/p>\n<p>&nbsp;<\/td>\n<\/tr>\n<tr>\n<td>Nominal giri\u015f voltaj\u0131<\/p>\n<p>&nbsp;<\/td>\n<td>220\/380, 230\/400, 240\/415 V 50\/60 Hz<\/p>\n<p>&nbsp;<\/td>\n<\/tr>\n<tr>\n<td>Giri\u015f Voltaj Aral\u0131\u011f\u0131<\/p>\n<p>&nbsp;<\/td>\n<td>-15%, +20% nominalden (400 V) 100% y\u00fckte<\/p>\n<p>&nbsp;<\/td>\n<\/tr>\n<tr>\n<td>G\u00fc\u00e7 Aktar\u0131m (Walk-in)<\/p>\n<p>&nbsp;<\/td>\n<td>Var<\/p>\n<p>&nbsp;<\/td>\n<\/tr>\n<tr>\n<td>Dahili A\u015f\u0131r\u0131 Ak\u0131m Koruma<\/p>\n<p>&nbsp;<\/td>\n<td>Var<\/p>\n<p>&nbsp;<\/td>\n<\/tr>\n<tr>\n<td colspan=\"2\">\n<h2>Elektriksel \u00c7\u0131k\u0131\u015f<\/h2>\n<p>&nbsp;<\/td>\n<\/tr>\n<tr>\n<td>\u00c7\u0131k\u0131\u015f Ba\u011flant\u0131<\/p>\n<p>&nbsp;<\/td>\n<td>3 ph + n\u00f6tr<\/p>\n<p>&nbsp;<\/td>\n<\/tr>\n<tr>\n<td>Nominal Voltaj De\u011feri (ayarlanabilir)<\/p>\n<p>&nbsp;<\/td>\n<td>220\/380, 230\/400, 240\/415 V 50\/60 Hz<\/p>\n<p>&nbsp;<\/td>\n<\/tr>\n<tr>\n<td>\u00c7\u0131k\u0131\u015f Voltaj D\u00fczenleme<\/p>\n<p>&nbsp;<\/td>\n<td>\u00b11% Statik; &lt;5% dinamik at 100% rezistif y\u00fck de\u011fi\u015fimi, &lt;20 ms tepki s\u00fcresi<\/p>\n<p>&nbsp;<\/td>\n<\/tr>\n<tr>\n<td>A\u015f\u0131r\u0131 y\u00fck online modda<\/td>\n<td>102-125% y\u00fckte 10 dk.<\/p>\n<p>&nbsp;<\/p>\n<p>126-150% y\u00fckte 1 dk.<\/p>\n<p>&nbsp;<\/p>\n<p>&gt;151% y\u00fckte 500 ms.<\/td>\n<\/tr>\n<tr>\n<td>A\u015f\u0131r\u0131 y\u00fck bypass modda<\/p>\n<p>&nbsp;<\/td>\n<td>%115 y\u00fckte kesintisiz, 1000% tepe ak\u0131m de\u011ferinde 20 ms.<\/p>\n<p>&nbsp;<\/td>\n<\/tr>\n<tr>\n<td colspan=\"2\"><em><strong>Not!<\/strong>\u00a0Harici by-pass devreleri a\u015f\u0131r\u0131 ak\u0131m de\u011ferini d\u00fc\u015f\u00fcrebilir.<\/em><\/p>\n<p>&nbsp;<\/td>\n<\/tr>\n<tr>\n<td colspan=\"2\">\n<h2>Ak\u00fc<\/h2>\n<p>&nbsp;<\/td>\n<\/tr>\n<tr>\n<td>Ak\u00fc<\/p>\n<p>&nbsp;<\/td>\n<td>384 V &#8211; 480 V, harici ak\u00fcler ile<\/p>\n<p>&nbsp;<\/td>\n<\/tr>\n<tr>\n<td>\u015earj Y\u00f6ntemi<\/p>\n<p>&nbsp;<\/td>\n<td>ABM D\u00f6ng\u00fcsel \u015earj<\/p>\n<p>&nbsp;<\/td>\n<\/tr>\n<tr>\n<td>\u015earj Ak\u0131m\u0131\/Model<\/p>\n<p>&nbsp;<\/td>\n<td>80kVA<\/p>\n<p>&nbsp;<\/td>\n<\/tr>\n<tr>\n<td>Varsay\u0131lan<\/p>\n<p>&nbsp;<\/td>\n<td>15.6A<\/p>\n<p>&nbsp;<\/td>\n<\/tr>\n<tr>\n<td>Maksimum*<\/p>\n<p>&nbsp;<\/td>\n<td>24A<\/p>\n<p>&nbsp;<\/td>\n<\/tr>\n<tr>\n<td colspan=\"2\"><em>* Maksimum giri\u015f ak\u0131m\u0131 de\u011feri ile s\u0131n\u0131rl\u0131 olabilir.<\/em><\/p>\n<p>&nbsp;<\/td>\n<\/tr>\n<tr>\n<td colspan=\"2\">\n<h2>Genel<\/h2>\n<p>&nbsp;<\/td>\n<\/tr>\n<tr>\n<td>Verimlilik<\/td>\n<td>%98\u2019e kadar y\u00fcksek-verim modunda<\/p>\n<p>&nbsp;<\/p>\n<p>%94\u2019e kadar \u00e7ift-\u00e7evrim modunda<\/td>\n<\/tr>\n<tr>\n<td>Paralel teknoloji<\/p>\n<p>&nbsp;<\/td>\n<td>Powerware Hot Sync\u00ae Technology<\/p>\n<p>&nbsp;<\/td>\n<\/tr>\n<tr>\n<td>\u00d6l\u00e7\u00fcler G x D x Y (mm)<\/p>\n<p>&nbsp;<\/td>\n<td>600 x 800 x 1876<\/p>\n<p>&nbsp;<\/td>\n<\/tr>\n<tr>\n<td>Kabin Standard\u0131<\/p>\n<p>&nbsp;<\/td>\n<td>IP20 y\u0131kanabilir toz filtreleri ile<\/p>\n<p>&nbsp;<\/td>\n<\/tr>\n<tr>\n<td>A\u011f\u0131rl\u0131k<\/p>\n<p>&nbsp;<\/td>\n<td>245 kg<\/p>\n<p>&nbsp;<\/td>\n<\/tr>\n<tr>\n<td colspan=\"2\">\n<h2>\u0130leti\u015fim<\/h2>\n<p>&nbsp;<\/td>\n<\/tr>\n<tr>\n<td>G\u00f6sterge<\/p>\n<p>&nbsp;<\/td>\n<td>Grafik LCD mavi fon ayd\u0131nlatmal\u0131<\/p>\n<p>&nbsp;<\/td>\n<\/tr>\n<tr>\n<td>LEDler<\/p>\n<p>&nbsp;<\/td>\n<td>(4) LED ile g\u00f6sterge ve alarm<\/p>\n<p>&nbsp;<\/td>\n<\/tr>\n<tr>\n<td>Sesli Alarm<\/p>\n<p>&nbsp;<\/td>\n<td>Var<\/p>\n<p>&nbsp;<\/td>\n<\/tr>\n<tr>\n<td>\u0130leti\u015fim Portlar\u0131<\/td>\n<td>(1) RS-232, (1) USB, (1) EPO<\/p>\n<p>&nbsp;<\/p>\n<p>(2) Mini-slot ileti\u015fim Yuvas\u0131<\/td>\n<\/tr>\n<tr>\n<td>Kontakt giri\u015f\/\u00e7\u0131k\u0131\u015f<\/p>\n<p>&nbsp;<\/td>\n<td>3 sinyal giri\u015f<\/p>\n<p>&nbsp;<\/td>\n<\/tr>\n<tr>\n<td colspan=\"2\">\n<h2>Ortam<\/h2>\n<p>&nbsp;<\/td>\n<\/tr>\n<tr>\n<td>\u00c7al\u0131\u015fma S\u0131cakl\u0131k Aral\u0131\u011f\u0131<\/p>\n<p>&nbsp;<\/td>\n<td>0 \u00baC to +40 \u00baC<\/p>\n<p>&nbsp;<\/td>\n<\/tr>\n<tr>\n<td>Depolama<\/td>\n<td>-25 \u00baC to +55 \u00baC ak\u00fcs\u00fcz<\/p>\n<p>&nbsp;<\/p>\n<p>+15 \u00baC to +25 \u00baC ak\u00fcl\u00fc<\/td>\n<\/tr>\n<tr>\n<td>G\u00f6rece Nem<\/p>\n<p>&nbsp;<\/td>\n<td>5-95%, yo\u011funla\u015fmas\u0131z<\/p>\n<p>&nbsp;<\/td>\n<\/tr>\n<tr>\n<td>Sesli Alarm<\/p>\n<p>&nbsp;<\/td>\n<td>\u226465 dBA 1m tipik<\/p>\n<p>&nbsp;<\/td>\n<\/tr>\n<tr>\n<td>Rak\u0131m<\/p>\n<p>&nbsp;<\/td>\n<td>&lt;1000 m +40 \u00b0C\u2019de<\/p>\n<p>&nbsp;<\/td>\n<\/tr>\n<tr>\n<td colspan=\"2\">\n<h2>Standartlar ve Uyumluluk<\/h2>\n<p>&nbsp;<\/td>\n<\/tr>\n<tr>\n<td>G\u00fcvenlik (CB certifed)<\/p>\n<p>&nbsp;<\/td>\n<td>IEC 62040-1<\/p>\n<p>&nbsp;<\/td>\n<\/tr>\n<tr>\n<td>EMC<\/p>\n<p>&nbsp;<\/td>\n<td>IEC 62040-2, EMC Category C3<\/p>\n<p>&nbsp;<\/td>\n<\/tr>\n<tr>\n<td>Performans<\/p>\n<p>&nbsp;<\/td>\n<td>IEC 62040-3<\/p>\n<p>&nbsp;<\/td>\n<\/tr>\n<tr>\n<td>Kalite<\/p>\n<p>&nbsp;<\/td>\n<td>ISO 9001: 2000 and ISO 14001:1996<\/p>\n<p>&nbsp;<\/td>\n<\/tr>\n<\/tbody>\n<\/table>\n<h1><\/h1>\n\n\t\t<\/div>\n\t<\/div>\n<\/div><\/div><div class=\"vc_tta-panel\" id=\"1692870355708-af0c3d79-86cf\" data-vc-content=\".vc_tta-panel-body\"><div class=\"vc_tta-panel-heading\"><h4 class=\"vc_tta-panel-title\"><a href=\"#1692870355708-af0c3d79-86cf\" data-vc-accordion data-vc-container=\".vc_tta-container\"><span class=\"vc_tta-title-text\">D\u00f6k\u00fcmanlar<\/span><\/a><\/h4><\/div><div class=\"vc_tta-panel-body\">\n\t<div class=\"wpb_text_column wpb_content_element\" >\n\t\t<div class=\"wpb_wrapper\">\n\t\t\t<p><a href=\"http:\/\/www.westech.com.tr\/wp-content\/uploads\/2023\/09\/Eaton_93E_Brochure_15-400kVA_EN-3.pdf\">Eaton_93E_Brochure_15-400kVA_EN.<\/a><\/p>\n<p><a href=\"http:\/\/www.westech.com.tr\/wp-content\/uploads\/2023\/09\/Eaton_93E_DS_TR-3.pdf\">Eaton_93E_DS_TR.<\/a><\/p>\n<p><a href=\"http:\/\/www.westech.com.tr\/wp-content\/uploads\/2023\/09\/93E_15-80kVA_Install_Man_EN-2.pdf\">93E_15-80kVA_Install_Man_EN<\/a><\/p>\n<p><a href=\"http:\/\/www.westech.com.tr\/wp-content\/uploads\/2023\/09\/93E_DS_EN.pdf\">93E_DS_EN<\/a><\/p>\n\n\t\t<\/div>\n\t<\/div>\n<\/div><\/div><\/div><\/div><\/div><\/div><\/div><\/div><\/div><\/div><\/div>\n<\/section>","protected":false},"excerpt":{"rendered":"93E80KMBSN-36X60 Eaton 93E 80kVA, Bypass,Harici 36x60Ah Ak\u00fc Grubu \u00dcr\u00fcn kodu:93E80KMBSN-36X60 Teklif Al\u00dcr\u00fcn A\u00e7\u0131klamas\u0131Teknik \u00d6zelliklerD\u00f6k\u00fcmanlar\u00dcr\u00fcn A\u00e7\u0131klamas\u0131 Eaton 93E UPS Her t\u00fcr ortam i\u00e7in etkin elektrik y\u00f6netimi Eaton 93E: Tamamen Etkin Eaton 93E UPS, elektrik ve IT ortamlar\u0131nda s\u00fcrekli artan elektrik y\u00fckleri i\u00e7in tamamen etkin elektrik korumas\u0131 sa\u011flar. Enerji verimlili\u011fi, y\u00fcksek g\u00fcvenilirlikle ve kompakt yap\u0131s\u0131 gibi \u00f6zellikleri [...]","protected":false},"author":1,"featured_media":0,"parent":0,"menu_order":0,"comment_status":"closed","ping_status":"closed","template":"tmpl\/template-fullwidth.php","meta":{"om_disable_all_campaigns":false,"_monsterinsights_skip_tracking":false,"_monsterinsights_sitenote_active":false,"_monsterinsights_sitenote_note":"","_monsterinsights_sitenote_category":0,"footnotes":""},"class_list":["post-3878","page","type-page","status-publish","hentry"],"acf":[],"aioseo_notices":[],"_links":{"self":[{"href":"http:\/\/www.westech.com.tr\/en\/wp-json\/wp\/v2\/pages\/3878"}],"collection":[{"href":"http:\/\/www.westech.com.tr\/en\/wp-json\/wp\/v2\/pages"}],"about":[{"href":"http:\/\/www.westech.com.tr\/en\/wp-json\/wp\/v2\/types\/page"}],"author":[{"embeddable":true,"href":"http:\/\/www.westech.com.tr\/en\/wp-json\/wp\/v2\/users\/1"}],"replies":[{"embeddable":true,"href":"http:\/\/www.westech.com.tr\/en\/wp-json\/wp\/v2\/comments?post=3878"}],"version-history":[{"count":1,"href":"http:\/\/www.westech.com.tr\/en\/wp-json\/wp\/v2\/pages\/3878\/revisions"}],"predecessor-version":[{"id":3881,"href":"http:\/\/www.westech.com.tr\/en\/wp-json\/wp\/v2\/pages\/3878\/revisions\/3881"}],"wp:attachment":[{"href":"http:\/\/www.westech.com.tr\/en\/wp-json\/wp\/v2\/media?parent=3878"}],"curies":[{"name":"wp","href":"https:\/\/api.w.org\/{rel}","templated":true}]}}