{"id":3962,"date":"2023-09-18T16:07:38","date_gmt":"2023-09-18T13:07:38","guid":{"rendered":"http:\/\/www.westech.com.tr\/?page_id=3962"},"modified":"2023-10-16T14:59:15","modified_gmt":"2023-10-16T11:59:15","slug":"9e6ki-eaton-9e6ki-6kva-20-12dk-on-line-ups","status":"publish","type":"page","link":"http:\/\/www.westech.com.tr\/en\/9e6ki-eaton-9e6ki-6kva-20-12dk-on-line-ups\/","title":{"rendered":"9E6KI Eaton 9E6Ki (6KVA) 20\/12dk On-Line Ups"},"content":{"rendered":"<section class=\"wpb-content-wrapper\"><div style=\"\" class=\"vc_row wpb_row vc_row-fluid\"><div class=\"row-inner\"><div class=\"wpb_column vc_column_container vc_col-sm-6\"><div class=\"vc_column-inner\"><div class=\"wpb_wrapper\"><div class=\"vc_empty_space\"   style=\"height: 32px\"><span class=\"vc_empty_space_inner\"><\/span><\/div><div class=\"wpb_gallery wpb_content_element vc_clearfix\" ><div class=\"wpb_wrapper\"><div class=\"wpb_gallery_slides wpb_flexslider flexslider_fade flexslider\" data-interval=\"3\" data-flex_fx=\"fade\"><ul class=\"slides\"><li><a href=\"https:\/\/www.westech.com.tr\/wp-content\/uploads\/2023\/09\/9E6KI-Eaton-9E6Ki-6KVA-1.jpg\" target=\"_self\"><img loading=\"lazy\" decoding=\"async\" width=\"300\" height=\"300\" src=\"https:\/\/www.westech.com.tr\/wp-content\/uploads\/2023\/09\/9E6KI-Eaton-9E6Ki-6KVA-1-300x300.jpg\" class=\"attachment-medium\" alt=\"\" title=\"9E6KI Eaton 9E6Ki (6KVA) 1\" srcset=\"https:\/\/www.westech.com.tr\/wp-content\/uploads\/2023\/09\/9E6KI-Eaton-9E6Ki-6KVA-1-300x300.jpg 300w, https:\/\/www.westech.com.tr\/wp-content\/uploads\/2023\/09\/9E6KI-Eaton-9E6Ki-6KVA-1-150x150.jpg 150w, https:\/\/www.westech.com.tr\/wp-content\/uploads\/2023\/09\/9E6KI-Eaton-9E6Ki-6KVA-1-768x768.jpg 768w, https:\/\/www.westech.com.tr\/wp-content\/uploads\/2023\/09\/9E6KI-Eaton-9E6Ki-6KVA-1.jpg 1000w\" sizes=\"(max-width: 300px) 100vw, 300px\" \/><\/a><\/li><li><a href=\"https:\/\/www.westech.com.tr\/wp-content\/uploads\/2023\/09\/9E6KI-Eaton-9E6Ki-6KVA-2.jpg\" target=\"_self\"><img loading=\"lazy\" decoding=\"async\" width=\"300\" height=\"300\" src=\"https:\/\/www.westech.com.tr\/wp-content\/uploads\/2023\/09\/9E6KI-Eaton-9E6Ki-6KVA-2-300x300.jpg\" class=\"attachment-medium\" alt=\"\" title=\"9E6KI Eaton 9E6Ki (6KVA) 2\" srcset=\"https:\/\/www.westech.com.tr\/wp-content\/uploads\/2023\/09\/9E6KI-Eaton-9E6Ki-6KVA-2-300x300.jpg 300w, https:\/\/www.westech.com.tr\/wp-content\/uploads\/2023\/09\/9E6KI-Eaton-9E6Ki-6KVA-2-150x150.jpg 150w, https:\/\/www.westech.com.tr\/wp-content\/uploads\/2023\/09\/9E6KI-Eaton-9E6Ki-6KVA-2-768x768.jpg 768w, https:\/\/www.westech.com.tr\/wp-content\/uploads\/2023\/09\/9E6KI-Eaton-9E6Ki-6KVA-2.jpg 1000w\" sizes=\"(max-width: 300px) 100vw, 300px\" \/><\/a><\/li><li><a href=\"https:\/\/www.westech.com.tr\/wp-content\/uploads\/2023\/09\/9E6KI-Eaton-9E6Ki-6KVA-3.jpg\" target=\"_self\"><img loading=\"lazy\" decoding=\"async\" width=\"300\" height=\"300\" src=\"https:\/\/www.westech.com.tr\/wp-content\/uploads\/2023\/09\/9E6KI-Eaton-9E6Ki-6KVA-3-300x300.jpg\" class=\"attachment-medium\" alt=\"\" title=\"9E6KI Eaton 9E6Ki (6KVA) 3\" srcset=\"https:\/\/www.westech.com.tr\/wp-content\/uploads\/2023\/09\/9E6KI-Eaton-9E6Ki-6KVA-3-300x300.jpg 300w, https:\/\/www.westech.com.tr\/wp-content\/uploads\/2023\/09\/9E6KI-Eaton-9E6Ki-6KVA-3-150x150.jpg 150w, https:\/\/www.westech.com.tr\/wp-content\/uploads\/2023\/09\/9E6KI-Eaton-9E6Ki-6KVA-3-768x768.jpg 768w, https:\/\/www.westech.com.tr\/wp-content\/uploads\/2023\/09\/9E6KI-Eaton-9E6Ki-6KVA-3.jpg 1000w\" sizes=\"(max-width: 300px) 100vw, 300px\" \/><\/a><\/li><\/ul><\/div><\/div><\/div><\/div><\/div><\/div><div class=\"wpb_column vc_column_container vc_col-sm-6\"><div class=\"vc_column-inner\"><div class=\"wpb_wrapper\">\n\t<div class=\"wpb_text_column wpb_content_element\" >\n\t\t<div class=\"wpb_wrapper\">\n\t\t\t<h1>9E6KI Eaton 9E6Ki (6KVA) 20\/12dk On-Line Ups<\/h1>\n\n\t\t<\/div>\n\t<\/div>\n\n\t<div class=\"wpb_text_column wpb_content_element\" >\n\t\t<div class=\"wpb_wrapper\">\n\t\t\t<h4>\u00dcr\u00fcn kodu:<b>9E6KI<\/b><\/h4>\n\n\t\t<\/div>\n\t<\/div>\n<div class=\"vc_empty_space\"   style=\"height: 32px\"><span class=\"vc_empty_space_inner\"><\/span><\/div><div class=\"vc_btn3-container vc_btn3-inline\" ><button class=\"vc_general vc_btn3 vc_btn3-size-md vc_btn3-shape-rounded vc_btn3-style-modern vc_btn3-color-danger\">Teklif Al<\/button><\/div><\/div><\/div><\/div><\/div><\/div><div style=\"\" class=\"vc_row wpb_row vc_row-fluid\"><div class=\"row-inner\"><div class=\"wpb_column vc_column_container vc_col-sm-3\"><div class=\"vc_column-inner\"><div class=\"wpb_wrapper\"><div class=\"vc_empty_space\"   style=\"height: 32px\"><span class=\"vc_empty_space_inner\"><\/span><\/div><\/div><\/div><\/div><div class=\"wpb_column vc_column_container vc_col-sm-3\"><div class=\"vc_column-inner\"><div class=\"wpb_wrapper\"><div class=\"vc_empty_space\"   style=\"height: 32px\"><span class=\"vc_empty_space_inner\"><\/span><\/div><\/div><\/div><\/div><div class=\"wpb_column vc_column_container vc_col-sm-3\"><div class=\"vc_column-inner\"><div class=\"wpb_wrapper\"><div class=\"vc_empty_space\"   style=\"height: 32px\"><span class=\"vc_empty_space_inner\"><\/span><\/div><\/div><\/div><\/div><div class=\"wpb_column vc_column_container vc_col-sm-3\"><div class=\"vc_column-inner\"><div class=\"wpb_wrapper\"><div class=\"vc_empty_space\"   style=\"height: 32px\"><span class=\"vc_empty_space_inner\"><\/span><\/div><\/div><\/div><\/div><\/div><\/div><div style=\"\" class=\"vc_row wpb_row vc_row-fluid\"><div class=\"row-inner\"><div class=\"wpb_column vc_column_container vc_col-sm-12\"><div class=\"vc_column-inner\"><div class=\"wpb_wrapper\"><div class=\"vc_tta-container\" data-vc-action=\"collapse\"><div class=\"vc_general vc_tta vc_tta-tabs vc_tta-color-grey vc_tta-style-classic vc_tta-shape-rounded vc_tta-spacing-1 vc_tta-tabs-position-top vc_tta-controls-align-left\"><div class=\"vc_tta-tabs-container\"><ul class=\"vc_tta-tabs-list\"><li class=\"vc_tta-tab vc_active\" data-vc-tab><a href=\"#1692870200808-29f2690b-4a23\" data-vc-tabs data-vc-container=\".vc_tta\"><span class=\"vc_tta-title-text\">\u00dcr\u00fcn A\u00e7\u0131klamas\u0131<\/span><\/a><\/li><li class=\"vc_tta-tab\" data-vc-tab><a href=\"#1694777871643-ad942ca4-002b\" data-vc-tabs data-vc-container=\".vc_tta\"><span class=\"vc_tta-title-text\">Teknik \u00d6zellikler<\/span><\/a><\/li><li class=\"vc_tta-tab\" data-vc-tab><a href=\"#1692870355708-af0c3d79-86cf\" data-vc-tabs data-vc-container=\".vc_tta\"><span class=\"vc_tta-title-text\">D\u00f6k\u00fcmanlar<\/span><\/a><\/li><\/ul><\/div><div class=\"vc_tta-panels-container\"><div class=\"vc_tta-panels\"><div class=\"vc_tta-panel vc_active\" id=\"1692870200808-29f2690b-4a23\" data-vc-content=\".vc_tta-panel-body\"><div class=\"vc_tta-panel-heading\"><h4 class=\"vc_tta-panel-title\"><a href=\"#1692870200808-29f2690b-4a23\" data-vc-accordion data-vc-container=\".vc_tta-container\"><span class=\"vc_tta-title-text\">\u00dcr\u00fcn A\u00e7\u0131klamas\u0131<\/span><\/a><\/h4><\/div><div class=\"vc_tta-panel-body\">\n\t<div class=\"wpb_text_column wpb_content_element\" >\n\t\t<div class=\"wpb_wrapper\">\n\t\t\t<div class=\"property_single\">\n<div class=\"property_single\">\n<div class=\"property_single\">\n<div class=\"property_single\">\n<div class=\"property_single\">\n<div class=\"property_title\">\n<div class=\"property_single\">\n<div class=\"main\">\n<div class=\"detail\">\n<div class=\"detail_content\">\n<div class=\"detail_tab_content\">\n<div id=\"tab_conn1\" class=\"tab_conn tab_conn_active\">\n<div class=\"property_single\">\n<div class=\"property_single\">\n<div class=\"property_single\">\n<div class=\"property_title\">\n<div class=\"property_title\">\n<div class=\"property_single\">\n<div class=\"property_single\">\n<div class=\"property_title\">\n<div class=\"property_single\">\n<table style=\"height: 1939px;\" border=\"0\" width=\"524\" cellspacing=\"0\" cellpadding=\"0\">\n<tbody>\n<tr>\n<td colspan=\"2\"><strong><img loading=\"lazy\" decoding=\"async\" class=\"\" src=\"http:\/\/www.betsis.com.tr\/urunresim\/OzellikResim\/Eaton_Powering.png\" alt=\"http:\/\/www.betsis.com.tr\/urunresim\/OzellikResim\/Eaton_Powering.png\" width=\"233\" height=\"81\" \/><\/strong><\/td>\n<td>\n<h1><strong>Eaton 9E UPS<\/strong><\/h1>\n<\/td>\n<\/tr>\n<tr>\n<td>End\u00fcstriyel, Medikal, Bilgi Teknolojisi (IT), Telekom ortamlar\u0131nda m\u00fckemmel \u00e7ift \u00e7evrim korumas\u0131 sa\u011flar.<\/p>\n<h2><strong>Esnek Kullan\u0131m \u00d6zellikleri<\/strong><\/h2>\n<p>Herhangi ar\u0131za durumunda otomatik devreye giren dahili by-pass \u00f6zelli\u011fi ile, i\u015f s\u00fcrecinizi durdurmadan ar\u0131zan\u0131n giderilebilmesi m\u00fcmk\u00fcn olur. Kritik sistemlerinizi durdurmadan UPS\u2019iniz bak\u0131m\u0131n\u0131 kolayca yapabilmeniz i\u00e7in bak\u0131m by-pass \u00f6zelli\u011fi vard\u0131r.<\/p>\n<p>&nbsp;<\/p>\n<p>1:1 ve 3:1\u00a0destekleyen kombo giri\u015f \u00f6zelli\u011fi olan 10, 15 ve 20 kVA 9E UPS\u2019ler kurulumunuzda size daha esnek davranma olana\u011f\u0131 verir.<\/p>\n<p>&nbsp;<\/p>\n<p>Harici ak\u00fc mod\u00fclleri ekleyerek ak\u00fc besleme s\u00fcreleri istenildi\u011fi kadar artt\u0131r\u0131labilir.<\/p>\n<p>&nbsp;<\/td>\n<td><\/td>\n<td>&nbsp;<\/p>\n<p>&nbsp;<\/p>\n<p><img loading=\"lazy\" decoding=\"async\" class=\"\" src=\"http:\/\/www.betsis.com.tr\/urunresim\/OzellikResim\/9e_kullanici.png\" alt=\"\" width=\"175\" height=\"117\" \/><\/p>\n<h2><strong>G\u00fcvenirlilik ve Performans<\/strong><\/h2>\n<p>\u00c7ift \u00e7evrim \u00f6zelli\u011fi ile s\u00fcrekli olarak ak\u0131m kontrol\u00fc yapar ve voltaj ve frekans reg\u00fclasyonu yapar. \u00c7ift \u00e7evrim teknolojisi bilinen 9 zararl\u0131 elektrik durumuna kar\u015f\u0131 etkin koruma sa\u011flar,<\/p>\n<p>&nbsp;<\/p>\n<p>Eaton\u2019\u0131n yeni 9E ailesi \u00fcr\u00fcnleri 0.8 G\u00fc\u00e7 fakt\u00f6r\u00fc sa\u011flar. Ayn\u0131 nominal de\u011fere sahip pek \u00e7ok benzerinden \u00e7ok daha fazla cihaz\u0131 destekleyebilir.<\/p>\n<p>&nbsp;<\/p>\n<p>Onlarca y\u0131ll\u0131k deneyimi ile uluslararas\u0131 UPS markas\u0131 Eaton\u2019\u0131n, y\u00fcksek kalite standartlar\u0131na sahip 9E serisi \u00fcr\u00fcnleri i\u00e7in CE raporlar\u0131n\u0131 TUV d\u00fczenler.<\/p>\n<p>&nbsp;<\/td>\n<\/tr>\n<tr>\n<td>\n<h2><strong>Y\u00f6netilebilirlik<\/strong><\/h2>\n<p>UPS\u2019in durumu ve \u00f6l\u00e7\u00fcmleri i\u00e7in gerekli bilgileri tek bir ekranda yeni geli\u015ftirilmi\u015f LCD ekran verir. Y\u00fck durumu, ak\u00fc durumu, giri\u015f\/\u00e7\u0131k\u0131\u015f voltaj de\u011feri ve frekanslar\u0131 LCD ekranda kolayca g\u00f6r\u00fclebilir.<\/p>\n<p>&nbsp;<\/p>\n<p><img decoding=\"async\" src=\"http:\/\/www.betsis.com.tr\/urunresim\/OzellikResim\/9e_lcd.png\" alt=\"\" \/><\/p>\n<p>&nbsp;<\/p>\n<p>USB ve RS232 seri ba\u011flant\u0131lar ile, veya (opsiyonel olarak) Network-MS a\u011f kart\u0131 ile a\u011f \u00fczerinden 9e UPS\u2019i kolayca kontrol edebilirsiniz.Relay Kartlar\u0131 ve ModBus kartlar\u0131 da kullan\u0131labilir.<\/p>\n<p>&nbsp;<\/p>\n<p>&nbsp;<\/td>\n<td><\/td>\n<td>\n<h2><img decoding=\"async\" src=\"http:\/\/www.betsis.com.tr\/urunresim\/OzellikResim\/Eaton_IntelligentPower.png\" alt=\"\" \/><\/h2>\n<div><\/div>\n<div>9E UPS\u2019ler Eaton\u2019\u0131n Intelligent Power\u2122 yaz\u0131l\u0131m\u0131 ile birlikte gelir; her t\u00fcr yaz\u0131l\u0131m ortam\u0131na kolayca entegre edilebilir.Genel kullan\u0131mdaki t\u00fcm i\u015fletim sistemlerine uyumludur, ayr\u0131ca VMware vCenter ve Microsoft Hyper-V ile geli\u015fkin entegrasyonlar yap\u0131labilir.<\/div>\n<div><\/div>\n<\/td>\n<\/tr>\n<\/tbody>\n<\/table>\n<h1><\/h1>\n<\/div>\n<div class=\"property_title\">\n<div class=\"property_title\">\n<div class=\"property_title\">\n<div class=\"property_multi\">\n<div class=\"property_multi_text\">\n<table width=\"530\">\n<tbody>\n<tr>\n<td colspan=\"2\" width=\"195\">Net A\u011f\u0131rl\u0131k<\/td>\n<td colspan=\"2\" width=\"335\">\u00a068 KG<\/td>\n<\/tr>\n<tr>\n<td colspan=\"2\">Besleme S\u00fcresi (Tam\/Yar\u0131m Y\u00fck)<\/td>\n<td colspan=\"2\">\u00a012 DK. \/ 20 DK.<\/td>\n<\/tr>\n<tr>\n<td colspan=\"2\">Boyutlar (Y x G x D)<\/td>\n<td colspan=\"2\">\u00a0708,5 X 262,4 X 612,9 MM<\/td>\n<\/tr>\n<tr>\n<td colspan=\"2\">Rack Y\u00fcksekli\u011fi<\/td>\n<td colspan=\"2\">\u00a0\u2013 TOWER<\/td>\n<\/tr>\n<tr>\n<td colspan=\"2\" width=\"195\">Bypass<\/td>\n<td colspan=\"2\">\u00a0\u2013<\/td>\n<\/tr>\n<tr>\n<td colspan=\"2\">\u00c7al\u0131\u015fma Sistemi<\/td>\n<td colspan=\"2\">\u00a0On Line (\u00c7ift \u00c7evrim)<\/td>\n<\/tr>\n<tr>\n<td colspan=\"2\">\u00c7al\u0131\u015fma S\u0131cakl\u0131\u011f\u0131<\/td>\n<td colspan=\"2\">\u00a00 \u00b0C &amp; +40 \u00b0C<\/td>\n<\/tr>\n<tr>\n<td colspan=\"2\">\u00c7\u0131k\u0131\u015f G\u00fcc\u00fc<\/td>\n<td colspan=\"2\" width=\"335\">\u00a06000 VA\/ 4800 W<\/td>\n<\/tr>\n<tr>\n<td colspan=\"2\">\u00c7\u0131k\u0131\u015f Ba\u011flant\u0131s\u0131<\/td>\n<td colspan=\"2\">\u00a0KLEMENS ILE BAGLANTI<\/td>\n<\/tr>\n<tr>\n<td colspan=\"2\">\u00c7\u0131k\u0131\u015f Voltaj\u0131<\/td>\n<td colspan=\"2\">\u00a0220V-230V-240Volt Ayarlanabilir<\/td>\n<\/tr>\n<tr>\n<td colspan=\"2\">Dalga \u015eekli<\/td>\n<td colspan=\"2\">\u00a0Ger\u00e7ek Sin\u00fcs<\/td>\n<\/tr>\n<tr>\n<td colspan=\"2\">Depolama S\u0131cakl\u0131\u011f\u0131<\/td>\n<td colspan=\"2\">\u00a00C \/ +40C<\/td>\n<\/tr>\n<tr>\n<td colspan=\"2\">EPO Acil Kapatma<\/td>\n<td colspan=\"2\">\u00a0Var<\/td>\n<\/tr>\n<tr>\n<td colspan=\"2\">Garanti<\/td>\n<td colspan=\"2\">\u00a02 YIL<\/td>\n<\/tr>\n<tr>\n<td colspan=\"2\" width=\"195\">Giri\u015f Frekans\u0131<\/td>\n<td colspan=\"2\">\u00a050\/60 Hz +\/- 5 Hz (Otomatik Alg\u0131lama)<\/td>\n<\/tr>\n<tr>\n<td colspan=\"2\">Giri\u015f Ba\u011flant\u0131 tipi<\/td>\n<td colspan=\"2\">\u00a01 Faz 3 Kablo ile Klemens Giri\u015f<\/td>\n<\/tr>\n<tr>\n<td colspan=\"2\">Giri\u015f Voltaj Aral\u0131\u011f\u0131<\/td>\n<td colspan=\"2\" width=\"335\">\u00a0176-276 VAC<\/td>\n<\/tr>\n<tr>\n<td colspan=\"2\">Haberle\u015fme<\/td>\n<td colspan=\"2\">\u00a0RS232 &amp; USB<\/td>\n<\/tr>\n<tr>\n<td colspan=\"2\">Renk<\/td>\n<td colspan=\"2\">\u00a0SIYAH<\/td>\n<\/tr>\n<tr>\n<td colspan=\"2\">G\u00fcr\u00fclt\u00fc Seviyesi (1 Metre)<\/td>\n<td colspan=\"2\">\u00a0&lt;55 dBA<\/td>\n<\/tr>\n<tr>\n<td colspan=\"2\">Tam Y\u00fckte Verimlilik<\/td>\n<td colspan=\"2\">\u00a0\u2013<\/td>\n<\/tr>\n<tr>\n<td colspan=\"2\">WEB\/ SNMP Kart\u0131<\/td>\n<td colspan=\"2\">\u00a0Opsiyonel Tak\u0131labilir<\/td>\n<\/tr>\n<\/tbody>\n<\/table>\n<\/div>\n<\/div>\n<\/div>\n<\/div>\n<\/div>\n<\/div>\n<\/div>\n<\/div>\n<\/div>\n<\/div>\n<\/div>\n<\/div>\n<\/div>\n<\/div>\n<\/div>\n<\/div>\n<\/div>\n<\/div>\n<\/div>\n<\/div>\n<\/div>\n<\/div>\n<\/div>\n<\/div>\n<\/div>\n\n\t\t<\/div>\n\t<\/div>\n<\/div><\/div><div class=\"vc_tta-panel\" id=\"1694777871643-ad942ca4-002b\" data-vc-content=\".vc_tta-panel-body\"><div class=\"vc_tta-panel-heading\"><h4 class=\"vc_tta-panel-title\"><a href=\"#1694777871643-ad942ca4-002b\" data-vc-accordion data-vc-container=\".vc_tta-container\"><span class=\"vc_tta-title-text\">Teknik \u00d6zellikler<\/span><\/a><\/h4><\/div><div class=\"vc_tta-panel-body\">\n\t<div class=\"wpb_text_column wpb_content_element\" >\n\t\t<div class=\"wpb_wrapper\">\n\t\t\t<h1>9E6KI Teknik \u00d6zellikler<\/h1>\n<h2>Eaton 9E 6kVA 1:1<\/h2>\n<table border=\"1\" cellspacing=\"0\" cellpadding=\"5\">\n<tbody>\n<tr>\n<td colspan=\"2\">\n<h2><strong>Genel<\/strong><\/h2>\n<\/td>\n<\/tr>\n<tr>\n<td>Topoloji<\/td>\n<td>Online double conversion (\u00e7ift \u00e7evrim)<\/td>\n<\/tr>\n<tr>\n<td>Yap\u0131land\u0131rma<\/td>\n<td>Tower<\/td>\n<\/tr>\n<tr>\n<td>Par\u00e7a Numaras\u0131<\/td>\n<td>9E6Ki<\/td>\n<\/tr>\n<tr>\n<td>S\u0131n\u0131fland\u0131rma (VA\/Watts)<\/td>\n<td>6000\/4800<\/td>\n<\/tr>\n<tr>\n<td>Ebatlar (Y x G x D, mm)<\/td>\n<td>708.5 x 262.4 x 612.9<\/td>\n<\/tr>\n<tr>\n<td>A\u011f\u0131rl\u0131k (kg)<\/td>\n<td>68<\/td>\n<\/tr>\n<tr>\n<td>Garanti<\/td>\n<td>2 y\u0131l<\/td>\n<\/tr>\n<tr>\n<td colspan=\"2\">\n<h2>Elektrik Giri\u015f<\/h2>\n<\/td>\n<\/tr>\n<tr>\n<td>Ba\u011flant\u0131<\/td>\n<td>Hardwired \u2013 Terminal Blok dizilimi i\u00e7in kullan\u0131c\u0131 manueline bak\u0131n\u0131z<\/p>\n<p><img decoding=\"async\" src=\"http:\/\/www.betsis.com.tr\/urunresim\/OzellikResim\/hardwired.gif\" alt=\"Hardwired - example layout only\" \/><\/td>\n<\/tr>\n<tr>\n<td>Giri\u015f Gerilim Aral\u0131\u011f\u0131<\/td>\n<td>176-276V gerilim azaltmadan (110-276V\u2019e kadar gerilim azaltarak)<\/td>\n<\/tr>\n<tr>\n<td>Nominal Gerilim<\/td>\n<td>220\/230\/240V<\/td>\n<\/tr>\n<tr>\n<td>Frekans<\/td>\n<td>50\/60 Hz otomatik se\u00e7im<\/td>\n<\/tr>\n<tr>\n<td>Frekans Aral\u0131\u011f\u0131<\/td>\n<td>45-66 Hz<\/td>\n<\/tr>\n<tr>\n<td>K\u0131sa Devre Ak\u0131m\u0131<\/td>\n<td>82 A<\/td>\n<\/tr>\n<tr>\n<td colspan=\"2\">\n<h2>Elektrik \u00c7\u0131k\u0131\u015f<\/h2>\n<\/td>\n<\/tr>\n<tr>\n<td>Gerilimler<\/td>\n<td>220V\/230V\/240V \u00b12 %<\/td>\n<\/tr>\n<tr>\n<td>Gerilim THD<\/td>\n<td>&lt;3%<\/td>\n<\/tr>\n<tr>\n<td>\u00c7\u0131k\u0131\u015f Yuvas\u0131<\/td>\n<td>Hardwired \u2013 Terminal Blok dizilimi i\u00e7in kullan\u0131c\u0131 manueline bak\u0131n\u0131z<\/p>\n<p><img decoding=\"async\" src=\"http:\/\/www.betsis.com.tr\/urunresim\/OzellikResim\/hardwired.gif\" alt=\"Hardwired - example layout only\" \/><\/td>\n<\/tr>\n<tr>\n<td>A\u015f\u0131r\u0131 Y\u00fck Kapasitesi<\/td>\n<td>105%-110% : 5 dk, 110%-130% : 1 dk, 130%-150% : 10s, &gt;150% : 100ms<\/td>\n<\/tr>\n<tr>\n<td>Verim (Normal Mod)<\/td>\n<td>Online Modda %93\u2019e kadar, ECO modda %97<\/td>\n<\/tr>\n<tr>\n<td>\u00c7\u0131k\u0131\u015f Frekans\u0131<\/td>\n<td>50\/60 Hz otomatik se\u00e7im, Frekans konvert\u00f6r standart<\/td>\n<\/tr>\n<tr>\n<td colspan=\"2\">\n<h2>Haberle\u015fme<\/h2>\n<\/td>\n<\/tr>\n<tr>\n<td>Haberle\u015fme Portlar\u0131<\/td>\n<td>1 USB port + 1 RS232 seri port (USB ve RS232 portlar\u0131 ayn\u0131 anda kullan\u0131lamaz)<\/td>\n<\/tr>\n<tr>\n<td>Haberle\u015fme Yuvalar\u0131<\/td>\n<td>1 slot &#8211; Network-MS, ModBus-MS veya Relay-MS kartlar\u0131 i\u00e7in<\/td>\n<\/tr>\n<tr>\n<td>G\u00fc\u00e7 Y\u00f6netim Yaz\u0131l\u0131m\u0131<\/td>\n<td>Intelligent Power Software<\/td>\n<\/tr>\n<tr>\n<td colspan=\"2\">\n<h2>Ortam &amp; Standartlar<\/h2>\n<\/td>\n<\/tr>\n<tr>\n<td>Duyulabilir G\u00fcr\u00fclt\u00fc<\/td>\n<td>&lt;55dB<\/td>\n<\/tr>\n<tr>\n<td>\u00c7al\u0131\u015fma S\u0131cakl\u0131\u011f\u0131<\/td>\n<td>0 to 40\u00b0C<\/td>\n<\/tr>\n<tr>\n<td>G\u00fcvenlik \u0130\u015fareti<\/td>\n<td>IEC\/EN 62040-1<\/td>\n<\/tr>\n<tr>\n<td>EMC I\u015faretleri<\/td>\n<td>IEC\/EN 62040 -2<\/td>\n<\/tr>\n<tr>\n<td>Onaylar<\/td>\n<td>CE, CB report (TUV)<\/td>\n<\/tr>\n<\/tbody>\n<\/table>\n<h1><\/h1>\n\n\t\t<\/div>\n\t<\/div>\n<\/div><\/div><div class=\"vc_tta-panel\" id=\"1692870355708-af0c3d79-86cf\" data-vc-content=\".vc_tta-panel-body\"><div class=\"vc_tta-panel-heading\"><h4 class=\"vc_tta-panel-title\"><a href=\"#1692870355708-af0c3d79-86cf\" data-vc-accordion data-vc-container=\".vc_tta-container\"><span class=\"vc_tta-title-text\">D\u00f6k\u00fcmanlar<\/span><\/a><\/h4><\/div><div class=\"vc_tta-panel-body\">\n\t<div class=\"wpb_text_column wpb_content_element\" >\n\t\t<div class=\"wpb_wrapper\">\n\t\t\t<h5><a href=\"http:\/\/www.westech.com.tr\/wp-content\/uploads\/2023\/09\/9E_Data-Sheet_EN.pdf\">9E_Data-Sheet_EN<\/a><\/h5>\n\n\t\t<\/div>\n\t<\/div>\n<\/div><\/div><\/div><\/div><\/div><\/div><\/div><\/div><\/div><\/div><\/div>\n<\/section>","protected":false},"excerpt":{"rendered":"9E6KI Eaton 9E6Ki (6KVA) 20\/12dk On-Line Ups \u00dcr\u00fcn kodu:9E6KI Teklif Al\u00dcr\u00fcn A\u00e7\u0131klamas\u0131Teknik \u00d6zelliklerD\u00f6k\u00fcmanlar\u00dcr\u00fcn A\u00e7\u0131klamas\u0131 Eaton 9E UPS End\u00fcstriyel, Medikal, Bilgi Teknolojisi (IT), Telekom ortamlar\u0131nda m\u00fckemmel \u00e7ift \u00e7evrim korumas\u0131 sa\u011flar. Esnek Kullan\u0131m \u00d6zellikleri Herhangi ar\u0131za durumunda otomatik devreye giren dahili by-pass \u00f6zelli\u011fi ile, i\u015f s\u00fcrecinizi durdurmadan ar\u0131zan\u0131n giderilebilmesi m\u00fcmk\u00fcn olur. Kritik sistemlerinizi durdurmadan UPS\u2019iniz bak\u0131m\u0131n\u0131 kolayca [...]","protected":false},"author":1,"featured_media":0,"parent":0,"menu_order":0,"comment_status":"closed","ping_status":"closed","template":"tmpl\/template-fullwidth.php","meta":{"om_disable_all_campaigns":false,"_monsterinsights_skip_tracking":false,"_monsterinsights_sitenote_active":false,"_monsterinsights_sitenote_note":"","_monsterinsights_sitenote_category":0,"footnotes":""},"class_list":["post-3962","page","type-page","status-publish","hentry"],"acf":[],"aioseo_notices":[],"_links":{"self":[{"href":"http:\/\/www.westech.com.tr\/en\/wp-json\/wp\/v2\/pages\/3962"}],"collection":[{"href":"http:\/\/www.westech.com.tr\/en\/wp-json\/wp\/v2\/pages"}],"about":[{"href":"http:\/\/www.westech.com.tr\/en\/wp-json\/wp\/v2\/types\/page"}],"author":[{"embeddable":true,"href":"http:\/\/www.westech.com.tr\/en\/wp-json\/wp\/v2\/users\/1"}],"replies":[{"embeddable":true,"href":"http:\/\/www.westech.com.tr\/en\/wp-json\/wp\/v2\/comments?post=3962"}],"version-history":[{"count":2,"href":"http:\/\/www.westech.com.tr\/en\/wp-json\/wp\/v2\/pages\/3962\/revisions"}],"predecessor-version":[{"id":5190,"href":"http:\/\/www.westech.com.tr\/en\/wp-json\/wp\/v2\/pages\/3962\/revisions\/5190"}],"wp:attachment":[{"href":"http:\/\/www.westech.com.tr\/en\/wp-json\/wp\/v2\/media?parent=3962"}],"curies":[{"name":"wp","href":"https:\/\/api.w.org\/{rel}","templated":true}]}}