{"id":4089,"date":"2023-09-19T13:45:27","date_gmt":"2023-09-19T10:45:27","guid":{"rendered":"http:\/\/www.westech.com.tr\/?page_id=4089"},"modified":"2023-10-16T15:07:03","modified_gmt":"2023-10-16T12:07:03","slug":"9sx11ki-eaton-9sx-online-11kva-ups","status":"publish","type":"page","link":"http:\/\/www.westech.com.tr\/en\/9sx11ki-eaton-9sx-online-11kva-ups\/","title":{"rendered":"9SX11KI Eaton 9SX, OnLine, 11kVA Ups"},"content":{"rendered":"<section class=\"wpb-content-wrapper\"><div style=\"\" class=\"vc_row wpb_row vc_row-fluid\"><div class=\"row-inner\"><div class=\"wpb_column vc_column_container vc_col-sm-6\"><div class=\"vc_column-inner\"><div class=\"wpb_wrapper\"><div class=\"vc_empty_space\"   style=\"height: 32px\"><span class=\"vc_empty_space_inner\"><\/span><\/div><div class=\"wpb_gallery wpb_content_element vc_clearfix\" ><div class=\"wpb_wrapper\"><div class=\"wpb_gallery_slides wpb_flexslider flexslider_fade flexslider\" data-interval=\"3\" data-flex_fx=\"fade\"><ul class=\"slides\"><li><a href=\"https:\/\/www.westech.com.tr\/wp-content\/uploads\/2023\/09\/9SX11KI-Eaton-9SX-1.jpg\" target=\"_self\"><img loading=\"lazy\" decoding=\"async\" width=\"300\" height=\"300\" src=\"https:\/\/www.westech.com.tr\/wp-content\/uploads\/2023\/09\/9SX11KI-Eaton-9SX-1.jpg\" class=\"attachment-medium\" alt=\"\" title=\"9SX11KI Eaton 9SX 1\" srcset=\"https:\/\/www.westech.com.tr\/wp-content\/uploads\/2023\/09\/9SX11KI-Eaton-9SX-1.jpg 300w, https:\/\/www.westech.com.tr\/wp-content\/uploads\/2023\/09\/9SX11KI-Eaton-9SX-1-150x150.jpg 150w\" sizes=\"(max-width: 300px) 100vw, 300px\" \/><\/a><\/li><li><a href=\"https:\/\/www.westech.com.tr\/wp-content\/uploads\/2023\/09\/9SX11KI-Eaton-9SX-2.jpg\" target=\"_self\"><img loading=\"lazy\" decoding=\"async\" width=\"300\" height=\"300\" src=\"https:\/\/www.westech.com.tr\/wp-content\/uploads\/2023\/09\/9SX11KI-Eaton-9SX-2-300x300.jpg\" class=\"attachment-medium\" alt=\"\" title=\"9SX11KI Eaton 9SX 2\" srcset=\"https:\/\/www.westech.com.tr\/wp-content\/uploads\/2023\/09\/9SX11KI-Eaton-9SX-2-300x300.jpg 300w, https:\/\/www.westech.com.tr\/wp-content\/uploads\/2023\/09\/9SX11KI-Eaton-9SX-2-150x150.jpg 150w, https:\/\/www.westech.com.tr\/wp-content\/uploads\/2023\/09\/9SX11KI-Eaton-9SX-2-768x768.jpg 768w, https:\/\/www.westech.com.tr\/wp-content\/uploads\/2023\/09\/9SX11KI-Eaton-9SX-2.jpg 1000w\" sizes=\"(max-width: 300px) 100vw, 300px\" \/><\/a><\/li><li><a href=\"https:\/\/www.westech.com.tr\/wp-content\/uploads\/2023\/09\/9SX11KI-Eaton-9SX-3.jpg\" target=\"_self\"><img loading=\"lazy\" decoding=\"async\" width=\"300\" height=\"300\" src=\"https:\/\/www.westech.com.tr\/wp-content\/uploads\/2023\/09\/9SX11KI-Eaton-9SX-3-300x300.jpg\" class=\"attachment-medium\" alt=\"\" title=\"9SX11KI Eaton 9SX 3\" srcset=\"https:\/\/www.westech.com.tr\/wp-content\/uploads\/2023\/09\/9SX11KI-Eaton-9SX-3-300x300.jpg 300w, https:\/\/www.westech.com.tr\/wp-content\/uploads\/2023\/09\/9SX11KI-Eaton-9SX-3-150x150.jpg 150w, https:\/\/www.westech.com.tr\/wp-content\/uploads\/2023\/09\/9SX11KI-Eaton-9SX-3-768x768.jpg 768w, https:\/\/www.westech.com.tr\/wp-content\/uploads\/2023\/09\/9SX11KI-Eaton-9SX-3.jpg 1000w\" sizes=\"(max-width: 300px) 100vw, 300px\" \/><\/a><\/li><\/ul><\/div><\/div><\/div><\/div><\/div><\/div><div class=\"wpb_column vc_column_container vc_col-sm-6\"><div class=\"vc_column-inner\"><div class=\"wpb_wrapper\">\n\t<div class=\"wpb_text_column wpb_content_element\" >\n\t\t<div class=\"wpb_wrapper\">\n\t\t\t<h1>9SX11KI Eaton 9SX, OnLine, 11kVA Ups<\/h1>\n\n\t\t<\/div>\n\t<\/div>\n\n\t<div class=\"wpb_text_column wpb_content_element\" >\n\t\t<div class=\"wpb_wrapper\">\n\t\t\t<h4>\u00dcr\u00fcn kodu:\u00a0<b>9SX11KI<\/b><\/h4>\n\n\t\t<\/div>\n\t<\/div>\n<div class=\"vc_empty_space\"   style=\"height: 32px\"><span class=\"vc_empty_space_inner\"><\/span><\/div><div class=\"vc_btn3-container vc_btn3-inline\" ><button class=\"vc_general vc_btn3 vc_btn3-size-md vc_btn3-shape-rounded vc_btn3-style-modern vc_btn3-color-danger\">Teklif Al<\/button><\/div><\/div><\/div><\/div><\/div><\/div><div style=\"\" class=\"vc_row wpb_row vc_row-fluid\"><div class=\"row-inner\"><div class=\"wpb_column vc_column_container vc_col-sm-3\"><div class=\"vc_column-inner\"><div class=\"wpb_wrapper\"><div class=\"vc_empty_space\"   style=\"height: 32px\"><span class=\"vc_empty_space_inner\"><\/span><\/div><\/div><\/div><\/div><div class=\"wpb_column vc_column_container vc_col-sm-3\"><div class=\"vc_column-inner\"><div class=\"wpb_wrapper\"><div class=\"vc_empty_space\"   style=\"height: 32px\"><span class=\"vc_empty_space_inner\"><\/span><\/div><\/div><\/div><\/div><div class=\"wpb_column vc_column_container vc_col-sm-3\"><div class=\"vc_column-inner\"><div class=\"wpb_wrapper\"><div class=\"vc_empty_space\"   style=\"height: 32px\"><span class=\"vc_empty_space_inner\"><\/span><\/div><\/div><\/div><\/div><div class=\"wpb_column vc_column_container vc_col-sm-3\"><div class=\"vc_column-inner\"><div class=\"wpb_wrapper\"><div class=\"vc_empty_space\"   style=\"height: 32px\"><span class=\"vc_empty_space_inner\"><\/span><\/div><\/div><\/div><\/div><\/div><\/div><div style=\"\" class=\"vc_row wpb_row vc_row-fluid\"><div class=\"row-inner\"><div class=\"wpb_column vc_column_container vc_col-sm-12\"><div class=\"vc_column-inner\"><div class=\"wpb_wrapper\"><div class=\"vc_tta-container\" data-vc-action=\"collapse\"><div class=\"vc_general vc_tta vc_tta-tabs vc_tta-color-grey vc_tta-style-classic vc_tta-shape-rounded vc_tta-spacing-1 vc_tta-tabs-position-top vc_tta-controls-align-left\"><div class=\"vc_tta-tabs-container\"><ul class=\"vc_tta-tabs-list\"><li class=\"vc_tta-tab vc_active\" data-vc-tab><a href=\"#1692870200808-29f2690b-4a23\" data-vc-tabs data-vc-container=\".vc_tta\"><span class=\"vc_tta-title-text\">\u00dcr\u00fcn A\u00e7\u0131klamas\u0131<\/span><\/a><\/li><li class=\"vc_tta-tab\" data-vc-tab><a href=\"#1694777871643-ad942ca4-002b\" data-vc-tabs data-vc-container=\".vc_tta\"><span class=\"vc_tta-title-text\">Teknik \u00d6zellikler<\/span><\/a><\/li><li class=\"vc_tta-tab\" data-vc-tab><a href=\"#1692870355708-af0c3d79-86cf\" data-vc-tabs data-vc-container=\".vc_tta\"><span class=\"vc_tta-title-text\">D\u00f6k\u00fcmanlar<\/span><\/a><\/li><\/ul><\/div><div class=\"vc_tta-panels-container\"><div class=\"vc_tta-panels\"><div class=\"vc_tta-panel vc_active\" id=\"1692870200808-29f2690b-4a23\" data-vc-content=\".vc_tta-panel-body\"><div class=\"vc_tta-panel-heading\"><h4 class=\"vc_tta-panel-title\"><a href=\"#1692870200808-29f2690b-4a23\" data-vc-accordion data-vc-container=\".vc_tta-container\"><span class=\"vc_tta-title-text\">\u00dcr\u00fcn A\u00e7\u0131klamas\u0131<\/span><\/a><\/h4><\/div><div class=\"vc_tta-panel-body\">\n\t<div class=\"wpb_text_column wpb_content_element\" >\n\t\t<div class=\"wpb_wrapper\">\n\t\t\t<div class=\"property_single\">\n<div class=\"property_single\">\n<div class=\"property_single\">\n<div class=\"property_single\">\n<div class=\"property_single\">\n<div class=\"property_title\">\n<div class=\"property_single\">\n<div class=\"main\">\n<div class=\"detail\">\n<div class=\"detail_content\">\n<div class=\"detail_tab_content\">\n<div id=\"tab_conn1\" class=\"tab_conn tab_conn_active\">\n<div class=\"property_single\">\n<div class=\"property_single\">\n<div class=\"property_single\">\n<div class=\"property_title\">\n<div class=\"property_title\">\n<div class=\"property_single\">\n<div class=\"property_single\">\n<div class=\"property_title\">\n<div class=\"property_single\">\n<div class=\"property_single\">\n<div class=\"property_single\">\n<h1>Eaton 9SX UPS<\/h1>\n<table border=\"0\" cellspacing=\"0\" cellpadding=\"10\">\n<tbody>\n<tr>\n<td>Eaton 9SX, altyap\u0131, end\u00fcstri, medikal, BT, a\u011f kurma, depolama ve telekom alanlar\u0131nda y\u00fcksek kullan\u0131labilirlik, esneklik ve geli\u015fmi\u015f koruma sa\u011flar. \u00c7ok y\u00f6nl\u00fc Rack\/Tower format\u0131nda %95\u2019e kadar verimlilikle on-line \u00e7ift \u00e7evrim korumas\u0131 sunar.<\/p>\n<p>&nbsp;<\/p>\n<p><img loading=\"lazy\" decoding=\"async\" class=\"\" src=\"http:\/\/www.betsis.com.tr\/UrunResim\/OzellikResim\/9SX_RT.jpg\" alt=\"\" width=\"436\" height=\"332\" \/><\/p>\n<p><img loading=\"lazy\" decoding=\"async\" class=\"alignright\" style=\"font-family: inherit; font-size: inherit;\" src=\"http:\/\/www.betsis.com.tr\/UrunResim\/OzellikResim\/Energy-star-logo.jpg\" alt=\"\" width=\"211\" height=\"215\" \/><\/td>\n<td><\/td>\n<\/tr>\n<\/tbody>\n<\/table>\n<p>&nbsp;<\/p>\n<h2><em>\u00d6zellikler<\/em><\/h2>\n<table border=\"0\" cellspacing=\"0\" cellpadding=\"10\">\n<tbody>\n<tr>\n<td>* On-line \u00e7ift \u00e7evrim topolojisi<\/p>\n<p>&nbsp;<\/p>\n<p>* Online \u00e7al\u0131\u015fma modunda %95\u2019e kadar verim (ENERGY STAR\u00ae sertifikal\u0131 UPS)<\/p>\n<p>&nbsp;<\/p>\n<p>* Yeni nesil grafik LCD ekran (7 farkl\u0131 dil se\u00e7ene\u011fi)<\/p>\n<p>&nbsp;<\/p>\n<p>* 0,9 \u00e7\u0131k\u0131\u015f g\u00fc\u00e7 fakt\u00f6r\u00fc ile daha fazla ger\u00e7ek g\u00fc\u00e7 sa\u011flayarak daha fazla ekipman\u0131n\u0131z\u0131n korunmas\u0131n\u0131 sa\u011flar<\/p>\n<p>&nbsp;<\/p>\n<p>* Enerji \u00f6l\u00e7\u00fcm\u00fc \u2013 kWh de\u011ferleri LCD ekran kullan\u0131larak izlenilebilir<\/p>\n<p>&nbsp;<\/p>\n<p>* Eaton ABM batarya y\u00f6netim teknolojisi 3 a\u015famal\u0131 yenilik\u00e7i bir \u015farj tekni\u011fi kullanarak batarya \u00f6mr\u00fcn\u00fc %50\u2019ye kadar uzat\u0131r<\/p>\n<p>&nbsp;<\/p>\n<p>&nbsp;<\/td>\n<\/tr>\n<\/tbody>\n<\/table>\n<\/div>\n<div class=\"property_multi2\">\n<div class=\"property_multi_text\">\n<table width=\"530\">\n<tbody>\n<tr>\n<td colspan=\"2\" width=\"195\">Net A\u011f\u0131rl\u0131k<\/td>\n<td colspan=\"2\" width=\"335\">\u00a086 KG<\/td>\n<\/tr>\n<tr>\n<td colspan=\"2\">Besleme S\u00fcresi (Tam\/Yar\u0131m Y\u00fck)<\/td>\n<td colspan=\"2\">\u00a05 DK. \/ 14 DK.<\/td>\n<\/tr>\n<tr>\n<td colspan=\"2\">Boyutlar (Y x G x D)<\/td>\n<td colspan=\"2\">\u00a0440 x 260 x 700 MM<\/td>\n<\/tr>\n<tr>\n<td colspan=\"2\">Rack Y\u00fcksekli\u011fi<\/td>\n<td colspan=\"2\">\u00a08U<\/td>\n<\/tr>\n<tr>\n<td colspan=\"2\" width=\"195\">Bypass<\/td>\n<td colspan=\"2\">\u00a0\u2013<\/td>\n<\/tr>\n<tr>\n<td colspan=\"2\">\u00c7al\u0131\u015fma Sistemi<\/td>\n<td colspan=\"2\">\u00a0On Line (\u00c7ift \u00c7evrim)<\/td>\n<\/tr>\n<tr>\n<td colspan=\"2\">\u00c7al\u0131\u015fma S\u0131cakl\u0131\u011f\u0131<\/td>\n<td colspan=\"2\">\u00a00 \u00b0C &amp; +40 \u00b0C<\/td>\n<\/tr>\n<tr>\n<td colspan=\"2\">\u00c7\u0131k\u0131\u015f G\u00fcc\u00fc<\/td>\n<td colspan=\"2\" width=\"335\">\u00a011000 VA \/ 10000 Watt<\/td>\n<\/tr>\n<tr>\n<td colspan=\"2\">\u00c7\u0131k\u0131\u015f Ba\u011flant\u0131s\u0131<\/td>\n<td colspan=\"2\">\u00a0KLEMENS ILE BAGLANTI<\/td>\n<\/tr>\n<tr>\n<td colspan=\"2\">\u00c7\u0131k\u0131\u015f Voltaj\u0131<\/td>\n<td colspan=\"2\">\u00a0200 V \/208 V \/ 220 V \/ 230 V \/ 240 V<\/td>\n<\/tr>\n<tr>\n<td colspan=\"2\">Dalga \u015eekli<\/td>\n<td colspan=\"2\">\u00a0Ger\u00e7ek Sin\u00fcs<\/td>\n<\/tr>\n<tr>\n<td colspan=\"2\">Depolama S\u0131cakl\u0131\u011f\u0131<\/td>\n<td colspan=\"2\">\u00a00C \/ +40C<\/td>\n<\/tr>\n<tr>\n<td colspan=\"2\">EPO Acil Kapatma<\/td>\n<td colspan=\"2\">\u00a0\u0130STE\u011eE BA\u011eLI<\/td>\n<\/tr>\n<tr>\n<td colspan=\"2\">Garanti<\/td>\n<td colspan=\"2\">\u00a02 YIL<\/td>\n<\/tr>\n<tr>\n<td colspan=\"2\" width=\"195\">Giri\u015f Frekans\u0131<\/td>\n<td colspan=\"2\">\u00a050\/60 Hz +\/- 5 Hz (Otomatik Alg\u0131lama)<\/td>\n<\/tr>\n<tr>\n<td colspan=\"2\">Giri\u015f Ba\u011flant\u0131 tipi<\/td>\n<td colspan=\"2\">\u00a03 Faz 5 Kablo ile Klemens Giri\u015f (3P+N+PE)<\/td>\n<\/tr>\n<tr>\n<td colspan=\"2\">Giri\u015f Voltaj Aral\u0131\u011f\u0131<\/td>\n<td colspan=\"2\" width=\"335\">\u00a0176-276 VAC<\/td>\n<\/tr>\n<tr>\n<td colspan=\"2\">Haberle\u015fme<\/td>\n<td colspan=\"2\">\u00a0RS232 &amp; USB<\/td>\n<\/tr>\n<tr>\n<td colspan=\"2\">Renk<\/td>\n<td colspan=\"2\">\u00a0SIYAH<\/td>\n<\/tr>\n<tr>\n<td colspan=\"2\">G\u00fcr\u00fclt\u00fc Seviyesi (1 Metre)<\/td>\n<td colspan=\"2\">\u00a0&lt;55 dBA<\/td>\n<\/tr>\n<tr>\n<td colspan=\"2\">Tam Y\u00fckte Verimlilik<\/td>\n<td colspan=\"2\">\u00a0\u2013<\/td>\n<\/tr>\n<tr>\n<td colspan=\"2\">WEB\/ SNMP Kart\u0131<\/td>\n<td colspan=\"2\">\u00a0Opsiyonel Tak\u0131labilir<\/td>\n<\/tr>\n<\/tbody>\n<\/table>\n<\/div>\n<\/div>\n<\/div>\n<\/div>\n<\/div>\n<\/div>\n<\/div>\n<\/div>\n<\/div>\n<\/div>\n<\/div>\n<\/div>\n<\/div>\n<\/div>\n<\/div>\n<\/div>\n<\/div>\n<\/div>\n<\/div>\n<\/div>\n<\/div>\n<\/div>\n<\/div>\n<\/div>\n\n\t\t<\/div>\n\t<\/div>\n<\/div><\/div><div class=\"vc_tta-panel\" id=\"1694777871643-ad942ca4-002b\" data-vc-content=\".vc_tta-panel-body\"><div class=\"vc_tta-panel-heading\"><h4 class=\"vc_tta-panel-title\"><a href=\"#1694777871643-ad942ca4-002b\" data-vc-accordion data-vc-container=\".vc_tta-container\"><span class=\"vc_tta-title-text\">Teknik \u00d6zellikler<\/span><\/a><\/h4><\/div><div class=\"vc_tta-panel-body\">\n\t<div class=\"wpb_text_column wpb_content_element\" >\n\t\t<div class=\"wpb_wrapper\">\n\t\t\t<h1>9SX11KI Teknik \u00d6zellikler<\/h1>\n<table border=\"1\" cellspacing=\"0\" cellpadding=\"5\">\n<tbody>\n<tr>\n<td colspan=\"2\">\n<h2>Genel<\/h2>\n<p>&nbsp;<\/td>\n<\/tr>\n<tr>\n<td>Topoloji<\/p>\n<p>&nbsp;<\/td>\n<td>On-line \u00e7ift \u00e7evrim ile PFC (G\u00fc\u00e7 Fakt\u00f6r\u00fc D\u00fczeltme) sistemi<\/p>\n<p>&nbsp;<\/td>\n<\/tr>\n<tr>\n<td>Yap\u0131land\u0131rma<\/p>\n<p>&nbsp;<\/td>\n<td>Rack\/Tower<\/p>\n<p>&nbsp;<\/td>\n<\/tr>\n<tr>\n<td>Par\u00e7a Numaras\u0131<\/p>\n<p>&nbsp;<\/td>\n<td>9SX11Ki<\/p>\n<p>&nbsp;<\/td>\n<\/tr>\n<tr>\n<td>S\u0131n\u0131fland\u0131rma (VA\/Watts)<\/p>\n<p>&nbsp;<\/td>\n<td>11000\/10000<\/p>\n<p>&nbsp;<\/td>\n<\/tr>\n<tr>\n<td>Ebatlar (Y x G x D, mm)<\/p>\n<p>&nbsp;<\/td>\n<td>440 x 260 x 700<\/p>\n<p>&nbsp;<\/td>\n<\/tr>\n<tr>\n<td>A\u011f\u0131rl\u0131k (kg)<\/p>\n<p>&nbsp;<\/td>\n<td>86<\/p>\n<p>&nbsp;<\/td>\n<\/tr>\n<tr>\n<td>Garanti<\/p>\n<p>&nbsp;<\/td>\n<td>2 y\u0131l<\/p>\n<p>&nbsp;<\/td>\n<\/tr>\n<tr>\n<td colspan=\"2\">\n<h2>Giri\u015f<\/h2>\n<p>&nbsp;<\/td>\n<\/tr>\n<tr>\n<td>Ba\u011flant\u0131<\/p>\n<p>&nbsp;<\/td>\n<td>Kablolu &#8211; terminal blo\u011fu d\u00fczeni i\u00e7in el kitab\u0131na bak\u0131n<\/p>\n<p>&nbsp;<\/p>\n<p><img decoding=\"async\" src=\"http:\/\/www.betsis.com.tr\/UrunResim\/OzellikResim\/hardwired.gif\" alt=\"\" \/><\/p>\n<p>&nbsp;<\/td>\n<\/tr>\n<tr>\n<td>Giri\u015f Gerilim Aral\u0131\u011f\u0131<\/p>\n<p>&nbsp;<\/td>\n<td>176-276V de\u011fer kayb\u0131 olmadan (up to 100\u2013276V de\u011fer kayb\u0131 ile)<\/p>\n<p>&nbsp;<\/td>\n<\/tr>\n<tr>\n<td>Nominal Gerilim<\/p>\n<p>&nbsp;<\/td>\n<td>200\/208\/220\/230\/240\/250V<\/p>\n<p>&nbsp;<\/td>\n<\/tr>\n<tr>\n<td>Frekans<\/p>\n<p>&nbsp;<\/td>\n<td>50\/60 Hz otomatik se\u00e7im<\/p>\n<p>&nbsp;<\/td>\n<\/tr>\n<tr>\n<td>Frekans Aral\u0131\u011f\u0131<\/p>\n<p>&nbsp;<\/td>\n<td>40-70 Hz<\/p>\n<p>&nbsp;<\/td>\n<\/tr>\n<tr>\n<td>K\u0131sa Devre Ak\u0131m\u0131<\/p>\n<p>&nbsp;<\/td>\n<td>150 A<\/p>\n<p>&nbsp;<\/td>\n<\/tr>\n<tr>\n<td>THDI<\/p>\n<p>&nbsp;<\/td>\n<td>&lt;5%<\/p>\n<p>&nbsp;<\/td>\n<\/tr>\n<tr>\n<td colspan=\"2\">\n<h2>\u00c7\u0131k\u0131\u015f<\/h2>\n<p>&nbsp;<\/td>\n<\/tr>\n<tr>\n<td>Gerilimler<\/p>\n<p>&nbsp;<\/td>\n<td>200\/208\/220\/230\/240\/250V +\/\u2013 1%<\/p>\n<p>&nbsp;<\/td>\n<\/tr>\n<tr>\n<td>Gerilim THD<\/p>\n<p>&nbsp;<\/td>\n<td>&lt; 2%<\/p>\n<p>&nbsp;<\/td>\n<\/tr>\n<tr>\n<td>\u00c7\u0131k\u0131\u015f Yuvas\u0131<\/p>\n<p>&nbsp;<\/td>\n<td>Kablolu &#8211; terminal blo\u011fu d\u00fczeni i\u00e7in el kitab\u0131na bak\u0131n<\/p>\n<p>&nbsp;<\/p>\n<p><img decoding=\"async\" src=\"http:\/\/www.betsis.com.tr\/UrunResim\/OzellikResim\/hardwired.gif\" alt=\"\" \/><\/p>\n<p>&nbsp;<\/td>\n<\/tr>\n<tr>\n<td>A\u015f\u0131r\u0131 Y\u00fck Kapasitesi<\/p>\n<p>&nbsp;<\/td>\n<td>102\u2013110% : 120s, 110\u2013125%: 60s, 125\u2013150%: 10s, &gt;150%: 900ms<\/p>\n<p>&nbsp;<\/td>\n<\/tr>\n<tr>\n<td>Verimlilik (Normal Mod)<\/p>\n<p>&nbsp;<\/td>\n<td>On-line \u00e7al\u0131\u015fma modunda %95\u2019e, Y\u00fcksek verimlilik modunda ise %98\u2019e kadar verim<\/p>\n<p>&nbsp;<\/td>\n<\/tr>\n<tr>\n<td>\u00c7\u0131k\u0131\u015f Frekans\u0131<\/p>\n<p>&nbsp;<\/td>\n<td>50\/60 Hz otomatik se\u00e7imli, standart frekans konvert\u00f6r\u00fc<\/p>\n<p>&nbsp;<\/td>\n<\/tr>\n<tr>\n<td>Y\u00fck Tepe Katsay\u0131s\u0131<\/p>\n<p>&nbsp;<\/td>\n<td>3:1<\/p>\n<p>&nbsp;<\/td>\n<\/tr>\n<tr>\n<td colspan=\"2\">\n<h2>Ak\u00fc ve \u00c7al\u0131\u015fma S\u00fcresi Grafi\u011fi<\/h2>\n<p>&nbsp;<\/p>\n<p>&nbsp;<\/p>\n<p><img decoding=\"async\" src=\"http:\/\/www.betsis.com.tr\/UrunResim\/OzellikResim\/9SX11Ki_Runtime_Graph.jpg\" alt=\"\" \/><\/p>\n<p>&nbsp;<\/td>\n<\/tr>\n<tr>\n<td>Ak\u00fc Y\u00f6netimi<\/p>\n<p>&nbsp;<\/td>\n<td>ABM\u00ae ve Is\u0131 kompanzasyonlu \u015farj methodu (kullan\u0131c\u0131 se\u00e7imli) otomatik ak\u00fc testi, derin de\u015farj korumas\u0131, otomatik olarak harici ak\u00fc \u00fcnitelerinin tan\u0131nmas\u0131<\/p>\n<p>&nbsp;<\/td>\n<\/tr>\n<tr>\n<td>Uzat\u0131labilir Ak\u00fc Kapasitesi<\/p>\n<p>&nbsp;<\/td>\n<td>EBM<\/p>\n<p>&nbsp;<\/td>\n<\/tr>\n<tr>\n<td colspan=\"2\">\n<h2>Haberle\u015fmeler<\/h2>\n<p>&nbsp;<\/td>\n<\/tr>\n<tr>\n<td>Kullan\u0131c\u0131 Arabirimi<\/p>\n<p>&nbsp;<\/td>\n<td>\u00c7oklu dil se\u00e7enekli grafik LCD ekran<\/p>\n<p>&nbsp;<\/td>\n<\/tr>\n<tr>\n<td>Haberle\u015fme Portlar\u0131<\/p>\n<p>&nbsp;<\/td>\n<td>1 USB portu, 1 RS232 seri portu (USB ve RS232 portlar\u0131 e\u015fzamanl\u0131 kullan\u0131lamaz) 4 kuru kontak (DB9), uzaktan a\u00e7ma\/kapama i\u00e7in 1 mini terminal blo\u011fu ve 1 uzaktan kapama<\/p>\n<p>&nbsp;<\/td>\n<\/tr>\n<tr>\n<td>Haberle\u015fme Yuvalar\u0131<\/p>\n<p>&nbsp;<\/td>\n<td>Network-MS kart, ModBus-MS veya Relay-MS kartlar\u0131 i\u00e7in 1 slot<\/p>\n<p>&nbsp;<\/td>\n<\/tr>\n<tr>\n<td colspan=\"2\">\n<h2>\u00c7evresel ve Standartlar<\/h2>\n<p>&nbsp;<\/td>\n<\/tr>\n<tr>\n<td>Duyulabilir G\u00fcr\u00fclt\u00fc<\/p>\n<p>&nbsp;<\/td>\n<td>&lt;50dB<\/p>\n<p>&nbsp;<\/td>\n<\/tr>\n<tr>\n<td>\u00c7al\u0131\u015fma S\u0131cakl\u0131\u011f\u0131<\/p>\n<p>&nbsp;<\/td>\n<td>0 ila 40\u00b0C aras\u0131nda s\u00fcrekli<\/p>\n<p>&nbsp;<\/td>\n<\/tr>\n<tr>\n<td>G\u00fcvenlik \u0130\u015fareti<\/p>\n<p>&nbsp;<\/td>\n<td>IEC\/EN 62040-1, UL 1778, CSA 22.2<\/p>\n<p>&nbsp;<\/td>\n<\/tr>\n<tr>\n<td>EMC I\u015faretleri<\/p>\n<p>&nbsp;<\/td>\n<td>IEC\/EN 62040 -2 , FCC S\u0131n\u0131f A, IEC\/EN 62040-3 (Performans)<\/p>\n<p>&nbsp;<\/td>\n<\/tr>\n<tr>\n<td>Onaylar<\/p>\n<p>&nbsp;<\/td>\n<td>CE, CB raporu (TUV), UL<\/p>\n<p>&nbsp;<\/td>\n<\/tr>\n<\/tbody>\n<\/table>\n\n\t\t<\/div>\n\t<\/div>\n<\/div><\/div><div class=\"vc_tta-panel\" id=\"1692870355708-af0c3d79-86cf\" data-vc-content=\".vc_tta-panel-body\"><div class=\"vc_tta-panel-heading\"><h4 class=\"vc_tta-panel-title\"><a href=\"#1692870355708-af0c3d79-86cf\" data-vc-accordion data-vc-container=\".vc_tta-container\"><span class=\"vc_tta-title-text\">D\u00f6k\u00fcmanlar<\/span><\/a><\/h4><\/div><div class=\"vc_tta-panel-body\">\n\t<div class=\"wpb_text_column wpb_content_element\" >\n\t\t<div class=\"wpb_wrapper\">\n\t\t\t<h5><a href=\"http:\/\/www.westech.com.tr\/wp-content\/uploads\/2023\/09\/9SX_Datasheet_EN.pdf\">9SX_Datasheet_EN<\/a><\/h5>\n\n\t\t<\/div>\n\t<\/div>\n<\/div><\/div><\/div><\/div><\/div><\/div><\/div><\/div><\/div><\/div><\/div>\n<\/section>","protected":false},"excerpt":{"rendered":"9SX11KI Eaton 9SX, OnLine, 11kVA Ups \u00dcr\u00fcn kodu:\u00a09SX11KI Teklif Al\u00dcr\u00fcn A\u00e7\u0131klamas\u0131Teknik \u00d6zelliklerD\u00f6k\u00fcmanlar\u00dcr\u00fcn A\u00e7\u0131klamas\u0131 Eaton 9SX UPS Eaton 9SX, altyap\u0131, end\u00fcstri, medikal, BT, a\u011f kurma, depolama ve telekom alanlar\u0131nda y\u00fcksek kullan\u0131labilirlik, esneklik ve geli\u015fmi\u015f koruma sa\u011flar. \u00c7ok y\u00f6nl\u00fc Rack\/Tower format\u0131nda %95\u2019e kadar verimlilikle on-line \u00e7ift \u00e7evrim korumas\u0131 sunar. &nbsp; &nbsp; \u00d6zellikler * On-line \u00e7ift \u00e7evrim topolojisi [...]","protected":false},"author":1,"featured_media":0,"parent":0,"menu_order":0,"comment_status":"closed","ping_status":"closed","template":"tmpl\/template-fullwidth.php","meta":{"om_disable_all_campaigns":false,"_monsterinsights_skip_tracking":false,"_monsterinsights_sitenote_active":false,"_monsterinsights_sitenote_note":"","_monsterinsights_sitenote_category":0,"footnotes":""},"class_list":["post-4089","page","type-page","status-publish","hentry"],"acf":[],"aioseo_notices":[],"_links":{"self":[{"href":"http:\/\/www.westech.com.tr\/en\/wp-json\/wp\/v2\/pages\/4089"}],"collection":[{"href":"http:\/\/www.westech.com.tr\/en\/wp-json\/wp\/v2\/pages"}],"about":[{"href":"http:\/\/www.westech.com.tr\/en\/wp-json\/wp\/v2\/types\/page"}],"author":[{"embeddable":true,"href":"http:\/\/www.westech.com.tr\/en\/wp-json\/wp\/v2\/users\/1"}],"replies":[{"embeddable":true,"href":"http:\/\/www.westech.com.tr\/en\/wp-json\/wp\/v2\/comments?post=4089"}],"version-history":[{"count":5,"href":"http:\/\/www.westech.com.tr\/en\/wp-json\/wp\/v2\/pages\/4089\/revisions"}],"predecessor-version":[{"id":5192,"href":"http:\/\/www.westech.com.tr\/en\/wp-json\/wp\/v2\/pages\/4089\/revisions\/5192"}],"wp:attachment":[{"href":"http:\/\/www.westech.com.tr\/en\/wp-json\/wp\/v2\/media?parent=4089"}],"curies":[{"name":"wp","href":"https:\/\/api.w.org\/{rel}","templated":true}]}}