{"id":4100,"date":"2023-09-19T14:25:21","date_gmt":"2023-09-19T11:25:21","guid":{"rendered":"http:\/\/www.westech.com.tr\/?page_id=4100"},"modified":"2023-10-16T15:09:10","modified_gmt":"2023-10-16T12:09:10","slug":"9sx11kirt-eaton-9sx-online-11kva-rack-6u-rack-tower-ups","status":"publish","type":"page","link":"http:\/\/www.westech.com.tr\/en\/9sx11kirt-eaton-9sx-online-11kva-rack-6u-rack-tower-ups\/","title":{"rendered":"9SX11KIRT Eaton 9SX, OnLine, 11kVA, Rack 6U Rack\/Tower Ups"},"content":{"rendered":"<section class=\"wpb-content-wrapper\"><div style=\"\" class=\"vc_row wpb_row vc_row-fluid\"><div class=\"row-inner\"><div class=\"wpb_column vc_column_container vc_col-sm-6\"><div class=\"vc_column-inner\"><div class=\"wpb_wrapper\"><div class=\"vc_empty_space\"   style=\"height: 32px\"><span class=\"vc_empty_space_inner\"><\/span><\/div><div class=\"wpb_gallery wpb_content_element vc_clearfix\" ><div class=\"wpb_wrapper\"><div class=\"wpb_gallery_slides wpb_flexslider flexslider_fade flexslider\" data-interval=\"3\" data-flex_fx=\"fade\"><ul class=\"slides\"><li><a href=\"https:\/\/www.westech.com.tr\/wp-content\/uploads\/2023\/09\/11.jpg\" target=\"_self\"><img loading=\"lazy\" decoding=\"async\" width=\"300\" height=\"300\" src=\"https:\/\/www.westech.com.tr\/wp-content\/uploads\/2023\/09\/11.jpg\" class=\"attachment-medium\" alt=\"\" title=\"11\" srcset=\"https:\/\/www.westech.com.tr\/wp-content\/uploads\/2023\/09\/11.jpg 300w, https:\/\/www.westech.com.tr\/wp-content\/uploads\/2023\/09\/11-150x150.jpg 150w\" sizes=\"(max-width: 300px) 100vw, 300px\" \/><\/a><\/li><li><a href=\"https:\/\/www.westech.com.tr\/wp-content\/uploads\/2023\/09\/9SX11KI-Eaton-9SX-1.jpg\" target=\"_self\"><img loading=\"lazy\" decoding=\"async\" width=\"300\" height=\"300\" src=\"https:\/\/www.westech.com.tr\/wp-content\/uploads\/2023\/09\/9SX11KI-Eaton-9SX-1.jpg\" class=\"attachment-medium\" alt=\"\" title=\"9SX11KI Eaton 9SX 1\" srcset=\"https:\/\/www.westech.com.tr\/wp-content\/uploads\/2023\/09\/9SX11KI-Eaton-9SX-1.jpg 300w, https:\/\/www.westech.com.tr\/wp-content\/uploads\/2023\/09\/9SX11KI-Eaton-9SX-1-150x150.jpg 150w\" sizes=\"(max-width: 300px) 100vw, 300px\" \/><\/a><\/li><li><a href=\"https:\/\/www.westech.com.tr\/wp-content\/uploads\/2023\/09\/9PX5KIBP-EATON-9PX-1.jpg\" target=\"_self\"><img loading=\"lazy\" decoding=\"async\" width=\"300\" height=\"300\" src=\"https:\/\/www.westech.com.tr\/wp-content\/uploads\/2023\/09\/9PX5KIBP-EATON-9PX-1.jpg\" class=\"attachment-medium\" alt=\"\" title=\"9PX5KIBP EATON 9PX 1\" srcset=\"https:\/\/www.westech.com.tr\/wp-content\/uploads\/2023\/09\/9PX5KIBP-EATON-9PX-1.jpg 300w, https:\/\/www.westech.com.tr\/wp-content\/uploads\/2023\/09\/9PX5KIBP-EATON-9PX-1-150x150.jpg 150w\" sizes=\"(max-width: 300px) 100vw, 300px\" \/><\/a><\/li><li><a href=\"https:\/\/www.westech.com.tr\/wp-content\/uploads\/2023\/09\/9PX8KIRTNBP-Eaton-9PX-1.jpg\" target=\"_self\"><img loading=\"lazy\" decoding=\"async\" width=\"300\" height=\"300\" src=\"https:\/\/www.westech.com.tr\/wp-content\/uploads\/2023\/09\/9PX8KIRTNBP-Eaton-9PX-1-300x300.jpg\" class=\"attachment-medium\" alt=\"\" title=\"9PX8KIRTNBP Eaton 9PX 1\" srcset=\"https:\/\/www.westech.com.tr\/wp-content\/uploads\/2023\/09\/9PX8KIRTNBP-Eaton-9PX-1-300x300.jpg 300w, https:\/\/www.westech.com.tr\/wp-content\/uploads\/2023\/09\/9PX8KIRTNBP-Eaton-9PX-1-150x150.jpg 150w, https:\/\/www.westech.com.tr\/wp-content\/uploads\/2023\/09\/9PX8KIRTNBP-Eaton-9PX-1-768x768.jpg 768w, https:\/\/www.westech.com.tr\/wp-content\/uploads\/2023\/09\/9PX8KIRTNBP-Eaton-9PX-1.jpg 1000w\" sizes=\"(max-width: 300px) 100vw, 300px\" \/><\/a><\/li><\/ul><\/div><\/div><\/div><\/div><\/div><\/div><div class=\"wpb_column vc_column_container vc_col-sm-6\"><div class=\"vc_column-inner\"><div class=\"wpb_wrapper\">\n\t<div class=\"wpb_text_column wpb_content_element\" >\n\t\t<div class=\"wpb_wrapper\">\n\t\t\t<h1>9SX11KIRT Eaton 9SX, OnLine, 11kVA, Rack 6U Rack\/Tower Ups<\/h1>\n\n\t\t<\/div>\n\t<\/div>\n\n\t<div class=\"wpb_text_column wpb_content_element\" >\n\t\t<div class=\"wpb_wrapper\">\n\t\t\t<h4>\u00dcr\u00fcn kodu: <b>9SX11KIRT<\/b><\/h4>\n\n\t\t<\/div>\n\t<\/div>\n<div class=\"vc_empty_space\"   style=\"height: 32px\"><span class=\"vc_empty_space_inner\"><\/span><\/div><div class=\"vc_btn3-container vc_btn3-inline\" ><button class=\"vc_general vc_btn3 vc_btn3-size-md vc_btn3-shape-rounded vc_btn3-style-modern vc_btn3-color-danger\">Teklif Al<\/button><\/div><\/div><\/div><\/div><\/div><\/div><div style=\"\" class=\"vc_row wpb_row vc_row-fluid\"><div class=\"row-inner\"><div class=\"wpb_column vc_column_container vc_col-sm-3\"><div class=\"vc_column-inner\"><div class=\"wpb_wrapper\"><div class=\"vc_empty_space\"   style=\"height: 32px\"><span class=\"vc_empty_space_inner\"><\/span><\/div><\/div><\/div><\/div><div class=\"wpb_column vc_column_container vc_col-sm-3\"><div class=\"vc_column-inner\"><div class=\"wpb_wrapper\"><div class=\"vc_empty_space\"   style=\"height: 32px\"><span class=\"vc_empty_space_inner\"><\/span><\/div><\/div><\/div><\/div><div class=\"wpb_column vc_column_container vc_col-sm-3\"><div class=\"vc_column-inner\"><div class=\"wpb_wrapper\"><div class=\"vc_empty_space\"   style=\"height: 32px\"><span class=\"vc_empty_space_inner\"><\/span><\/div><\/div><\/div><\/div><div class=\"wpb_column vc_column_container vc_col-sm-3\"><div class=\"vc_column-inner\"><div class=\"wpb_wrapper\"><div class=\"vc_empty_space\"   style=\"height: 32px\"><span class=\"vc_empty_space_inner\"><\/span><\/div><\/div><\/div><\/div><\/div><\/div><div style=\"\" class=\"vc_row wpb_row vc_row-fluid\"><div class=\"row-inner\"><div class=\"wpb_column vc_column_container vc_col-sm-12\"><div class=\"vc_column-inner\"><div class=\"wpb_wrapper\"><div class=\"vc_tta-container\" data-vc-action=\"collapse\"><div class=\"vc_general vc_tta vc_tta-tabs vc_tta-color-grey vc_tta-style-classic vc_tta-shape-rounded vc_tta-spacing-1 vc_tta-tabs-position-top vc_tta-controls-align-left\"><div class=\"vc_tta-tabs-container\"><ul class=\"vc_tta-tabs-list\"><li class=\"vc_tta-tab vc_active\" data-vc-tab><a href=\"#1692870200808-29f2690b-4a23\" data-vc-tabs data-vc-container=\".vc_tta\"><span class=\"vc_tta-title-text\">\u00dcr\u00fcn A\u00e7\u0131klamas\u0131<\/span><\/a><\/li><li class=\"vc_tta-tab\" data-vc-tab><a href=\"#1694777871643-ad942ca4-002b\" data-vc-tabs data-vc-container=\".vc_tta\"><span class=\"vc_tta-title-text\">Teknik \u00d6zellikler<\/span><\/a><\/li><li class=\"vc_tta-tab\" data-vc-tab><a href=\"#1692870355708-af0c3d79-86cf\" data-vc-tabs data-vc-container=\".vc_tta\"><span class=\"vc_tta-title-text\">D\u00f6k\u00fcmanlar<\/span><\/a><\/li><\/ul><\/div><div class=\"vc_tta-panels-container\"><div class=\"vc_tta-panels\"><div class=\"vc_tta-panel vc_active\" id=\"1692870200808-29f2690b-4a23\" data-vc-content=\".vc_tta-panel-body\"><div class=\"vc_tta-panel-heading\"><h4 class=\"vc_tta-panel-title\"><a href=\"#1692870200808-29f2690b-4a23\" data-vc-accordion data-vc-container=\".vc_tta-container\"><span class=\"vc_tta-title-text\">\u00dcr\u00fcn A\u00e7\u0131klamas\u0131<\/span><\/a><\/h4><\/div><div class=\"vc_tta-panel-body\">\n\t<div class=\"wpb_text_column wpb_content_element\" >\n\t\t<div class=\"wpb_wrapper\">\n\t\t\t<div class=\"property_single\">\n<div class=\"property_single\">\n<div class=\"property_single\">\n<div class=\"property_single\">\n<div class=\"property_single\">\n<div class=\"property_title\">\n<div class=\"property_single\">\n<div class=\"main\">\n<div class=\"detail\">\n<div class=\"detail_content\">\n<div class=\"detail_tab_content\">\n<div id=\"tab_conn1\" class=\"tab_conn tab_conn_active\">\n<div class=\"property_single\">\n<div class=\"property_single\">\n<div class=\"property_single\">\n<div class=\"property_title\">\n<div class=\"property_title\">\n<div class=\"property_single\">\n<div class=\"property_single\">\n<div class=\"property_title\">\n<div class=\"property_single\">\n<div class=\"property_single\">\n<div class=\"property_single\">\n<div class=\"property_single\">\n<table border=\"0\" cellspacing=\"0\" cellpadding=\"0\">\n<tbody>\n<tr>\n<td colspan=\"2\"><strong><img loading=\"lazy\" decoding=\"async\" class=\"aligncenter\" src=\"http:\/\/www.betsis.com.tr\/urunresim\/OzellikResim\/Eaton_Powering.png\" alt=\"http:\/\/www.betsis.com.tr\/urunresim\/OzellikResim\/Eaton_Powering.png\" width=\"262\" height=\"92\" \/><\/strong><\/td>\n<td>\n<h1><strong>Eaton 9SX UPS<\/strong><\/h1>\n<\/td>\n<\/tr>\n<tr>\n<td>&nbsp;<\/p>\n<p>End\u00fcstriyel, Medikal, Bilgi Teknolojisi (IT), Telekom ortamlar\u0131nda geli\u015fkin \u00e7ift \u00e7evrim korumas\u0131 sa\u011flar.<\/p>\n<p>&nbsp;<\/p>\n<p><img decoding=\"async\" src=\"http:\/\/www.betsis.com.tr\/urunresim\/OzellikResim\/9SX_LCD.png\" alt=\"\" \/><\/p>\n<p>&nbsp;<\/p>\n<p>&nbsp;<\/td>\n<td><\/td>\n<td><img decoding=\"async\" src=\"http:\/\/www.betsis.com.tr\/urunresim\/OzellikResim\/Energy-star-logo.jpg\" alt=\"\" \/><\/p>\n<p>&nbsp;<\/p>\n<h2><strong>Performans ve Verimlilik<\/strong><\/h2>\n<p>&nbsp;<\/p>\n<p>\u00c7ift \u00e7evrim yap\u0131s\u0131ndad\u0131r. Eaton 9SX elektrik durumunu s\u00fcrekli g\u00f6zler ve voltaj ve frekans\u0131 s\u00fcrekli d\u00fczenler.<\/p>\n<p>&nbsp;<\/p>\n<p>\u00c7ift \u00e7evrim modunda %95 verimliliktedir. Kendi s\u0131n\u0131f\u0131nda t\u00fcketim ve so\u011futma maliyetlerini en aza indiren en y\u00fcksek verimlili\u011fi sunar.<\/p>\n<p>&nbsp;<\/p>\n<p>0,9 g\u00fc\u00e7 fakt\u00f6r\u00fc ile kendi s\u0131n\u0131f\u0131ndaki UPS\u2019lerden %28 daha fazla g\u00fc\u00e7 sa\u011flar. Dengi VA de\u011ferindeki ve d\u00fc\u015f\u00fck g\u00fc\u00e7 fakt\u00f6r\u00fcndeki di\u011fer UPS\u2019lerden daha faz say\u0131da server\u2019\u0131 sorunsuz besler.<\/p>\n<p>&nbsp;<\/p>\n<p>&nbsp;<\/td>\n<\/tr>\n<tr>\n<td><\/td>\n<td><\/td>\n<td><\/td>\n<\/tr>\n<tr>\n<td>\n<h2><strong>Y\u00f6netilebilirlik<\/strong><\/h2>\n<p>&nbsp;<\/p>\n<p>Yeni grafik LCD g\u00f6sterge UPS2in durum ve \u00f6l\u00e7\u00fcm bilgilerini net bir \u015fekilde g\u00f6sterir. Yedi dil deste\u011fi vard\u0131r. LCD g\u00f6stergenin yerle\u015fim pozisyonu size en uygun a\u00e7\u0131ya ayarlanabilir.<\/p>\n<p>&nbsp;<\/p>\n<p>9SX elektrik t\u00fcketimini \u00f6l\u00e7\u00fcmleyebilir. LCD ekran veya Eaton\u2019s Intelligent Power\u00ae yaz\u0131l\u0131m\u0131 kullan\u0131larak kWh de\u011ferleri g\u00f6zlemlenebilir.<\/p>\n<p>&nbsp;<\/p>\n<p>Y\u00fck segment kontrol\u00fc kritik cihazlar\u0131n daha uzun s\u00fcre \u00e7al\u0131\u015f\u0131r kalmas\u0131 i\u00e7in, ba\u011f\u0131ml\u0131 di\u011fer cihazlar\u0131n \u00f6nceliklendirilerek otomatik kapamas\u0131n\u0131 sa\u011flar. Kilitlenmi\u015f\/donmu\u015f cihazlar\u0131n uzaktan reboot edilmesi i\u00e7in de kullan\u0131labilir; veya planl\u0131 kapamalar\u0131 ve s\u0131ral\u0131 a\u00e7\u0131l\u0131\u015flar\u0131 programlayabilirsiniz.<\/p>\n<p>&nbsp;<\/p>\n<p>9SX Seri, USB ve Kuru Kontak (4 adet) deste\u011fi ile opsiyonel ModBus, Network veya Relay kartlar\u0131 i\u00e7in ek bir kart yuvas\u0131 vard\u0131r. 9SX uzaktan g\u00fc\u00e7 kesilmesi fonksiyonunu destekler. \u00a0Eaton\u2019s Intelligent Power\u00ae Yaz\u0131l\u0131m\u0131 her bir UPS ile standart olarak gelir.<\/p>\n<p>&nbsp;<\/td>\n<td><\/td>\n<td>\n<h2><strong>Esnek Kullan\u0131m \u00d6zellikleri<\/strong><\/h2>\n<p>&nbsp;<\/p>\n<p>Herhangi ar\u0131za durumunda otomatik devreye giren dahili by-pass \u00f6zelli\u011fi ile, i\u015f s\u00fcrecinizi durdurmadan ar\u0131zan\u0131n giderilebilmesi m\u00fcmk\u00fcn olur. Kritik sistemlerinizi durdurmadan UPS\u2019iniz bak\u0131m\u0131n\u0131 kolayca yapabilmeniz i\u00e7in \u00f6n panelden ak\u00fclerini hot-swap (\u00e7al\u0131\u015f\u0131rken de\u011fi\u015ftirme) yapabilirsiniz.<\/p>\n<p>&nbsp;<\/p>\n<p>Rack ve tower kullan\u0131labilme \u00f6zelli\u011fi ile her t\u00fcr ortamda sorunsuz kurulum olana\u011f\u0131 sa\u011flar. (RT modellerinde rack kiti \u00fccretsiz gelir)<\/p>\n<p>&nbsp;<\/p>\n<p>Daha g\u00fc\u00e7l\u00fc ve uzun s\u00fcre kullan\u0131lan ak\u00fcler: Eaton ABM \u00ae ak\u00fc y\u00f6netim sistemi yarat\u0131c\u0131 \u00fc\u00e7 a\u015famal\u0131 \u015farj tekni\u011fi ile ak\u00fclerinizin kullan\u0131m \u00f6mr\u00fcn\u00fc %50 artt\u0131r\u0131r.<\/p>\n<p>&nbsp;<\/p>\n<p>Besleme s\u00fcresini gerekti\u011finde \u00e7ok daha uzun s\u00fcreler artt\u0131rabilmek i\u00e7in hot-swap (\u00e7al\u0131\u015f\u0131rken de\u011fi\u015ftirilebilen) 12 ek ak\u00fc mod\u00fcl\u00fc eklenebilir. Ek ak\u00fc mod\u00fclleri UPS taraf\u0131ndan otomatik tan\u0131n\u0131r.<\/td>\n<\/tr>\n<tr>\n<td colspan=\"3\"><\/td>\n<\/tr>\n<\/tbody>\n<\/table>\n<table width=\"530\">\n<tbody>\n<tr>\n<td colspan=\"2\" width=\"195\">Net A\u011f\u0131rl\u0131k<\/td>\n<td colspan=\"2\" width=\"335\">\u00a086 KG<\/td>\n<\/tr>\n<tr>\n<td colspan=\"2\">Besleme S\u00fcresi (Tam\/Yar\u0131m Y\u00fck)<\/td>\n<td colspan=\"2\">\u00a05 DK. \/ 14 DK.<\/td>\n<\/tr>\n<tr>\n<td colspan=\"2\">Boyutlar (Y x G x D)<\/td>\n<td colspan=\"2\">\u00a0440 x 260 x 700 MM<\/td>\n<\/tr>\n<tr>\n<td colspan=\"2\">Rack Y\u00fcksekli\u011fi<\/td>\n<td colspan=\"2\">\u00a08U<\/td>\n<\/tr>\n<tr>\n<td colspan=\"2\" width=\"195\">Bypass<\/td>\n<td colspan=\"2\">\u00a0\u2013<\/td>\n<\/tr>\n<tr>\n<td colspan=\"2\">\u00c7al\u0131\u015fma Sistemi<\/td>\n<td colspan=\"2\">\u00a0On Line (\u00c7ift \u00c7evrim)<\/td>\n<\/tr>\n<tr>\n<td colspan=\"2\">\u00c7al\u0131\u015fma S\u0131cakl\u0131\u011f\u0131<\/td>\n<td colspan=\"2\">\u00a00 \u00b0C &amp; +40 \u00b0C<\/td>\n<\/tr>\n<tr>\n<td colspan=\"2\">\u00c7\u0131k\u0131\u015f G\u00fcc\u00fc<\/td>\n<td colspan=\"2\" width=\"335\">\u00a011000 VA \/ 10000 Watt<\/td>\n<\/tr>\n<tr>\n<td colspan=\"2\">\u00c7\u0131k\u0131\u015f Ba\u011flant\u0131s\u0131<\/td>\n<td colspan=\"2\">\u00a0KLEMENS ILE BAGLANTI<\/td>\n<\/tr>\n<tr>\n<td colspan=\"2\">\u00c7\u0131k\u0131\u015f Voltaj\u0131<\/td>\n<td colspan=\"2\">\u00a0200 V \/208 V \/ 220 V \/ 230 V \/ 240 V<\/td>\n<\/tr>\n<tr>\n<td colspan=\"2\">Dalga \u015eekli<\/td>\n<td colspan=\"2\">\u00a0Ger\u00e7ek Sin\u00fcs<\/td>\n<\/tr>\n<tr>\n<td colspan=\"2\">Depolama S\u0131cakl\u0131\u011f\u0131<\/td>\n<td colspan=\"2\">\u00a00C \/ +40C<\/td>\n<\/tr>\n<tr>\n<td colspan=\"2\">EPO Acil Kapatma<\/td>\n<td colspan=\"2\">\u00a0\u0130STE\u011eE BA\u011eLI<\/td>\n<\/tr>\n<tr>\n<td colspan=\"2\">Garanti<\/td>\n<td colspan=\"2\">\u00a02 YIL<\/td>\n<\/tr>\n<tr>\n<td colspan=\"2\" width=\"195\">Giri\u015f Frekans\u0131<\/td>\n<td colspan=\"2\">\u00a050\/60 Hz +\/- 5 Hz (Otomatik Alg\u0131lama)<\/td>\n<\/tr>\n<tr>\n<td colspan=\"2\">Giri\u015f Ba\u011flant\u0131 tipi<\/td>\n<td colspan=\"2\">\u00a03 Faz 5 Kablo ile Klemens Giri\u015f (3P+N+PE)<\/td>\n<\/tr>\n<tr>\n<td colspan=\"2\">Giri\u015f Voltaj Aral\u0131\u011f\u0131<\/td>\n<td colspan=\"2\" width=\"335\">\u00a0176-276 VAC<\/td>\n<\/tr>\n<tr>\n<td colspan=\"2\">Haberle\u015fme<\/td>\n<td colspan=\"2\">\u00a0RS232 &amp; USB &amp; ETHERNET<\/td>\n<\/tr>\n<tr>\n<td colspan=\"2\">Renk<\/td>\n<td colspan=\"2\">\u00a0SIYAH<\/td>\n<\/tr>\n<tr>\n<td colspan=\"2\">G\u00fcr\u00fclt\u00fc Seviyesi (1 Metre)<\/td>\n<td colspan=\"2\">\u00a0&lt;50 dBA<\/td>\n<\/tr>\n<tr>\n<td colspan=\"2\">Tam Y\u00fckte Verimlilik<\/td>\n<td colspan=\"2\">\u00a0\u2013<\/td>\n<\/tr>\n<tr>\n<td colspan=\"2\">WEB\/ SNMP Kart\u0131<\/td>\n<td colspan=\"2\">\u00a0Opsiyonel Tak\u0131labilir<\/td>\n<\/tr>\n<\/tbody>\n<\/table>\n<h1><\/h1>\n<\/div>\n<div class=\"property_multi2\">\n<div class=\"property_multi_text\"><\/div>\n<\/div>\n<\/div>\n<\/div>\n<\/div>\n<\/div>\n<\/div>\n<\/div>\n<\/div>\n<\/div>\n<\/div>\n<\/div>\n<\/div>\n<\/div>\n<\/div>\n<\/div>\n<\/div>\n<\/div>\n<\/div>\n<\/div>\n<\/div>\n<\/div>\n<\/div>\n<\/div>\n<\/div>\n\n\t\t<\/div>\n\t<\/div>\n<\/div><\/div><div class=\"vc_tta-panel\" id=\"1694777871643-ad942ca4-002b\" data-vc-content=\".vc_tta-panel-body\"><div class=\"vc_tta-panel-heading\"><h4 class=\"vc_tta-panel-title\"><a href=\"#1694777871643-ad942ca4-002b\" data-vc-accordion data-vc-container=\".vc_tta-container\"><span class=\"vc_tta-title-text\">Teknik \u00d6zellikler<\/span><\/a><\/h4><\/div><div class=\"vc_tta-panel-body\">\n\t<div class=\"wpb_text_column wpb_content_element\" >\n\t\t<div class=\"wpb_wrapper\">\n\t\t\t<h1>9SX11KIRT Teknik \u00d6zellikler<\/h1>\n<table border=\"1\" cellspacing=\"0\" cellpadding=\"5\">\n<tbody>\n<tr>\n<td colspan=\"2\">\n<h2>Genel<\/h2>\n<\/td>\n<\/tr>\n<tr>\n<td>Topoloji<\/td>\n<td>On-line \u00e7ift \u00e7evrim ile PFC(G\u00fc\u00e7 Fakt\u00f6r\u00fc D\u00fczeltme) sistemi<\/td>\n<\/tr>\n<tr>\n<td>Yap\u0131land\u0131rma<\/td>\n<td>Rack\/Tower<\/td>\n<\/tr>\n<tr>\n<td>Par\u00e7a Numaras\u0131<\/td>\n<td>9SX11KiRT<\/td>\n<\/tr>\n<tr>\n<td>S\u0131n\u0131fland\u0131rma (VA\/Watts)<\/td>\n<td>11000\/10000<\/td>\n<\/tr>\n<tr>\n<td>Ebatlar (Y x G x D, mm)<\/td>\n<td>440 x 260 x 700<\/td>\n<\/tr>\n<tr>\n<td>A\u011f\u0131rl\u0131k (kg)<\/td>\n<td>86<\/td>\n<\/tr>\n<tr>\n<td>Garanti<\/td>\n<td>2 y\u0131l garanti<\/td>\n<\/tr>\n<tr>\n<td>Ray Seti Dahil<\/td>\n<td>Evet<\/td>\n<\/tr>\n<tr>\n<td colspan=\"2\">\n<h2>Elektrik Giri\u015f<\/h2>\n<\/td>\n<\/tr>\n<tr>\n<td>Ba\u011flant\u0131<\/td>\n<td>Hardwired &#8211; see manual for terminal block layout<\/p>\n<p><img decoding=\"async\" src=\"http:\/\/www.betsis.com.tr\/urunresim\/OzellikResim\/hardwired.gif\" alt=\"Hardwired - example layout only\" \/><\/td>\n<\/tr>\n<tr>\n<td>Giri\u015f Gerilim Aral\u0131\u011f\u0131<\/td>\n<td>176-276V de\u011fer kayb\u0131 olmadan (up to 100\u2013276V de\u011fer kayb\u0131 ile)<\/td>\n<\/tr>\n<tr>\n<td>Nominal Gerilim<\/td>\n<td>200\/208\/220\/230\/240\/250V<\/td>\n<\/tr>\n<tr>\n<td>Frekans<\/td>\n<td>50\/60 Hz otomatik se\u00e7im<\/td>\n<\/tr>\n<tr>\n<td>Frekans Aral\u0131\u011f\u0131<\/td>\n<td>40-70 Hz<\/td>\n<\/tr>\n<tr>\n<td>K\u0131sa Devre Ak\u0131m\u0131<\/td>\n<td>150 A<\/td>\n<\/tr>\n<tr>\n<td>THDI<\/td>\n<td>&lt;5%<\/td>\n<\/tr>\n<tr>\n<td colspan=\"2\">\n<h2>Elektrik \u00c7\u0131k\u0131\u015f<\/h2>\n<\/td>\n<\/tr>\n<tr>\n<td>Gerilimler<\/td>\n<td>200\/208\/220\/230\/240\/250V +\/\u2013 1%<\/td>\n<\/tr>\n<tr>\n<td>Gerilim THD<\/td>\n<td>&lt; 2%<\/td>\n<\/tr>\n<tr>\n<td>\u00c7\u0131k\u0131\u015f Yuvas\u0131<\/td>\n<td>Hardwired &#8211; see manual for terminal block layout<\/p>\n<p><img decoding=\"async\" src=\"http:\/\/www.betsis.com.tr\/urunresim\/OzellikResim\/hardwired.gif\" alt=\"Hardwired - example layout only\" \/><\/td>\n<\/tr>\n<tr>\n<td>A\u015f\u0131r\u0131 Y\u00fck Kapasitesi<\/td>\n<td>102\u2013110% : 120s, 110\u2013125%: 60s, 125\u2013150%: 10s, &gt;150%: 900ms<\/td>\n<\/tr>\n<tr>\n<td>Verim (Normal Mod)<\/td>\n<td>On-line \u00e7al\u0131\u015fma modunda %95\u2019e, Y\u00fcksek verimlilik modunda ise %98\u2019e kadar verim<\/td>\n<\/tr>\n<tr>\n<td>\u00c7\u0131k\u0131\u015f Frekans\u0131<\/td>\n<td>50\/60 Hz otomatik se\u00e7imli, standart frekans konvert\u00f6r\u00fc<\/td>\n<\/tr>\n<tr>\n<td>Y\u00fck Tepe Katsay\u0131s\u0131<\/td>\n<td>3:1<\/td>\n<\/tr>\n<tr>\n<td colspan=\"2\">\n<h2>Ak\u00fc<\/h2>\n<\/td>\n<\/tr>\n<tr>\n<td colspan=\"2\"><img decoding=\"async\" src=\"http:\/\/www.betsis.com.tr\/urunresim\/OzellikResim\/9SX11KiRT_besleme.png\" \/><\/p>\n<p>Ak\u00fc \u00e7al\u0131\u015fma s\u00fcreleri yakla\u015f\u0131k olarak verilmi\u015ftir ve ba\u011fl\u0131 cihaz, konfig\u00fcrasyon, ak\u00fc a\u015f\u0131, ortam \u0131s\u0131s\u0131 gibi parametreler ile de\u011fi\u015fkenlik g\u00f6sterebilir.<\/p>\n<p>&nbsp;<\/p>\n<p>&nbsp;<\/td>\n<\/tr>\n<tr>\n<td>Ak\u00fc Y\u00f6netimi<\/td>\n<td>ABM\u00ae ve Is\u0131 kompanzasyonlu \u015farj methodu (kullan\u0131c\u0131 se\u00e7imli) otomatik ak\u00fc testi, derin de\u015farj korumas\u0131, otomatik olarak harici ak\u00fc \u00fcnitelerinin tan\u0131nmas\u0131<\/td>\n<\/tr>\n<tr>\n<td>Uzat\u0131labilir Ak\u00fc Kapasitesi<\/td>\n<td>EBM<\/td>\n<\/tr>\n<tr>\n<td colspan=\"2\">\n<h2>Haberle\u015fme<\/h2>\n<\/td>\n<\/tr>\n<tr>\n<td>Kullan\u0131c\u0131 Arabirimi<\/td>\n<td>\u00c7oklu dil se\u00e7enekli grafik LCD ekran<\/td>\n<\/tr>\n<tr>\n<td>Haberle\u015fme Portlar\u0131<\/td>\n<td>1 USB portu, 1 RS232 seri portu (USB ve RS232 portlar\u0131 e\u015fzamanl\u0131 kullan\u0131lamaz) 4 kuru kontak (DB9), uzaktan a\u00e7ma\/kapama i\u00e7in 1 mini terminal blo\u011fu ve 1 uzaktan kapama<\/td>\n<\/tr>\n<tr>\n<td>Haberle\u015fme Yuvalar\u0131<\/td>\n<td>Network-MS kart, ModBus-MS veya Relay-MS kartlar\u0131 i\u00e7in 1 slot<\/td>\n<\/tr>\n<tr>\n<td colspan=\"2\">\n<h2>Ortam &amp; Standartlar<\/h2>\n<\/td>\n<\/tr>\n<tr>\n<td>Duyulabilir G\u00fcr\u00fclt\u00fc<\/td>\n<td>&lt;50dB<\/td>\n<\/tr>\n<tr>\n<td>\u00c7al\u0131\u015fma S\u0131cakl\u0131\u011f\u0131<\/td>\n<td>0 ila 40\u00b0C aras\u0131nda s\u00fcrekli<\/td>\n<\/tr>\n<tr>\n<td>G\u00fcvenlik \u0130\u015fareti<\/td>\n<td>IEC\/EN 62040-1, UL 1778, CSA 22.2<\/td>\n<\/tr>\n<tr>\n<td>EMC I\u015faretleri<\/td>\n<td>IEC\/EN 62040 -2 , FCC S\u0131n\u0131f A, IEC\/EN 62040-3 (Performans)<\/td>\n<\/tr>\n<tr>\n<td>Onaylar<\/td>\n<td>CE, CB raporu (TUV), UL<\/td>\n<\/tr>\n<\/tbody>\n<\/table>\n<h2><\/h2>\n<h2><strong>Se\u00e7enekler<\/strong><\/h2>\n<p>&nbsp;<\/p>\n<table border=\"1\" cellspacing=\"0\" cellpadding=\"5\">\n<tbody>\n<tr>\n<td colspan=\"2\">\n<h2>Ak\u00fcler<\/h2>\n<\/td>\n<\/tr>\n<tr>\n<td>\n<h4>Se\u00e7enek<\/h4>\n<\/td>\n<td>\n<h4>Par\u00e7a Numaras\u0131<\/h4>\n<\/td>\n<\/tr>\n<tr>\n<td>Eaton 9SX EBM 240V<\/td>\n<td>9SXEBM240<\/td>\n<\/tr>\n<tr>\n<td>Eaton S\u00fcper\u015farj\u00f6r 240VDC<\/td>\n<td>SC240RT<\/td>\n<\/tr>\n<\/tbody>\n<\/table>\n<p>&nbsp;<\/p>\n<table border=\"1\" cellspacing=\"0\" cellpadding=\"5\">\n<tbody>\n<tr>\n<td colspan=\"2\">\n<h2>G\u00fc\u00e7 Da\u011f\u0131t\u0131m\u0131 ve Bypass<\/h2>\n<\/td>\n<\/tr>\n<tr>\n<td>\n<h4>Se\u00e7enek<\/h4>\n<\/td>\n<td>\n<h4>Par\u00e7a Numaras\u0131<\/h4>\n<\/td>\n<\/tr>\n<tr>\n<td>Eaton HotSwap MBP 11000i<\/td>\n<td>MBP11Ki<\/td>\n<\/tr>\n<\/tbody>\n<\/table>\n<p>&nbsp;<\/p>\n<table border=\"1\" cellspacing=\"0\" cellpadding=\"5\">\n<tbody>\n<tr>\n<td colspan=\"2\">\n<h2>Aksesuarlar<\/h2>\n<\/td>\n<\/tr>\n<tr>\n<td>\n<h4>Se\u00e7enek<\/h4>\n<\/td>\n<td>\n<h4>Par\u00e7a Numaras\u0131<\/h4>\n<\/td>\n<\/tr>\n<tr>\n<td>Eaton 9SX 11000i G\u00fc\u00e7 Mod\u00fcl\u00fc<\/td>\n<td>9SX11KiPM<\/p>\n<div><\/div>\n<\/td>\n<\/tr>\n<\/tbody>\n<\/table>\n<h1><\/h1>\n\n\t\t<\/div>\n\t<\/div>\n<\/div><\/div><div class=\"vc_tta-panel\" id=\"1692870355708-af0c3d79-86cf\" data-vc-content=\".vc_tta-panel-body\"><div class=\"vc_tta-panel-heading\"><h4 class=\"vc_tta-panel-title\"><a href=\"#1692870355708-af0c3d79-86cf\" data-vc-accordion data-vc-container=\".vc_tta-container\"><span class=\"vc_tta-title-text\">D\u00f6k\u00fcmanlar<\/span><\/a><\/h4><\/div><div class=\"vc_tta-panel-body\">\n\t<div class=\"wpb_text_column wpb_content_element\" >\n\t\t<div class=\"wpb_wrapper\">\n\t\t\t<h5><a href=\"http:\/\/www.westech.com.tr\/wp-content\/uploads\/2023\/09\/9SX_DS_EN.pdf\">9SX_DS_EN<\/a><\/h5>\n\n\t\t<\/div>\n\t<\/div>\n<\/div><\/div><\/div><\/div><\/div><\/div><\/div><\/div><\/div><\/div><\/div>\n<\/section>","protected":false},"excerpt":{"rendered":"9SX11KIRT Eaton 9SX, OnLine, 11kVA, Rack 6U Rack\/Tower Ups \u00dcr\u00fcn kodu: 9SX11KIRT Teklif Al\u00dcr\u00fcn A\u00e7\u0131klamas\u0131Teknik \u00d6zelliklerD\u00f6k\u00fcmanlar\u00dcr\u00fcn A\u00e7\u0131klamas\u0131 Eaton 9SX UPS &nbsp; End\u00fcstriyel, Medikal, Bilgi Teknolojisi (IT), Telekom ortamlar\u0131nda geli\u015fkin \u00e7ift \u00e7evrim korumas\u0131 sa\u011flar. &nbsp; &nbsp; &nbsp; &nbsp; Performans ve Verimlilik &nbsp; \u00c7ift \u00e7evrim yap\u0131s\u0131ndad\u0131r. Eaton 9SX elektrik durumunu s\u00fcrekli g\u00f6zler ve voltaj ve frekans\u0131 s\u00fcrekli [...]","protected":false},"author":1,"featured_media":0,"parent":0,"menu_order":0,"comment_status":"closed","ping_status":"closed","template":"tmpl\/template-fullwidth.php","meta":{"om_disable_all_campaigns":false,"_monsterinsights_skip_tracking":false,"_monsterinsights_sitenote_active":false,"_monsterinsights_sitenote_note":"","_monsterinsights_sitenote_category":0,"footnotes":""},"class_list":["post-4100","page","type-page","status-publish","hentry"],"acf":[],"aioseo_notices":[],"_links":{"self":[{"href":"http:\/\/www.westech.com.tr\/en\/wp-json\/wp\/v2\/pages\/4100"}],"collection":[{"href":"http:\/\/www.westech.com.tr\/en\/wp-json\/wp\/v2\/pages"}],"about":[{"href":"http:\/\/www.westech.com.tr\/en\/wp-json\/wp\/v2\/types\/page"}],"author":[{"embeddable":true,"href":"http:\/\/www.westech.com.tr\/en\/wp-json\/wp\/v2\/users\/1"}],"replies":[{"embeddable":true,"href":"http:\/\/www.westech.com.tr\/en\/wp-json\/wp\/v2\/comments?post=4100"}],"version-history":[{"count":2,"href":"http:\/\/www.westech.com.tr\/en\/wp-json\/wp\/v2\/pages\/4100\/revisions"}],"predecessor-version":[{"id":5193,"href":"http:\/\/www.westech.com.tr\/en\/wp-json\/wp\/v2\/pages\/4100\/revisions\/5193"}],"wp:attachment":[{"href":"http:\/\/www.westech.com.tr\/en\/wp-json\/wp\/v2\/media?parent=4100"}],"curies":[{"name":"wp","href":"https:\/\/api.w.org\/{rel}","templated":true}]}}