{"id":4159,"date":"2023-09-20T10:43:54","date_gmt":"2023-09-20T07:43:54","guid":{"rendered":"http:\/\/www.westech.com.tr\/?page_id=4159"},"modified":"2023-09-20T10:43:54","modified_gmt":"2023-09-20T07:43:54","slug":"5px3000irt3u-eaton-5px-3000va-line-interactive-rack-tower-3u","status":"publish","type":"page","link":"http:\/\/www.westech.com.tr\/en\/5px3000irt3u-eaton-5px-3000va-line-interactive-rack-tower-3u\/","title":{"rendered":"5PX3000IRT3U Eaton 5PX 3000VA Line-Interactive, Rack\/Tower 3U,"},"content":{"rendered":"<section class=\"wpb-content-wrapper\"><div style=\"\" class=\"vc_row wpb_row vc_row-fluid\"><div class=\"row-inner\"><div class=\"wpb_column vc_column_container vc_col-sm-6\"><div class=\"vc_column-inner\"><div class=\"wpb_wrapper\"><div class=\"vc_empty_space\"   style=\"height: 32px\"><span class=\"vc_empty_space_inner\"><\/span><\/div><div class=\"wpb_gallery wpb_content_element vc_clearfix\" ><div class=\"wpb_wrapper\"><div class=\"wpb_gallery_slides wpb_flexslider flexslider_fade flexslider\" data-interval=\"3\" data-flex_fx=\"fade\"><ul class=\"slides\"><li><a href=\"https:\/\/www.westech.com.tr\/wp-content\/uploads\/2023\/09\/5PX1500IRT-Eaton-5PX-1.jpg\" target=\"_self\"><img loading=\"lazy\" decoding=\"async\" width=\"300\" height=\"300\" src=\"https:\/\/www.westech.com.tr\/wp-content\/uploads\/2023\/09\/5PX1500IRT-Eaton-5PX-1.jpg\" class=\"attachment-medium\" alt=\"\" title=\"5PX1500IRT Eaton 5PX 1\" srcset=\"https:\/\/www.westech.com.tr\/wp-content\/uploads\/2023\/09\/5PX1500IRT-Eaton-5PX-1.jpg 300w, https:\/\/www.westech.com.tr\/wp-content\/uploads\/2023\/09\/5PX1500IRT-Eaton-5PX-1-150x150.jpg 150w\" sizes=\"(max-width: 300px) 100vw, 300px\" \/><\/a><\/li><li><a href=\"https:\/\/www.westech.com.tr\/wp-content\/uploads\/2023\/09\/5PX3000IRT3U-1.jpg\" target=\"_self\"><img loading=\"lazy\" decoding=\"async\" width=\"300\" height=\"300\" src=\"https:\/\/www.westech.com.tr\/wp-content\/uploads\/2023\/09\/5PX3000IRT3U-1-300x300.jpg\" class=\"attachment-medium\" alt=\"\" title=\"5PX3000IRT3U 1\" srcset=\"https:\/\/www.westech.com.tr\/wp-content\/uploads\/2023\/09\/5PX3000IRT3U-1-300x300.jpg 300w, https:\/\/www.westech.com.tr\/wp-content\/uploads\/2023\/09\/5PX3000IRT3U-1-150x150.jpg 150w, https:\/\/www.westech.com.tr\/wp-content\/uploads\/2023\/09\/5PX3000IRT3U-1-768x768.jpg 768w, https:\/\/www.westech.com.tr\/wp-content\/uploads\/2023\/09\/5PX3000IRT3U-1.jpg 1000w\" sizes=\"(max-width: 300px) 100vw, 300px\" \/><\/a><\/li><li><a href=\"https:\/\/www.westech.com.tr\/wp-content\/uploads\/2023\/09\/5PX3000IRT3U-2.jpg\" target=\"_self\"><img loading=\"lazy\" decoding=\"async\" width=\"300\" height=\"300\" src=\"https:\/\/www.westech.com.tr\/wp-content\/uploads\/2023\/09\/5PX3000IRT3U-2-300x300.jpg\" class=\"attachment-medium\" alt=\"\" title=\"5PX3000IRT3U 2\" srcset=\"https:\/\/www.westech.com.tr\/wp-content\/uploads\/2023\/09\/5PX3000IRT3U-2-300x300.jpg 300w, https:\/\/www.westech.com.tr\/wp-content\/uploads\/2023\/09\/5PX3000IRT3U-2-150x150.jpg 150w, https:\/\/www.westech.com.tr\/wp-content\/uploads\/2023\/09\/5PX3000IRT3U-2-768x768.jpg 768w, https:\/\/www.westech.com.tr\/wp-content\/uploads\/2023\/09\/5PX3000IRT3U-2.jpg 1000w\" sizes=\"(max-width: 300px) 100vw, 300px\" \/><\/a><\/li><li><a href=\"https:\/\/www.westech.com.tr\/wp-content\/uploads\/2023\/09\/5PX3000IRT3U-3.jpg\" target=\"_self\"><img loading=\"lazy\" decoding=\"async\" width=\"300\" height=\"300\" src=\"https:\/\/www.westech.com.tr\/wp-content\/uploads\/2023\/09\/5PX3000IRT3U-3-300x300.jpg\" class=\"attachment-medium\" alt=\"\" title=\"5PX3000IRT3U 3\" srcset=\"https:\/\/www.westech.com.tr\/wp-content\/uploads\/2023\/09\/5PX3000IRT3U-3-300x300.jpg 300w, https:\/\/www.westech.com.tr\/wp-content\/uploads\/2023\/09\/5PX3000IRT3U-3-150x150.jpg 150w, https:\/\/www.westech.com.tr\/wp-content\/uploads\/2023\/09\/5PX3000IRT3U-3-768x768.jpg 768w, https:\/\/www.westech.com.tr\/wp-content\/uploads\/2023\/09\/5PX3000IRT3U-3.jpg 1000w\" sizes=\"(max-width: 300px) 100vw, 300px\" \/><\/a><\/li><li><a href=\"https:\/\/www.westech.com.tr\/wp-content\/uploads\/2023\/09\/5PX3000IRT3U-4.jpg\" target=\"_self\"><img loading=\"lazy\" decoding=\"async\" width=\"300\" height=\"300\" src=\"https:\/\/www.westech.com.tr\/wp-content\/uploads\/2023\/09\/5PX3000IRT3U-4-300x300.jpg\" class=\"attachment-medium\" alt=\"\" title=\"5PX3000IRT3U 4\" srcset=\"https:\/\/www.westech.com.tr\/wp-content\/uploads\/2023\/09\/5PX3000IRT3U-4-300x300.jpg 300w, https:\/\/www.westech.com.tr\/wp-content\/uploads\/2023\/09\/5PX3000IRT3U-4-150x150.jpg 150w, https:\/\/www.westech.com.tr\/wp-content\/uploads\/2023\/09\/5PX3000IRT3U-4-768x768.jpg 768w, https:\/\/www.westech.com.tr\/wp-content\/uploads\/2023\/09\/5PX3000IRT3U-4.jpg 1000w\" sizes=\"(max-width: 300px) 100vw, 300px\" \/><\/a><\/li><\/ul><\/div><\/div><\/div><\/div><\/div><\/div><div class=\"wpb_column vc_column_container vc_col-sm-6\"><div class=\"vc_column-inner\"><div class=\"wpb_wrapper\">\n\t<div class=\"wpb_text_column wpb_content_element\" >\n\t\t<div class=\"wpb_wrapper\">\n\t\t\t<h1>5PX3000IRT3U Eaton 5PX 3000VA Line-Interactive, Rack\/Tower 3U,<\/h1>\n\n\t\t<\/div>\n\t<\/div>\n\n\t<div class=\"wpb_text_column wpb_content_element\" >\n\t\t<div class=\"wpb_wrapper\">\n\t\t\t<h4>\u00dcr\u00fcn kodu:<b>5PX3000IRT3U<\/b><\/h4>\n\n\t\t<\/div>\n\t<\/div>\n<div class=\"vc_empty_space\"   style=\"height: 32px\"><span class=\"vc_empty_space_inner\"><\/span><\/div><div class=\"vc_btn3-container vc_btn3-inline\" ><button class=\"vc_general vc_btn3 vc_btn3-size-md vc_btn3-shape-rounded vc_btn3-style-modern vc_btn3-color-danger\">Teklif Al<\/button><\/div><\/div><\/div><\/div><\/div><\/div><div style=\"\" class=\"vc_row wpb_row vc_row-fluid\"><div class=\"row-inner\"><div class=\"wpb_column vc_column_container vc_col-sm-3\"><div class=\"vc_column-inner\"><div class=\"wpb_wrapper\"><div class=\"vc_empty_space\"   style=\"height: 32px\"><span class=\"vc_empty_space_inner\"><\/span><\/div><\/div><\/div><\/div><div class=\"wpb_column vc_column_container vc_col-sm-3\"><div class=\"vc_column-inner\"><div class=\"wpb_wrapper\"><div class=\"vc_empty_space\"   style=\"height: 32px\"><span class=\"vc_empty_space_inner\"><\/span><\/div><\/div><\/div><\/div><div class=\"wpb_column vc_column_container vc_col-sm-3\"><div class=\"vc_column-inner\"><div class=\"wpb_wrapper\"><div class=\"vc_empty_space\"   style=\"height: 32px\"><span class=\"vc_empty_space_inner\"><\/span><\/div><\/div><\/div><\/div><div class=\"wpb_column vc_column_container vc_col-sm-3\"><div class=\"vc_column-inner\"><div class=\"wpb_wrapper\"><div class=\"vc_empty_space\"   style=\"height: 32px\"><span class=\"vc_empty_space_inner\"><\/span><\/div><\/div><\/div><\/div><\/div><\/div><div style=\"\" class=\"vc_row wpb_row vc_row-fluid\"><div class=\"row-inner\"><div class=\"wpb_column vc_column_container vc_col-sm-12\"><div class=\"vc_column-inner\"><div class=\"wpb_wrapper\"><div class=\"vc_tta-container\" data-vc-action=\"collapse\"><div class=\"vc_general vc_tta vc_tta-tabs vc_tta-color-grey vc_tta-style-classic vc_tta-shape-rounded vc_tta-spacing-1 vc_tta-tabs-position-top vc_tta-controls-align-left\"><div class=\"vc_tta-tabs-container\"><ul class=\"vc_tta-tabs-list\"><li class=\"vc_tta-tab vc_active\" data-vc-tab><a href=\"#1692870200808-29f2690b-4a23\" data-vc-tabs data-vc-container=\".vc_tta\"><span class=\"vc_tta-title-text\">\u00dcr\u00fcn A\u00e7\u0131klamas\u0131<\/span><\/a><\/li><li class=\"vc_tta-tab\" data-vc-tab><a href=\"#1694777871643-ad942ca4-002b\" data-vc-tabs data-vc-container=\".vc_tta\"><span class=\"vc_tta-title-text\">Teknik \u00d6zellikler<\/span><\/a><\/li><li class=\"vc_tta-tab\" data-vc-tab><a href=\"#1692870355708-af0c3d79-86cf\" data-vc-tabs data-vc-container=\".vc_tta\"><span class=\"vc_tta-title-text\">D\u00f6k\u00fcmanlar<\/span><\/a><\/li><\/ul><\/div><div class=\"vc_tta-panels-container\"><div class=\"vc_tta-panels\"><div class=\"vc_tta-panel vc_active\" id=\"1692870200808-29f2690b-4a23\" data-vc-content=\".vc_tta-panel-body\"><div class=\"vc_tta-panel-heading\"><h4 class=\"vc_tta-panel-title\"><a href=\"#1692870200808-29f2690b-4a23\" data-vc-accordion data-vc-container=\".vc_tta-container\"><span class=\"vc_tta-title-text\">\u00dcr\u00fcn A\u00e7\u0131klamas\u0131<\/span><\/a><\/h4><\/div><div class=\"vc_tta-panel-body\">\n\t<div class=\"wpb_text_column wpb_content_element\" >\n\t\t<div class=\"wpb_wrapper\">\n\t\t\t<div class=\"property_single\">\n<div class=\"property_single\">\n<div class=\"property_single\">\n<div class=\"property_single\">\n<div class=\"property_single\">\n<div class=\"property_title\">\n<div class=\"property_single\">\n<div class=\"main\">\n<div class=\"detail\">\n<div class=\"detail_content\">\n<div class=\"detail_tab_content\">\n<div id=\"tab_conn1\" class=\"tab_conn tab_conn_active\">\n<div class=\"property_single\">\n<div class=\"property_single\">\n<div class=\"property_single\">\n<div class=\"property_title\">\n<div class=\"property_title\">\n<div class=\"property_single\">\n<div class=\"property_single\">\n<div class=\"property_title\">\n<h1>Eaton 5PX UPS<\/h1>\n<p>&nbsp;<\/p>\n<p>&nbsp;<\/p>\n<p>Eaton 5PX Rack \/ Tower UPS, sunucular, depolama sistemleri, VoIP ekipman\u0131 ve a\u011f donan\u0131mlar\u0131 i\u00e7in line-interactive yedek g\u00fc\u00e7 ve \u00f6l\u00e7eklenebilir \u00e7al\u0131\u015fma zaman\u0131 sa\u011flar. Yeni nesil sezgisel LCD ekran, enerji t\u00fcketimi \u00e7\u0131k\u0131\u015f grubu seviyesine kadar ve % 99&#8217;a varan oranda verimlilik ile 5PX, modern IT ekipmanlar\u0131n\u0131 korumak i\u00e7in m\u00fckemmel bir UPS&#8217;tir.<\/p>\n<p>&nbsp;<\/p>\n<p>&nbsp;<\/p>\n<table border=\"0\" cellspacing=\"0\" cellpadding=\"20\">\n<tbody>\n<tr>\n<td>\n<h2><em>\u00d6zellikler<\/em><\/h2>\n<p>* Enerji t\u00fcketimi \u00f6l\u00e7\u00fcm\u00fc<\/p>\n<p>* Sezgisel LCD ekran, tek bir bak\u0131\u015fta ihtiyac\u0131n\u0131z olan t\u00fcm bilgileri g\u00f6r\u00fcnt\u00fcler<\/p>\n<p>* %99 verim sa\u011flar<\/p>\n<p>* Sanalla\u015ft\u0131rma yaz\u0131l\u0131m\u0131 dahil olmak \u00fczere t\u00fcm i\u015fletim sistemleri ile uyumlu Eaton&#8217;un Intelligent Power yaz\u0131l\u0131m\u0131 ile teslim edilir<\/p>\n<p>* Daha fazla sunucu korumas\u0131 i\u00e7in 0.9 g\u00fc\u00e7 fakt\u00f6r\u00fc<\/p>\n<p>* 2 y\u0131l garanti<\/p>\n<p>&nbsp;<\/p>\n<p><img loading=\"lazy\" decoding=\"async\" class=\"\" style=\"font-family: inherit; font-size: inherit;\" src=\"http:\/\/www.betsis.com.tr\/UrunResim\/OzellikResim\/5PX_RT_3U.jpg\" alt=\"\" width=\"386\" height=\"295\" \/><\/td>\n<td><\/td>\n<\/tr>\n<\/tbody>\n<\/table>\n<\/div>\n<\/div>\n<\/div>\n<\/div>\n<\/div>\n<\/div>\n<\/div>\n<\/div>\n<\/div>\n<\/div>\n<\/div>\n<\/div>\n<\/div>\n<\/div>\n<\/div>\n<\/div>\n<\/div>\n<\/div>\n<\/div>\n<\/div>\n\n\t\t<\/div>\n\t<\/div>\n<\/div><\/div><div class=\"vc_tta-panel\" id=\"1694777871643-ad942ca4-002b\" data-vc-content=\".vc_tta-panel-body\"><div class=\"vc_tta-panel-heading\"><h4 class=\"vc_tta-panel-title\"><a href=\"#1694777871643-ad942ca4-002b\" data-vc-accordion data-vc-container=\".vc_tta-container\"><span class=\"vc_tta-title-text\">Teknik \u00d6zellikler<\/span><\/a><\/h4><\/div><div class=\"vc_tta-panel-body\">\n\t<div class=\"wpb_text_column wpb_content_element\" >\n\t\t<div class=\"wpb_wrapper\">\n\t\t\t<h1>5PX3000IRT3U Teknik \u00d6zellikler<\/h1>\n<table border=\"1\" cellspacing=\"0\" cellpadding=\"5\">\n<tbody>\n<tr>\n<td colspan=\"2\">\n<h2>Genel<\/h2>\n<p>&nbsp;<\/td>\n<\/tr>\n<tr>\n<td>Topoloji<\/p>\n<p>&nbsp;<\/td>\n<td>Line-Interactive Y\u00fcksek Frekans (Saf Sin\u00fcs Dalgas\u0131, Y\u00fckseltici + Yava\u015flat\u0131c\u0131)<\/p>\n<p>&nbsp;<\/td>\n<\/tr>\n<tr>\n<td>Yap\u0131land\u0131rma<\/p>\n<p>&nbsp;<\/td>\n<td>Tower\/Rack 3U<\/p>\n<p>&nbsp;<\/td>\n<\/tr>\n<tr>\n<td>Par\u00e7a Numaras\u0131<\/p>\n<p>&nbsp;<\/td>\n<td>5PX3000iRT3U<\/p>\n<p>&nbsp;<\/td>\n<\/tr>\n<tr>\n<td>S\u0131n\u0131fland\u0131rma (VA\/Watts)<\/p>\n<p>&nbsp;<\/td>\n<td>3000\/2700<\/p>\n<p>&nbsp;<\/td>\n<\/tr>\n<tr>\n<td>Ebatlar (Y x G x D, mm)<\/p>\n<p>&nbsp;<\/td>\n<td>130.7 x 441 x 497<\/p>\n<p>&nbsp;<\/td>\n<\/tr>\n<tr>\n<td>A\u011f\u0131rl\u0131k (kg)<\/p>\n<p>&nbsp;<\/td>\n<td>37.33<\/p>\n<p>&nbsp;<\/td>\n<\/tr>\n<tr>\n<td>Garanti<\/p>\n<p>&nbsp;<\/td>\n<td>2 y\u0131l<\/p>\n<p>&nbsp;<\/td>\n<\/tr>\n<tr>\n<td colspan=\"2\">\n<h2>Giri\u015f<\/h2>\n<p>&nbsp;<\/td>\n<\/tr>\n<tr>\n<td>Ba\u011flant\u0131<\/p>\n<p>&nbsp;<\/td>\n<td>(1) IEC-320-C20<\/p>\n<p>&nbsp;<\/p>\n<p><img decoding=\"async\" src=\"http:\/\/www.betsis.com.tr\/UrunResim\/OzellikResim\/IEC-320-C20.gif\" alt=\"\" \/><\/p>\n<p>&nbsp;<\/td>\n<\/tr>\n<tr>\n<td>Ak\u00fcleri Kullanmadan Giri\u015f Voltaj\u0131<\/p>\n<p>&nbsp;<\/td>\n<td>160V-294V (150V-294V&#8217;ye ayarlanabilir)<\/p>\n<p>&nbsp;<\/td>\n<\/tr>\n<tr>\n<td>Ak\u00fcleri Kullanmadan Giri\u015f Frekans Aral\u0131\u011f\u0131<\/p>\n<p>&nbsp;<\/td>\n<td>47 ila 70Hz (50Hz sistem), 56.5 ila 70Hz (60Hz sistem), 40Hz d\u00fc\u015f\u00fck hassasiyet modunda<\/p>\n<p>&nbsp;<\/td>\n<\/tr>\n<tr>\n<td colspan=\"2\">\n<h2>\u00c7\u0131k\u0131\u015f<\/h2>\n<p>&nbsp;<\/td>\n<\/tr>\n<tr>\n<td>Voltajlar<\/p>\n<p>&nbsp;<\/td>\n<td>230 V (+6\/-10 %) (Adjustable to 200V \/ 208V \/ 220V \/ 230V \/ 240V)<\/p>\n<p>&nbsp;<\/td>\n<\/tr>\n<tr>\n<td>\u00c7\u0131k\u0131\u015f Yuvas\u0131<\/p>\n<p>&nbsp;<\/td>\n<td>(8) IEC-320-C13\u00a0\u00a0\u00a0\u00a0\u00a0\u00a0\u00a0\u00a0\u00a0\u00a0\u00a0\u00a0\u00a0\u00a0\u00a0\u00a0 (1) IEC-320-C19<\/p>\n<p>&nbsp;<\/p>\n<p><img decoding=\"async\" src=\"http:\/\/www.betsis.com.tr\/UrunResim\/OzellikResim\/IEC-320-C13.gif\" alt=\"\" \/>\u00a0 \u00a0 \u00a0 \u00a0 \u00a0 \u00a0 \u00a0 \u00a0 \u00a0 \u00a0 \u00a0\u00a0<img decoding=\"async\" src=\"http:\/\/www.betsis.com.tr\/UrunResim\/OzellikResim\/IEC-320-C19.gif\" alt=\"\" \/><\/p>\n<p>&nbsp;<\/td>\n<\/tr>\n<tr>\n<td>Uzaktan kontrol edilen soketler<\/p>\n<p>&nbsp;<\/td>\n<td>2 grup 2 x IEC C13 (10 A)<\/p>\n<p>&nbsp;<\/td>\n<\/tr>\n<tr>\n<td>\u00c7\u0131k\u0131\u015f Frekans\u0131<\/p>\n<p>&nbsp;<\/td>\n<td>50\/60 Hz +\/-% 0.1 (otomatik alg\u0131lama)<\/p>\n<p>&nbsp;<\/td>\n<\/tr>\n<tr>\n<td colspan=\"2\">\n<h2>Ak\u00fc \u00c7al\u0131\u015fma S\u00fcresi Grafi\u011fi<\/h2>\n<p>&nbsp;<\/p>\n<p>&nbsp;<\/p>\n<p><img decoding=\"async\" src=\"http:\/\/www.betsis.com.tr\/UrunResim\/OzellikResim\/5PX3000iRT3U_Runtime_Graph.jpg\" alt=\"\" \/><\/p>\n<p>&nbsp;<\/p>\n<p>&nbsp;<\/p>\n<p>&nbsp;<\/td>\n<\/tr>\n<tr>\n<td>Ak\u00fc Y\u00f6netimi<\/p>\n<p>&nbsp;<\/td>\n<td>ABM\u00ae veya sabit voltaj \u015farj y\u00f6ntemi (kullan\u0131c\u0131 taraf\u0131ndan se\u00e7ilebilir), otomatik pil testi, derin de\u015farj korumas\u0131<\/p>\n<p>&nbsp;<\/td>\n<\/tr>\n<tr>\n<td colspan=\"2\">\n<h2>Haberle\u015fmeler<\/h2>\n<p>&nbsp;<\/td>\n<\/tr>\n<tr>\n<td>Haberle\u015fme Portlar\u0131<\/p>\n<p>&nbsp;<\/td>\n<td>1 USB portu + 1 RS232 seri portu ve r\u00f6le kontaklar\u0131 (USB ve RS232 portlar\u0131 ayn\u0131 anda kullan\u0131lamaz) + uzaktan A\u00c7MA \/ KAPAMA ve Uzaktan G\u00fc\u00e7 Kesme i\u00e7in 1 mini terminal blo\u011fu<\/p>\n<p>&nbsp;<\/td>\n<\/tr>\n<tr>\n<td>Haberle\u015fme Kart Yuvalar\u0131<\/p>\n<p>&nbsp;<\/td>\n<td>NMC Minislot Card veya NMC ModBus \/ JBus veya MC Contacts \/ Serial i\u00e7in 1 yuva<\/p>\n<p>&nbsp;<\/td>\n<\/tr>\n<tr>\n<td colspan=\"2\">\n<h2>\u00c7evresel &amp; Standartlar<\/h2>\n<p>&nbsp;<\/td>\n<\/tr>\n<tr>\n<td>Duyulabilir G\u00fcr\u00fclt\u00fc<\/p>\n<p>&nbsp;<\/td>\n<td>&lt; 45 dBA<\/p>\n<p>&nbsp;<\/td>\n<\/tr>\n<tr>\n<td>\u00c7al\u0131\u015fma S\u0131cakl\u0131\u011f\u0131<\/p>\n<p>&nbsp;<\/td>\n<td>0 to 40\u00b0C<\/p>\n<p>&nbsp;<\/td>\n<\/tr>\n<tr>\n<td>Performans &#8211; G\u00fcvenlik &#8211; EMC<\/p>\n<p>&nbsp;<\/td>\n<td>IEC\/EN 62040-1-1 (Safety), IEC\/EN 62040-2 (EMC), IEC\/EN 62040-3 (Performance), C-Tick<\/p>\n<p>&nbsp;<\/td>\n<\/tr>\n<tr>\n<td>Onaylar<\/p>\n<p>&nbsp;<\/td>\n<td>CE, CB report, T\u00dcV<\/p>\n<p>&nbsp;<\/td>\n<\/tr>\n<\/tbody>\n<\/table>\n<h1><\/h1>\n\n\t\t<\/div>\n\t<\/div>\n<\/div><\/div><div class=\"vc_tta-panel\" id=\"1692870355708-af0c3d79-86cf\" data-vc-content=\".vc_tta-panel-body\"><div class=\"vc_tta-panel-heading\"><h4 class=\"vc_tta-panel-title\"><a href=\"#1692870355708-af0c3d79-86cf\" data-vc-accordion data-vc-container=\".vc_tta-container\"><span class=\"vc_tta-title-text\">D\u00f6k\u00fcmanlar<\/span><\/a><\/h4><\/div><div class=\"vc_tta-panel-body\">\n\t<div class=\"wpb_text_column wpb_content_element\" >\n\t\t<div class=\"wpb_wrapper\">\n\t\t\t<h5><a href=\"http:\/\/www.westech.com.tr\/wp-content\/uploads\/2023\/09\/5PX_Datasheet_EN-1.pdf\">5PX_Datasheet_EN<\/a><\/h5>\n<h5><a href=\"http:\/\/www.westech.com.tr\/wp-content\/uploads\/2023\/09\/5PX_Install_EN-1.pdf\">5PX_Install_EN<\/a><\/h5>\n\n\t\t<\/div>\n\t<\/div>\n<\/div><\/div><\/div><\/div><\/div><\/div><\/div><\/div><\/div><\/div><\/div>\n<\/section>","protected":false},"excerpt":{"rendered":"5PX3000IRT3U Eaton 5PX 3000VA Line-Interactive, Rack\/Tower 3U, \u00dcr\u00fcn kodu:5PX3000IRT3U Teklif Al\u00dcr\u00fcn A\u00e7\u0131klamas\u0131Teknik \u00d6zelliklerD\u00f6k\u00fcmanlar\u00dcr\u00fcn A\u00e7\u0131klamas\u0131 Eaton 5PX UPS &nbsp; &nbsp; Eaton 5PX Rack \/ Tower UPS, sunucular, depolama sistemleri, VoIP ekipman\u0131 ve a\u011f donan\u0131mlar\u0131 i\u00e7in line-interactive yedek g\u00fc\u00e7 ve \u00f6l\u00e7eklenebilir \u00e7al\u0131\u015fma zaman\u0131 sa\u011flar. Yeni nesil sezgisel LCD ekran, enerji t\u00fcketimi \u00e7\u0131k\u0131\u015f grubu seviyesine kadar ve % [...]","protected":false},"author":1,"featured_media":0,"parent":0,"menu_order":0,"comment_status":"closed","ping_status":"closed","template":"tmpl\/template-fullwidth.php","meta":{"om_disable_all_campaigns":false,"_monsterinsights_skip_tracking":false,"_monsterinsights_sitenote_active":false,"_monsterinsights_sitenote_note":"","_monsterinsights_sitenote_category":0,"footnotes":""},"class_list":["post-4159","page","type-page","status-publish","hentry"],"acf":[],"aioseo_notices":[],"_links":{"self":[{"href":"http:\/\/www.westech.com.tr\/en\/wp-json\/wp\/v2\/pages\/4159"}],"collection":[{"href":"http:\/\/www.westech.com.tr\/en\/wp-json\/wp\/v2\/pages"}],"about":[{"href":"http:\/\/www.westech.com.tr\/en\/wp-json\/wp\/v2\/types\/page"}],"author":[{"embeddable":true,"href":"http:\/\/www.westech.com.tr\/en\/wp-json\/wp\/v2\/users\/1"}],"replies":[{"embeddable":true,"href":"http:\/\/www.westech.com.tr\/en\/wp-json\/wp\/v2\/comments?post=4159"}],"version-history":[{"count":1,"href":"http:\/\/www.westech.com.tr\/en\/wp-json\/wp\/v2\/pages\/4159\/revisions"}],"predecessor-version":[{"id":4166,"href":"http:\/\/www.westech.com.tr\/en\/wp-json\/wp\/v2\/pages\/4159\/revisions\/4166"}],"wp:attachment":[{"href":"http:\/\/www.westech.com.tr\/en\/wp-json\/wp\/v2\/media?parent=4159"}],"curies":[{"name":"wp","href":"https:\/\/api.w.org\/{rel}","templated":true}]}}