{"id":4211,"date":"2023-09-20T17:12:33","date_gmt":"2023-09-20T14:12:33","guid":{"rendered":"http:\/\/www.westech.com.tr\/?page_id=4211"},"modified":"2023-10-16T16:14:55","modified_gmt":"2023-10-16T13:14:55","slug":"5sc1500i-eaton-5sc-serisi-1500va-line-interactive-ups","status":"publish","type":"page","link":"http:\/\/www.westech.com.tr\/en\/5sc1500i-eaton-5sc-serisi-1500va-line-interactive-ups\/","title":{"rendered":"5SC1500I Eaton 5SC Serisi 1500VA Line-Interactive UPS"},"content":{"rendered":"<section class=\"wpb-content-wrapper\"><div style=\"\" class=\"vc_row wpb_row vc_row-fluid\"><div class=\"row-inner\"><div class=\"wpb_column vc_column_container vc_col-sm-6\"><div class=\"vc_column-inner\"><div class=\"wpb_wrapper\"><div class=\"vc_empty_space\"   style=\"height: 32px\"><span class=\"vc_empty_space_inner\"><\/span><\/div><div class=\"wpb_gallery wpb_content_element vc_clearfix\" ><div class=\"wpb_wrapper\"><div class=\"wpb_gallery_slides wpb_flexslider flexslider_fade flexslider\" data-interval=\"3\" data-flex_fx=\"fade\"><ul class=\"slides\"><li><a href=\"https:\/\/www.westech.com.tr\/wp-content\/uploads\/2023\/09\/Eaton-5SC-Serisi-1500VA-1.jpg\" target=\"_self\"><img loading=\"lazy\" decoding=\"async\" width=\"300\" height=\"300\" src=\"https:\/\/www.westech.com.tr\/wp-content\/uploads\/2023\/09\/Eaton-5SC-Serisi-1500VA-1.jpg\" class=\"attachment-medium\" alt=\"\" title=\"Eaton 5SC Serisi 1500VA 1\" srcset=\"https:\/\/www.westech.com.tr\/wp-content\/uploads\/2023\/09\/Eaton-5SC-Serisi-1500VA-1.jpg 300w, https:\/\/www.westech.com.tr\/wp-content\/uploads\/2023\/09\/Eaton-5SC-Serisi-1500VA-1-150x150.jpg 150w\" sizes=\"(max-width: 300px) 100vw, 300px\" \/><\/a><\/li><li><a href=\"https:\/\/www.westech.com.tr\/wp-content\/uploads\/2023\/09\/Eaton-5SC-Serisi-1000VA-3.jpg\" target=\"_self\"><img loading=\"lazy\" decoding=\"async\" width=\"300\" height=\"300\" src=\"https:\/\/www.westech.com.tr\/wp-content\/uploads\/2023\/09\/Eaton-5SC-Serisi-1000VA-3-300x300.jpg\" class=\"attachment-medium\" alt=\"\" title=\"Eaton 5SC Serisi 1000VA 3\" srcset=\"https:\/\/www.westech.com.tr\/wp-content\/uploads\/2023\/09\/Eaton-5SC-Serisi-1000VA-3-300x300.jpg 300w, https:\/\/www.westech.com.tr\/wp-content\/uploads\/2023\/09\/Eaton-5SC-Serisi-1000VA-3-150x150.jpg 150w, https:\/\/www.westech.com.tr\/wp-content\/uploads\/2023\/09\/Eaton-5SC-Serisi-1000VA-3-768x768.jpg 768w, https:\/\/www.westech.com.tr\/wp-content\/uploads\/2023\/09\/Eaton-5SC-Serisi-1000VA-3.jpg 1000w\" sizes=\"(max-width: 300px) 100vw, 300px\" \/><\/a><\/li><\/ul><\/div><\/div><\/div><\/div><\/div><\/div><div class=\"wpb_column vc_column_container vc_col-sm-6\"><div class=\"vc_column-inner\"><div class=\"wpb_wrapper\">\n\t<div class=\"wpb_text_column wpb_content_element\" >\n\t\t<div class=\"wpb_wrapper\">\n\t\t\t<h1>5SC1500I Eaton 5SC Serisi 1500VA Line-Interactive UPS<\/h1>\n\n\t\t<\/div>\n\t<\/div>\n\n\t<div class=\"wpb_text_column wpb_content_element\" >\n\t\t<div class=\"wpb_wrapper\">\n\t\t\t<h4>\u00dcr\u00fcn kodu:<b>5SC1500I<\/b><\/h4>\n\n\t\t<\/div>\n\t<\/div>\n<div class=\"vc_empty_space\"   style=\"height: 32px\"><span class=\"vc_empty_space_inner\"><\/span><\/div><div class=\"vc_btn3-container vc_btn3-inline\" ><button class=\"vc_general vc_btn3 vc_btn3-size-md vc_btn3-shape-rounded vc_btn3-style-modern vc_btn3-color-danger\">Teklif Al<\/button><\/div><\/div><\/div><\/div><\/div><\/div><div style=\"\" class=\"vc_row wpb_row vc_row-fluid\"><div class=\"row-inner\"><div class=\"wpb_column vc_column_container vc_col-sm-3\"><div class=\"vc_column-inner\"><div class=\"wpb_wrapper\"><div class=\"vc_empty_space\"   style=\"height: 32px\"><span class=\"vc_empty_space_inner\"><\/span><\/div><\/div><\/div><\/div><div class=\"wpb_column vc_column_container vc_col-sm-3\"><div class=\"vc_column-inner\"><div class=\"wpb_wrapper\"><div class=\"vc_empty_space\"   style=\"height: 32px\"><span class=\"vc_empty_space_inner\"><\/span><\/div><\/div><\/div><\/div><div class=\"wpb_column vc_column_container vc_col-sm-3\"><div class=\"vc_column-inner\"><div class=\"wpb_wrapper\"><div class=\"vc_empty_space\"   style=\"height: 32px\"><span class=\"vc_empty_space_inner\"><\/span><\/div><\/div><\/div><\/div><div class=\"wpb_column vc_column_container vc_col-sm-3\"><div class=\"vc_column-inner\"><div class=\"wpb_wrapper\"><div class=\"vc_empty_space\"   style=\"height: 32px\"><span class=\"vc_empty_space_inner\"><\/span><\/div><\/div><\/div><\/div><\/div><\/div><div style=\"\" class=\"vc_row wpb_row vc_row-fluid\"><div class=\"row-inner\"><div class=\"wpb_column vc_column_container vc_col-sm-12\"><div class=\"vc_column-inner\"><div class=\"wpb_wrapper\"><div class=\"vc_tta-container\" data-vc-action=\"collapse\"><div class=\"vc_general vc_tta vc_tta-tabs vc_tta-color-grey vc_tta-style-classic vc_tta-shape-rounded vc_tta-spacing-1 vc_tta-tabs-position-top vc_tta-controls-align-left\"><div class=\"vc_tta-tabs-container\"><ul class=\"vc_tta-tabs-list\"><li class=\"vc_tta-tab vc_active\" data-vc-tab><a href=\"#1692870200808-29f2690b-4a23\" data-vc-tabs data-vc-container=\".vc_tta\"><span class=\"vc_tta-title-text\">\u00dcr\u00fcn A\u00e7\u0131klamas\u0131<\/span><\/a><\/li><li class=\"vc_tta-tab\" data-vc-tab><a href=\"#1695196481461-642c273a-c0c6\" data-vc-tabs data-vc-container=\".vc_tta\"><span class=\"vc_tta-title-text\">Teknik \u00d6zellikler<\/span><\/a><\/li><li class=\"vc_tta-tab\" data-vc-tab><a href=\"#1695196623897-6cf5161d-c302\" data-vc-tabs data-vc-container=\".vc_tta\"><span class=\"vc_tta-title-text\">D\u00f6k\u00fcmanlar<\/span><\/a><\/li><\/ul><\/div><div class=\"vc_tta-panels-container\"><div class=\"vc_tta-panels\"><div class=\"vc_tta-panel vc_active\" id=\"1692870200808-29f2690b-4a23\" data-vc-content=\".vc_tta-panel-body\"><div class=\"vc_tta-panel-heading\"><h4 class=\"vc_tta-panel-title\"><a href=\"#1692870200808-29f2690b-4a23\" data-vc-accordion data-vc-container=\".vc_tta-container\"><span class=\"vc_tta-title-text\">\u00dcr\u00fcn A\u00e7\u0131klamas\u0131<\/span><\/a><\/h4><\/div><div class=\"vc_tta-panel-body\">\n\t<div class=\"wpb_text_column wpb_content_element\" >\n\t\t<div class=\"wpb_wrapper\">\n\t\t\t<div class=\"property_single\">\n<div class=\"property_single\">\n<div class=\"property_single\">\n<div class=\"property_single\">\n<div class=\"property_single\">\n<div class=\"property_title\">\n<div class=\"property_single\">\n<div class=\"main\">\n<div class=\"detail\">\n<div class=\"detail_content\">\n<div class=\"detail_tab_content\">\n<div id=\"tab_conn1\" class=\"tab_conn tab_conn_active\">\n<div class=\"property_single\">\n<div class=\"property_single\">\n<div class=\"property_single\">\n<div class=\"property_title\">\n<div class=\"detail_content\">\n<div class=\"detail_tab_content\">\n<div id=\"tab_conn1\" class=\"tab_conn tab_conn_active\">\n<div class=\"property_single\">\n<table border=\"0\" cellspacing=\"0\" cellpadding=\"0\">\n<tbody>\n<tr>\n<td colspan=\"2\"><strong><img loading=\"lazy\" decoding=\"async\" class=\"aligncenter\" src=\"http:\/\/www.betsis.com.tr\/urunresim\/OzellikResim\/Eaton_Powering.png\" alt=\"http:\/\/www.betsis.com.tr\/urunresim\/OzellikResim\/Eaton_Powering.png\" width=\"236\" height=\"82\" \/><\/strong><\/td>\n<td>\n<h1><strong>Eaton 5SC UPS<\/strong><\/h1>\n<\/td>\n<\/tr>\n<tr>\n<td>\u00a0<img decoding=\"async\" src=\"http:\/\/www.betsis.com.tr\/urunresim\/OzellikResim\/5SC-1000VA-sku.jpg\" \/><\/p>\n<p>&nbsp;<\/td>\n<td><\/td>\n<td>&nbsp;<\/p>\n<h2><strong>Yayg\u0131n Kullan\u0131m Alan\u0131<\/strong><\/h2>\n<p>&nbsp;<\/p>\n<p>K\u00fc\u00e7\u00fck i\u015fyerleri ve tower yap\u0131l\u0131 serverlar\u0131 desteklemek \u00fczere tasarlanan 5SC serisi, az yer kaplayan k\u00fc\u00e7\u00fck tasar\u0131m\u0131 ile pek \u00e7ok alanda kullan\u0131ma uygundur. Kiosklar, ATM\u2019ler, bilet makinalar\u0131 gibi temiz ve g\u00fcvenilir enerjinin \u00f6nemli oldu\u011fu uygulamalar i\u00e7in idealdir.<\/p>\n<p>&nbsp;<\/p>\n<p>Giri\u015f Dalga Formu Hassasiyetinin ayarlanabilir olu\u015fu, \u00e7ok \u00f6zel uygulamalara olarak verir (GENSET gibi)<\/p>\n<p>&nbsp;<\/p>\n<p>\u00d6n panelden kolayca de\u011fi\u015ftirebilen ak\u00fcler, her kullan\u0131m ortam\u0131nda sorunsuz bak\u0131m olana\u011f\u0131 sa\u011flar.<\/p>\n<p><img decoding=\"async\" src=\"http:\/\/www.betsis.com.tr\/urunresim\/OzellikResim\/5SC_Bat.jpg\" \/><\/p>\n<p>&nbsp;<\/td>\n<\/tr>\n<tr>\n<td>\n<h2><strong>G\u00fcvenilir Enerji Korumas\u0131<\/strong><\/h2>\n<p>&nbsp;<\/p>\n<h3><strong>Saf Sin\u00fcs \u00c7\u0131k\u0131\u015f\u0131<\/strong><\/h3>\n<p>5SC UPS, ak\u00fc modunda \u00e7al\u0131\u015f\u0131rken y\u00fcksek kalitede \u00e7\u0131k\u0131\u015f sinyali\u00a0\u00fcretir. Bu \u00f6zellik korunacak etkin PFC (power factor corrected) kullanan server\u2019lar gibi hassas ekipman i\u00e7in \u00e7ok \u00f6nemlidir.<\/p>\n<p>&nbsp;<\/p>\n<h3><strong>Buck and Boost \u00c7al\u0131\u015fma (D\u00fc\u015f\u00fcr\u00fcc\u00fc \u2013 Y\u00fckseltici olarak \u00e7al\u0131\u015fabilme)<\/strong><\/h3>\n<p>S\u00fcrekli Reg\u00fclasyon yetene\u011fi ile giri\u015f voltaj\u0131ndaki t\u00fcm anomalileri ortadan kald\u0131r\u0131r. Reg\u00fclasyon i\u015flemi s\u0131ras\u0131nda ak\u00fcler ile ilgili hi\u00e7bir kullan\u0131m olmaz. Ba\u011fl\u0131 y\u00fcklere s\u00fcrekli ve tutarl\u0131 temiz ak\u0131m sa\u011flar.<\/p>\n<p>&nbsp;<\/p>\n<h3><strong>Daha uzun ak\u00fc \u00f6mr\u00fc ve daha g\u00fc\u00e7l\u00fc ak\u00fc beslemesi<\/strong><\/h3>\n<p>5SC UPS\u2019ler Eaton ABM\u00ae Ak\u00fc Y\u00f6netim teknolojisine sahiptir. Bu teknolojinin sa\u011flad\u0131\u011f\u0131 e\u015fsiz 3 a\u015famal\u0131 \u015farj sistemi kullan\u0131lan ak\u00fclerin \u00f6mr\u00fcn\u00fc %50 artt\u0131r\u0131r.<\/p>\n<p>&nbsp;<\/p>\n<p><img decoding=\"async\" src=\"http:\/\/www.betsis.com.tr\/urunresim\/OzellikResim\/5SC_LCD_1.jpg\" \/>\u00a0<img decoding=\"async\" src=\"http:\/\/www.betsis.com.tr\/urunresim\/OzellikResim\/5SC_LCD_3.jpg\" \/><\/td>\n<td><\/td>\n<td>\n<h2><strong>Kolay Kontrol ve Y\u00f6netim<\/strong><\/h2>\n<p>&nbsp;<\/p>\n<p>5SC USB ve seri ba\u011flant\u0131 ile do\u011frudan bilgisayara ba\u011flanabilir. HID uyumlu USB portu ile Windows, MacOs ve Linux i\u015fletim sistemleri ile otomatik entegre olur.<\/p>\n<p>&nbsp;<\/p>\n<p>Eaton Intelligent Power Protector \u00ae (IPP) yaz\u0131l\u0131m\u0131 her 5SC UPS ile standart olark gelir.USB\/Seri ba\u011flant\u0131 ile tek bilgisayardan kontrol edilebilece\u011fi gibi, Network \u00fczerinden IPP Proxy olarak da y\u00f6netilebilir.<\/p>\n<p>&nbsp;<\/p>\n<p><img decoding=\"async\" src=\"http:\/\/www.betsis.com.tr\/urunresim\/OzellikResim\/5SC_Pack.jpg\" \/><\/p>\n<p>Geli\u015fmi\u015f LCD ekran\u0131 ile UPS\u2019iniz t\u00fcm anahtar parametrelerini g\u00f6zlemleyebilirsiniz. Giri\u015f \u00c7\u0131k\u0131\u015f Voltaj\u0131, Y\u00fck Durumu ve Ak\u00fc D\u00fczeyi, Muhtemel Besleme S\u00fcresi ekranda g\u00f6sterilir.\u00c7\u0131k\u0131\u015f Voltaj\u0131, Sesli Alarm ve Hassasiyet ekran \u00fczerinden konfig\u00fcre edilebilir.<\/p>\n<p>&nbsp;<\/td>\n<\/tr>\n<tr>\n<td colspan=\"3\"><\/td>\n<\/tr>\n<\/tbody>\n<\/table>\n<h1><\/h1>\n<\/div>\n<div class=\"property_multi\">\n<div>\n<table width=\"530\">\n<tbody>\n<tr>\n<td colspan=\"2\" width=\"195\">Net A\u011f\u0131rl\u0131k<\/td>\n<td colspan=\"2\" width=\"335\">\u00a05.16 KG<\/td>\n<\/tr>\n<tr>\n<td colspan=\"2\">Besleme S\u00fcresi (Tam\/Yar\u0131m Y\u00fck)<\/td>\n<td colspan=\"2\">\u00a06 DK. \/ 16 DK.<\/td>\n<\/tr>\n<tr>\n<td colspan=\"2\">Boyutlar (Y x G x D)<\/td>\n<td colspan=\"2\">\u00a0148 X 100 X 288 MM<\/td>\n<\/tr>\n<tr>\n<td colspan=\"2\">\u00c7al\u0131\u015fma Sistemi<\/td>\n<td colspan=\"2\">\u00a0Line Interactive<\/td>\n<\/tr>\n<tr>\n<td colspan=\"2\">\u00c7al\u0131\u015fma S\u0131cakl\u0131\u011f\u0131<\/td>\n<td colspan=\"2\">\u00a00 \u00b0C &amp; +40 \u00b0C<\/td>\n<\/tr>\n<tr>\n<td colspan=\"2\">\u00c7\u0131k\u0131\u015f G\u00fcc\u00fc<\/td>\n<td colspan=\"2\" width=\"335\">\u00a0600VA \/ 360WATT<\/td>\n<\/tr>\n<tr>\n<td colspan=\"2\">\u00c7\u0131k\u0131\u015f Ba\u011flant\u0131s\u0131<\/td>\n<td colspan=\"2\">\u00a06 ADET C13<\/td>\n<\/tr>\n<tr>\n<td colspan=\"2\">\u00c7\u0131k\u0131\u015f Voltaj\u0131<\/td>\n<td colspan=\"2\">\u00a0230 VOLT<\/td>\n<\/tr>\n<tr>\n<td colspan=\"2\">Dalga \u015eekli<\/td>\n<td colspan=\"2\">\u00a0Ger\u00e7ek Sin\u00fcs<\/td>\n<\/tr>\n<tr>\n<td colspan=\"2\">Depolama S\u0131cakl\u0131\u011f\u0131<\/td>\n<td colspan=\"2\">\u00a00C \/ +40C<\/td>\n<\/tr>\n<tr>\n<td colspan=\"2\">EPO Acil Kapatma<\/td>\n<td colspan=\"2\">\u00a0Yok<\/td>\n<\/tr>\n<tr>\n<td colspan=\"2\">Garanti<\/td>\n<td colspan=\"2\">\u00a02 YIL<\/td>\n<\/tr>\n<tr>\n<td colspan=\"2\" width=\"195\">Giri\u015f Frekans\u0131<\/td>\n<td colspan=\"2\">\u00a0\u2013<\/td>\n<\/tr>\n<tr>\n<td colspan=\"2\">Giri\u015f Ba\u011flant\u0131 tipi<\/td>\n<td colspan=\"2\">\u00a0IEC-320-C14<\/td>\n<\/tr>\n<tr>\n<td colspan=\"2\">Giri\u015f Voltaj Aral\u0131\u011f\u0131<\/td>\n<td colspan=\"2\" width=\"335\">\u00a0170~280 VAC<\/td>\n<\/tr>\n<tr>\n<td colspan=\"2\">Haberle\u015fme<\/td>\n<td colspan=\"2\" width=\"335\">USB<\/td>\n<\/tr>\n<tr>\n<td colspan=\"2\">Renk<\/td>\n<td colspan=\"2\">\u00a0SIYAH<\/td>\n<\/tr>\n<tr>\n<td colspan=\"2\">G\u00fcr\u00fclt\u00fc Seviyesi (1 Metre)<\/td>\n<td colspan=\"2\">\u00a0&lt;40 DBA<\/td>\n<\/tr>\n<tr>\n<td colspan=\"2\">WEB\/ SNMP Kart\u0131<\/td>\n<td colspan=\"2\">\u00a0YOK<\/td>\n<\/tr>\n<tr>\n<td colspan=\"2\">Tam Y\u00fckte Verimlilik<\/td>\n<td colspan=\"2\">\u00a0\u2013<\/td>\n<\/tr>\n<tr>\n<td colspan=\"2\" width=\"195\">Rack Y\u00fcksekli\u011fi<\/td>\n<td colspan=\"2\">\u00a0\u2013 TOWER<\/td>\n<\/tr>\n<tr>\n<td colspan=\"2\" width=\"195\">Bypass<\/td>\n<td colspan=\"2\">\u00a0\u2013<\/td>\n<\/tr>\n<\/tbody>\n<\/table>\n<\/div>\n<\/div>\n<\/div>\n<\/div>\n<\/div>\n<div class=\"detail_content\"><\/div>\n<\/div>\n<\/div>\n<\/div>\n<\/div>\n<\/div>\n<\/div>\n<\/div>\n<\/div>\n<\/div>\n<\/div>\n<\/div>\n<\/div>\n<\/div>\n<\/div>\n<\/div>\n<\/div>\n\n\t\t<\/div>\n\t<\/div>\n<\/div><\/div><div class=\"vc_tta-panel\" id=\"1695196481461-642c273a-c0c6\" data-vc-content=\".vc_tta-panel-body\"><div class=\"vc_tta-panel-heading\"><h4 class=\"vc_tta-panel-title\"><a href=\"#1695196481461-642c273a-c0c6\" data-vc-accordion data-vc-container=\".vc_tta-container\"><span class=\"vc_tta-title-text\">Teknik \u00d6zellikler<\/span><\/a><\/h4><\/div><div class=\"vc_tta-panel-body\">\n\t<div class=\"wpb_text_column wpb_content_element\" >\n\t\t<div class=\"wpb_wrapper\">\n\t\t\t<h1>5SC1500i Teknik \u00d6zellikler<\/h1>\n<div>\n<h2>Eaton 5SC 1500 VA Tower<\/h2>\n<table border=\"1\" cellspacing=\"0\" cellpadding=\"5\">\n<tbody>\n<tr>\n<td colspan=\"2\">\n<h2><strong>Genel<\/strong><\/h2>\n<\/td>\n<\/tr>\n<tr>\n<td>Topoloji<\/td>\n<td>Line interaktif y\u00fcksek frekansl\u0131 ve booster + fadeer, temiz sin\u00fcs \u00e7\u0131k\u0131\u015f dalga yap\u0131s\u0131<\/td>\n<\/tr>\n<tr>\n<td>Yap\u0131land\u0131rma<\/td>\n<td>Tower<\/td>\n<\/tr>\n<tr>\n<td>Par\u00e7a Numaras\u0131<\/td>\n<td>5SC1500i<\/td>\n<\/tr>\n<tr>\n<td>Renk<\/td>\n<td>Siyah<\/td>\n<\/tr>\n<tr>\n<td>S\u0131n\u0131fland\u0131rma (VA\/Watts)<\/td>\n<td>1500\/1050<\/td>\n<\/tr>\n<tr>\n<td>Ebatlar (Y x G x D, mm)<\/td>\n<td>210 x 150 x 410<\/td>\n<\/tr>\n<tr>\n<td>A\u011f\u0131rl\u0131k (kg)<\/td>\n<td>15.2<\/td>\n<\/tr>\n<tr>\n<td>Garanti<\/td>\n<td>2 y\u0131l<\/td>\n<\/tr>\n<tr>\n<td colspan=\"2\">\n<h2><strong>Elektrik Giri\u015f<\/strong><\/h2>\n<\/td>\n<\/tr>\n<tr>\n<td>Ba\u011flant\u0131<\/td>\n<td>(1) IEC-320-C14<\/p>\n<p><img decoding=\"async\" src=\"http:\/\/www.betsis.com.tr\/urunresim\/OzellikResim\/IEC-320-C14.gif\" alt=\"C14\" \/><\/td>\n<\/tr>\n<tr>\n<td>Giri\u015f Gerilim Aral\u0131\u011f\u0131<\/td>\n<td>184V-276V<\/td>\n<\/tr>\n<tr>\n<td>Nominal Gerilim<\/td>\n<td>230V<\/td>\n<\/tr>\n<tr>\n<td>Ak\u00fcleri Kullanmadan Giri\u015f Frekans Aral\u0131\u011f\u0131<\/td>\n<td>45\u201355Hz (50Hz sistem), 55\u201365Hz (60Hz sistem)<\/td>\n<\/tr>\n<tr>\n<td colspan=\"2\">\n<h2><strong>Elektrik \u00c7\u0131k\u0131\u015f<\/strong><\/h2>\n<p>&nbsp;<\/td>\n<\/tr>\n<tr>\n<td>Gerilimler<\/td>\n<td>230V (+6\/\u201310 %) (Ayarlanabilir 220V\/230V\/240V)<\/td>\n<\/tr>\n<tr>\n<td>\u00c7\u0131k\u0131\u015f Yuvas\u0131<\/td>\n<td>(8) IEC-320-C13<\/p>\n<p><img decoding=\"async\" src=\"http:\/\/www.betsis.com.tr\/urunresim\/OzellikResim\/IEC-320-C13.gif\" alt=\"C13\" \/><\/td>\n<\/tr>\n<tr>\n<td>\u00c7\u0131k\u0131\u015f Frekans\u0131<\/td>\n<td>50\/60Hz +\/\u20130.1 % (otomatik sens\u00f6r)<\/td>\n<\/tr>\n<tr>\n<td colspan=\"2\">\n<h2><strong>Ak\u00fc<\/strong><\/h2>\n<\/td>\n<\/tr>\n<tr>\n<td colspan=\"2\"><img decoding=\"async\" src=\"http:\/\/www.betsis.com.tr\/urunresim\/OzellikResim\/5SC1500i_besleme.jpg\" \/><\/p>\n<p>Ak\u00fc \u00e7al\u0131\u015fma s\u00fcreleri yakla\u015f\u0131k olarak verilmi\u015ftir ve ba\u011fl\u0131 cihaz, konfig\u00fcrasyon, ak\u00fc a\u015f\u0131, ortam \u0131s\u0131s\u0131 gibi parametreler ile de\u011fi\u015fkenlik g\u00f6sterebilir.<\/p>\n<p>Y\u00fck\u00fcn Volt de\u011fil Watt olarak g\u00f6sterildi\u011fine dikkat ediniz. 1500Volt=1050Watt<\/p>\n<p>&nbsp;<\/td>\n<\/tr>\n<tr>\n<td>Ak\u00fc Y\u00f6netimi<\/td>\n<td>ABM\u00ae, Otomatik ak\u00fc testi, derin de\u015farj korumas\u0131<\/td>\n<\/tr>\n<tr>\n<td colspan=\"2\">\n<h2><strong>Haberle\u015fme<\/strong><\/h2>\n<\/td>\n<\/tr>\n<tr>\n<td>Haberle\u015fme Portlar\u0131<\/td>\n<td>1 USB portu + 1 RS232 seri port (USB ve RS232 portlar\u0131 ayn\u0131 anda kullan\u0131lamaz)<\/td>\n<\/tr>\n<tr>\n<td colspan=\"2\">\n<h2><strong>Ortam &amp; Standartlar<\/strong><\/h2>\n<\/td>\n<\/tr>\n<tr>\n<td>Duyulabilir G\u00fcr\u00fclt\u00fc<\/td>\n<td>&lt;40 dB<\/td>\n<\/tr>\n<tr>\n<td>\u00c7al\u0131\u015fma S\u0131cakl\u0131\u011f\u0131<\/td>\n<td>0\u201335\u00b0C<\/td>\n<\/tr>\n<tr>\n<td>G\u00fcvenlik \u0130\u015fareti<\/td>\n<td>IEC\/EN 62040-1, UL 1778<\/td>\n<\/tr>\n<tr>\n<td>EMC I\u015faretleri<\/td>\n<td>IEC\/EN 62040-2<\/td>\n<\/tr>\n<tr>\n<td>Onaylar<\/td>\n<td>CE, CB raporu (TUV)<\/td>\n<\/tr>\n<\/tbody>\n<\/table>\n<\/div>\n\n\t\t<\/div>\n\t<\/div>\n<\/div><\/div><div class=\"vc_tta-panel\" id=\"1695196623897-6cf5161d-c302\" data-vc-content=\".vc_tta-panel-body\"><div class=\"vc_tta-panel-heading\"><h4 class=\"vc_tta-panel-title\"><a href=\"#1695196623897-6cf5161d-c302\" data-vc-accordion data-vc-container=\".vc_tta-container\"><span class=\"vc_tta-title-text\">D\u00f6k\u00fcmanlar<\/span><\/a><\/h4><\/div><div class=\"vc_tta-panel-body\">\n\t<div class=\"wpb_text_column wpb_content_element\" >\n\t\t<div class=\"wpb_wrapper\">\n\t\t\t<h5><a href=\"http:\/\/www.westech.com.tr\/wp-content\/uploads\/2023\/09\/Eaton-5SC_Brochure_EN.pdf\">Eaton-5SC_Brochure_EN<\/a><\/h5>\n<h5><a href=\"http:\/\/www.westech.com.tr\/wp-content\/uploads\/2023\/09\/Eaton_5SC_DS_EN.pdf\">Eaton_5SC_DS_EN<\/a><\/h5>\n\n\t\t<\/div>\n\t<\/div>\n<\/div><\/div><\/div><\/div><\/div><\/div><\/div><\/div><\/div><\/div><\/div>\n<\/section>","protected":false},"excerpt":{"rendered":"5SC1500I Eaton 5SC Serisi 1500VA Line-Interactive UPS \u00dcr\u00fcn kodu:5SC1500I Teklif Al\u00dcr\u00fcn A\u00e7\u0131klamas\u0131Teknik \u00d6zelliklerD\u00f6k\u00fcmanlar\u00dcr\u00fcn A\u00e7\u0131klamas\u0131 Eaton 5SC UPS \u00a0 &nbsp; &nbsp; Yayg\u0131n Kullan\u0131m Alan\u0131 &nbsp; K\u00fc\u00e7\u00fck i\u015fyerleri ve tower yap\u0131l\u0131 serverlar\u0131 desteklemek \u00fczere tasarlanan 5SC serisi, az yer kaplayan k\u00fc\u00e7\u00fck tasar\u0131m\u0131 ile pek \u00e7ok alanda kullan\u0131ma uygundur. Kiosklar, ATM\u2019ler, bilet makinalar\u0131 gibi temiz ve g\u00fcvenilir enerjinin [...]","protected":false},"author":1,"featured_media":0,"parent":0,"menu_order":0,"comment_status":"closed","ping_status":"closed","template":"tmpl\/template-fullwidth.php","meta":{"om_disable_all_campaigns":false,"_monsterinsights_skip_tracking":false,"_monsterinsights_sitenote_active":false,"_monsterinsights_sitenote_note":"","_monsterinsights_sitenote_category":0,"footnotes":""},"class_list":["post-4211","page","type-page","status-publish","hentry"],"acf":[],"aioseo_notices":[],"_links":{"self":[{"href":"http:\/\/www.westech.com.tr\/en\/wp-json\/wp\/v2\/pages\/4211"}],"collection":[{"href":"http:\/\/www.westech.com.tr\/en\/wp-json\/wp\/v2\/pages"}],"about":[{"href":"http:\/\/www.westech.com.tr\/en\/wp-json\/wp\/v2\/types\/page"}],"author":[{"embeddable":true,"href":"http:\/\/www.westech.com.tr\/en\/wp-json\/wp\/v2\/users\/1"}],"replies":[{"embeddable":true,"href":"http:\/\/www.westech.com.tr\/en\/wp-json\/wp\/v2\/comments?post=4211"}],"version-history":[{"count":2,"href":"http:\/\/www.westech.com.tr\/en\/wp-json\/wp\/v2\/pages\/4211\/revisions"}],"predecessor-version":[{"id":5220,"href":"http:\/\/www.westech.com.tr\/en\/wp-json\/wp\/v2\/pages\/4211\/revisions\/5220"}],"wp:attachment":[{"href":"http:\/\/www.westech.com.tr\/en\/wp-json\/wp\/v2\/media?parent=4211"}],"curies":[{"name":"wp","href":"https:\/\/api.w.org\/{rel}","templated":true}]}}