{"id":4296,"date":"2023-09-21T08:32:29","date_gmt":"2023-09-21T05:32:29","guid":{"rendered":"http:\/\/www.westech.com.tr\/?page_id=4296"},"modified":"2023-09-21T08:32:29","modified_gmt":"2023-09-21T05:32:29","slug":"elp650din-eaton-ellipse-pro-650-din","status":"publish","type":"page","link":"http:\/\/www.westech.com.tr\/en\/elp650din-eaton-ellipse-pro-650-din\/","title":{"rendered":"ELP650DIN Eaton Ellipse PRO 650 DIN"},"content":{"rendered":"<section class=\"wpb-content-wrapper\"><div style=\"\" class=\"vc_row wpb_row vc_row-fluid\"><div class=\"row-inner\"><div class=\"wpb_column vc_column_container vc_col-sm-6\"><div class=\"vc_column-inner\"><div class=\"wpb_wrapper\"><div class=\"vc_empty_space\"   style=\"height: 32px\"><span class=\"vc_empty_space_inner\"><\/span><\/div><div class=\"wpb_gallery wpb_content_element vc_clearfix\" ><div class=\"wpb_wrapper\"><div class=\"wpb_gallery_slides wpb_flexslider flexslider_fade flexslider\" data-interval=\"3\" data-flex_fx=\"fade\"><ul class=\"slides\"><li><a href=\"https:\/\/www.westech.com.tr\/wp-content\/uploads\/2023\/09\/Eaton-Ellipse-PRO-650-1.jpg\" target=\"_self\"><img loading=\"lazy\" decoding=\"async\" width=\"300\" height=\"300\" src=\"https:\/\/www.westech.com.tr\/wp-content\/uploads\/2023\/09\/Eaton-Ellipse-PRO-650-1-300x300.jpg\" class=\"attachment-medium\" alt=\"\" title=\"Eaton Ellipse PRO 650 1\" srcset=\"https:\/\/www.westech.com.tr\/wp-content\/uploads\/2023\/09\/Eaton-Ellipse-PRO-650-1-300x300.jpg 300w, https:\/\/www.westech.com.tr\/wp-content\/uploads\/2023\/09\/Eaton-Ellipse-PRO-650-1-150x150.jpg 150w, https:\/\/www.westech.com.tr\/wp-content\/uploads\/2023\/09\/Eaton-Ellipse-PRO-650-1-768x768.jpg 768w, https:\/\/www.westech.com.tr\/wp-content\/uploads\/2023\/09\/Eaton-Ellipse-PRO-650-1.jpg 1000w\" sizes=\"(max-width: 300px) 100vw, 300px\" \/><\/a><\/li><li><a href=\"https:\/\/www.westech.com.tr\/wp-content\/uploads\/2023\/09\/Eaton-Ellipse-PRO-650-2.jpg\" target=\"_self\"><img loading=\"lazy\" decoding=\"async\" width=\"300\" height=\"300\" src=\"https:\/\/www.westech.com.tr\/wp-content\/uploads\/2023\/09\/Eaton-Ellipse-PRO-650-2-300x300.jpg\" class=\"attachment-medium\" alt=\"\" title=\"Eaton Ellipse PRO 650 2\" srcset=\"https:\/\/www.westech.com.tr\/wp-content\/uploads\/2023\/09\/Eaton-Ellipse-PRO-650-2-300x300.jpg 300w, https:\/\/www.westech.com.tr\/wp-content\/uploads\/2023\/09\/Eaton-Ellipse-PRO-650-2-150x150.jpg 150w, https:\/\/www.westech.com.tr\/wp-content\/uploads\/2023\/09\/Eaton-Ellipse-PRO-650-2-768x768.jpg 768w, https:\/\/www.westech.com.tr\/wp-content\/uploads\/2023\/09\/Eaton-Ellipse-PRO-650-2.jpg 1000w\" sizes=\"(max-width: 300px) 100vw, 300px\" \/><\/a><\/li><li><a href=\"https:\/\/www.westech.com.tr\/wp-content\/uploads\/2023\/09\/Eaton-Ellipse-PRO-650-3.jpg\" target=\"_self\"><img loading=\"lazy\" decoding=\"async\" width=\"300\" height=\"300\" src=\"https:\/\/www.westech.com.tr\/wp-content\/uploads\/2023\/09\/Eaton-Ellipse-PRO-650-3-300x300.jpg\" class=\"attachment-medium\" alt=\"\" title=\"Eaton Ellipse PRO 650 3\" srcset=\"https:\/\/www.westech.com.tr\/wp-content\/uploads\/2023\/09\/Eaton-Ellipse-PRO-650-3-300x300.jpg 300w, https:\/\/www.westech.com.tr\/wp-content\/uploads\/2023\/09\/Eaton-Ellipse-PRO-650-3-150x150.jpg 150w, https:\/\/www.westech.com.tr\/wp-content\/uploads\/2023\/09\/Eaton-Ellipse-PRO-650-3-768x768.jpg 768w, https:\/\/www.westech.com.tr\/wp-content\/uploads\/2023\/09\/Eaton-Ellipse-PRO-650-3.jpg 1000w\" sizes=\"(max-width: 300px) 100vw, 300px\" \/><\/a><\/li><\/ul><\/div><\/div><\/div><\/div><\/div><\/div><div class=\"wpb_column vc_column_container vc_col-sm-6\"><div class=\"vc_column-inner\"><div class=\"wpb_wrapper\">\n\t<div class=\"wpb_text_column wpb_content_element\" >\n\t\t<div class=\"wpb_wrapper\">\n\t\t\t<h1>ELP650DIN Eaton Ellipse PRO 650 DIN<\/h1>\n\n\t\t<\/div>\n\t<\/div>\n\n\t<div class=\"wpb_text_column wpb_content_element\" >\n\t\t<div class=\"wpb_wrapper\">\n\t\t\t<h4>\u00dcr\u00fcn kodu:<b>ELP650DIN<\/b><\/h4>\n\n\t\t<\/div>\n\t<\/div>\n<div class=\"vc_empty_space\"   style=\"height: 32px\"><span class=\"vc_empty_space_inner\"><\/span><\/div><div class=\"vc_btn3-container vc_btn3-inline\" ><button class=\"vc_general vc_btn3 vc_btn3-size-md vc_btn3-shape-rounded vc_btn3-style-modern vc_btn3-color-danger\">Teklif Al<\/button><\/div><\/div><\/div><\/div><\/div><\/div><div style=\"\" class=\"vc_row wpb_row vc_row-fluid\"><div class=\"row-inner\"><div class=\"wpb_column vc_column_container vc_col-sm-3\"><div class=\"vc_column-inner\"><div class=\"wpb_wrapper\"><div class=\"vc_empty_space\"   style=\"height: 32px\"><span class=\"vc_empty_space_inner\"><\/span><\/div><\/div><\/div><\/div><div class=\"wpb_column vc_column_container vc_col-sm-3\"><div class=\"vc_column-inner\"><div class=\"wpb_wrapper\"><div class=\"vc_empty_space\"   style=\"height: 32px\"><span class=\"vc_empty_space_inner\"><\/span><\/div><\/div><\/div><\/div><div class=\"wpb_column vc_column_container vc_col-sm-3\"><div class=\"vc_column-inner\"><div class=\"wpb_wrapper\"><div class=\"vc_empty_space\"   style=\"height: 32px\"><span class=\"vc_empty_space_inner\"><\/span><\/div><\/div><\/div><\/div><div class=\"wpb_column vc_column_container vc_col-sm-3\"><div class=\"vc_column-inner\"><div class=\"wpb_wrapper\"><div class=\"vc_empty_space\"   style=\"height: 32px\"><span class=\"vc_empty_space_inner\"><\/span><\/div><\/div><\/div><\/div><\/div><\/div><div style=\"\" class=\"vc_row wpb_row vc_row-fluid\"><div class=\"row-inner\"><div class=\"wpb_column vc_column_container vc_col-sm-12\"><div class=\"vc_column-inner\"><div class=\"wpb_wrapper\"><div class=\"vc_tta-container\" data-vc-action=\"collapse\"><div class=\"vc_general vc_tta vc_tta-tabs vc_tta-color-grey vc_tta-style-classic vc_tta-shape-rounded vc_tta-spacing-1 vc_tta-tabs-position-top vc_tta-controls-align-left\"><div class=\"vc_tta-tabs-container\"><ul class=\"vc_tta-tabs-list\"><li class=\"vc_tta-tab vc_active\" data-vc-tab><a href=\"#1692870200808-29f2690b-4a23\" data-vc-tabs data-vc-container=\".vc_tta\"><span class=\"vc_tta-title-text\">\u00dcr\u00fcn A\u00e7\u0131klamas\u0131<\/span><\/a><\/li><li class=\"vc_tta-tab\" data-vc-tab><a href=\"#1694777871643-ad942ca4-002b\" data-vc-tabs data-vc-container=\".vc_tta\"><span class=\"vc_tta-title-text\">Teknik \u00d6zellikler<\/span><\/a><\/li><li class=\"vc_tta-tab\" data-vc-tab><a href=\"#1692870355708-af0c3d79-86cf\" data-vc-tabs data-vc-container=\".vc_tta\"><span class=\"vc_tta-title-text\">D\u00f6k\u00fcmanlar<\/span><\/a><\/li><\/ul><\/div><div class=\"vc_tta-panels-container\"><div class=\"vc_tta-panels\"><div class=\"vc_tta-panel vc_active\" id=\"1692870200808-29f2690b-4a23\" data-vc-content=\".vc_tta-panel-body\"><div class=\"vc_tta-panel-heading\"><h4 class=\"vc_tta-panel-title\"><a href=\"#1692870200808-29f2690b-4a23\" data-vc-accordion data-vc-container=\".vc_tta-container\"><span class=\"vc_tta-title-text\">\u00dcr\u00fcn A\u00e7\u0131klamas\u0131<\/span><\/a><\/h4><\/div><div class=\"vc_tta-panel-body\">\n\t<div class=\"wpb_text_column wpb_content_element\" >\n\t\t<div class=\"wpb_wrapper\">\n\t\t\t<div class=\"property_single\">\n<div class=\"property_single\">\n<div class=\"property_single\">\n<div class=\"property_single\">\n<div class=\"property_single\">\n<div class=\"property_title\">\n<div class=\"property_single\">\n<div class=\"main\">\n<div class=\"detail\">\n<div class=\"detail_content\">\n<div class=\"detail_tab_content\">\n<div id=\"tab_conn1\" class=\"tab_conn tab_conn_active\">\n<div class=\"property_single\">\n<div class=\"property_single\">\n<div class=\"property_single\">\n<div class=\"property_title\">\n<div class=\"property_title\">\n<div class=\"property_single\">\n<div class=\"property_single\">\n<h1>Eaton Ellipse PRO UPS<\/h1>\n<p>Eaton Ellipse PRO 650-1600VA, zorlu uygulamalar \u00e7al\u0131\u015ft\u0131ran i\u015f istasyonlar\u0131n\u0131 korumak i\u00e7in \u00f6zel olarak geli\u015ftirilmi\u015f bir hat etkile\u015fimli UPS&#8217;dir. Ellipse PRO, ger\u00e7ek zamanl\u0131 durum ve \u00f6l\u00e7\u00fcmler i\u00e7in bir LCD ekrana sahiptir. Ayr\u0131ca y\u00fczde 20&#8217;ye kadar enerji tasarrufu sa\u011flayan EcoControl g\u00fc\u00e7 \u00e7\u0131k\u0131\u015flar\u0131na ve IEC 616431-1 standard\u0131n\u0131n gerekliliklerine tam olarak uyan Geli\u015fmi\u015f Dalgalanma Azaltma (ASR) \u00f6zelliklerine sahiptir.<\/p>\n<h3><em>\u00d6zellikler<\/em><\/h3>\n<table border=\"0\" cellspacing=\"0\" cellpadding=\"15\">\n<tbody>\n<tr>\n<td>* Ger\u00e7ek zamanl\u0131 durum ve \u00f6l\u00e7\u00fcmler i\u00e7in LCD ekran<\/p>\n<p>&nbsp;<\/p>\n<p>* Otomatik Voltaj Reg\u00fclasyonu (AVR) ile temiz \u00e7\u0131k\u0131\u015f sa\u011flar<\/p>\n<p>&nbsp;<\/p>\n<p>* EcoControl i\u015flevi, \u00f6nceki nesil UPS&#8217;lere k\u0131yasla% 20&#8217;ye kadar enerji tasarrufu yapman\u0131za yard\u0131mc\u0131 olur<\/p>\n<p>&nbsp;<\/p>\n<p>* IEC 61643-1 standard\u0131na uyan y\u00fcksek performansl\u0131 a\u015f\u0131r\u0131 gerilim koruma<\/p>\n<p>&nbsp;<\/p>\n<p>* PC&#8217;nizi ve \u00e7evre birimlerinizi ba\u011flamak i\u00e7in 8 \u00e7\u0131k\u0131\u015fa kadar<\/p>\n<p>&nbsp;<\/p>\n<p>* Her ofis ortam\u0131nda kolay kurulum i\u00e7in kullan\u0131\u015fl\u0131 ekstra d\u00fcz tasar\u0131m<\/p>\n<p>&nbsp;<\/p>\n<p>* G\u00fcvenli sistem kapatma, enerji kullan\u0131m \u00f6l\u00e7\u00fcm\u00fc ve UPS ayarlar\u0131n\u0131n kolay yap\u0131land\u0131r\u0131lmas\u0131n\u0131 sa\u011flayan USB ba\u011flant\u0131 noktas\u0131 ve Eaton UPS Companion yaz\u0131l\u0131m\u0131<\/p>\n<p>&nbsp;<\/p>\n<p>* Ethernet, internet ve telefon hatlar\u0131 gibi veri ba\u011flant\u0131lar\u0131n\u0131 korur<\/p>\n<p>&nbsp;<\/p>\n<p>&nbsp;<\/p>\n<p>&nbsp;<\/p>\n<p><img decoding=\"async\" src=\"https:\/\/www.betsis.com.tr\/UrunResim\/OzellikResim\/PC-world-award_08_2014.jpg\" alt=\"\" \/><\/p>\n<p>&nbsp;<\/p>\n<p><strong>\u00a0 \u00a0 \u00a0 \u00a0 \u00a0 \u00a0 \u00a0 \u00a0 \u00a0PC World \u201cEditorial choice\u201d<\/strong><\/p>\n<p>Polish periodical PC World, 2014<\/td>\n<td><img decoding=\"async\" src=\"https:\/\/www.betsis.com.tr\/UrunResim\/OzellikResim\/Ellipse%20PRO%20Range2.jpg\" alt=\"\" \/><\/p>\n<p>&nbsp;<\/p>\n<p>&nbsp;<\/p>\n<p><img decoding=\"async\" src=\"https:\/\/www.betsis.com.tr\/UrunResim\/OzellikResim\/Ellipse_PRO_Range.jpg\" alt=\"\" \/><\/td>\n<\/tr>\n<\/tbody>\n<\/table>\n<\/div>\n<\/div>\n<\/div>\n<\/div>\n<\/div>\n<\/div>\n<\/div>\n<\/div>\n<\/div>\n<\/div>\n<\/div>\n<\/div>\n<\/div>\n<\/div>\n<\/div>\n<\/div>\n<\/div>\n<\/div>\n<\/div>\n\n\t\t<\/div>\n\t<\/div>\n<\/div><\/div><div class=\"vc_tta-panel\" id=\"1694777871643-ad942ca4-002b\" data-vc-content=\".vc_tta-panel-body\"><div class=\"vc_tta-panel-heading\"><h4 class=\"vc_tta-panel-title\"><a href=\"#1694777871643-ad942ca4-002b\" data-vc-accordion data-vc-container=\".vc_tta-container\"><span class=\"vc_tta-title-text\">Teknik \u00d6zellikler<\/span><\/a><\/h4><\/div><div class=\"vc_tta-panel-body\">\n\t<div class=\"wpb_text_column wpb_content_element\" >\n\t\t<div class=\"wpb_wrapper\">\n\t\t\t<h1>ELP650DIN Teknik \u00d6zellikler<\/h1>\n<table border=\"1\" cellspacing=\"0\" cellpadding=\"5\">\n<tbody>\n<tr>\n<td colspan=\"2\">\n<h2>Genel<\/h2>\n<p>&nbsp;<\/td>\n<\/tr>\n<tr>\n<td>Topoloji<\/p>\n<p>&nbsp;<\/td>\n<td>Line-interactive (AVR with booster + fader)<\/p>\n<p>&nbsp;<\/td>\n<\/tr>\n<tr>\n<td>Yap\u0131land\u0131rma<\/p>\n<p>&nbsp;<\/td>\n<td>Rack\/Tower<\/p>\n<p>&nbsp;<\/td>\n<\/tr>\n<tr>\n<td>Par\u00e7a Numaras\u0131<\/p>\n<p>&nbsp;<\/td>\n<td>ELP650DIN<\/p>\n<p>&nbsp;<\/td>\n<\/tr>\n<tr>\n<td>Renk<\/p>\n<p>&nbsp;<\/td>\n<td>Siyah<\/p>\n<p>&nbsp;<\/td>\n<\/tr>\n<tr>\n<td>S\u0131n\u0131fland\u0131rma (VA\/Watts)<\/p>\n<p>&nbsp;<\/td>\n<td>650\/400<\/p>\n<p>&nbsp;<\/td>\n<\/tr>\n<tr>\n<td>EcoKontrol<\/p>\n<p>&nbsp;<\/td>\n<td>Evet %15&#8217;e kadar enerji tasarrufu (bo\u015f \u00e7evre birimlerinin otomatik olarak devre d\u0131\u015f\u0131 b\u0131rak\u0131lmas\u0131)<\/p>\n<p>&nbsp;<\/td>\n<\/tr>\n<tr>\n<td>Ebatlar (Y x G x D, mm)<\/p>\n<p>&nbsp;<\/td>\n<td>260 x 82 x 285<\/p>\n<p>&nbsp;<\/td>\n<\/tr>\n<tr>\n<td>A\u011f\u0131rl\u0131k (kg)<\/p>\n<p>&nbsp;<\/td>\n<td>6.6<\/p>\n<p>&nbsp;<\/td>\n<\/tr>\n<tr>\n<td>Garanti<\/p>\n<p>&nbsp;<\/td>\n<td>2 y\u0131l<\/p>\n<p>&nbsp;<\/td>\n<\/tr>\n<tr>\n<td colspan=\"2\">\n<h2>Giri\u015f<\/h2>\n<p>&nbsp;<\/td>\n<\/tr>\n<tr>\n<td>Ba\u011flant\u0131<\/p>\n<p>&nbsp;<\/td>\n<td>(1) IEC-320-C14<\/p>\n<p>&nbsp;<\/p>\n<p><img decoding=\"async\" src=\"https:\/\/www.betsis.com.tr\/UrunResim\/OzellikResim\/IEC-320-C14.gif\" alt=\"\" \/><\/p>\n<p>&nbsp;<\/td>\n<\/tr>\n<tr>\n<td>Giri\u015f Gerilim Aral\u0131\u011f\u0131<\/p>\n<p>&nbsp;<\/td>\n<td>165 V &#8211; 285 V (adjustable to 150 V &#8211; 285 V)<\/p>\n<p>&nbsp;<\/td>\n<\/tr>\n<tr>\n<td>Nominal Gerilim<\/p>\n<p>&nbsp;<\/td>\n<td>230 V<\/p>\n<p>&nbsp;<\/td>\n<\/tr>\n<tr>\n<td>\u00c7al\u0131\u015fma Frekans\u0131<\/p>\n<p>&nbsp;<\/td>\n<td>50-60 Hz autoselect<\/p>\n<p>&nbsp;<\/td>\n<\/tr>\n<tr>\n<td colspan=\"2\">\n<h2>\u00c7\u0131k\u0131\u015f<\/h2>\n<p>&nbsp;<\/td>\n<\/tr>\n<tr>\n<td>Gerilimler<\/p>\n<p>&nbsp;<\/td>\n<td>230 V (adjustable to 220 V &#8211; 230 V &#8211; 240 V)<\/p>\n<p>&nbsp;<\/td>\n<\/tr>\n<tr>\n<td>\u00c7\u0131k\u0131\u015f Yuvas\u0131<\/td>\n<td>\u00a0(3) Schuko\u00a0 \u00a0 \u00a0 \u00a0 \u00a0 \u00a0 \u00a0 \u00a0 \u00a0(1) Schuko surge only<\/p>\n<p>&nbsp;<\/p>\n<p><img decoding=\"async\" src=\"https:\/\/www.betsis.com.tr\/UrunResim\/OzellikResim\/schukoR.gif\" alt=\"\" \/>\u00a0 \u00a0 \u00a0 \u00a0 \u00a0 \u00a0 \u00a0 \u00a0 \u00a0 \u00a0 \u00a0<img decoding=\"async\" src=\"https:\/\/www.betsis.com.tr\/UrunResim\/OzellikResim\/schukoR.gif\" alt=\"\" \/><\/p>\n<p>&nbsp;<\/td>\n<\/tr>\n<tr>\n<td colspan=\"2\">\n<h2>\u00c7al\u0131\u015fma S\u00fcresi Grafi\u011fi<\/h2>\n<p>&nbsp;<\/td>\n<\/tr>\n<tr>\n<td colspan=\"2\">&nbsp;<\/p>\n<p><img decoding=\"async\" src=\"https:\/\/www.betsis.com.tr\/UrunResim\/OzellikResim\/ELP650DIN_Runtime_Graph.jpg\" alt=\"\" \/><\/p>\n<p>&nbsp;<\/td>\n<\/tr>\n<tr>\n<td colspan=\"2\">\n<h2>Ak\u00fc<\/h2>\n<p>&nbsp;<\/td>\n<\/tr>\n<tr>\n<td>Ak\u00fc Y\u00f6netimi<\/p>\n<p>&nbsp;<\/td>\n<td>Otomatik ak\u00fc testi, derin de\u015farj korumas\u0131, cold-start \u00f6zelli\u011fi ve de\u011fi\u015ftirilebilir ak\u00fcler<\/p>\n<p>&nbsp;<\/td>\n<\/tr>\n<tr>\n<td colspan=\"2\">\n<h2>Haberle\u015fmeler<\/h2>\n<p>&nbsp;<\/td>\n<\/tr>\n<tr>\n<td>Kullan\u0131c\u0131 Arabirimi<\/p>\n<p>&nbsp;<\/td>\n<td>LCD (UPS durumu ve \u00f6l\u00e7\u00fcmleri, UPS ayarlar\u0131n\u0131n yap\u0131land\u0131r\u0131lmas\u0131)<\/p>\n<p>&nbsp;<\/td>\n<\/tr>\n<tr>\n<td>Haberle\u015fme Portlar\u0131<\/p>\n<p>&nbsp;<\/td>\n<td>USB ba\u011flant\u0131 noktas\u0131 (kablo birlikte verilir)<\/p>\n<p>&nbsp;<\/td>\n<\/tr>\n<tr>\n<td>G\u00fc\u00e7 Y\u00f6netim Yaz\u0131l\u0131m\u0131<\/p>\n<p>&nbsp;<\/td>\n<td>Eaton UPS Companion yaz\u0131l\u0131m\u0131 (g\u00fcvenli sistem kapatma, enerji kullan\u0131m \u00f6l\u00e7\u00fcm\u00fc ve UPS ayarlar\u0131n\u0131n yap\u0131land\u0131r\u0131lmas\u0131n\u0131 sa\u011flar)<\/p>\n<p>&nbsp;<\/td>\n<\/tr>\n<tr>\n<td colspan=\"2\">\n<h2>\u00c7evresel &amp; Standartlar<\/h2>\n<p>&nbsp;<\/td>\n<\/tr>\n<tr>\n<td>Surge (Gerilim Dalgalanma) Korumas\u0131<\/p>\n<p>&nbsp;<\/td>\n<td>IEC 61643-3 ile uyumlu a\u015f\u0131r\u0131 gerilim koruma<\/p>\n<p>&nbsp;<\/td>\n<\/tr>\n<tr>\n<td>Performans &#8211; G\u00fcvenlik \u2013 EMC<\/p>\n<p>&nbsp;<\/td>\n<td>IEC\/EN 62040-1, IEC\/EN 62040 -2, CB report, CE mark<\/p>\n<p>&nbsp;<\/td>\n<\/tr>\n<tr>\n<td>Veri Hatt\u0131 Korumas\u0131<\/p>\n<p>&nbsp;<\/td>\n<td>Tel\/fax\/modem\/internet and Ethernet<\/p>\n<p>&nbsp;<\/td>\n<\/tr>\n<\/tbody>\n<\/table>\n<h1><\/h1>\n\n\t\t<\/div>\n\t<\/div>\n<\/div><\/div><div class=\"vc_tta-panel\" id=\"1692870355708-af0c3d79-86cf\" data-vc-content=\".vc_tta-panel-body\"><div class=\"vc_tta-panel-heading\"><h4 class=\"vc_tta-panel-title\"><a href=\"#1692870355708-af0c3d79-86cf\" data-vc-accordion data-vc-container=\".vc_tta-container\"><span class=\"vc_tta-title-text\">D\u00f6k\u00fcmanlar<\/span><\/a><\/h4><\/div><div class=\"vc_tta-panel-body\">\n\t<div class=\"wpb_text_column wpb_content_element\" >\n\t\t<div class=\"wpb_wrapper\">\n\t\t\t<h5><a href=\"http:\/\/www.westech.com.tr\/wp-content\/uploads\/2023\/09\/Ellipse_Pro_DS_EN-1.pdf\">Ellipse_Pro_DS_EN<\/a><\/h5>\n<h5><a href=\"http:\/\/www.westech.com.tr\/wp-content\/uploads\/2023\/09\/Ellipse_Pro-Quick_Guide_EN-1.pdf\">Ellipse_Pro-Quick_Guide_EN<\/a><\/h5>\n\n\t\t<\/div>\n\t<\/div>\n<\/div><\/div><\/div><\/div><\/div><\/div><\/div><\/div><\/div><\/div><\/div>\n<\/section>","protected":false},"excerpt":{"rendered":"ELP650DIN Eaton Ellipse PRO 650 DIN \u00dcr\u00fcn kodu:ELP650DIN Teklif Al\u00dcr\u00fcn A\u00e7\u0131klamas\u0131Teknik \u00d6zelliklerD\u00f6k\u00fcmanlar\u00dcr\u00fcn A\u00e7\u0131klamas\u0131 Eaton Ellipse PRO UPS Eaton Ellipse PRO 650-1600VA, zorlu uygulamalar \u00e7al\u0131\u015ft\u0131ran i\u015f istasyonlar\u0131n\u0131 korumak i\u00e7in \u00f6zel olarak geli\u015ftirilmi\u015f bir hat etkile\u015fimli UPS'dir. Ellipse PRO, ger\u00e7ek zamanl\u0131 durum ve \u00f6l\u00e7\u00fcmler i\u00e7in bir LCD ekrana sahiptir. Ayr\u0131ca y\u00fczde 20'ye kadar enerji tasarrufu sa\u011flayan EcoControl [...]","protected":false},"author":1,"featured_media":0,"parent":0,"menu_order":0,"comment_status":"closed","ping_status":"closed","template":"tmpl\/template-fullwidth.php","meta":{"om_disable_all_campaigns":false,"_monsterinsights_skip_tracking":false,"_monsterinsights_sitenote_active":false,"_monsterinsights_sitenote_note":"","_monsterinsights_sitenote_category":0,"footnotes":""},"class_list":["post-4296","page","type-page","status-publish","hentry"],"acf":[],"aioseo_notices":[],"_links":{"self":[{"href":"http:\/\/www.westech.com.tr\/en\/wp-json\/wp\/v2\/pages\/4296"}],"collection":[{"href":"http:\/\/www.westech.com.tr\/en\/wp-json\/wp\/v2\/pages"}],"about":[{"href":"http:\/\/www.westech.com.tr\/en\/wp-json\/wp\/v2\/types\/page"}],"author":[{"embeddable":true,"href":"http:\/\/www.westech.com.tr\/en\/wp-json\/wp\/v2\/users\/1"}],"replies":[{"embeddable":true,"href":"http:\/\/www.westech.com.tr\/en\/wp-json\/wp\/v2\/comments?post=4296"}],"version-history":[{"count":1,"href":"http:\/\/www.westech.com.tr\/en\/wp-json\/wp\/v2\/pages\/4296\/revisions"}],"predecessor-version":[{"id":4301,"href":"http:\/\/www.westech.com.tr\/en\/wp-json\/wp\/v2\/pages\/4296\/revisions\/4301"}],"wp:attachment":[{"href":"http:\/\/www.westech.com.tr\/en\/wp-json\/wp\/v2\/media?parent=4296"}],"curies":[{"name":"wp","href":"https:\/\/api.w.org\/{rel}","templated":true}]}}