{"id":4320,"date":"2023-09-21T09:57:10","date_gmt":"2023-09-21T06:57:10","guid":{"rendered":"http:\/\/www.westech.com.tr\/?page_id=4320"},"modified":"2023-10-16T15:21:08","modified_gmt":"2023-10-16T12:21:08","slug":"9sx700i-eaton-9sx-online-700va-tower-ups","status":"publish","type":"page","link":"http:\/\/www.westech.com.tr\/en\/9sx700i-eaton-9sx-online-700va-tower-ups\/","title":{"rendered":"9SX700I Eaton 9SX, OnLine, 700VA Tower Ups"},"content":{"rendered":"<section class=\"wpb-content-wrapper\"><div style=\"\" class=\"vc_row wpb_row vc_row-fluid\"><div class=\"row-inner\"><div class=\"wpb_column vc_column_container vc_col-sm-6\"><div class=\"vc_column-inner\"><div class=\"wpb_wrapper\"><div class=\"vc_empty_space\"   style=\"height: 32px\"><span class=\"vc_empty_space_inner\"><\/span><\/div><div class=\"wpb_gallery wpb_content_element vc_clearfix\" ><div class=\"wpb_wrapper\"><div class=\"wpb_gallery_slides wpb_flexslider flexslider_fade flexslider\" data-interval=\"3\" data-flex_fx=\"fade\"><ul class=\"slides\"><li><a href=\"https:\/\/www.westech.com.tr\/wp-content\/uploads\/2023\/09\/9SX700I-1.jpg\" target=\"_self\"><img loading=\"lazy\" decoding=\"async\" width=\"300\" height=\"300\" src=\"https:\/\/www.westech.com.tr\/wp-content\/uploads\/2023\/09\/9SX700I-1-300x300.jpg\" class=\"attachment-medium\" alt=\"\" title=\"9SX700I 1\" srcset=\"https:\/\/www.westech.com.tr\/wp-content\/uploads\/2023\/09\/9SX700I-1-300x300.jpg 300w, https:\/\/www.westech.com.tr\/wp-content\/uploads\/2023\/09\/9SX700I-1-150x150.jpg 150w, https:\/\/www.westech.com.tr\/wp-content\/uploads\/2023\/09\/9SX700I-1-768x768.jpg 768w, https:\/\/www.westech.com.tr\/wp-content\/uploads\/2023\/09\/9SX700I-1.jpg 1000w\" sizes=\"(max-width: 300px) 100vw, 300px\" \/><\/a><\/li><li><a href=\"https:\/\/www.westech.com.tr\/wp-content\/uploads\/2023\/09\/9SX700I-2.jpg\" target=\"_self\"><img loading=\"lazy\" decoding=\"async\" width=\"300\" height=\"300\" src=\"https:\/\/www.westech.com.tr\/wp-content\/uploads\/2023\/09\/9SX700I-2-300x300.jpg\" class=\"attachment-medium\" alt=\"\" title=\"9SX700I 2\" srcset=\"https:\/\/www.westech.com.tr\/wp-content\/uploads\/2023\/09\/9SX700I-2-300x300.jpg 300w, https:\/\/www.westech.com.tr\/wp-content\/uploads\/2023\/09\/9SX700I-2-150x150.jpg 150w, https:\/\/www.westech.com.tr\/wp-content\/uploads\/2023\/09\/9SX700I-2-768x768.jpg 768w, https:\/\/www.westech.com.tr\/wp-content\/uploads\/2023\/09\/9SX700I-2.jpg 1000w\" sizes=\"(max-width: 300px) 100vw, 300px\" \/><\/a><\/li><\/ul><\/div><\/div><\/div><\/div><\/div><\/div><div class=\"wpb_column vc_column_container vc_col-sm-6\"><div class=\"vc_column-inner\"><div class=\"wpb_wrapper\">\n\t<div class=\"wpb_text_column wpb_content_element\" >\n\t\t<div class=\"wpb_wrapper\">\n\t\t\t<h1>9SX700I Eaton 9SX, OnLine, 700VA Tower Ups<\/h1>\n\n\t\t<\/div>\n\t<\/div>\n\n\t<div class=\"wpb_text_column wpb_content_element\" >\n\t\t<div class=\"wpb_wrapper\">\n\t\t\t<h4>\u00dcr\u00fcn kodu: <b>9SX700I<\/b><\/h4>\n\n\t\t<\/div>\n\t<\/div>\n<div class=\"vc_empty_space\"   style=\"height: 32px\"><span class=\"vc_empty_space_inner\"><\/span><\/div><div class=\"vc_btn3-container vc_btn3-inline\" ><button class=\"vc_general vc_btn3 vc_btn3-size-md vc_btn3-shape-rounded vc_btn3-style-modern vc_btn3-color-danger\">Teklif Al<\/button><\/div><\/div><\/div><\/div><\/div><\/div><div style=\"\" class=\"vc_row wpb_row vc_row-fluid\"><div class=\"row-inner\"><div class=\"wpb_column vc_column_container vc_col-sm-3\"><div class=\"vc_column-inner\"><div class=\"wpb_wrapper\"><div class=\"vc_empty_space\"   style=\"height: 32px\"><span class=\"vc_empty_space_inner\"><\/span><\/div><\/div><\/div><\/div><div class=\"wpb_column vc_column_container vc_col-sm-3\"><div class=\"vc_column-inner\"><div class=\"wpb_wrapper\"><div class=\"vc_empty_space\"   style=\"height: 32px\"><span class=\"vc_empty_space_inner\"><\/span><\/div><\/div><\/div><\/div><div class=\"wpb_column vc_column_container vc_col-sm-3\"><div class=\"vc_column-inner\"><div class=\"wpb_wrapper\"><div class=\"vc_empty_space\"   style=\"height: 32px\"><span class=\"vc_empty_space_inner\"><\/span><\/div><\/div><\/div><\/div><div class=\"wpb_column vc_column_container vc_col-sm-3\"><div class=\"vc_column-inner\"><div class=\"wpb_wrapper\"><div class=\"vc_empty_space\"   style=\"height: 32px\"><span class=\"vc_empty_space_inner\"><\/span><\/div><\/div><\/div><\/div><\/div><\/div><div style=\"\" class=\"vc_row wpb_row vc_row-fluid\"><div class=\"row-inner\"><div class=\"wpb_column vc_column_container vc_col-sm-12\"><div class=\"vc_column-inner\"><div class=\"wpb_wrapper\"><div class=\"vc_tta-container\" data-vc-action=\"collapse\"><div class=\"vc_general vc_tta vc_tta-tabs vc_tta-color-grey vc_tta-style-classic vc_tta-shape-rounded vc_tta-spacing-1 vc_tta-tabs-position-top vc_tta-controls-align-left\"><div class=\"vc_tta-tabs-container\"><ul class=\"vc_tta-tabs-list\"><li class=\"vc_tta-tab vc_active\" data-vc-tab><a href=\"#1692870200808-29f2690b-4a23\" data-vc-tabs data-vc-container=\".vc_tta\"><span class=\"vc_tta-title-text\">\u00dcr\u00fcn A\u00e7\u0131klamas\u0131<\/span><\/a><\/li><li class=\"vc_tta-tab\" data-vc-tab><a href=\"#1692870355708-af0c3d79-86cf\" data-vc-tabs data-vc-container=\".vc_tta\"><span class=\"vc_tta-title-text\">D\u00f6k\u00fcmanlar<\/span><\/a><\/li><\/ul><\/div><div class=\"vc_tta-panels-container\"><div class=\"vc_tta-panels\"><div class=\"vc_tta-panel vc_active\" id=\"1692870200808-29f2690b-4a23\" data-vc-content=\".vc_tta-panel-body\"><div class=\"vc_tta-panel-heading\"><h4 class=\"vc_tta-panel-title\"><a href=\"#1692870200808-29f2690b-4a23\" data-vc-accordion data-vc-container=\".vc_tta-container\"><span class=\"vc_tta-title-text\">\u00dcr\u00fcn A\u00e7\u0131klamas\u0131<\/span><\/a><\/h4><\/div><div class=\"vc_tta-panel-body\">\n\t<div class=\"wpb_text_column wpb_content_element\" >\n\t\t<div class=\"wpb_wrapper\">\n\t\t\t<table width=\"530\">\n<tbody>\n<tr>\n<td colspan=\"2\" width=\"195\">Net A\u011f\u0131rl\u0131k<\/td>\n<td colspan=\"2\" width=\"335\">\u00a0 11.5 KG.<\/td>\n<\/tr>\n<tr>\n<td colspan=\"2\">Besleme S\u00fcresi (Tam\/Yar\u0131m Y\u00fck)<\/td>\n<td colspan=\"2\">\u00a05 DK. \/ 14 DK.<\/td>\n<\/tr>\n<tr>\n<td colspan=\"2\">Boyutlar (Y x G x D)<\/td>\n<td colspan=\"2\">\u00a0252X160X357 MM.<\/td>\n<\/tr>\n<tr>\n<td colspan=\"2\">\u00c7al\u0131\u015fma Sistemi<\/td>\n<td colspan=\"2\">\u00a0On Line (\u00c7ift \u00c7evrim)<\/td>\n<\/tr>\n<tr>\n<td colspan=\"2\">\u00c7al\u0131\u015fma S\u0131cakl\u0131\u011f\u0131<\/td>\n<td colspan=\"2\">\u00a00 \u00b0C &amp; +40 \u00b0C<\/td>\n<\/tr>\n<tr>\n<td colspan=\"2\">\u00c7\u0131k\u0131\u015f G\u00fcc\u00fc<\/td>\n<td colspan=\"2\" width=\"335\">\u00a0700VA \/ 630 WATT<\/td>\n<\/tr>\n<tr>\n<td colspan=\"2\">\u00c7\u0131k\u0131\u015f Ba\u011flant\u0131s\u0131<\/td>\n<td colspan=\"2\">\u00a06 ADET C13<\/td>\n<\/tr>\n<tr>\n<td colspan=\"2\">\u00c7\u0131k\u0131\u015f Voltaj\u0131<\/td>\n<td colspan=\"2\">\u00a0200 V \/208 V \/ 220 V \/ 230 V \/ 240 V<\/td>\n<\/tr>\n<tr>\n<td colspan=\"2\">Dalga \u015eekli<\/td>\n<td colspan=\"2\">\u00a0Ger\u00e7ek Sin\u00fcs<\/td>\n<\/tr>\n<tr>\n<td colspan=\"2\">Depolama S\u0131cakl\u0131\u011f\u0131<\/td>\n<td colspan=\"2\">\u00a00C \/ +40C<\/td>\n<\/tr>\n<tr>\n<td colspan=\"2\">EPO Acil Kapatma<\/td>\n<td colspan=\"2\">\u00a0 Var<\/td>\n<\/tr>\n<tr>\n<td colspan=\"2\">Garanti<\/td>\n<td colspan=\"2\">\u00a02 YIL<\/td>\n<\/tr>\n<tr>\n<td colspan=\"2\" width=\"195\">Giri\u015f Frekans\u0131<\/td>\n<td colspan=\"2\">\u00a050\/60 Hz +\/- 5 Hz (Otomatik Alg\u0131lama)<\/td>\n<\/tr>\n<tr>\n<td colspan=\"2\">Giri\u015f Ba\u011flant\u0131 tipi<\/td>\n<td colspan=\"2\">\u00a0IEC-320-C14<\/td>\n<\/tr>\n<tr>\n<td colspan=\"2\">Giri\u015f Voltaj Aral\u0131\u011f\u0131<\/td>\n<td colspan=\"2\" width=\"335\">\u00a0190-276 VAC<\/td>\n<\/tr>\n<tr>\n<td colspan=\"2\">Haberle\u015fme<\/td>\n<td colspan=\"2\" width=\"335\">\u00a0RS232 &amp; USB<br \/>\nRS232 &amp; USB<\/td>\n<\/tr>\n<tr>\n<td colspan=\"2\">Renk<\/td>\n<td colspan=\"2\">\u00a0SIYAH<\/td>\n<\/tr>\n<tr>\n<td colspan=\"2\">G\u00fcr\u00fclt\u00fc Seviyesi (1 Metre)<\/td>\n<td colspan=\"2\">\u00a0&lt;40 DBA<\/td>\n<\/tr>\n<tr>\n<td colspan=\"2\">WEB\/ SNMP Kart\u0131<\/td>\n<td colspan=\"2\">\u00a0Opsiyonel Tak\u0131labilir<\/td>\n<\/tr>\n<\/tbody>\n<\/table>\n\n\t\t<\/div>\n\t<\/div>\n<\/div><\/div><div class=\"vc_tta-panel\" id=\"1692870355708-af0c3d79-86cf\" data-vc-content=\".vc_tta-panel-body\"><div class=\"vc_tta-panel-heading\"><h4 class=\"vc_tta-panel-title\"><a href=\"#1692870355708-af0c3d79-86cf\" data-vc-accordion data-vc-container=\".vc_tta-container\"><span class=\"vc_tta-title-text\">D\u00f6k\u00fcmanlar<\/span><\/a><\/h4><\/div><div class=\"vc_tta-panel-body\">\n\t<div class=\"wpb_text_column wpb_content_element\" >\n\t\t<div class=\"wpb_wrapper\">\n\t\t\t<h5><a href=\"http:\/\/www.westech.com.tr\/wp-content\/uploads\/2023\/09\/9SX_700-3000VA_DS_EN.pdf\">9SX_700-3000VA_DS_EN<\/a><\/h5>\n\n\t\t<\/div>\n\t<\/div>\n<\/div><\/div><\/div><\/div><\/div><\/div><\/div><\/div><\/div><\/div><\/div>\n<\/section>","protected":false},"excerpt":{"rendered":"9SX700I Eaton 9SX, OnLine, 700VA Tower Ups \u00dcr\u00fcn kodu: 9SX700I Teklif Al\u00dcr\u00fcn A\u00e7\u0131klamas\u0131D\u00f6k\u00fcmanlar\u00dcr\u00fcn A\u00e7\u0131klamas\u0131 Net A\u011f\u0131rl\u0131k \u00a0 11.5 KG. Besleme S\u00fcresi (Tam\/Yar\u0131m Y\u00fck) \u00a05 DK. \/ 14 DK. Boyutlar (Y x G x D) \u00a0252X160X357 MM. \u00c7al\u0131\u015fma Sistemi \u00a0On Line (\u00c7ift \u00c7evrim) \u00c7al\u0131\u015fma S\u0131cakl\u0131\u011f\u0131 \u00a00 \u00b0C &amp; +40 \u00b0C \u00c7\u0131k\u0131\u015f G\u00fcc\u00fc \u00a0700VA \/ 630 WATT [...]","protected":false},"author":1,"featured_media":0,"parent":0,"menu_order":0,"comment_status":"closed","ping_status":"closed","template":"tmpl\/template-fullwidth.php","meta":{"om_disable_all_campaigns":false,"_monsterinsights_skip_tracking":false,"_monsterinsights_sitenote_active":false,"_monsterinsights_sitenote_note":"","_monsterinsights_sitenote_category":0,"footnotes":""},"class_list":["post-4320","page","type-page","status-publish","hentry"],"acf":[],"aioseo_notices":[],"_links":{"self":[{"href":"http:\/\/www.westech.com.tr\/en\/wp-json\/wp\/v2\/pages\/4320"}],"collection":[{"href":"http:\/\/www.westech.com.tr\/en\/wp-json\/wp\/v2\/pages"}],"about":[{"href":"http:\/\/www.westech.com.tr\/en\/wp-json\/wp\/v2\/types\/page"}],"author":[{"embeddable":true,"href":"http:\/\/www.westech.com.tr\/en\/wp-json\/wp\/v2\/users\/1"}],"replies":[{"embeddable":true,"href":"http:\/\/www.westech.com.tr\/en\/wp-json\/wp\/v2\/comments?post=4320"}],"version-history":[{"count":2,"href":"http:\/\/www.westech.com.tr\/en\/wp-json\/wp\/v2\/pages\/4320\/revisions"}],"predecessor-version":[{"id":5198,"href":"http:\/\/www.westech.com.tr\/en\/wp-json\/wp\/v2\/pages\/4320\/revisions\/5198"}],"wp:attachment":[{"href":"http:\/\/www.westech.com.tr\/en\/wp-json\/wp\/v2\/media?parent=4320"}],"curies":[{"name":"wp","href":"https:\/\/api.w.org\/{rel}","templated":true}]}}