{"id":4386,"date":"2023-09-21T11:18:53","date_gmt":"2023-09-21T08:18:53","guid":{"rendered":"http:\/\/www.westech.com.tr\/?page_id=4386"},"modified":"2023-10-16T15:39:36","modified_gmt":"2023-10-16T12:39:36","slug":"9sx3000im-eaton-9sx-online-3kva-marine-tower-ups","status":"publish","type":"page","link":"http:\/\/www.westech.com.tr\/en\/9sx3000im-eaton-9sx-online-3kva-marine-tower-ups\/","title":{"rendered":"9SX3000IM Eaton 9SX, OnLine, 3kVA Marine Tower Ups"},"content":{"rendered":"<section class=\"wpb-content-wrapper\"><div style=\"\" class=\"vc_row wpb_row vc_row-fluid\"><div class=\"row-inner\"><div class=\"wpb_column vc_column_container vc_col-sm-6\"><div class=\"vc_column-inner\"><div class=\"wpb_wrapper\"><div class=\"vc_empty_space\"   style=\"height: 32px\"><span class=\"vc_empty_space_inner\"><\/span><\/div><div class=\"wpb_gallery wpb_content_element vc_clearfix\" ><div class=\"wpb_wrapper\"><div class=\"wpb_gallery_slides wpb_flexslider flexslider_fade flexslider\" data-interval=\"3\" data-flex_fx=\"fade\"><ul class=\"slides\"><li><a href=\"https:\/\/www.westech.com.tr\/wp-content\/uploads\/2023\/09\/1kVA-Marine-Tower-Ups-1.jpg\" target=\"_self\"><img loading=\"lazy\" decoding=\"async\" width=\"300\" height=\"300\" src=\"https:\/\/www.westech.com.tr\/wp-content\/uploads\/2023\/09\/1kVA-Marine-Tower-Ups-1-300x300.jpg\" class=\"attachment-medium\" alt=\"\" title=\"1kVA Marine Tower Ups 1\" srcset=\"https:\/\/www.westech.com.tr\/wp-content\/uploads\/2023\/09\/1kVA-Marine-Tower-Ups-1-300x300.jpg 300w, https:\/\/www.westech.com.tr\/wp-content\/uploads\/2023\/09\/1kVA-Marine-Tower-Ups-1-150x150.jpg 150w, https:\/\/www.westech.com.tr\/wp-content\/uploads\/2023\/09\/1kVA-Marine-Tower-Ups-1-768x768.jpg 768w, https:\/\/www.westech.com.tr\/wp-content\/uploads\/2023\/09\/1kVA-Marine-Tower-Ups-1.jpg 1000w\" sizes=\"(max-width: 300px) 100vw, 300px\" \/><\/a><\/li><li><a href=\"https:\/\/www.westech.com.tr\/wp-content\/uploads\/2023\/09\/1kVA-Marine-Tower-Ups-2.jpg\" target=\"_self\"><img loading=\"lazy\" decoding=\"async\" width=\"300\" height=\"300\" src=\"https:\/\/www.westech.com.tr\/wp-content\/uploads\/2023\/09\/1kVA-Marine-Tower-Ups-2-300x300.jpg\" class=\"attachment-medium\" alt=\"\" title=\"1kVA Marine Tower Ups 2\" srcset=\"https:\/\/www.westech.com.tr\/wp-content\/uploads\/2023\/09\/1kVA-Marine-Tower-Ups-2-300x300.jpg 300w, https:\/\/www.westech.com.tr\/wp-content\/uploads\/2023\/09\/1kVA-Marine-Tower-Ups-2-150x150.jpg 150w, https:\/\/www.westech.com.tr\/wp-content\/uploads\/2023\/09\/1kVA-Marine-Tower-Ups-2-768x768.jpg 768w, https:\/\/www.westech.com.tr\/wp-content\/uploads\/2023\/09\/1kVA-Marine-Tower-Ups-2.jpg 1000w\" sizes=\"(max-width: 300px) 100vw, 300px\" \/><\/a><\/li><\/ul><\/div><\/div><\/div><\/div><\/div><\/div><div class=\"wpb_column vc_column_container vc_col-sm-6\"><div class=\"vc_column-inner\"><div class=\"wpb_wrapper\">\n\t<div class=\"wpb_text_column wpb_content_element\" >\n\t\t<div class=\"wpb_wrapper\">\n\t\t\t<h1>9SX3000IM Eaton 9SX, OnLine, 3kVA Marine Tower Ups<\/h1>\n\n\t\t<\/div>\n\t<\/div>\n\n\t<div class=\"wpb_text_column wpb_content_element\" >\n\t\t<div class=\"wpb_wrapper\">\n\t\t\t<h4>\u00dcr\u00fcn kodu:<b>9SX3000IM<\/b><\/h4>\n\n\t\t<\/div>\n\t<\/div>\n<div class=\"vc_empty_space\"   style=\"height: 32px\"><span class=\"vc_empty_space_inner\"><\/span><\/div><div class=\"vc_btn3-container vc_btn3-inline\" ><button class=\"vc_general vc_btn3 vc_btn3-size-md vc_btn3-shape-rounded vc_btn3-style-modern vc_btn3-color-danger\">Teklif Al<\/button><\/div><\/div><\/div><\/div><\/div><\/div><div style=\"\" class=\"vc_row wpb_row vc_row-fluid\"><div class=\"row-inner\"><div class=\"wpb_column vc_column_container vc_col-sm-3\"><div class=\"vc_column-inner\"><div class=\"wpb_wrapper\"><div class=\"vc_empty_space\"   style=\"height: 32px\"><span class=\"vc_empty_space_inner\"><\/span><\/div><\/div><\/div><\/div><div class=\"wpb_column vc_column_container vc_col-sm-3\"><div class=\"vc_column-inner\"><div class=\"wpb_wrapper\"><div class=\"vc_empty_space\"   style=\"height: 32px\"><span class=\"vc_empty_space_inner\"><\/span><\/div><\/div><\/div><\/div><div class=\"wpb_column vc_column_container vc_col-sm-3\"><div class=\"vc_column-inner\"><div class=\"wpb_wrapper\"><div class=\"vc_empty_space\"   style=\"height: 32px\"><span class=\"vc_empty_space_inner\"><\/span><\/div><\/div><\/div><\/div><div class=\"wpb_column vc_column_container vc_col-sm-3\"><div class=\"vc_column-inner\"><div class=\"wpb_wrapper\"><div class=\"vc_empty_space\"   style=\"height: 32px\"><span class=\"vc_empty_space_inner\"><\/span><\/div><\/div><\/div><\/div><\/div><\/div><div style=\"\" class=\"vc_row wpb_row vc_row-fluid\"><div class=\"row-inner\"><div class=\"wpb_column vc_column_container vc_col-sm-12\"><div class=\"vc_column-inner\"><div class=\"wpb_wrapper\"><div class=\"vc_tta-container\" data-vc-action=\"collapse\"><div class=\"vc_general vc_tta vc_tta-tabs vc_tta-color-grey vc_tta-style-classic vc_tta-shape-rounded vc_tta-spacing-1 vc_tta-tabs-position-top vc_tta-controls-align-left\"><div class=\"vc_tta-tabs-container\"><ul class=\"vc_tta-tabs-list\"><li class=\"vc_tta-tab vc_active\" data-vc-tab><a href=\"#1692870200808-29f2690b-4a23\" data-vc-tabs data-vc-container=\".vc_tta\"><span class=\"vc_tta-title-text\">\u00dcr\u00fcn A\u00e7\u0131klamas\u0131<\/span><\/a><\/li><li class=\"vc_tta-tab\" data-vc-tab><a href=\"#1695283654208-7f6ecbd6-ecec\" data-vc-tabs data-vc-container=\".vc_tta\"><span class=\"vc_tta-title-text\">Teknik \u00d6zellikler<\/span><\/a><\/li><li class=\"vc_tta-tab\" data-vc-tab><a href=\"#1692870355708-af0c3d79-86cf\" data-vc-tabs data-vc-container=\".vc_tta\"><span class=\"vc_tta-title-text\">D\u00f6k\u00fcmanlar<\/span><\/a><\/li><\/ul><\/div><div class=\"vc_tta-panels-container\"><div class=\"vc_tta-panels\"><div class=\"vc_tta-panel vc_active\" id=\"1692870200808-29f2690b-4a23\" data-vc-content=\".vc_tta-panel-body\"><div class=\"vc_tta-panel-heading\"><h4 class=\"vc_tta-panel-title\"><a href=\"#1692870200808-29f2690b-4a23\" data-vc-accordion data-vc-container=\".vc_tta-container\"><span class=\"vc_tta-title-text\">\u00dcr\u00fcn A\u00e7\u0131klamas\u0131<\/span><\/a><\/h4><\/div><div class=\"vc_tta-panel-body\">\n\t<div class=\"wpb_text_column wpb_content_element\" >\n\t\t<div class=\"wpb_wrapper\">\n\t\t\t<div class=\"property_single\">\n<div class=\"property_single\">\n<div class=\"property_single\">\n<div class=\"property_single\">\n<div class=\"property_single\">\n<div class=\"property_title\">\n<div class=\"property_single\">\n<div class=\"main\">\n<div class=\"detail\">\n<div class=\"detail_content\">\n<div class=\"detail_tab_content\">\n<div id=\"tab_conn1\" class=\"tab_conn tab_conn_active\">\n<div class=\"property_single\">\n<div class=\"property_single\">\n<div class=\"property_single\">\n<div class=\"property_title\">\n<div class=\"property_title\">\n<div class=\"property_title\">\n<div class=\"property_title\">\n<div class=\"property_title\">\n<div class=\"property_single\">\n<div class=\"property_single\">\n<h3><strong>9SX3000IM<\/strong><\/h3>\n<p>&nbsp;<\/p>\n<p>&nbsp;<\/p>\n<h1>Eaton 9SX Marine<\/h1>\n<p>&nbsp;<\/p>\n<p>&nbsp;<\/p>\n<p>2018 Y\u0131l\u0131na kadar pazar lideri olan 9130 Marine \u00fcr\u00fcnler art\u0131k 9SX Marine serisi ile geli\u015ftirildi.<\/p>\n<p>&nbsp;<\/p>\n<p>Eaton 9SX Marine s\u00fcrekli g\u00fc\u00e7 ko\u015fullar\u0131n\u0131 izler, voltaj ve frekans\u0131 d\u00fczenler.<\/p>\n<p>&nbsp;<\/p>\n<p>Dahili bypass acil durumlarda servis s\u00fcreklili\u011fi sa\u011flar.<\/p>\n<p>&nbsp;<\/p>\n<p>Kaplamal\u0131 g\u00fc\u00e7 ve kontrol kartlar\u0131, y\u00fcksek s\u0131cakl\u0131k uyumlulu\u011fu ile 9SX Marine, Marine &amp; Offshore ortamlar\u0131 i\u00e7in tasarlanm\u0131\u015ft\u0131r.<\/p>\n<p>&nbsp;<\/p>\n<p>&nbsp;<\/p>\n<p><strong><em>Marine &amp; Offshore i\u00e7in tasarlanm\u0131\u015ft\u0131r:<\/em><\/strong>\u00a0DNV-GL Tip Onay\u0131, kaplamal\u0131 plakalar ve Marine and Offshore i\u00e7in tasarlanm\u0131\u015f y\u00fcksek s\u0131cakl\u0131k \u00e7evre uyumlulu\u011fu.<\/p>\n<p>&nbsp;<\/p>\n<p><strong><em>G\u00fcvenilirlik:<\/em><\/strong>\u00a0Hizmet s\u00fcreklili\u011fi i\u00e7in dahili bypassl\u0131 \u00e7evrimi\u00e7i \u00e7ift d\u00f6n\u00fc\u015f\u00fcm topolojisi. Pil \u00f6mr\u00fcn\u00fc uzatan ABM teknolojisi.<\/p>\n<p>&nbsp;<\/p>\n<p><strong><em>Y\u00f6netilebilirlik ve Esneklik:<\/em><\/strong>\u00a09SX Marine, UPS\u2019in durumu ve saya\u00e7 enerji t\u00fcketimi hakk\u0131nda net bilgi sa\u011flar. kWh de\u011ferleri, LCD veya Eaton\u2019\u0131n Intelligent Power\u00ae Yaz\u0131l\u0131m\u0131 kullan\u0131larak izlenebilir.<\/p>\n<table width=\"530\">\n<tbody>\n<tr>\n<td colspan=\"2\" width=\"195\">Net A\u011f\u0131rl\u0131k<\/td>\n<td colspan=\"2\" width=\"335\">\u00a034.00 KG<\/td>\n<\/tr>\n<tr>\n<td colspan=\"2\">Besleme S\u00fcresi (Tam\/Yar\u0131m Y\u00fck)<\/td>\n<td colspan=\"2\">\u00a05 DK. \/ 14 DK.<\/td>\n<\/tr>\n<tr>\n<td colspan=\"2\">Boyutlar (Y x G x D)<\/td>\n<td colspan=\"2\">\u00a0346X214X412 MM.<\/td>\n<\/tr>\n<tr>\n<td colspan=\"2\">\u00c7al\u0131\u015fma Sistemi<\/td>\n<td colspan=\"2\">\u00a0On Line (\u00c7ift \u00c7evrim)<\/td>\n<\/tr>\n<tr>\n<td colspan=\"2\">\u00c7al\u0131\u015fma S\u0131cakl\u0131\u011f\u0131<\/td>\n<td colspan=\"2\">\u00a00 \u00b0C &amp; +40 \u00b0C<\/td>\n<\/tr>\n<tr>\n<td colspan=\"2\">\u00c7\u0131k\u0131\u015f G\u00fcc\u00fc<\/td>\n<td colspan=\"2\" width=\"335\">\u00a03000 VA \/ 2700 WATT<\/td>\n<\/tr>\n<tr>\n<td colspan=\"2\">\u00c7\u0131k\u0131\u015f Ba\u011flant\u0131s\u0131<\/td>\n<td colspan=\"2\">\u00a08 ADET C13 + 1 ADET C19<\/td>\n<\/tr>\n<tr>\n<td colspan=\"2\">\u00c7\u0131k\u0131\u015f Voltaj\u0131<\/td>\n<td colspan=\"2\">\u00a0200 V \/208 V \/ 220 V \/ 230 V \/ 240 V<\/td>\n<\/tr>\n<tr>\n<td colspan=\"2\">Dalga \u015eekli<\/td>\n<td colspan=\"2\">\u00a0Ger\u00e7ek Sin\u00fcs<\/td>\n<\/tr>\n<tr>\n<td colspan=\"2\">Depolama S\u0131cakl\u0131\u011f\u0131<\/td>\n<td colspan=\"2\">\u00a00C \/ +40C<\/td>\n<\/tr>\n<tr>\n<td colspan=\"2\">EPO Acil Kapatma<\/td>\n<td colspan=\"2\">\u00a0 Var<\/td>\n<\/tr>\n<tr>\n<td colspan=\"2\">Garanti<\/td>\n<td colspan=\"2\">\u00a02 YIL<\/td>\n<\/tr>\n<tr>\n<td colspan=\"2\" width=\"195\">Giri\u015f Frekans\u0131<\/td>\n<td colspan=\"2\">\u00a050\/60 Hz +\/- 5 Hz (Otomatik Alg\u0131lama)<\/td>\n<\/tr>\n<tr>\n<td colspan=\"2\">Giri\u015f Ba\u011flant\u0131 tipi<\/td>\n<td colspan=\"2\">\u00a0IEC-320 C20<\/td>\n<\/tr>\n<tr>\n<td colspan=\"2\">Giri\u015f Voltaj Aral\u0131\u011f\u0131<\/td>\n<td colspan=\"2\" width=\"335\">\u00a0190-276 VAC<\/td>\n<\/tr>\n<tr>\n<td colspan=\"2\">Haberle\u015fme<\/td>\n<td colspan=\"2\" width=\"335\">\u00a0RS232 &amp; USB<\/td>\n<\/tr>\n<tr>\n<td colspan=\"2\">Renk<\/td>\n<td colspan=\"2\">\u00a0SIYAH<\/td>\n<\/tr>\n<tr>\n<td colspan=\"2\">G\u00fcr\u00fclt\u00fc Seviyesi (1 Metre)<\/td>\n<td colspan=\"2\">\u00a0&lt;45 DBA<\/td>\n<\/tr>\n<tr>\n<td colspan=\"2\">WEB\/ SNMP Kart\u0131<\/td>\n<td colspan=\"2\">\u00a0Opsiyonel Tak\u0131labilir<\/td>\n<\/tr>\n<\/tbody>\n<\/table>\n<\/div>\n<\/div>\n<\/div>\n<\/div>\n<\/div>\n<\/div>\n<\/div>\n<\/div>\n<\/div>\n<\/div>\n<\/div>\n<\/div>\n<\/div>\n<\/div>\n<\/div>\n<\/div>\n<\/div>\n<\/div>\n<\/div>\n<\/div>\n<\/div>\n<\/div>\n\n\t\t<\/div>\n\t<\/div>\n<\/div><\/div><div class=\"vc_tta-panel\" id=\"1695283654208-7f6ecbd6-ecec\" data-vc-content=\".vc_tta-panel-body\"><div class=\"vc_tta-panel-heading\"><h4 class=\"vc_tta-panel-title\"><a href=\"#1695283654208-7f6ecbd6-ecec\" data-vc-accordion data-vc-container=\".vc_tta-container\"><span class=\"vc_tta-title-text\">Teknik \u00d6zellikler<\/span><\/a><\/h4><\/div><div class=\"vc_tta-panel-body\">\n\t<div class=\"wpb_text_column wpb_content_element\" >\n\t\t<div class=\"wpb_wrapper\">\n\t\t\t<h1>9SX3000IM Teknik \u00d6zellikler<\/h1>\n<table border=\"1\" cellspacing=\"0\" cellpadding=\"5\">\n<tbody>\n<tr>\n<td colspan=\"2\">\n<h2>Genel<\/h2>\n<p>&nbsp;<\/td>\n<\/tr>\n<tr>\n<td>Topoloji<\/p>\n<p>&nbsp;<\/td>\n<td>G\u00fc\u00e7 Fakt\u00f6r\u00fc D\u00fczeltme (PFC) sistemi ile on-line \u00e7ift d\u00f6n\u00fc\u015f\u00fcm<\/p>\n<p>&nbsp;<\/td>\n<\/tr>\n<tr>\n<td>Yap\u0131land\u0131rma<\/p>\n<p>&nbsp;<\/td>\n<td>Tower<\/p>\n<p>&nbsp;<\/td>\n<\/tr>\n<tr>\n<td>Par\u00e7a Numaras\u0131<\/p>\n<p>&nbsp;<\/td>\n<td>9SX3000IM<\/p>\n<p>&nbsp;<\/td>\n<\/tr>\n<tr>\n<td>Renk<\/p>\n<p>&nbsp;<\/td>\n<td>Siyah<\/p>\n<p>&nbsp;<\/td>\n<\/tr>\n<tr>\n<td>S\u0131n\u0131fland\u0131rma (VA\/Watts)<\/p>\n<p>&nbsp;<\/td>\n<td>3000\/2700<\/p>\n<p>&nbsp;<\/td>\n<\/tr>\n<tr>\n<td>Ebatlar (Y x G x D, mm)<\/p>\n<p>&nbsp;<\/td>\n<td>346 x 214 x 412<\/p>\n<p>&nbsp;<\/td>\n<\/tr>\n<tr>\n<td>A\u011f\u0131rl\u0131k (kg)<\/p>\n<p>&nbsp;<\/td>\n<td>34<\/p>\n<p>&nbsp;<\/td>\n<\/tr>\n<tr>\n<td>Garanti<\/p>\n<p>&nbsp;<\/td>\n<td>2 y\u0131l<\/p>\n<p>&nbsp;<\/td>\n<\/tr>\n<tr>\n<td colspan=\"2\">\n<h2>Giri\u015f<\/h2>\n<p>&nbsp;<\/td>\n<\/tr>\n<tr>\n<td>Ba\u011flant\u0131<\/p>\n<p>&nbsp;<\/td>\n<td>(1) IEC-320-C20<\/p>\n<p>&nbsp;<\/p>\n<p><img decoding=\"async\" src=\"https:\/\/www.betsis.com.tr\/UrunResim\/OzellikResim\/IEC-320-C20.gif\" alt=\"\" \/><\/p>\n<p>&nbsp;<\/td>\n<\/tr>\n<tr>\n<td>Giri\u015f Gerilim Aral\u0131\u011f\u0131<\/p>\n<p>&nbsp;<\/td>\n<td>200 &#8211; 276V de\u011fer kayb\u0131 olmadan (De\u011fer kayb\u0131 ile 140 \u2013 276V\u2019a kadar)<\/p>\n<p>&nbsp;<\/td>\n<\/tr>\n<tr>\n<td>Nominal Gerilim<\/p>\n<p>&nbsp;<\/td>\n<td>200 &#8211; 240V<\/p>\n<p>&nbsp;<\/td>\n<\/tr>\n<tr>\n<td>Frekans<\/p>\n<p>&nbsp;<\/td>\n<td>50\/60 Hz otomatik se\u00e7im<\/p>\n<p>&nbsp;<\/td>\n<\/tr>\n<tr>\n<td>Frekans Aral\u0131\u011f\u0131<\/p>\n<p>&nbsp;<\/td>\n<td>40-70 Hz<\/p>\n<p>&nbsp;<\/td>\n<\/tr>\n<tr>\n<td colspan=\"2\">\n<h2>\u00c7\u0131k\u0131\u015f<\/h2>\n<p>&nbsp;<\/td>\n<\/tr>\n<tr>\n<td>\u00c7\u0131k\u0131\u015flar<\/p>\n<p>&nbsp;<\/td>\n<td>(8) IEC-320-C13\u00a0 \u00a0 \u00a0 \u00a0 \u00a0 \u00a0 \u00a0 \u00a0 \u00a0 (1) IEC-320-C19<\/p>\n<p>&nbsp;<\/p>\n<p><img decoding=\"async\" src=\"https:\/\/www.betsis.com.tr\/UrunResim\/OzellikResim\/IEC-320-C13.gif\" alt=\"\" \/>\u00a0 \u00a0 \u00a0 \u00a0 \u00a0 \u00a0 \u00a0 \u00a0 \u00a0 \u00a0 \u00a0 \u00a0<img decoding=\"async\" src=\"https:\/\/www.betsis.com.tr\/UrunResim\/OzellikResim\/IEC-320-C19.gif\" alt=\"\" \/><\/p>\n<p>&nbsp;<\/td>\n<\/tr>\n<tr>\n<td colspan=\"2\">\n<h2>Ak\u00fc<\/h2>\n<p>&nbsp;<\/td>\n<\/tr>\n<tr>\n<td>Ak\u00fc Y\u00f6netimi<\/p>\n<p>&nbsp;<\/td>\n<td>ABM\u00ae ve Is\u0131 kompanzasyonlu \u015farj methodu (kullan\u0131c\u0131 se\u00e7imli) otomatik ak\u00fc testi, derin de\u015farj korumas\u0131, otomatik olarak harici ak\u00fc \u00fcnitelerinin tan\u0131nmas\u0131<\/p>\n<p>&nbsp;<\/td>\n<\/tr>\n<tr>\n<td colspan=\"2\">\n<h2>Haberle\u015fmeler<\/h2>\n<p>&nbsp;<\/td>\n<\/tr>\n<tr>\n<td>Haberle\u015fme Portlar\u0131<\/p>\n<p>&nbsp;<\/td>\n<td>1 USB port + 1 RS232 seri port + 1 mini-terminal blo\u011fu uzaktan a\u00e7ma\/kapatma i\u00e7in + 1 mini-terminal blo\u011fu \u00e7\u0131k\u0131\u015f r\u00f6lesi i\u00e7in<\/p>\n<p>&nbsp;<\/td>\n<\/tr>\n<tr>\n<td>Haberle\u015fme Yuvalar\u0131<\/p>\n<p>&nbsp;<\/td>\n<td>Network-M2, Network-MS, ModBus-MS or Relay-MS cards i\u00e7in 1 yuva<\/p>\n<p>&nbsp;<\/td>\n<\/tr>\n<tr>\n<td colspan=\"2\">\n<h2>\u00c7evresel &amp; Standartlar<\/h2>\n<p>&nbsp;<\/td>\n<\/tr>\n<tr>\n<td>Duyulabilir G\u00fcr\u00fclt\u00fc<\/p>\n<p>&nbsp;<\/td>\n<td>45 dB<\/p>\n<p>&nbsp;<\/td>\n<\/tr>\n<tr>\n<td>\u00c7al\u0131\u015fma S\u0131cakl\u0131\u011f\u0131<\/p>\n<p>&nbsp;<\/td>\n<td>0 ila 40\u00b0C aras\u0131nda<\/p>\n<p>&nbsp;<\/td>\n<\/tr>\n<tr>\n<td>G\u00fcvenlik \u0130\u015fareti<\/p>\n<p>&nbsp;<\/td>\n<td>IEC\/EN 62040-1, UL 1778, CSA 22.2<\/p>\n<p>&nbsp;<\/td>\n<\/tr>\n<tr>\n<td>EMC I\u015faretleri<\/p>\n<p>&nbsp;<\/td>\n<td>IEC\/EN 62040 -2 , FCC Class B, CISPR22 Class B<\/p>\n<p>&nbsp;<\/td>\n<\/tr>\n<tr>\n<td>Onaylar<\/p>\n<p>&nbsp;<\/td>\n<td>DNV-GL Type approved \/CE \/CB report (TUV) \/ cULus \/ EAC \/ RCM<\/td>\n<\/tr>\n<\/tbody>\n<\/table>\n\n\t\t<\/div>\n\t<\/div>\n<\/div><\/div><div class=\"vc_tta-panel\" id=\"1692870355708-af0c3d79-86cf\" data-vc-content=\".vc_tta-panel-body\"><div class=\"vc_tta-panel-heading\"><h4 class=\"vc_tta-panel-title\"><a href=\"#1692870355708-af0c3d79-86cf\" data-vc-accordion data-vc-container=\".vc_tta-container\"><span class=\"vc_tta-title-text\">D\u00f6k\u00fcmanlar<\/span><\/a><\/h4><\/div><div class=\"vc_tta-panel-body\">\n\t<div class=\"wpb_text_column wpb_content_element\" >\n\t\t<div class=\"wpb_wrapper\">\n\t\t\t<h5><a href=\"http:\/\/www.westech.com.tr\/wp-content\/uploads\/2023\/09\/9SX_Marine_1000-3000VA_DS_EN.pdf\">9SX_Marine_1000-3000VA_DS_EN<\/a><\/h5>\n\n\t\t<\/div>\n\t<\/div>\n<\/div><\/div><\/div><\/div><\/div><\/div><\/div><\/div><\/div><\/div><\/div>\n<\/section>","protected":false},"excerpt":{"rendered":"9SX3000IM Eaton 9SX, OnLine, 3kVA Marine Tower Ups \u00dcr\u00fcn kodu:9SX3000IM Teklif Al\u00dcr\u00fcn A\u00e7\u0131klamas\u0131Teknik \u00d6zelliklerD\u00f6k\u00fcmanlar\u00dcr\u00fcn A\u00e7\u0131klamas\u0131 9SX3000IM &nbsp; &nbsp; Eaton 9SX Marine &nbsp; &nbsp; 2018 Y\u0131l\u0131na kadar pazar lideri olan 9130 Marine \u00fcr\u00fcnler art\u0131k 9SX Marine serisi ile geli\u015ftirildi. &nbsp; Eaton 9SX Marine s\u00fcrekli g\u00fc\u00e7 ko\u015fullar\u0131n\u0131 izler, voltaj ve frekans\u0131 d\u00fczenler. &nbsp; Dahili bypass acil durumlarda [...]","protected":false},"author":1,"featured_media":0,"parent":0,"menu_order":0,"comment_status":"closed","ping_status":"closed","template":"tmpl\/template-fullwidth.php","meta":{"om_disable_all_campaigns":false,"_monsterinsights_skip_tracking":false,"_monsterinsights_sitenote_active":false,"_monsterinsights_sitenote_note":"","_monsterinsights_sitenote_category":0,"footnotes":""},"class_list":["post-4386","page","type-page","status-publish","hentry"],"acf":[],"aioseo_notices":[],"_links":{"self":[{"href":"http:\/\/www.westech.com.tr\/en\/wp-json\/wp\/v2\/pages\/4386"}],"collection":[{"href":"http:\/\/www.westech.com.tr\/en\/wp-json\/wp\/v2\/pages"}],"about":[{"href":"http:\/\/www.westech.com.tr\/en\/wp-json\/wp\/v2\/types\/page"}],"author":[{"embeddable":true,"href":"http:\/\/www.westech.com.tr\/en\/wp-json\/wp\/v2\/users\/1"}],"replies":[{"embeddable":true,"href":"http:\/\/www.westech.com.tr\/en\/wp-json\/wp\/v2\/comments?post=4386"}],"version-history":[{"count":2,"href":"http:\/\/www.westech.com.tr\/en\/wp-json\/wp\/v2\/pages\/4386\/revisions"}],"predecessor-version":[{"id":5207,"href":"http:\/\/www.westech.com.tr\/en\/wp-json\/wp\/v2\/pages\/4386\/revisions\/5207"}],"wp:attachment":[{"href":"http:\/\/www.westech.com.tr\/en\/wp-json\/wp\/v2\/media?parent=4386"}],"curies":[{"name":"wp","href":"https:\/\/api.w.org\/{rel}","templated":true}]}}