{"id":2089,"date":"2023-08-09T17:11:06","date_gmt":"2023-08-09T14:11:06","guid":{"rendered":"http:\/\/www.westech.com.tr\/?page_id=2089"},"modified":"2023-11-23T16:23:20","modified_gmt":"2023-11-23T13:23:20","slug":"kesintisiz-guc-sistemleri","status":"publish","type":"page","link":"https:\/\/www.westech.com.tr\/en\/veri-merkezi-cozumleri\/kesintisiz-guc-sistemleri\/","title":{"rendered":"Kesintisiz G\u00fc\u00e7 Sistemleri"},"content":{"rendered":"<section class=\"wpb-content-wrapper\"><div style=\"\" class=\"vc_row wpb_row vc_row-fluid\"><div class=\"row-inner\"><div class=\"wpb_column vc_column_container vc_col-sm-12\"><div class=\"vc_column-inner\"><div class=\"wpb_wrapper\">\n\t<div class=\"wpb_text_column wpb_content_element\" >\n\t\t<div class=\"wpb_wrapper\">\n\t\t\t<h2 class=\"breadcrumb-title text-color-primary\" style=\"text-align: center;\">Kesintisiz G\u00fc\u00e7 Sistemleri<\/h2>\n\n\t\t<\/div>\n\t<\/div>\n<\/div><\/div><\/div><\/div><\/div><div style=\"\" class=\"vc_row wpb_row vc_row-fluid\"><div class=\"row-inner\"><div class=\"wpb_column vc_column_container vc_col-sm-6\"><div class=\"vc_column-inner\"><div class=\"wpb_wrapper\"><div class=\"vc_empty_space\"   style=\"height: 32px\"><span class=\"vc_empty_space_inner\"><\/span><\/div><\/div><\/div><\/div><div class=\"wpb_column vc_column_container vc_col-sm-6\"><div class=\"vc_column-inner\"><div class=\"wpb_wrapper\"><div class=\"vc_empty_space\"   style=\"height: 32px\"><span class=\"vc_empty_space_inner\"><\/span><\/div><\/div><\/div><\/div><\/div><\/div><div style=\"\" class=\"vc_row wpb_row vc_row-fluid\"><div class=\"row-inner\"><div class=\"wpb_column vc_column_container vc_col-sm-6\"><div class=\"vc_column-inner\"><div class=\"wpb_wrapper\"><div class=\"vc_empty_space\"   style=\"height: 32px\"><span class=\"vc_empty_space_inner\"><\/span><\/div><\/div><\/div><\/div><div class=\"wpb_column vc_column_container vc_col-sm-6\"><div class=\"vc_column-inner\"><div class=\"wpb_wrapper\"><div class=\"vc_empty_space\"   style=\"height: 32px\"><span class=\"vc_empty_space_inner\"><\/span><\/div><\/div><\/div><\/div><\/div><\/div><div style=\"\" class=\"vc_row wpb_row vc_row-fluid\"><div class=\"row-inner\"><div class=\"wpb_column vc_column_container vc_col-sm-6\"><div class=\"vc_column-inner\"><div class=\"wpb_wrapper\"><div class=\"vc_empty_space\"   style=\"height: 32px\"><span class=\"vc_empty_space_inner\"><\/span><\/div>\n<!-- BEGIN .imagebox -->\n<div class=\"imagebox\">\n\t\t\t<div class=\"box-image\">\n\t\t\t\n\t\t\t<a class=\"box-img\" href=\"\" target=\"_self\">\n\t\t\t\t<img loading=\"lazy\" decoding=\"async\" width=\"1260\" height=\"742\" src=\"https:\/\/www.westech.com.tr\/wp-content\/uploads\/2023\/08\/kesintisiz-guc-sistemleri.png\" class=\"attachment-full\" alt=\"\" title=\"kesintisiz g\u00fc\u00e7 sistemleri\" \/>\t\t\t<\/a>\n\t\t<\/div>\n\n\t\t\t\t\n\t<\/div>\n<!-- End .imagebox -->\n<\/div><\/div><\/div><div class=\"wpb_column vc_column_container vc_col-sm-6\"><div class=\"vc_column-inner\"><div class=\"wpb_wrapper\">\n\t<div class=\"wpb_text_column wpb_content_element\" >\n\t\t<div class=\"wpb_wrapper\">\n\t\t\t<p>Veri Merkezleri&#8217;nde G\u00fc\u00e7 Sistemleri, kesintisiz \u00e7al\u0131\u015fabilirlik i\u00e7in en \u00f6nemli ihtiya\u00e7lardand\u0131r. Veri merkezlerinin g\u00fcvenli bir \u015fekilde i\u015fleyebilmesi i\u00e7in en \u00f6nemli g\u00fcvenlik \u00f6nlemi elektrik enerjisinin kesintiye u\u011framamas\u0131d\u0131r.<\/p>\n<p>Westech, veri merkezi \u00e7\u00f6z\u00fcmlerinde ak\u0131ll\u0131ca tasarlanm\u0131\u015f bir yap\u0131yla y\u00fcksek kaliteli \u00fcr\u00fcnleri kullanarak s\u00fcrekli ayakta olan, g\u00fcvenilir veri merkezleri sunmaktad\u0131r.<\/p>\n<p>Bu alanda Westech&#8217;in sa\u011flad\u0131\u011f\u0131 hizmetler:<\/p>\n<ul>\n<li>Yedekli \/ Yedeksiz G\u00fc\u00e7 Altyap\u0131s\u0131<\/li>\n<li>UPS (Kesintisiz G\u00fc\u00e7 Kayna\u011f\u0131)<\/li>\n<li>G\u00fc\u00e7 Da\u011f\u0131t\u0131m\u00a0(PDU), Ak\u0131ll\u0131 PDU Sistemleri<\/li>\n<li>G\u00fc\u00e7 Kablolar\u0131 \/Power Cords<\/li>\n<\/ul>\n\n\t\t<\/div>\n\t<\/div>\n<\/div><\/div><\/div><\/div><\/div><div style=\"\" class=\"vc_row wpb_row vc_row-fluid\"><div class=\"row-inner\"><div class=\"wpb_column vc_column_container vc_col-sm-6\"><div class=\"vc_column-inner\"><div class=\"wpb_wrapper\"><\/div><\/div><\/div><div class=\"wpb_column vc_column_container vc_col-sm-6\"><div class=\"vc_column-inner\"><div class=\"wpb_wrapper\"><div class=\"vc_empty_space\"   style=\"height: 32px\"><span class=\"vc_empty_space_inner\"><\/span><\/div><\/div><\/div><\/div><\/div><\/div><div style=\"\" class=\"vc_row wpb_row vc_row-fluid\"><div class=\"row-inner\"><div class=\"wpb_column vc_column_container vc_col-sm-4\"><div class=\"vc_column-inner\"><div class=\"wpb_wrapper\"><\/div><\/div><\/div><div class=\"wpb_column vc_column_container vc_col-sm-4\"><div class=\"vc_column-inner\"><div class=\"wpb_wrapper\"><\/div><\/div><\/div><div class=\"wpb_column vc_column_container vc_col-sm-4\"><div class=\"vc_column-inner\"><div class=\"wpb_wrapper\"><\/div><\/div><\/div><\/div><\/div>\n<\/section>","protected":false},"excerpt":{"rendered":"Kesintisiz G\u00fc\u00e7 Sistemleri Veri Merkezleri'nde G\u00fc\u00e7 Sistemleri, kesintisiz \u00e7al\u0131\u015fabilirlik i\u00e7in en \u00f6nemli ihtiya\u00e7lardand\u0131r. Veri merkezlerinin g\u00fcvenli bir \u015fekilde i\u015fleyebilmesi i\u00e7in en \u00f6nemli g\u00fcvenlik \u00f6nlemi elektrik enerjisinin kesintiye u\u011framamas\u0131d\u0131r. Westech, veri merkezi \u00e7\u00f6z\u00fcmlerinde ak\u0131ll\u0131ca tasarlanm\u0131\u015f bir yap\u0131yla y\u00fcksek kaliteli \u00fcr\u00fcnleri kullanarak s\u00fcrekli ayakta olan, g\u00fcvenilir veri merkezleri sunmaktad\u0131r. Bu alanda Westech'in sa\u011flad\u0131\u011f\u0131 hizmetler: Yedekli \/ Yedeksiz [...]","protected":false},"author":1,"featured_media":0,"parent":707,"menu_order":0,"comment_status":"closed","ping_status":"closed","template":"tmpl\/template-fullwidth.php","meta":{"om_disable_all_campaigns":false,"_monsterinsights_skip_tracking":false,"_monsterinsights_sitenote_active":false,"_monsterinsights_sitenote_note":"","_monsterinsights_sitenote_category":0,"footnotes":""},"class_list":["post-2089","page","type-page","status-publish","hentry"],"acf":[],"aioseo_notices":[],"_links":{"self":[{"href":"https:\/\/www.westech.com.tr\/en\/wp-json\/wp\/v2\/pages\/2089"}],"collection":[{"href":"https:\/\/www.westech.com.tr\/en\/wp-json\/wp\/v2\/pages"}],"about":[{"href":"https:\/\/www.westech.com.tr\/en\/wp-json\/wp\/v2\/types\/page"}],"author":[{"embeddable":true,"href":"https:\/\/www.westech.com.tr\/en\/wp-json\/wp\/v2\/users\/1"}],"replies":[{"embeddable":true,"href":"https:\/\/www.westech.com.tr\/en\/wp-json\/wp\/v2\/comments?post=2089"}],"version-history":[{"count":4,"href":"https:\/\/www.westech.com.tr\/en\/wp-json\/wp\/v2\/pages\/2089\/revisions"}],"predecessor-version":[{"id":5758,"href":"https:\/\/www.westech.com.tr\/en\/wp-json\/wp\/v2\/pages\/2089\/revisions\/5758"}],"up":[{"embeddable":true,"href":"https:\/\/www.westech.com.tr\/en\/wp-json\/wp\/v2\/pages\/707"}],"wp:attachment":[{"href":"https:\/\/www.westech.com.tr\/en\/wp-json\/wp\/v2\/media?parent=2089"}],"curies":[{"name":"wp","href":"https:\/\/api.w.org\/{rel}","templated":true}]}}