{"id":2194,"date":"2023-08-10T12:51:00","date_gmt":"2023-08-10T09:51:00","guid":{"rendered":"http:\/\/www.westech.com.tr\/?page_id=2194"},"modified":"2023-11-24T11:17:33","modified_gmt":"2023-11-24T08:17:33","slug":"network-sunucu-hizmetleri","status":"publish","type":"page","link":"https:\/\/www.westech.com.tr\/en\/veri-merkezi-cozumleri\/network-sunucu-hizmetleri\/","title":{"rendered":"Network Sunucu Hizmetleri"},"content":{"rendered":"<section class=\"wpb-content-wrapper\"><div style=\"\" class=\"vc_row wpb_row vc_row-fluid\"><div class=\"row-inner\"><div class=\"wpb_column vc_column_container vc_col-sm-12\"><div class=\"vc_column-inner\"><div class=\"wpb_wrapper\">\n\t<div class=\"wpb_text_column wpb_content_element\" >\n\t\t<div class=\"wpb_wrapper\">\n\t\t\t<h2 class=\"breadcrumb-title text-color-primary\" style=\"text-align: center;\">Network Sunucu Hizmetleri<\/h2>\n\n\t\t<\/div>\n\t<\/div>\n<\/div><\/div><\/div><\/div><\/div><div style=\"\" class=\"vc_row wpb_row vc_row-fluid\"><div class=\"row-inner\"><div class=\"wpb_column vc_column_container vc_col-sm-12\"><div class=\"vc_column-inner\"><div class=\"wpb_wrapper\"><div class=\"vc_empty_space\"   style=\"height: 32px\"><span class=\"vc_empty_space_inner\"><\/span><\/div><div class=\"vc_empty_space\"   style=\"height: 32px\"><span class=\"vc_empty_space_inner\"><\/span><\/div><\/div><\/div><\/div><\/div><\/div><div style=\"\" class=\"vc_row wpb_row vc_row-fluid\"><div class=\"row-inner\"><div class=\"wpb_column vc_column_container vc_col-sm-6\"><div class=\"vc_column-inner\"><div class=\"wpb_wrapper\">\n<!-- BEGIN .imagebox -->\n<div class=\"imagebox\">\n\t\t\t<div class=\"box-image\">\n\t\t\t\n\t\t\t<a class=\"box-img\" href=\"\" target=\"_self\">\n\t\t\t\t<img loading=\"lazy\" decoding=\"async\" width=\"1000\" height=\"576\" src=\"https:\/\/www.westech.com.tr\/wp-content\/uploads\/2023\/08\/network-sunucu-hizmetleri.png\" class=\"attachment-full\" alt=\"\" title=\"network sunucu hizmetleri\" \/>\t\t\t<\/a>\n\t\t<\/div>\n\n\t\t\t\t\n\t<\/div>\n<!-- End .imagebox -->\n<div class=\"vc_empty_space\"   style=\"height: 32px\"><span class=\"vc_empty_space_inner\"><\/span><\/div><div class=\"vc_empty_space\"   style=\"height: 32px\"><span class=\"vc_empty_space_inner\"><\/span><\/div>\n<!-- BEGIN .imagebox -->\n<div class=\"imagebox\">\n\t\t\t<div class=\"box-image\">\n\t\t\t\n\t\t\t<a class=\"box-img\" href=\"\" target=\"_self\">\n\t\t\t\t<img loading=\"lazy\" decoding=\"async\" width=\"900\" height=\"350\" src=\"https:\/\/www.westech.com.tr\/wp-content\/uploads\/2023\/08\/sunucuodasi.jpg\" class=\"attachment-full\" alt=\"\" title=\"sunucuodas\u0131\" \/>\t\t\t<\/a>\n\t\t<\/div>\n\n\t\t\t\t\n\t<\/div>\n<!-- End .imagebox -->\n<\/div><\/div><\/div><div class=\"wpb_column vc_column_container vc_col-sm-6\"><div class=\"vc_column-inner\"><div class=\"wpb_wrapper\">\n\t<div class=\"wpb_text_column wpb_content_element\" >\n\t\t<div class=\"wpb_wrapper\">\n\t\t\t<p>Westech, m\u00fc\u015fterilerinin t\u00fcm kablolu network ihtiya\u00e7lar\u0131na y\u00f6nelik \u00e7\u00f6z\u00fcmler sundu\u011fu gibi kablosuz network altyap\u0131 ihtiya\u00e7lar\u0131na y\u00f6nelik \u00e7\u00f6z\u00fcmler de sunmaktad\u0131r.<\/p>\n<p>M\u00fc\u015fterilerinin ihtiya\u00e7lar\u0131na g\u00f6re indoor ve outdoor wireless projelerin ke\u015fif ve tasar\u0131m\u0131ndan uygulamas\u0131na kadar t\u00fcm a\u015famalar\u0131n\u0131 \u00fcstlenerek m\u00fc\u015fterilerine anahtar teslimi projeler \u00fcretmektedir.<\/p>\n<p>Bug\u00fcne kadar y\u00fcr\u00fctt\u00fc\u011f\u00fc projelerde Extereme Networks gibi d\u00fcnyaca \u00fcnl\u00fc markalarla y\u00fcr\u00fctt\u00fc\u011f\u00fc \u00e7\u00f6z\u00fcm ortakl\u0131klar\u0131 ve proje sonras\u0131 verdi\u011fi teknik destek ile m\u00fc\u015fterilerinin hakl\u0131 g\u00fcvenini kazanm\u0131\u015f olan Westech, gelecekte de bu pazarda m\u00fc\u015fterilerinin \u00f6ncelikli tercihi olmay\u0131 hedeflemektedir.<\/p>\n<p>&nbsp;<\/p>\n<p><strong>\u00a0 \u00a0 \u00a0 \u00a0 \u00a0 \u00a0 Bu alanda Westech&#8217;in sa\u011flad\u0131\u011f\u0131 hizmetler:<\/strong><\/p>\n<p>DNS Sunucu Kurulumu<\/p>\n<p>A\u011f Loglama<\/p>\n<p>A\u011f \u0130zleme<\/p>\n<p>Merkezi Y\u00f6netim \u00c7\u00f6z\u00fcmleri<\/p>\n<p>Kablosuz A\u011f \u00c7\u00f6z\u00fcmleri<\/p>\n\n\t\t<\/div>\n\t<\/div>\n<\/div><\/div><\/div><\/div><\/div><div style=\"\" class=\"vc_row wpb_row vc_row-fluid\"><div class=\"row-inner\"><div class=\"wpb_column vc_column_container vc_col-sm-4\"><div class=\"vc_column-inner\"><div class=\"wpb_wrapper\"><div class=\"vc_empty_space\"   style=\"height: 32px\"><span class=\"vc_empty_space_inner\"><\/span><\/div><\/div><\/div><\/div><div class=\"wpb_column vc_column_container vc_col-sm-4\"><div class=\"vc_column-inner\"><div class=\"wpb_wrapper\"><div class=\"vc_empty_space\"   style=\"height: 32px\"><span class=\"vc_empty_space_inner\"><\/span><\/div><\/div><\/div><\/div><div class=\"wpb_column vc_column_container vc_col-sm-4\"><div class=\"vc_column-inner\"><div class=\"wpb_wrapper\"><\/div><\/div><\/div><\/div><\/div><div style=\"\" class=\"vc_row wpb_row vc_row-fluid\"><div class=\"row-inner\"><div class=\"wpb_column vc_column_container vc_col-sm-6\"><div class=\"vc_column-inner\"><div class=\"wpb_wrapper\"><\/div><\/div><\/div><div class=\"wpb_column vc_column_container vc_col-sm-6\"><div class=\"vc_column-inner\"><div class=\"wpb_wrapper\"><\/div><\/div><\/div><\/div><\/div>\n<\/section>","protected":false},"excerpt":{"rendered":"Network Sunucu Hizmetleri Westech, m\u00fc\u015fterilerinin t\u00fcm kablolu network ihtiya\u00e7lar\u0131na y\u00f6nelik \u00e7\u00f6z\u00fcmler sundu\u011fu gibi kablosuz network altyap\u0131 ihtiya\u00e7lar\u0131na y\u00f6nelik \u00e7\u00f6z\u00fcmler de sunmaktad\u0131r. M\u00fc\u015fterilerinin ihtiya\u00e7lar\u0131na g\u00f6re indoor ve outdoor wireless projelerin ke\u015fif ve tasar\u0131m\u0131ndan uygulamas\u0131na kadar t\u00fcm a\u015famalar\u0131n\u0131 \u00fcstlenerek m\u00fc\u015fterilerine anahtar teslimi projeler \u00fcretmektedir. Bug\u00fcne kadar y\u00fcr\u00fctt\u00fc\u011f\u00fc projelerde Extereme Networks gibi d\u00fcnyaca \u00fcnl\u00fc markalarla y\u00fcr\u00fctt\u00fc\u011f\u00fc \u00e7\u00f6z\u00fcm ortakl\u0131klar\u0131 [...]","protected":false},"author":1,"featured_media":0,"parent":707,"menu_order":0,"comment_status":"closed","ping_status":"closed","template":"tmpl\/template-fullwidth.php","meta":{"om_disable_all_campaigns":false,"_monsterinsights_skip_tracking":false,"_monsterinsights_sitenote_active":false,"_monsterinsights_sitenote_note":"","_monsterinsights_sitenote_category":0,"footnotes":""},"class_list":["post-2194","page","type-page","status-publish","hentry"],"acf":[],"aioseo_notices":[],"_links":{"self":[{"href":"https:\/\/www.westech.com.tr\/en\/wp-json\/wp\/v2\/pages\/2194"}],"collection":[{"href":"https:\/\/www.westech.com.tr\/en\/wp-json\/wp\/v2\/pages"}],"about":[{"href":"https:\/\/www.westech.com.tr\/en\/wp-json\/wp\/v2\/types\/page"}],"author":[{"embeddable":true,"href":"https:\/\/www.westech.com.tr\/en\/wp-json\/wp\/v2\/users\/1"}],"replies":[{"embeddable":true,"href":"https:\/\/www.westech.com.tr\/en\/wp-json\/wp\/v2\/comments?post=2194"}],"version-history":[{"count":5,"href":"https:\/\/www.westech.com.tr\/en\/wp-json\/wp\/v2\/pages\/2194\/revisions"}],"predecessor-version":[{"id":5777,"href":"https:\/\/www.westech.com.tr\/en\/wp-json\/wp\/v2\/pages\/2194\/revisions\/5777"}],"up":[{"embeddable":true,"href":"https:\/\/www.westech.com.tr\/en\/wp-json\/wp\/v2\/pages\/707"}],"wp:attachment":[{"href":"https:\/\/www.westech.com.tr\/en\/wp-json\/wp\/v2\/media?parent=2194"}],"curies":[{"name":"wp","href":"https:\/\/api.w.org\/{rel}","templated":true}]}}