{"id":2201,"date":"2023-08-10T12:55:34","date_gmt":"2023-08-10T09:55:34","guid":{"rendered":"http:\/\/www.westech.com.tr\/?page_id=2201"},"modified":"2023-11-24T11:21:53","modified_gmt":"2023-11-24T08:21:53","slug":"network-yonetim-ve-izleme-cozumleri","status":"publish","type":"page","link":"https:\/\/www.westech.com.tr\/en\/veri-merkezi-cozumleri\/network-yonetim-ve-izleme-cozumleri\/","title":{"rendered":"Network Y\u00f6netim ve \u0130zleme \u00c7\u00f6z\u00fcmleri"},"content":{"rendered":"<section class=\"wpb-content-wrapper\"><div style=\"\" class=\"vc_row wpb_row vc_row-fluid\"><div class=\"row-inner\"><div class=\"wpb_column vc_column_container vc_col-sm-12\"><div class=\"vc_column-inner\"><div class=\"wpb_wrapper\">\n\t<div class=\"wpb_text_column wpb_content_element\" >\n\t\t<div class=\"wpb_wrapper\">\n\t\t\t<h2 class=\"breadcrumb-title text-color-primary\" style=\"text-align: center;\">Network Y\u00f6netim ve \u0130zleme \u00c7\u00f6z\u00fcmleri<\/h2>\n\n\t\t<\/div>\n\t<\/div>\n<\/div><\/div><\/div><\/div><\/div><div style=\"\" class=\"vc_row wpb_row vc_row-fluid\"><div class=\"row-inner\"><div class=\"wpb_column vc_column_container vc_col-sm-6\"><div class=\"vc_column-inner\"><div class=\"wpb_wrapper\"><div class=\"vc_empty_space\"   style=\"height: 100px\"><span class=\"vc_empty_space_inner\"><\/span><\/div><\/div><\/div><\/div><div class=\"wpb_column vc_column_container vc_col-sm-6\"><div class=\"vc_column-inner\"><div class=\"wpb_wrapper\"><div class=\"vc_empty_space\"   style=\"height: 100px\"><span class=\"vc_empty_space_inner\"><\/span><\/div><\/div><\/div><\/div><\/div><\/div><div style=\"\" class=\"vc_row wpb_row vc_row-fluid\"><div class=\"row-inner\"><div class=\"wpb_column vc_column_container vc_col-sm-6\"><div class=\"vc_column-inner\"><div class=\"wpb_wrapper\">\n<!-- BEGIN .imagebox -->\n<div class=\"imagebox\">\n\t\t\t<div class=\"box-image\">\n\t\t\t\n\t\t\t<a class=\"box-img\" href=\"\" target=\"_self\">\n\t\t\t\t<img loading=\"lazy\" decoding=\"async\" width=\"700\" height=\"394\" src=\"https:\/\/www.westech.com.tr\/wp-content\/uploads\/2023\/08\/Network-Yonetim-ve-Izleme-Cozumleri.png\" class=\"attachment-full\" alt=\"\" title=\"Network Y\u00f6netim ve \u0130zleme \u00c7\u00f6z\u00fcmleri\" \/>\t\t\t<\/a>\n\t\t<\/div>\n\n\t\t\t\t\n\t<\/div>\n<!-- End .imagebox -->\n<\/div><\/div><\/div><div class=\"wpb_column vc_column_container vc_col-sm-6\"><div class=\"vc_column-inner\"><div class=\"wpb_wrapper\">\n\t<div class=\"wpb_text_column wpb_content_element\" >\n\t\t<div class=\"wpb_wrapper\">\n\t\t\t<p>A\u011flar\u0131n b\u00fcy\u00fcmesi ile birlikte a\u011f y\u00f6netimi zorla\u015fmakta ve g\u00fcnl\u00fck operasyon maliyetleri giderek artmaktad\u0131r.<\/p>\n<p>Belli b\u00fcy\u00fckl\u00fckteki b\u00fct\u00fcn a\u011flarda, d\u00fczenli olarak izlenmesi, raporlanmas\u0131 ve g\u00fcvenlik zafiyetlerinin tespiti ve s\u00fcrekli \u00e7al\u0131\u015f\u0131labilirli\u011fi i\u00e7in a\u011f y\u00f6netim yaz\u0131l\u0131mlar\u0131n\u0131n kullan\u0131lmas\u0131 ka\u00e7\u0131n\u0131lmazd\u0131r. Westech bu konuda m\u00fc\u015fterileri i\u00e7in farkl\u0131 network \u00f6l\u00e7\u00fclerine g\u00f6re a\u011f y\u00f6netim ve izleme \u00e7\u00f6z\u00fcmleri sunmaktad\u0131r. A\u011f y\u00f6netim yaz\u0131l\u0131mlar\u0131, mevcut a\u011fda kullan\u0131lan anahtar ve y\u00f6nlendirici cihazlar\u0131na g\u00f6re belirlenir.<\/p>\n<p>Westech, a\u011f y\u00f6netimi ve izlenmesi konusunda Extreme Networks Center yaz\u0131l\u0131mlar\u0131n\u0131 projelerinde konumland\u0131rmaktad\u0131r. Bu \u00fcr\u00fcnlerle ilgili destek anla\u015fmas\u0131 kapsam\u0131nda bak\u0131m ve y\u00f6netim hizmetini de vermektedir. \u200b<\/p>\n<p>&nbsp;<\/p>\n<p><strong>Network Y\u00f6netim ve \u0130zleme \u00c7\u00f6z\u00fcmleri\u00a0<\/strong><\/p>\n<ul>\n<li>Merkezi Y\u00f6netim<\/li>\n<li>Merkezi \u0130zleme ve Takip Sistemleri<\/li>\n<\/ul>\n<p>.<\/p>\n\n\t\t<\/div>\n\t<\/div>\n<\/div><\/div><\/div><\/div><\/div><div style=\"\" class=\"vc_row wpb_row vc_row-fluid\"><div class=\"row-inner\"><div class=\"wpb_column vc_column_container vc_col-sm-6\"><div class=\"vc_column-inner\"><div class=\"wpb_wrapper\"><\/div><\/div><\/div><div class=\"wpb_column vc_column_container vc_col-sm-6\"><div class=\"vc_column-inner\"><div class=\"wpb_wrapper\"><\/div><\/div><\/div><\/div><\/div>\n<\/section>","protected":false},"excerpt":{"rendered":"Network Y\u00f6netim ve \u0130zleme \u00c7\u00f6z\u00fcmleri A\u011flar\u0131n b\u00fcy\u00fcmesi ile birlikte a\u011f y\u00f6netimi zorla\u015fmakta ve g\u00fcnl\u00fck operasyon maliyetleri giderek artmaktad\u0131r. Belli b\u00fcy\u00fckl\u00fckteki b\u00fct\u00fcn a\u011flarda, d\u00fczenli olarak izlenmesi, raporlanmas\u0131 ve g\u00fcvenlik zafiyetlerinin tespiti ve s\u00fcrekli \u00e7al\u0131\u015f\u0131labilirli\u011fi i\u00e7in a\u011f y\u00f6netim yaz\u0131l\u0131mlar\u0131n\u0131n kullan\u0131lmas\u0131 ka\u00e7\u0131n\u0131lmazd\u0131r. Westech bu konuda m\u00fc\u015fterileri i\u00e7in farkl\u0131 network \u00f6l\u00e7\u00fclerine g\u00f6re a\u011f y\u00f6netim ve izleme \u00e7\u00f6z\u00fcmleri sunmaktad\u0131r. A\u011f [...]","protected":false},"author":1,"featured_media":0,"parent":707,"menu_order":0,"comment_status":"closed","ping_status":"closed","template":"tmpl\/template-fullwidth.php","meta":{"om_disable_all_campaigns":false,"_monsterinsights_skip_tracking":false,"_monsterinsights_sitenote_active":false,"_monsterinsights_sitenote_note":"","_monsterinsights_sitenote_category":0,"footnotes":""},"class_list":["post-2201","page","type-page","status-publish","hentry"],"acf":[],"aioseo_notices":[],"_links":{"self":[{"href":"https:\/\/www.westech.com.tr\/en\/wp-json\/wp\/v2\/pages\/2201"}],"collection":[{"href":"https:\/\/www.westech.com.tr\/en\/wp-json\/wp\/v2\/pages"}],"about":[{"href":"https:\/\/www.westech.com.tr\/en\/wp-json\/wp\/v2\/types\/page"}],"author":[{"embeddable":true,"href":"https:\/\/www.westech.com.tr\/en\/wp-json\/wp\/v2\/users\/1"}],"replies":[{"embeddable":true,"href":"https:\/\/www.westech.com.tr\/en\/wp-json\/wp\/v2\/comments?post=2201"}],"version-history":[{"count":3,"href":"https:\/\/www.westech.com.tr\/en\/wp-json\/wp\/v2\/pages\/2201\/revisions"}],"predecessor-version":[{"id":5779,"href":"https:\/\/www.westech.com.tr\/en\/wp-json\/wp\/v2\/pages\/2201\/revisions\/5779"}],"up":[{"embeddable":true,"href":"https:\/\/www.westech.com.tr\/en\/wp-json\/wp\/v2\/pages\/707"}],"wp:attachment":[{"href":"https:\/\/www.westech.com.tr\/en\/wp-json\/wp\/v2\/media?parent=2201"}],"curies":[{"name":"wp","href":"https:\/\/api.w.org\/{rel}","templated":true}]}}