{"id":2205,"date":"2023-08-10T12:59:56","date_gmt":"2023-08-10T09:59:56","guid":{"rendered":"http:\/\/www.westech.com.tr\/?page_id=2205"},"modified":"2023-11-24T11:25:23","modified_gmt":"2023-11-24T08:25:23","slug":"uzak-erisim-cozumleri","status":"publish","type":"page","link":"https:\/\/www.westech.com.tr\/en\/veri-merkezi-cozumleri\/uzak-erisim-cozumleri\/","title":{"rendered":"Uzak Eri\u015fim \u00c7\u00f6z\u00fcmleri"},"content":{"rendered":"<section class=\"wpb-content-wrapper\"><div style=\"\" class=\"vc_row wpb_row vc_row-fluid\"><div class=\"row-inner\"><div class=\"wpb_column vc_column_container vc_col-sm-12\"><div class=\"vc_column-inner\"><div class=\"wpb_wrapper\">\n\t<div class=\"wpb_text_column wpb_content_element\" >\n\t\t<div class=\"wpb_wrapper\">\n\t\t\t<h2 class=\"breadcrumb-title text-color-primary\" style=\"text-align: center;\">Uzak Eri\u015fim \u00c7\u00f6z\u00fcmleri<\/h2>\n\n\t\t<\/div>\n\t<\/div>\n<\/div><\/div><\/div><\/div><\/div><div style=\"\" class=\"vc_row wpb_row vc_row-fluid\"><div class=\"row-inner\"><div class=\"wpb_column vc_column_container vc_col-sm-12\"><div class=\"vc_column-inner\"><div class=\"wpb_wrapper\"><div class=\"vc_empty_space\"   style=\"height: 32px\"><span class=\"vc_empty_space_inner\"><\/span><\/div><\/div><\/div><\/div><\/div><\/div><div style=\"\" class=\"vc_row wpb_row vc_row-fluid\"><div class=\"row-inner\"><div class=\"wpb_column vc_column_container vc_col-sm-12\"><div class=\"vc_column-inner\"><div class=\"wpb_wrapper\"><div class=\"vc_empty_space\"   style=\"height: 32px\"><span class=\"vc_empty_space_inner\"><\/span><\/div><\/div><\/div><\/div><\/div><\/div><div style=\"\" class=\"vc_row wpb_row vc_row-fluid\"><div class=\"row-inner\"><div class=\"wpb_column vc_column_container vc_col-sm-6\"><div class=\"vc_column-inner\"><div class=\"wpb_wrapper\">\n<!-- BEGIN .imagebox -->\n<div class=\"imagebox\">\n\t\t\t<div class=\"box-image\">\n\t\t\t\n\t\t\t<a class=\"box-img\" href=\"\" target=\"_self\">\n\t\t\t\t<img loading=\"lazy\" decoding=\"async\" width=\"1289\" height=\"814\" src=\"https:\/\/www.westech.com.tr\/wp-content\/uploads\/2023\/08\/Uzak-Erisim-Cozumleri.png\" class=\"attachment-full\" alt=\"\" title=\"Uzak Eri\u015fim \u00c7\u00f6z\u00fcmleri\" \/>\t\t\t<\/a>\n\t\t<\/div>\n\n\t\t\t\t\n\t<\/div>\n<!-- End .imagebox -->\n<\/div><\/div><\/div><div class=\"wpb_column vc_column_container vc_col-sm-6\"><div class=\"vc_column-inner\"><div class=\"wpb_wrapper\">\n\t<div class=\"wpb_text_column wpb_content_element\" >\n\t\t<div class=\"wpb_wrapper\">\n\t\t\t<p>\u015eirketlerin \u00e7al\u0131\u015fanlar\u0131n\u0131n artmas\u0131 ve i\u015f a\u011flar\u0131n\u0131 geni\u015fletmeleri s\u0131ras\u0131nda \u015firket a\u011f kaynaklar\u0131na uzaktan eri\u015fim, i\u015fletmelerin en \u00f6nemli ihtiya\u00e7lar\u0131ndan biri haline geldi. Buna ek olarak farkl\u0131 konumdaki i\u015fletmelerin birbirleri ile ileti\u015fimini g\u00fcvenli hale getirmesi b\u00fcy\u00fck \u00f6nem arzetmektedir. Farkl\u0131 b\u00f6lgelerdeki \u015fubelerde, mobil i\u015fletmeler aras\u0131nda veya i\u015f seyahatlerinde ofis kaynaklar\u0131na eri\u015fimi en g\u00fcvenli \u015fekilde sa\u011flaman\u0131z i\u00e7in \u00e7e\u015fitli \u00fcr\u00fcnler ve \u00e7\u00f6z\u00fcmlerimizle hizmetinizdeyiz.<\/p>\n<p>Bu alanda Westech&#8217;in sa\u011flad\u0131\u011f\u0131 hizmetler:<\/p>\n<ul>\n<li>VPN Kurulumlar\u0131<\/li>\n<li>Farkl\u0131 \u00dcr\u00fcnler Aras\u0131 IPSec VPN Kurulumlar\u0131<\/li>\n<li>SSL VPN \u00c7\u00f6z\u00fcmleri<\/li>\n<\/ul>\n\n\t\t<\/div>\n\t<\/div>\n<\/div><\/div><\/div><\/div><\/div><div style=\"\" class=\"vc_row wpb_row vc_row-fluid\"><div class=\"row-inner\"><div class=\"wpb_column vc_column_container vc_col-sm-6\"><div class=\"vc_column-inner\"><div class=\"wpb_wrapper\"><\/div><\/div><\/div><div class=\"wpb_column vc_column_container vc_col-sm-6\"><div class=\"vc_column-inner\"><div class=\"wpb_wrapper\"><\/div><\/div><\/div><\/div><\/div>\n<\/section>","protected":false},"excerpt":{"rendered":"Uzak Eri\u015fim \u00c7\u00f6z\u00fcmleri \u015eirketlerin \u00e7al\u0131\u015fanlar\u0131n\u0131n artmas\u0131 ve i\u015f a\u011flar\u0131n\u0131 geni\u015fletmeleri s\u0131ras\u0131nda \u015firket a\u011f kaynaklar\u0131na uzaktan eri\u015fim, i\u015fletmelerin en \u00f6nemli ihtiya\u00e7lar\u0131ndan biri haline geldi. Buna ek olarak farkl\u0131 konumdaki i\u015fletmelerin birbirleri ile ileti\u015fimini g\u00fcvenli hale getirmesi b\u00fcy\u00fck \u00f6nem arzetmektedir. Farkl\u0131 b\u00f6lgelerdeki \u015fubelerde, mobil i\u015fletmeler aras\u0131nda veya i\u015f seyahatlerinde ofis kaynaklar\u0131na eri\u015fimi en g\u00fcvenli \u015fekilde sa\u011flaman\u0131z i\u00e7in [...]","protected":false},"author":1,"featured_media":0,"parent":707,"menu_order":0,"comment_status":"closed","ping_status":"closed","template":"tmpl\/template-fullwidth.php","meta":{"om_disable_all_campaigns":false,"_monsterinsights_skip_tracking":false,"_monsterinsights_sitenote_active":false,"_monsterinsights_sitenote_note":"","_monsterinsights_sitenote_category":0,"footnotes":""},"class_list":["post-2205","page","type-page","status-publish","hentry"],"acf":[],"aioseo_notices":[],"_links":{"self":[{"href":"https:\/\/www.westech.com.tr\/en\/wp-json\/wp\/v2\/pages\/2205"}],"collection":[{"href":"https:\/\/www.westech.com.tr\/en\/wp-json\/wp\/v2\/pages"}],"about":[{"href":"https:\/\/www.westech.com.tr\/en\/wp-json\/wp\/v2\/types\/page"}],"author":[{"embeddable":true,"href":"https:\/\/www.westech.com.tr\/en\/wp-json\/wp\/v2\/users\/1"}],"replies":[{"embeddable":true,"href":"https:\/\/www.westech.com.tr\/en\/wp-json\/wp\/v2\/comments?post=2205"}],"version-history":[{"count":3,"href":"https:\/\/www.westech.com.tr\/en\/wp-json\/wp\/v2\/pages\/2205\/revisions"}],"predecessor-version":[{"id":5780,"href":"https:\/\/www.westech.com.tr\/en\/wp-json\/wp\/v2\/pages\/2205\/revisions\/5780"}],"up":[{"embeddable":true,"href":"https:\/\/www.westech.com.tr\/en\/wp-json\/wp\/v2\/pages\/707"}],"wp:attachment":[{"href":"https:\/\/www.westech.com.tr\/en\/wp-json\/wp\/v2\/media?parent=2205"}],"curies":[{"name":"wp","href":"https:\/\/api.w.org\/{rel}","templated":true}]}}