{"id":4629,"date":"2023-09-25T14:16:44","date_gmt":"2023-09-25T11:16:44","guid":{"rendered":"http:\/\/www.westech.com.tr\/?page_id=4629"},"modified":"2023-09-25T14:26:03","modified_gmt":"2023-09-25T11:26:03","slug":"buyuk-oda-icin-3-mikrofonlu-uvc84-kameraya-sahip-yealink-zvc840-yakinlastirma-odalari-cozumu","status":"publish","type":"page","link":"https:\/\/www.westech.com.tr\/en\/buyuk-oda-icin-3-mikrofonlu-uvc84-kameraya-sahip-yealink-zvc840-yakinlastirma-odalari-cozumu\/","title":{"rendered":"B\u00fcy\u00fck Oda i\u00e7in 3 Mikrofonlu UVC84 Kameraya Sahip Yealink ZVC840 Yak\u0131nla\u015ft\u0131rma Odalar\u0131 \u00c7\u00f6z\u00fcm\u00fc"},"content":{"rendered":"<section class=\"wpb-content-wrapper\"><div style=\"\" class=\"vc_row wpb_row vc_row-fluid\"><div class=\"row-inner\"><div class=\"wpb_column vc_column_container vc_col-sm-6\"><div class=\"vc_column-inner\"><div class=\"wpb_wrapper\"><div class=\"vc_empty_space\"   style=\"height: 32px\"><span class=\"vc_empty_space_inner\"><\/span><\/div><div class=\"wpb_gallery wpb_content_element vc_clearfix\" ><div class=\"wpb_wrapper\"><div class=\"wpb_gallery_slides wpb_flexslider flexslider_fade flexslider\" data-interval=\"3\" data-flex_fx=\"fade\"><ul class=\"slides\"><li><a href=\"https:\/\/www.westech.com.tr\/wp-content\/uploads\/2023\/09\/3-Mikrofonlu-UVC84-Kameraya-Sahip-Yealink-ZVC840-1-1024x819.webp\" target=\"_self\"><img loading=\"lazy\" decoding=\"async\" width=\"300\" height=\"240\" src=\"https:\/\/www.westech.com.tr\/wp-content\/uploads\/2023\/09\/3-Mikrofonlu-UVC84-Kameraya-Sahip-Yealink-ZVC840-1-300x240.webp\" class=\"attachment-medium\" alt=\"\" title=\"3 Mikrofonlu UVC84 Kameraya Sahip Yealink ZVC840 1\" srcset=\"https:\/\/www.westech.com.tr\/wp-content\/uploads\/2023\/09\/3-Mikrofonlu-UVC84-Kameraya-Sahip-Yealink-ZVC840-1-300x240.webp 300w, https:\/\/www.westech.com.tr\/wp-content\/uploads\/2023\/09\/3-Mikrofonlu-UVC84-Kameraya-Sahip-Yealink-ZVC840-1-1024x819.webp 1024w, https:\/\/www.westech.com.tr\/wp-content\/uploads\/2023\/09\/3-Mikrofonlu-UVC84-Kameraya-Sahip-Yealink-ZVC840-1-768x614.webp 768w, https:\/\/www.westech.com.tr\/wp-content\/uploads\/2023\/09\/3-Mikrofonlu-UVC84-Kameraya-Sahip-Yealink-ZVC840-1.webp 1280w\" sizes=\"(max-width: 300px) 100vw, 300px\" \/><\/a><\/li><\/ul><\/div><\/div><\/div><\/div><\/div><\/div><div class=\"wpb_column vc_column_container vc_col-sm-6\"><div class=\"vc_column-inner\"><div class=\"wpb_wrapper\">\n\t<div class=\"wpb_text_column wpb_content_element\" >\n\t\t<div class=\"wpb_wrapper\">\n\t\t\t<h1 class=\"productView-title\">3 Mikrofonlu UVC84 Kameraya Sahip Yealink ZVC840<\/h1>\n\n\t\t<\/div>\n\t<\/div>\n<div class=\"vc_empty_space\"   style=\"height: 32px\"><span class=\"vc_empty_space_inner\"><\/span><\/div><div class=\"vc_btn3-container vc_btn3-inline\" ><button class=\"vc_general vc_btn3 vc_btn3-size-md vc_btn3-shape-rounded vc_btn3-style-modern vc_btn3-color-danger\">Teklif Al<\/button><\/div><\/div><\/div><\/div><\/div><\/div><div style=\"\" class=\"vc_row wpb_row vc_row-fluid\"><div class=\"row-inner\"><div class=\"wpb_column vc_column_container vc_col-sm-3\"><div class=\"vc_column-inner\"><div class=\"wpb_wrapper\"><div class=\"vc_empty_space\"   style=\"height: 32px\"><span class=\"vc_empty_space_inner\"><\/span><\/div><\/div><\/div><\/div><div class=\"wpb_column vc_column_container vc_col-sm-3\"><div class=\"vc_column-inner\"><div class=\"wpb_wrapper\"><div class=\"vc_empty_space\"   style=\"height: 32px\"><span class=\"vc_empty_space_inner\"><\/span><\/div><\/div><\/div><\/div><div class=\"wpb_column vc_column_container vc_col-sm-3\"><div class=\"vc_column-inner\"><div class=\"wpb_wrapper\"><div class=\"vc_empty_space\"   style=\"height: 32px\"><span class=\"vc_empty_space_inner\"><\/span><\/div><\/div><\/div><\/div><div class=\"wpb_column vc_column_container vc_col-sm-3\"><div class=\"vc_column-inner\"><div class=\"wpb_wrapper\"><div class=\"vc_empty_space\"   style=\"height: 32px\"><span class=\"vc_empty_space_inner\"><\/span><\/div><\/div><\/div><\/div><\/div><\/div><div style=\"\" class=\"vc_row wpb_row vc_row-fluid\"><div class=\"row-inner\"><div class=\"wpb_column vc_column_container vc_col-sm-12\"><div class=\"vc_column-inner\"><div class=\"wpb_wrapper\">\n\t<div class=\"wpb_text_column wpb_content_element\" >\n\t\t<div class=\"wpb_wrapper\">\n\t\t\t<div class=\"vc_row wpb_row vc_row-fluid\">\n<div class=\"wpb_column vc_column_container vc_col-sm-12\">\n<div class=\"vc_column-inner\">\n<div class=\"wpb_wrapper\">\n<div class=\"wpb_text_column wpb_content_element\">\n<div class=\"wpb_wrapper\">\n<div class=\"vcg-kit-top\">\n<div class=\"vcg-kit-main-content\">\n<h2 class=\"kit-headline\">Yealink&#8217;ten UVC84 Video Kamera Ve Tam Oda Sesine Sahip Zoom Rooms Donan\u0131m \u00c7\u00f6z\u00fcm\u00fc<\/h2>\n<p>Yealink UVC84, orta ve b\u00fcy\u00fck odalara y\u00f6nelik, herkeste ve her ayr\u0131nt\u0131da m\u00fckemmel g\u00f6r\u00fcnt\u00fc sunan bir 4K PTZ kamerad\u0131r.\u00a04K kamera, otomatik \u00e7er\u00e7eveleme ve ses ile entegre \u00f6zellikli UVC84, her an\u0131 ve ayr\u0131nt\u0131y\u0131 hassas bir \u015fekilde yeniden \u00fcreterek ger\u00e7e\u011fe yak\u0131n ileti\u015fim sa\u011flar.\u00a080\u00b0&#8217;lik geni\u015f bir g\u00f6r\u00fc\u015f alan\u0131n\u0131 kapsayan, mekanik yatay kayd\u0131rma, uzaktan kumanda veya Yealink kamera kontrol eklenti yaz\u0131l\u0131m\u0131 ile kolayl\u0131kla yap\u0131labilen e\u011fim ile UVC84, daha verimli bir i\u015fbirli\u011fi sa\u011flar.\u00a0\u00dcstelik devrim niteli\u011findeki yeni kimlik tasar\u0131m\u0131 ve \u00e7oklu kurulum se\u00e7enekleri, UVC84&#8217;\u00fc her t\u00fcrl\u00fc profesyonel toplant\u0131 alan\u0131 i\u00e7in ideal hale getiriyor.<\/p>\n<p>20 ft\/360\u00b0 ses alma aral\u0131\u011f\u0131n\u0131 destekleyen d\u00f6rt adede kadar VCM34 mikrofon ve bir MSpeaker II soundbar ile ZVC840 oda \u00e7\u00f6z\u00fcm\u00fc m\u00fckemmel bir ses deneyimi sa\u011flar.\u00a0Ayr\u0131ca Yealink Noise Proof teknolojisi, arka plandaki dikkat da\u011f\u0131t\u0131c\u0131 unsurlar\u0131 etkili bir \u015fekilde ortadan kald\u0131rarak g\u00fcr\u00fclt\u00fcl\u00fc ortamlarda bile kristal netli\u011finde bir ses garanti eder.<\/p>\n<p>Kit, tek dokunu\u015fla toplant\u0131 \u00f6zelliklerine sahip Zoom Rooms konsolu Yealink MTouch II&#8217;yi i\u00e7eriyor.\u00a0Kullan\u0131m\u0131 basit olacak \u015fekilde tasarlanan MTouch II dokunmatik panel, \u00e7a\u011fr\u0131 kontrol\u00fc, kamera kontrol\u00fc, i\u00e7erik payla\u015f\u0131m\u0131 ve di\u011fer Zoom Rooms i\u015flevlerini kolayca ger\u00e7ekle\u015ftirmenize olanak tan\u0131r.\u00a0Entegre \u0130nsan Hareket Sens\u00f6r\u00fc ile konferans sistemi, odaya girdi\u011finizde otomatik olarak &#8220;uyanacakt\u0131r&#8221;.<\/p>\n<h4 class=\"kit-headline\">G\u00fc\u00e7 ve Kontrol Parmaklar\u0131n\u0131z\u0131n Ucunda<\/h4>\n<p>Yealink Zoom Rooms \u00e7\u00f6z\u00fcm\u00fc, \u00e7oklu ekranl\u0131 Zoom Rooms toplant\u0131 odan\u0131z i\u00e7in yeterli i\u015flem g\u00fcc\u00fcne sahip y\u00fcksek performansl\u0131 bir bilgisayar sa\u011flayan MCore Mini PC ile birlikte gelir.\u00a0MCore, h\u0131zl\u0131 da\u011f\u0131t\u0131m ve kolay uzun vadeli y\u00f6netim i\u00e7in \u00f6zel olarak tasarlanm\u0131\u015ft\u0131r.\u00a0Bu g\u00fc\u00e7l\u00fc Intel i5 tabanl\u0131 mini bilgisayarda Zoom Rooms \u00f6nceden yap\u0131land\u0131r\u0131lm\u0131\u015f olarak gelir.<\/p>\n<h4 class=\"kit-headline\">Kendi Ekran\u0131n\u0131z\u0131 Getirin<\/h4>\n<p>T\u00fcm Yealink Zoom Rooms kitleri kurulmaya ve se\u00e7ti\u011finiz ekranlara entegre edilmeye haz\u0131rd\u0131r ve tek ekranda veya \u00e7ift ekran kurulumunda \u00e7al\u0131\u015f\u0131r.\u00a0T\u00fcm Zoom Rooms kitlerimiz herhangi bir HDMI monit\u00f6r veya ak\u0131ll\u0131 ekranla (4K \u00e7\u00f6z\u00fcn\u00fcrl\u00fc\u011fe kadar) \u00e7al\u0131\u015f\u0131r.\u00a0Ve t\u00fcm kitler birden fazla ekran\u0131 kullanma kapasitesine sahiptir; tipik oda tek veya \u00e7ift ekrandan olu\u015fur.\u00a0Kitlerimizden birini sat\u0131n al\u0131n ve monit\u00f6r\u00fc (veya monit\u00f6rleri) veya tercihinizi ekleyin.<\/p>\n<h4 class=\"kit-headline\">G\u00fcvenebilece\u011finiz Bir Ortak<\/h4>\n<p>Y\u0131llard\u0131r Zoom Rooms&#8217;u tasarl\u0131yor, entegre ediyor ve destekliyoruz ve d\u00fcnya \u00e7ap\u0131nda y\u00fczlerce \u015firketin Zoom Rooms ve Video Konferans&#8217;\u0131n kendi \u015firketleri i\u00e7in neler yapabilece\u011fini ilk elden deneyimlemelerine yard\u0131mc\u0131 oluyoruz.\u00a0Satt\u0131\u011f\u0131m\u0131z t\u00fcm \u00fcr\u00fcnler taraf\u0131m\u0131zca tamamen test edilmi\u015ftir.\u00a0<strong>En iyi \u00fcreticilerden y\u00fcksek kaliteli \u00fcr\u00fcnler alman\u0131z, ard\u0131ndan satt\u0131klar\u0131 \u00fcr\u00fcnleri test eden ve paran\u0131z\u0131n kar\u015f\u0131l\u0131\u011f\u0131nda size en iyi deneyimi sunan bir ortaktan sat\u0131n alman\u0131z gerekti\u011fine inan\u0131yoruz<\/strong>\u00a0.\u00a0Video Conference Gear&#8217;da bunu yap\u0131yoruz; yaln\u0131zca sekt\u00f6r\u00fcn en iyilerini temsil ediyoruz.<\/p>\n<\/div>\n<\/div>\n<div class=\"vcg-kit-cards\">\n<div class=\"vcg-product-card\">\n<div class=\"vcg-product-card-header\">\n<h3 class=\"kit-headline-bg\"><img decoding=\"async\" src=\"https:\/\/cdn2.bigcommerce.com\/server2100\/b2627\/product_images\/uploaded_images\/kit-icon-white-trans-camera.png\" \/><br \/>\nYak\u0131nla\u015ft\u0131rma Odalar\u0131 Kameras\u0131<\/h3>\n<\/div>\n<div class=\"kit-card-content\">\n<div class=\"vcg-product-card-image\"><img decoding=\"async\" title=\"Zoom Rooms Donan\u0131m \u00c7\u00f6z\u00fcm\u00fc\" src=\"https:\/\/cdn2.bigcommerce.com\/server2100\/b2627\/product_images\/uploaded_images\/yealink-uvc84-zoom-prodcard.png\" alt=\"Zoom Rooms Donan\u0131m \u00c7\u00f6z\u00fcm\u00fc\" \/><\/div>\n<div class=\"vcg-product-card-content\">\n<h4 class=\"kit-headline\">Yealink UVC84 Video Konferans Kameras\u0131<\/h4>\n<p>\u0130\u015f tart\u0131\u015fman\u0131z\u0131n olabildi\u011fince ger\u00e7ek\u00e7i ve etkile\u015fimli olmas\u0131n\u0131 sa\u011flayan 4K UltraHD PTZ Video Konferans Kameras\u0131.<\/p>\n<ul>\n<li class=\"is-root\">4K@30fps video \u00e7\u00f6z\u00fcn\u00fcrl\u00fc\u011f\u00fc<\/li>\n<li class=\"is-root\">12x optik yak\u0131nla\u015ft\u0131rma<\/li>\n<li class=\"is-root\">G\u00f6r\u00fc\u015f alan\u0131 (\u00e7apraz): 73\u00b0<\/li>\n<li class=\"is-root\">Hoparl\u00f6r Takibi ile Otomatik \u00c7er\u00e7eveleme<\/li>\n<li class=\"is-root\">USB 2.0 Tip B<\/li>\n<\/ul>\n<\/div>\n<\/div>\n<\/div>\n<div class=\"vcg-product-card\">\n<div class=\"vcg-product-card-header\">\n<h3 class=\"kit-headline-bg\"><img decoding=\"async\" src=\"https:\/\/cdn2.bigcommerce.com\/server2100\/b2627\/product_images\/uploaded_images\/kit-icon-white-trans-audio.png\" \/><br \/>\nYak\u0131nla\u015ft\u0131rma Odalar\u0131 Sesi<\/h3>\n<\/div>\n<div class=\"kit-card-content\">\n<div class=\"vcg-product-card-image\"><img decoding=\"async\" title=\"Yealink Zoom Rooms Donan\u0131m \u00c7\u00f6z\u00fcm\u00fc\" src=\"https:\/\/cdn2.bigcommerce.com\/server2100\/b2627\/product_images\/uploaded_images\/yealink-zvc840-audio-prodcard.png\" alt=\"Yealink Zoom Rooms Donan\u0131m \u00c7\u00f6z\u00fcm\u00fc\" \/><\/div>\n<div class=\"vcg-product-card-content\">\n<h4 class=\"kit-headline\">Yealink Masa\u00fcst\u00fc Mikrofon Dizisi ve MSpaker II Soundbar<\/h4>\n<p>VCM, 20 feet yar\u0131\u00e7apa kadar 360 derecelik ses alma aral\u0131\u011f\u0131n\u0131 destekler.<\/p>\n<ul>\n<li class=\"is-root\">3 adet masa\u00fcst\u00fc mikrofon i\u00e7erir (papatya zinciri kurulumuyla kablolu)<\/li>\n<li class=\"is-root\">Optima HD ses<\/li>\n<li class=\"is-root\">20 feet ses alma aral\u0131\u011f\u0131<\/li>\n<li class=\"is-root\">Ethernet \u00dczerinden G\u00fc\u00e7 (PoE)<\/li>\n<li class=\"is-root\">Yealink G\u00fcr\u00fclt\u00fc Korumal\u0131 Teknoloji<\/li>\n<\/ul>\n<\/div>\n<\/div>\n<\/div>\n<div class=\"vcg-product-card\">\n<div class=\"vcg-product-card-header\">\n<h3 class=\"kit-headline-bg\"><img decoding=\"async\" src=\"https:\/\/cdn2.bigcommerce.com\/server2100\/b2627\/product_images\/uploaded_images\/kit-icon-white-trans-console.png\" \/><br \/>\nYak\u0131nla\u015ft\u0131rma Odalar\u0131 Konsolu<\/h3>\n<\/div>\n<div class=\"kit-card-content\">\n<div class=\"vcg-product-card-image\"><img decoding=\"async\" title=\"Yak\u0131nla\u015ft\u0131rma Odalar\u0131 Kitleri\" src=\"https:\/\/cdn2.bigcommerce.com\/server2100\/b2627\/product_images\/uploaded_images\/yealink-mtouch-console-card.png\" alt=\"Yak\u0131nla\u015ft\u0131rma Odalar\u0131 Kitleri\" \/><\/div>\n<div class=\"vcg-product-card-content\">\n<h4 class=\"kit-headline\">Zoom Odalar\u0131 i\u00e7in Yealink MTouch II<\/h4>\n<p>MTouch II dokunmatik panel, \u00e7a\u011fr\u0131 kontrol\u00fc, kamera kontrol\u00fc, i\u00e7erik payla\u015f\u0131m\u0131 ve di\u011fer i\u015flevleri kolayca ger\u00e7ekle\u015ftirmenize olanak tan\u0131r.<\/p>\n<ul>\n<li class=\"is-root\">Zoom Rooms toplant\u0131n\u0131z\u0131 kontrol etmek i\u00e7in 8 in\u00e7lik konsol<\/li>\n<li class=\"is-root\">10 noktal\u0131 dokunmatik ekranla 1280 x 800 \u00e7\u00f6z\u00fcn\u00fcrl\u00fck<\/li>\n<li class=\"is-root\">3,5 mm kulakl\u0131k giri\u015fi<\/li>\n<li class=\"is-root\">\u0130nsan Hareket Sens\u00f6r\u00fc<\/li>\n<li class=\"is-root\">A\u00e7\u0131s\u0131 ayarlanabilir braket (28\u00b0 ~ 50\u00b0)<\/li>\n<li class=\"is-root\">Payla\u015f\u0131m i\u00e7in 1080P\/30FPS FHD<\/li>\n<li class=\"is-root\">Kablolu ve kablosuz i\u00e7erik payla\u015f\u0131m\u0131n\u0131 destekleyin<\/li>\n<li class=\"is-root\">Yealink kablosuz sunum cihaz\u0131 i\u00e7in dahili Wi-Fi AP<\/li>\n<li class=\"is-root\">HDMI\/USB-C HD video giri\u015fi<\/li>\n<\/ul>\n<\/div>\n<\/div>\n<\/div>\n<div class=\"vcg-product-card\">\n<div class=\"vcg-product-card-header\">\n<h3 class=\"kit-headline-bg\"><img decoding=\"async\" src=\"https:\/\/cdn2.bigcommerce.com\/server2100\/b2627\/product_images\/uploaded_images\/kit-icon-white-trans-compute.png\" \/><br \/>\nYak\u0131nla\u015ft\u0131rma Odalar\u0131 Hesaplama<\/h3>\n<\/div>\n<div class=\"kit-card-content\">\n<div class=\"vcg-product-card-image\"><img decoding=\"async\" title=\"Yealink'in Zoom Rooms Donan\u0131m\u0131 Crestron ve Logitech Rally Plus'\u0131 i\u00e7eriyor\" src=\"https:\/\/cdn2.bigcommerce.com\/server2100\/b2627\/product_images\/uploaded_images\/yealink-teams-mcore-card.png\" alt=\"Yealink'in Zoom Rooms Donan\u0131m\u0131 Crestron ve Logitech Rally Plus'\u0131 i\u00e7eriyor\" \/><\/div>\n<div class=\"vcg-product-card-content\">\n<h4 class=\"kit-headline\">Yealink MCore Mini PC<\/h4>\n<p>Eksiksiz bir Zoom Rooms video konferans platformunun t\u00fcm yetenekleri, Zoom Rooms&#8217;unuzu g\u00fc\u00e7lendirir ve i\u00e7erik payla\u015f\u0131r.<\/p>\n<ul>\n<li class=\"is-root\">Zoom Rooms i\u00e7in yap\u0131land\u0131r\u0131lm\u0131\u015ft\u0131r &#8211; Zoom Rooms \u00f6nceden y\u00fcklenmi\u015ftir<\/li>\n<li class=\"is-root\"><strong>Microsoft Windows 10 Kurumsal IoT lisans\u0131<\/strong><\/li>\n<li class=\"is-root\">8. nesil Intel\u00ae QUAD-CORE i5<\/li>\n<li class=\"is-root\">Bellek: 8GB (2x4GB)<\/li>\n<li class=\"is-root\">Depolama: 128GB SSD<\/li>\n<li class=\"is-root\">CEC destekli 2 x HDMI video \u00e7\u0131k\u0131\u015f\u0131<\/li>\n<li class=\"is-root\">Bluetooth ve Wi-Fi<\/li>\n<li class=\"is-root\">1x Yealink VCH ba\u011flant\u0131 noktas\u0131, MTouch II&#8217;ye ba\u011flan\u0131n<\/li>\n<li class=\"is-root\">4 x USB3.0 Tip-A<\/li>\n<li class=\"is-root\">1 x 10\/100\/1000M Ethernet ba\u011flant\u0131 noktas\u0131<\/li>\n<li class=\"is-root\">Dahili kablo y\u00f6netimi<\/li>\n<\/ul>\n<\/div>\n<\/div>\n<\/div>\n<div class=\"vcg-product-card\">\n<div class=\"vcg-product-card-header\">\n<h3 class=\"kit-headline-bg\"><img decoding=\"async\" src=\"https:\/\/cdn2.bigcommerce.com\/server2100\/b2627\/product_images\/uploaded_images\/kit-icon-white-trans-accessories.png\" \/><br \/>\nZoom Rooms Montaj Par\u00e7alar\u0131, Kablolar ve Aksesuarlar<\/h3>\n<\/div>\n<div class=\"kit-card-content\">\n<div class=\"vcg-product-card-image\"><img decoding=\"async\" title=\"Yealink'ten Zoom Rooms Donan\u0131m\u0131 VCG'den Aksesuarlar\" src=\"https:\/\/cdn2.bigcommerce.com\/server2100\/b2627\/product_images\/uploaded_images\/zr2-accessories.png\" alt=\"Yealink'ten Zoom Rooms Donan\u0131m\u0131 VCG'den Aksesuarlar\" \/><\/div>\n<div class=\"vcg-product-card-content\">\n<p>Yealink&#8217;in Yealink Zoom Rooms Donan\u0131m\u0131, \u00c7ift Ekran kurulumu i\u00e7in ihtiyac\u0131n\u0131z olan her \u015feyle birlikte gelir.\u00a0M\u00fcmk\u00fcn oldu\u011fu kadar \u00e7abuk \u00e7al\u0131\u015f\u0131r duruma gelmenizi istiyoruz.\u00a0Oda kurulumunuzu tamamlamak i\u00e7in ekstra bir kabloya veya montaj par\u00e7as\u0131na ihtiya\u00e7 duymaktan daha sinir bozucu bir \u015fey yoktur.<\/p>\n<ul>\n<li class=\"is-root\">Kamera Montaj Braketi<\/li>\n<li class=\"is-root\">Ses Montaj\u0131 (gerekiyorsa)<\/li>\n<li class=\"is-root\">HDMI, USB kablolar\u0131, geni\u015fleticiler veya konekt\u00f6rler (gerekiyorsa)<\/li>\n<\/ul>\n<\/div>\n<\/div>\n<\/div>\n<div class=\"vcg-product-card\">\n<div class=\"vcg-product-card-header\">\n<h3 class=\"kit-headline-bg\"><img decoding=\"async\" src=\"https:\/\/cdn2.bigcommerce.com\/server2100\/b2627\/product_images\/uploaded_images\/kit-icon-white-trans-install.png\" \/><br \/>\nZoom Odalar\u0131 Opsiyonel Hizmetler<\/h3>\n<\/div>\n<div class=\"kit-card-content\">\n<div class=\"vcg-product-card-image\"><a title=\"VideoConferenceGear.com'dan Video Konferans Hizmetleri\" href=\"https:\/\/www.videoconferencegear.com\/services\/\"><img decoding=\"async\" title=\"Zoom Odalar\u0131 Kurulum Hizmetleri\" src=\"https:\/\/cdn2.bigcommerce.com\/server2100\/b2627\/product_images\/uploaded_images\/kit-zrcertified-1.png\" alt=\"Zoom Odalar\u0131 Kurulum Hizmetleri\" \/><\/a><\/div>\n<div class=\"vcg-product-card-content\">\n<h4 class=\"kit-headline\"><a href=\"https:\/\/www.videoconferencegear.com\/services\/\">T\u00fcm Zoom Odalar\u0131n\u0131z\u0131n \u0130htiya\u00e7lar\u0131na Y\u00f6nelik Hizmetler!<\/a><\/h4>\n<ul>\n<li class=\"is-root\">Uzaktan kurulum deste\u011fi aras\u0131ndan se\u00e7im yap\u0131n; odan\u0131z\u0131 haz\u0131rlaman\u0131za, ekipman\u0131n\u0131z\u0131 haz\u0131rlaman\u0131za ve odan\u0131z\u0131n kullan\u0131ma haz\u0131r oldu\u011fundan emin olman\u0131za yard\u0131mc\u0131 olmak i\u00e7in oraday\u0131z<\/li>\n<li class=\"is-root\">Proje planlama, \u00fcr\u00fcn kurulumu, entegrasyon ve kurulum dahil olmak \u00fczere tam yerinde kurulum<\/li>\n<li class=\"is-root\">Tasar\u0131m ve Plan \u0130nceleme Dan\u0131\u015fmanl\u0131k Hizmetleri<\/li>\n<li class=\"is-root\">K\u00fcresel Planlama ve Kullan\u0131ma Sunma Hizmetleri<\/li>\n<li class=\"is-root\">Telefon veya Yerinde Destek<\/li>\n<li class=\"is-root\">Yedek par\u00e7alar, \u00fcr\u00fcn \u00e7al\u0131\u015f\u0131rken de\u011fi\u015ftirilebilir, RMA ve Garanti Yard\u0131m\u0131<\/li>\n<\/ul>\n<\/div>\n<\/div>\n<\/div>\n<\/div>\n<\/div>\n<\/div>\n<\/div>\n<\/div>\n<\/div>\n<\/div>\n\n\t\t<\/div>\n\t<\/div>\n<\/div><\/div><\/div><\/div><\/div><div style=\"\" class=\"vc_row wpb_row vc_row-fluid\"><div class=\"row-inner\"><div class=\"wpb_column vc_column_container vc_col-sm-12\"><div class=\"vc_column-inner\"><div class=\"wpb_wrapper\"><div class=\"vc_tta-container\" data-vc-action=\"collapse\"><div class=\"vc_general vc_tta vc_tta-tabs vc_tta-color-grey vc_tta-style-classic vc_tta-shape-rounded vc_tta-spacing-1 vc_tta-tabs-position-top vc_tta-controls-align-left\"><div class=\"vc_tta-tabs-container\"><ul class=\"vc_tta-tabs-list\"><li class=\"vc_tta-tab vc_active\" data-vc-tab><a href=\"#1695640295042-fb44dee0-6f18\" data-vc-tabs data-vc-container=\".vc_tta\"><span class=\"vc_tta-title-text\">\u00d6zellikler<\/span><\/a><\/li><li class=\"vc_tta-tab\" data-vc-tab><a href=\"#1695639894506-4cd82499-df82\" data-vc-tabs data-vc-container=\".vc_tta\"><span class=\"vc_tta-title-text\">D\u00f6k\u00fcman<\/span><\/a><\/li><\/ul><\/div><div class=\"vc_tta-panels-container\"><div class=\"vc_tta-panels\"><div class=\"vc_tta-panel vc_active\" id=\"1695640295042-fb44dee0-6f18\" data-vc-content=\".vc_tta-panel-body\"><div class=\"vc_tta-panel-heading\"><h4 class=\"vc_tta-panel-title\"><a href=\"#1695640295042-fb44dee0-6f18\" data-vc-accordion data-vc-container=\".vc_tta-container\"><span class=\"vc_tta-title-text\">\u00d6zellikler<\/span><\/a><\/h4><\/div><div class=\"vc_tta-panel-body\">\n\t<div class=\"wpb_text_column wpb_content_element\" >\n\t\t<div class=\"wpb_wrapper\">\n\t\t\t<ul class=\"kit-bullets\">\n<li class=\"is-root\"><img loading=\"lazy\" decoding=\"async\" class=\"\" title=\"Yealink Zoom Rooms Donan\u0131m \u00c7\u00f6z\u00fcm\u00fc\" src=\"https:\/\/cdn2.bigcommerce.com\/server2100\/b2627\/product_images\/uploaded_images\/kit-icon-blue-trans-camera.png\" alt=\"Yealink'ten Zoom Rooms Donan\u0131m\u0131\" width=\"71\" height=\"71\" \/><strong>Yealink UVC84<\/strong>\u00a0\u00f6zelli\u011fine sahip<\/li>\n<li class=\"is-root\"><img loading=\"lazy\" decoding=\"async\" class=\"\" title=\"Yealink Zoom Rooms Donan\u0131m \u00c7\u00f6z\u00fcm\u00fc\" src=\"https:\/\/cdn2.bigcommerce.com\/server2100\/b2627\/product_images\/uploaded_images\/kit-icon-blue-trans-audio.png\" alt=\"Yealink'ten Zoom Rooms Donan\u0131m\u0131\" width=\"70\" height=\"70\" \/><strong>Yealink VCM34<\/strong>\u00a0masa \u00fcst\u00fc mikrofonlar ve MSpeaker II duvara monte hoparl\u00f6r<\/li>\n<li class=\"is-root\"><img loading=\"lazy\" decoding=\"async\" class=\"\" title=\"Yealink Zoom Rooms Donan\u0131m \u00c7\u00f6z\u00fcm\u00fc\" src=\"https:\/\/cdn2.bigcommerce.com\/server2100\/b2627\/product_images\/uploaded_images\/kit-icon-blue-trans-console.png\" alt=\"Yealink'ten Zoom Rooms Donan\u0131m\u0131\" width=\"70\" height=\"70\" \/><b>Yealink MTouch II<\/b>\u00a0masa\u00fcst\u00fc konsolu<\/li>\n<li class=\"is-root\"><img loading=\"lazy\" decoding=\"async\" class=\"\" title=\"Yealink Zoom Rooms Donan\u0131m \u00c7\u00f6z\u00fcm\u00fc\" src=\"https:\/\/cdn2.bigcommerce.com\/server2100\/b2627\/product_images\/uploaded_images\/kit-icon-blue-trans-compute.png\" alt=\"Yealink'ten Zoom Rooms Donan\u0131m\u0131\" width=\"70\" height=\"70\" \/><strong>Yealink MCore Mini PC,<\/strong>\u00a0Zoom Rooms ile kullan\u0131lmak \u00fczere tasarland\u0131<\/li>\n<li class=\"is-root\"><img loading=\"lazy\" decoding=\"async\" class=\"\" title=\"Yealink Zoom Rooms Donan\u0131m \u00c7\u00f6z\u00fcm\u00fc\" src=\"https:\/\/cdn2.bigcommerce.com\/server2100\/b2627\/product_images\/uploaded_images\/kit-icon-blue-trans-accessories.png\" alt=\"Yealink'ten Zoom Rooms Donan\u0131m\u0131\" width=\"70\" height=\"70\" \/><strong>T\u00fcm aksesuarlara<\/strong>\u00a0montaj par\u00e7alar\u0131, kablolar ve konekt\u00f6rler dahildir<\/li>\n<li class=\"is-root\"><img loading=\"lazy\" decoding=\"async\" class=\"\" title=\"Yealink Zoom Rooms Donan\u0131m \u00c7\u00f6z\u00fcm\u00fc\" src=\"https:\/\/cdn2.bigcommerce.com\/server2100\/b2627\/product_images\/uploaded_images\/kit-icon-blue-trans-install.png\" alt=\"Yealink'ten Zoom Rooms Donan\u0131m\u0131\" width=\"70\" height=\"70\" \/>\u0130ste\u011fe Ba\u011fl\u0131\u00a0<strong>Kurulum ve Destek<\/strong>\u00a0Hizmetleri Mevcuttur<\/li>\n<\/ul>\n\n\t\t<\/div>\n\t<\/div>\n<\/div><\/div><div class=\"vc_tta-panel\" id=\"1695639894506-4cd82499-df82\" data-vc-content=\".vc_tta-panel-body\"><div class=\"vc_tta-panel-heading\"><h4 class=\"vc_tta-panel-title\"><a href=\"#1695639894506-4cd82499-df82\" data-vc-accordion data-vc-container=\".vc_tta-container\"><span class=\"vc_tta-title-text\">D\u00f6k\u00fcman<\/span><\/a><\/h4><\/div><div class=\"vc_tta-panel-body\">\n\t<div class=\"wpb_text_column wpb_content_element\" >\n\t\t<div class=\"wpb_wrapper\">\n\t\t\t<h5><a href=\"http:\/\/www.westech.com.tr\/wp-content\/uploads\/2023\/09\/Yealink-ZVC840-Datasheet.pdf\">Yealink-ZVC840-Datasheet<\/a><\/h5>\n\n\t\t<\/div>\n\t<\/div>\n<\/div><\/div><\/div><\/div><\/div><\/div><\/div><\/div><\/div><\/div><\/div>\n<\/section>","protected":false},"excerpt":{"rendered":"3 Mikrofonlu UVC84 Kameraya Sahip Yealink ZVC840 Teklif Al Yealink'ten UVC84 Video Kamera Ve Tam Oda Sesine Sahip Zoom Rooms Donan\u0131m \u00c7\u00f6z\u00fcm\u00fc Yealink UVC84, orta ve b\u00fcy\u00fck odalara y\u00f6nelik, herkeste ve her ayr\u0131nt\u0131da m\u00fckemmel g\u00f6r\u00fcnt\u00fc sunan bir 4K PTZ kamerad\u0131r.\u00a04K kamera, otomatik \u00e7er\u00e7eveleme ve ses ile entegre \u00f6zellikli UVC84, her an\u0131 ve ayr\u0131nt\u0131y\u0131 hassas bir [...]","protected":false},"author":1,"featured_media":0,"parent":0,"menu_order":0,"comment_status":"closed","ping_status":"closed","template":"tmpl\/template-fullwidth.php","meta":{"om_disable_all_campaigns":false,"_monsterinsights_skip_tracking":false,"_monsterinsights_sitenote_active":false,"_monsterinsights_sitenote_note":"","_monsterinsights_sitenote_category":0,"footnotes":""},"class_list":["post-4629","page","type-page","status-publish","hentry"],"acf":[],"aioseo_notices":[],"_links":{"self":[{"href":"https:\/\/www.westech.com.tr\/en\/wp-json\/wp\/v2\/pages\/4629"}],"collection":[{"href":"https:\/\/www.westech.com.tr\/en\/wp-json\/wp\/v2\/pages"}],"about":[{"href":"https:\/\/www.westech.com.tr\/en\/wp-json\/wp\/v2\/types\/page"}],"author":[{"embeddable":true,"href":"https:\/\/www.westech.com.tr\/en\/wp-json\/wp\/v2\/users\/1"}],"replies":[{"embeddable":true,"href":"https:\/\/www.westech.com.tr\/en\/wp-json\/wp\/v2\/comments?post=4629"}],"version-history":[{"count":4,"href":"https:\/\/www.westech.com.tr\/en\/wp-json\/wp\/v2\/pages\/4629\/revisions"}],"predecessor-version":[{"id":4636,"href":"https:\/\/www.westech.com.tr\/en\/wp-json\/wp\/v2\/pages\/4629\/revisions\/4636"}],"wp:attachment":[{"href":"https:\/\/www.westech.com.tr\/en\/wp-json\/wp\/v2\/media?parent=4629"}],"curies":[{"name":"wp","href":"https:\/\/api.w.org\/{rel}","templated":true}]}}