{"id":709,"date":"2018-08-08T10:08:02","date_gmt":"2018-08-08T10:08:02","guid":{"rendered":"http:\/\/www.westech.com.tr\/?page_id=709"},"modified":"2023-08-10T10:55:53","modified_gmt":"2023-08-10T07:55:53","slug":"zayif-akim-sistemleri","status":"publish","type":"page","link":"https:\/\/www.westech.com.tr\/en\/veri-merkezi-cozumleri\/zayif-akim-sistemleri\/","title":{"rendered":"Zay\u0131f Ak\u0131m Sistemleri"},"content":{"rendered":"<section class=\"wpb-content-wrapper\"><div style=\"\" class=\"vc_row wpb_row vc_row-fluid\"><div class=\"row-inner\"><div class=\"wpb_column vc_column_container vc_col-sm-12\"><div class=\"vc_column-inner\"><div class=\"wpb_wrapper\">\n\t<div class=\"wpb_text_column wpb_content_element\" >\n\t\t<div class=\"wpb_wrapper\">\n\t\t\t<h1 style=\"text-align: center;\">Zay\u0131f Ak\u0131m Sistemleri<\/h1>\n<p>&nbsp;<\/p>\n<p>.<\/p>\n\n\t\t<\/div>\n\t<\/div>\n<\/div><\/div><\/div><\/div><\/div><div style=\"\" class=\"vc_row wpb_row vc_row-fluid\"><div class=\"row-inner\"><div class=\"wpb_column vc_column_container vc_col-sm-4\"><div class=\"vc_column-inner\"><div class=\"wpb_wrapper\"><div class=\"iconbox\">\n\n\t<h3 class=\"box-title\">CCTV Sistemleri<\/h3>\n\t<div class=\"box-detail\">\n\t\t<p>CCTV Sistemleri Detaylar\u0131 \u0130\u00e7in Sayfam\u0131z\u0131 \u0130nceleyebilirsiniz.<\/p>\n\t\n\t<\/div>\n\t<div class=\"box-icon\"><img decoding=\"async\" src=\"https:\/\/www.westech.com.tr\/wp-content\/uploads\/2023\/08\/Adsiz-2.png\" alt=\"CCTV Sistemleri\" \/><\/div>\t\n\t\n\t\t<div class=\"box-readmore\">\n\t\t\t<a class=\"button no-bg\" href=\"http:\/\/www.westech.com.tr\/en\/veri-merkezi-cozumleri\/cctv-sistemleri\/\">incele<\/a>\n\t\t<\/div>\n<\/div><div class=\"vc_empty_space\"   style=\"height: 32px\"><span class=\"vc_empty_space_inner\"><\/span><\/div><\/div><\/div><\/div><div class=\"wpb_column vc_column_container vc_col-sm-4\"><div class=\"vc_column-inner\"><div class=\"wpb_wrapper\"><div class=\"iconbox\">\n\n\t<h3 class=\"box-title\">Ge\u00e7i\u015f Kontrol Sistemleri<\/h3>\n\t<div class=\"box-detail\">\n\t\t<p>Ge\u00e7i\u015f Kontrol Sistemleri Detaylar\u0131 \u0130\u00e7in Sayfam\u0131z\u0131 \u0130nceleyebilirsiniz.<\/p>\n\t\n\t<\/div>\n\t<div class=\"box-icon\"><img decoding=\"async\" src=\"https:\/\/www.westech.com.tr\/wp-content\/uploads\/2023\/08\/Adsiz-2.png\" alt=\"Ge\u00e7i\u015f Kontrol Sistemleri\" \/><\/div>\t\n\t\n\t\t<div class=\"box-readmore\">\n\t\t\t<a class=\"button no-bg\" href=\"http:\/\/www.westech.com.tr\/en\/veri-merkezi-cozumleri\/gecis-kontrol-sistemleri\/\">incele<\/a>\n\t\t<\/div>\n<\/div><div class=\"vc_empty_space\"   style=\"height: 32px\"><span class=\"vc_empty_space_inner\"><\/span><\/div><\/div><\/div><\/div><div class=\"wpb_column vc_column_container vc_col-sm-4\"><div class=\"vc_column-inner\"><div class=\"wpb_wrapper\"><div class=\"iconbox\">\n\n\t<h3 class=\"box-title\">Ses Ve G\u00f6r\u00fcnt\u00fc (AV) Sistemleri<\/h3>\n\t<div class=\"box-detail\">\n\t\t<p>Ses Ve G\u00f6r\u00fcnt\u00fc (AV) Sistemleri Detaylar\u0131 \u0130\u00e7in Sayfam\u0131z\u0131 \u0130nceleyebilirsiniz.<\/p>\n\t\n\t<\/div>\n\t<div class=\"box-icon\"><img decoding=\"async\" src=\"https:\/\/www.westech.com.tr\/wp-content\/uploads\/2023\/08\/Adsiz-2.png\" alt=\"Ses Ve G\u00f6r\u00fcnt\u00fc (AV) Sistemleri\" \/><\/div>\t\n\t\n\t\t<div class=\"box-readmore\">\n\t\t\t<a class=\"button no-bg\" href=\"http:\/\/www.westech.com.tr\/en\/veri-merkezi-cozumleri\/ses-ve-goruntu-av-sistemleri\/\">incele<\/a>\n\t\t<\/div>\n<\/div><div class=\"vc_empty_space\"   style=\"height: 32px\"><span class=\"vc_empty_space_inner\"><\/span><\/div><\/div><\/div><\/div><\/div><\/div><div style=\"\" class=\"vc_row wpb_row vc_row-fluid\"><div class=\"row-inner\"><div class=\"wpb_column vc_column_container vc_col-sm-4\"><div class=\"vc_column-inner\"><div class=\"wpb_wrapper\"><div class=\"iconbox\">\n\n\t<h3 class=\"box-title\">KVM<\/h3>\n\t<div class=\"box-detail\">\n\t\t<p>KVM\u00a0Detaylar\u0131 \u0130\u00e7in Sayfam\u0131z\u0131 \u0130nceleyebilirsiniz.<\/p>\n\t\n\t<\/div>\n\t<div class=\"box-icon\"><img decoding=\"async\" src=\"https:\/\/www.westech.com.tr\/wp-content\/uploads\/2023\/08\/Adsiz-2.png\" alt=\"KVM\" \/><\/div>\t\n\t\n\t\t<div class=\"box-readmore\">\n\t\t\t<a class=\"button no-bg\" href=\"http:\/\/www.westech.com.tr\/en\/veri-merkezi-cozumleri\/kvm\/\">incele<\/a>\n\t\t<\/div>\n<\/div><div class=\"vc_empty_space\"   style=\"height: 32px\"><span class=\"vc_empty_space_inner\"><\/span><\/div><\/div><\/div><\/div><div class=\"wpb_column vc_column_container vc_col-sm-4\"><div class=\"vc_column-inner\"><div class=\"wpb_wrapper\"><div class=\"iconbox\">\n\n\t<h3 class=\"box-title\">Kontrol Odas\u0131 \u00c7\u00f6z\u00fcmleri<\/h3>\n\t<div class=\"box-detail\">\n\t\t<p>Kontrol Odas\u0131 \u00c7\u00f6z\u00fcmleri\u00a0Detaylar\u0131 \u0130\u00e7in Sayfam\u0131z\u0131 \u0130nceleyebilirsiniz.<\/p>\n\t\n\t<\/div>\n\t<div class=\"box-icon\"><img decoding=\"async\" src=\"https:\/\/www.westech.com.tr\/wp-content\/uploads\/2023\/08\/Adsiz-2.png\" alt=\"Kontrol Odas\u0131 \u00c7\u00f6z\u00fcmleri\" \/><\/div>\t\n\t\n\t\t<div class=\"box-readmore\">\n\t\t\t<a class=\"button no-bg\" href=\"http:\/\/www.westech.com.tr\/en\/veri-merkezi-cozumleri\/kontrol-odasi-cozumleri\/\">incele<\/a>\n\t\t<\/div>\n<\/div><div class=\"vc_empty_space\"   style=\"height: 32px\"><span class=\"vc_empty_space_inner\"><\/span><\/div><\/div><\/div><\/div><div class=\"wpb_column vc_column_container vc_col-sm-4\"><div class=\"vc_column-inner\"><div class=\"wpb_wrapper\"><div class=\"iconbox\">\n\n\t<h3 class=\"box-title\">Yang\u0131n Alg\u0131lama ve \u0130hbar Sistemleri<\/h3>\n\t<div class=\"box-detail\">\n\t\t<p>Yang\u0131n Alg\u0131lama ve \u0130hbar Sistemleri\u00a0Detaylar\u0131 \u0130\u00e7in Sayfam\u0131z\u0131 \u0130nceleyebilirsiniz.<\/p>\n\t\n\t<\/div>\n\t<div class=\"box-icon\"><img decoding=\"async\" src=\"https:\/\/www.westech.com.tr\/wp-content\/uploads\/2023\/08\/Adsiz-2.png\" alt=\"Yang\u0131n Alg\u0131lama ve \u0130hbar Sistemleri\" \/><\/div>\t\n\t\n\t\t<div class=\"box-readmore\">\n\t\t\t<a class=\"button no-bg\" href=\"http:\/\/www.westech.com.tr\/en\/veri-merkezi-cozumleri\/yangin-algilama-ve-ihbar-sistemleri\/\">incele<\/a>\n\t\t<\/div>\n<\/div><div class=\"vc_empty_space\"   style=\"height: 32px\"><span class=\"vc_empty_space_inner\"><\/span><\/div><\/div><\/div><\/div><\/div><\/div><div style=\"\" class=\"vc_row wpb_row vc_row-fluid\"><div class=\"row-inner\"><div class=\"wpb_column vc_column_container vc_col-sm-4\"><div class=\"vc_column-inner\"><div class=\"wpb_wrapper\"><div class=\"iconbox\">\n\n\t<h3 class=\"box-title\">Acil Anons Ve Seslendirme<\/h3>\n\t<div class=\"box-detail\">\n\t\t<p>Acil Anons Ve Seslendirme\u00a0Detaylar\u0131 \u0130\u00e7in Sayfam\u0131z\u0131 \u0130nceleyebilirsiniz.<\/p>\n\t\n\t<\/div>\n\t<div class=\"box-icon\"><img decoding=\"async\" src=\"https:\/\/www.westech.com.tr\/wp-content\/uploads\/2023\/08\/Adsiz-2.png\" alt=\"Acil Anons Ve Seslendirme\" \/><\/div>\t\n\t\n\t\t<div class=\"box-readmore\">\n\t\t\t<a class=\"button no-bg\" href=\"http:\/\/www.westech.com.tr\/en\/veri-merkezi-cozumleri\/acil-anons-ve-seslendirme\/\">incele<\/a>\n\t\t<\/div>\n<\/div><div class=\"vc_empty_space\"   style=\"height: 32px\"><span class=\"vc_empty_space_inner\"><\/span><\/div><\/div><\/div><\/div><div class=\"wpb_column vc_column_container vc_col-sm-4\"><div class=\"vc_column-inner\"><div class=\"wpb_wrapper\"><\/div><\/div><\/div><div class=\"wpb_column vc_column_container vc_col-sm-4\"><div class=\"vc_column-inner\"><div class=\"wpb_wrapper\"><\/div><\/div><\/div><\/div><\/div><div style=\"\" class=\"vc_row wpb_row vc_row-fluid\"><div class=\"row-inner\"><div class=\"wpb_column vc_column_container vc_col-sm-12\"><div class=\"vc_column-inner\"><div class=\"wpb_wrapper\"><\/div><\/div><\/div><\/div><\/div>\n<\/section>","protected":false},"excerpt":{"rendered":"Zay\u0131f Ak\u0131m Sistemleri &nbsp; . CCTV Sistemleri CCTV Sistemleri Detaylar\u0131 \u0130\u00e7in Sayfam\u0131z\u0131 \u0130nceleyebilirsiniz. incele Ge\u00e7i\u015f Kontrol Sistemleri Ge\u00e7i\u015f Kontrol Sistemleri Detaylar\u0131 \u0130\u00e7in Sayfam\u0131z\u0131 \u0130nceleyebilirsiniz. incele Ses Ve G\u00f6r\u00fcnt\u00fc (AV) Sistemleri Ses Ve G\u00f6r\u00fcnt\u00fc (AV) Sistemleri Detaylar\u0131 \u0130\u00e7in Sayfam\u0131z\u0131 \u0130nceleyebilirsiniz. incele KVM KVM\u00a0Detaylar\u0131 \u0130\u00e7in Sayfam\u0131z\u0131 \u0130nceleyebilirsiniz. incele Kontrol Odas\u0131 \u00c7\u00f6z\u00fcmleri Kontrol Odas\u0131 \u00c7\u00f6z\u00fcmleri\u00a0Detaylar\u0131 \u0130\u00e7in Sayfam\u0131z\u0131 \u0130nceleyebilirsiniz. [...]","protected":false},"author":1,"featured_media":0,"parent":707,"menu_order":0,"comment_status":"closed","ping_status":"closed","template":"tmpl\/template-fullwidth.php","meta":{"om_disable_all_campaigns":false,"_monsterinsights_skip_tracking":false,"_monsterinsights_sitenote_active":false,"_monsterinsights_sitenote_note":"","_monsterinsights_sitenote_category":0,"footnotes":""},"class_list":["post-709","page","type-page","status-publish","hentry"],"acf":[],"aioseo_notices":[],"_links":{"self":[{"href":"https:\/\/www.westech.com.tr\/en\/wp-json\/wp\/v2\/pages\/709"}],"collection":[{"href":"https:\/\/www.westech.com.tr\/en\/wp-json\/wp\/v2\/pages"}],"about":[{"href":"https:\/\/www.westech.com.tr\/en\/wp-json\/wp\/v2\/types\/page"}],"author":[{"embeddable":true,"href":"https:\/\/www.westech.com.tr\/en\/wp-json\/wp\/v2\/users\/1"}],"replies":[{"embeddable":true,"href":"https:\/\/www.westech.com.tr\/en\/wp-json\/wp\/v2\/comments?post=709"}],"version-history":[{"count":33,"href":"https:\/\/www.westech.com.tr\/en\/wp-json\/wp\/v2\/pages\/709\/revisions"}],"predecessor-version":[{"id":2122,"href":"https:\/\/www.westech.com.tr\/en\/wp-json\/wp\/v2\/pages\/709\/revisions\/2122"}],"up":[{"embeddable":true,"href":"https:\/\/www.westech.com.tr\/en\/wp-json\/wp\/v2\/pages\/707"}],"wp:attachment":[{"href":"https:\/\/www.westech.com.tr\/en\/wp-json\/wp\/v2\/media?parent=709"}],"curies":[{"name":"wp","href":"https:\/\/api.w.org\/{rel}","templated":true}]}}