{"id":719,"date":"2018-08-08T10:09:36","date_gmt":"2018-08-08T10:09:36","guid":{"rendered":"http:\/\/www.westech.com.tr\/?page_id=719"},"modified":"2023-08-10T13:56:34","modified_gmt":"2023-08-10T10:56:34","slug":"guvenlik-cozumleri","status":"publish","type":"page","link":"https:\/\/www.westech.com.tr\/en\/veri-merkezi-cozumleri\/guvenlik-cozumleri\/","title":{"rendered":"G\u00fcvenlik \u00c7\u00f6z\u00fcmleri"},"content":{"rendered":"<section class=\"wpb-content-wrapper\"><div style=\"\" class=\"vc_row wpb_row vc_row-fluid\"><div class=\"row-inner\"><div class=\"wpb_column vc_column_container vc_col-sm-12\"><div class=\"vc_column-inner\"><div class=\"wpb_wrapper\">\n\t<div class=\"wpb_text_column wpb_content_element\" >\n\t\t<div class=\"wpb_wrapper\">\n\t\t\t<h2 class=\"breadcrumb-title text-color-primary\" style=\"text-align: center;\">G\u00fcvenlik \u00c7\u00f6z\u00fcmleri<\/h2>\n\n\t\t<\/div>\n\t<\/div>\n<\/div><\/div><\/div><\/div><\/div><div style=\"\" class=\"vc_row wpb_row vc_row-fluid\"><div class=\"row-inner\"><div class=\"wpb_column vc_column_container vc_col-sm-12\"><div class=\"vc_column-inner\"><div class=\"wpb_wrapper\"><div class=\"vc_empty_space\"   style=\"height: 32px\"><span class=\"vc_empty_space_inner\"><\/span><\/div><\/div><\/div><\/div><\/div><\/div><div style=\"\" class=\"vc_row wpb_row vc_row-fluid\"><div class=\"row-inner\"><div class=\"wpb_column vc_column_container vc_col-sm-12\"><div class=\"vc_column-inner\"><div class=\"wpb_wrapper\"><div class=\"vc_empty_space\"   style=\"height: 32px\"><span class=\"vc_empty_space_inner\"><\/span><\/div><\/div><\/div><\/div><\/div><\/div><div style=\"\" class=\"vc_row wpb_row vc_row-fluid\"><div class=\"row-inner\"><div class=\"wpb_column vc_column_container vc_col-sm-6\"><div class=\"vc_column-inner\"><div class=\"wpb_wrapper\"><div class=\"vc_empty_space\"   style=\"height: 32px\"><span class=\"vc_empty_space_inner\"><\/span><\/div>\n<!-- BEGIN .imagebox -->\n<div class=\"imagebox\">\n\t\t\t<div class=\"box-image\">\n\t\t\t\n\t\t\t<a class=\"box-img\" href=\"\" target=\"_self\">\n\t\t\t\t<img loading=\"lazy\" decoding=\"async\" width=\"800\" height=\"412\" src=\"https:\/\/www.westech.com.tr\/wp-content\/uploads\/2023\/08\/guvenlik-cozumleri.jpg\" class=\"attachment-full\" alt=\"\" title=\"g\u00fcvenlik \u00e7\u00f6z\u00fcmleri\" \/>\t\t\t<\/a>\n\t\t<\/div>\n\n\t\t\t\t\n\t<\/div>\n<!-- End .imagebox -->\n<\/div><\/div><\/div><div class=\"wpb_column vc_column_container vc_col-sm-6\"><div class=\"vc_column-inner\"><div class=\"wpb_wrapper\">\n\t<div class=\"wpb_text_column wpb_content_element\" >\n\t\t<div class=\"wpb_wrapper\">\n\t\t\t<p>Birbirine ve internete ba\u011fl\u0131 sistemler h\u0131z ve verim kazand\u0131rmakla birlikte bir\u00e7ok tehlikeyi de i\u00e7inde bar\u0131nd\u0131rmaktad\u0131r. Teknolojinin altyap\u0131s\u0131ndaki veya yap\u0131land\u0131rmas\u0131ndaki baz\u0131 zay\u0131fl\u0131klar bilginin \u00e7al\u0131nmas\u0131 veya de\u011fi\u015ftirilmesi gibi riskleri beraberinde getirmektedir. Ya\u015fanabilecek bu t\u00fcr s\u0131k\u0131nt\u0131lar hem maddi kayba hem de itibar kayb\u0131na neden olmaktad\u0131r. T\u00fcrkiye zararl\u0131 uygulamalar\u0131n bula\u015fmas\u0131 konusunda d\u00fcnyada ilk birka\u00e7 \u00fclkeden biri durumundad\u0131r. Bu, hem bili\u015fim g\u00fcvenli\u011fi bilincinin yetersiz olmas\u0131ndan, hem gerekli \u00f6nemin verilmemesinden (ve dolay\u0131s\u0131 ile yat\u0131r\u0131mlar\u0131n yap\u0131lmamas\u0131ndan), hem de sahte yaz\u0131l\u0131m kullan\u0131m\u0131n\u0131n di\u011fer \u00fclkelere g\u00f6re y\u00fcksek olmas\u0131ndan kaynaklanmaktad\u0131r. Kurumlar ba\u015flar\u0131na bir s\u0131k\u0131nt\u0131 gelmeden i\u015fin \u00f6nemini anlayamamaktad\u0131rlar. D\u00fcnya \u00fczerinde g\u00fcvenlik ile ilgili teknolojilere her ge\u00e7en y\u0131l daha fazla \u00f6nem atfedildi\u011fi ve daha fazla b\u00fct\u00e7e ayr\u0131ld\u0131\u011f\u0131 g\u00f6r\u00fclmektedir. \u00d6zellikle Antivir\u00fcs ve Firewall kullan\u0131m\u0131 %95\u2019ler civar\u0131ndad\u0131r. Ancak tehditlerin karma\u015f\u0131kl\u0131\u011f\u0131 ve \u00e7e\u015fitlili\u011fi nedeni ile bu teknolojilerin yeterli olmad\u0131\u011f\u0131 g\u00f6r\u00fclm\u00fc\u015f ve bir\u00e7ok farkl\u0131 g\u00fcvenlik teknolojileri kullan\u0131lmaya ba\u015flanm\u0131\u015ft\u0131r. Ayr\u0131ca bili\u015fim g\u00fcvenli\u011fi fark\u0131ndal\u0131\u011f\u0131n\u0131n da g\u00fcvenlik \u00f6nlemleri aras\u0131nda yer almas\u0131 gereken bir unsur oldu\u011funun s\u0131k s\u0131k vurgulanmas\u0131 bu konudaki e\u011fitimlerin artmas\u0131na katk\u0131 sa\u011flamaktad\u0131r.<\/p>\n\n\t\t<\/div>\n\t<\/div>\n<\/div><\/div><\/div><\/div><\/div>\n<\/section>","protected":false},"excerpt":{"rendered":"G\u00fcvenlik \u00c7\u00f6z\u00fcmleri Birbirine ve internete ba\u011fl\u0131 sistemler h\u0131z ve verim kazand\u0131rmakla birlikte bir\u00e7ok tehlikeyi de i\u00e7inde bar\u0131nd\u0131rmaktad\u0131r. Teknolojinin altyap\u0131s\u0131ndaki veya yap\u0131land\u0131rmas\u0131ndaki baz\u0131 zay\u0131fl\u0131klar bilginin \u00e7al\u0131nmas\u0131 veya de\u011fi\u015ftirilmesi gibi riskleri beraberinde getirmektedir. Ya\u015fanabilecek bu t\u00fcr s\u0131k\u0131nt\u0131lar hem maddi kayba hem de itibar kayb\u0131na neden olmaktad\u0131r. T\u00fcrkiye zararl\u0131 uygulamalar\u0131n bula\u015fmas\u0131 konusunda d\u00fcnyada ilk birka\u00e7 \u00fclkeden biri durumundad\u0131r. [...]","protected":false},"author":1,"featured_media":0,"parent":707,"menu_order":0,"comment_status":"closed","ping_status":"closed","template":"tmpl\/template-fullwidth.php","meta":{"om_disable_all_campaigns":false,"_monsterinsights_skip_tracking":false,"_monsterinsights_sitenote_active":false,"_monsterinsights_sitenote_note":"","_monsterinsights_sitenote_category":0,"footnotes":""},"class_list":["post-719","page","type-page","status-publish","hentry"],"acf":[],"aioseo_notices":[],"_links":{"self":[{"href":"https:\/\/www.westech.com.tr\/en\/wp-json\/wp\/v2\/pages\/719"}],"collection":[{"href":"https:\/\/www.westech.com.tr\/en\/wp-json\/wp\/v2\/pages"}],"about":[{"href":"https:\/\/www.westech.com.tr\/en\/wp-json\/wp\/v2\/types\/page"}],"author":[{"embeddable":true,"href":"https:\/\/www.westech.com.tr\/en\/wp-json\/wp\/v2\/users\/1"}],"replies":[{"embeddable":true,"href":"https:\/\/www.westech.com.tr\/en\/wp-json\/wp\/v2\/comments?post=719"}],"version-history":[{"count":2,"href":"https:\/\/www.westech.com.tr\/en\/wp-json\/wp\/v2\/pages\/719\/revisions"}],"predecessor-version":[{"id":2234,"href":"https:\/\/www.westech.com.tr\/en\/wp-json\/wp\/v2\/pages\/719\/revisions\/2234"}],"up":[{"embeddable":true,"href":"https:\/\/www.westech.com.tr\/en\/wp-json\/wp\/v2\/pages\/707"}],"wp:attachment":[{"href":"https:\/\/www.westech.com.tr\/en\/wp-json\/wp\/v2\/media?parent=719"}],"curies":[{"name":"wp","href":"https:\/\/api.w.org\/{rel}","templated":true}]}}